{"id":683,"date":"2019-03-06T16:14:00","date_gmt":"2019-03-06T15:14:00","guid":{"rendered":"https:\/\/www.welovecycling.com\/cs\/?page_id=683"},"modified":"2019-04-30T20:53:00","modified_gmt":"2019-04-30T19:53:00","slug":"soutez-o-ebike-zastaveno","status":"publish","type":"page","link":"https:\/\/www.welovecycling.com\/cs\/soutez-o-ebike-zastaveno\/","title":{"rendered":"Sout\u011b\u017e o ebike"},"content":{"rendered":"<div id=\"pl-683\"  class=\"panel-layout\" ><div id=\"pg-683-0\"  class=\"panel-grid panel-has-style\" ><div class=\"siteorigin-panels-stretch panel-row-style panel-row-style-for-683-0\" data-stretch-type=\"full\" ><div id=\"pgc-683-0-0\"  class=\"panel-grid-cell\" ><div id=\"panel-683-0-0-0\" class=\"so-panel widget widget_sow-editor panel-first-child\" data-index=\"0\" ><div\n\t\t\t\n\t\t\tclass=\"so-widget-sow-editor so-widget-sow-editor-base\"\n\t\t\t\n\t\t>\n<div class=\"siteorigin-widget-tinymce textwidget\">\n\t<p style=\"text-align: center;\"><a href=\"https:\/\/d2p6e6u75xmxt8.cloudfront.net\/13\/2019\/03\/logo-challenge-1.png\"><img loading=\"lazy\" decoding=\"async\" class=\"aligncenter wp-image-988\" src=\"https:\/\/d2p6e6u75xmxt8.cloudfront.net\/13\/2019\/03\/logo-challenge-1.png\" alt=\"\" width=\"235\" height=\"110\" \/><\/a><\/p>\n<\/div>\n<\/div><\/div><div id=\"panel-683-0-0-1\" class=\"widget_text so-panel widget widget_custom_html panel-last-child\" data-index=\"1\" ><div class=\"textwidget custom-html-widget\"><style> \n\t.tableWidth {\n\t\twidth:auto;\n\t}\n\t.tableBottom {\n\t\tmargin:20px 0;\n\t}\n\t.table2Columns {\n\t\tmargin:0 0 20px 0;\n\t}\n\t.headlineZeleny {\n\t\tbackground-color:#3baa34;\n\t\tfont-size:30px;\n\t\tfont-weight:600;\n\t\tcolor:#ffffff;\n\t\ttext-transform:uppercase;\n\t\ttext-align:center;\n\t\tpadding:0 10px;\n\t}\n\t.headlineCerny {\n\t\tfont-size:24px;\n\t\tfont-weight:600;\n\t\tcolor:#000000;\n\t\ttext-align:left;\n\t}\n\t@media (max-width: 568px) {\n\t\t.headlineZeleny {\n\t\t\tfont-size:25px;\n\t\t}\n\t\t.headlineCerny{\n\t\t\tfont-size:18px;\n\t\t}\n\t}\n\t@media (max-width: 468px) {\n\t\t.headlineZeleny {\n\t\t\tfont-size:20px;\n\t\t}\n\t\t.koloImg {\n\t\t\twidth:50%;\n\t\t}\n\t\t.table2Columns {\n\t\tmargin:0 10% 20px 10%;\n\t}\n\t}\n<\/style>\n\t<center>\n\t\t<table class=\"tableWidth\">\n\t\t\t<tr>\n\t\t\t\t<td class=\"headlineZeleny\">\n\t\t\t\t\tKdo bude v z\u00e1vodu nejrychlej\u0161\u00ed?\n\t\t\t\t<\/td>\n\t\t\t<\/tr>\n\t\t<\/table>\t\n\t\t<table class=\"tableWidth tableBottom\">\n\t\t\t<tr>\n\t\t\t\t<td class=\"headlineZeleny\">\n\t\t\t\t\tTipni v\u00edt\u011bze a vyhraj!\n\t\t\t\t<\/td>\n\t\t\t<\/tr>\n\t\t<\/table>\n\t\t<table class=\"tableWidth table2Columns\">\n\t\t\t<tr>\n\t\t\t\t<td class=\"headlineCerny\">\n\t\t\t\t\t<a href=\"https:\/\/d2p6e6u75xmxt8.cloudfront.net\/13\/2019\/04\/TechSpec-Skoda-eMTB-29.pdf\" target=\"_blank\">\u0160koda eMTB 29<\/a><br>\n\t\t\t\t\tZA 78.000 K\u010d\n\t\t\t\t<\/td>\n\t\t\t\t<td class=\"koloImg\">\n\t\t\t\t\t<img loading=\"lazy\" decoding=\"async\" width=\"300\" height=\"170\" src=\"https:\/\/d2p6e6u75xmxt8.cloudfront.net\/13\/2019\/03\/kolo-300x170.png\" class=\"image  wp-image-968 attachment-medium size-medium initial loading\" alt=\"\" style=\"max-width: 100%; height: auto;\" srcset=\"https:\/\/d2p6e6u75xmxt8.cloudfront.net\/13\/2019\/03\/kolo-300x170.png 300w, https:\/\/d2p6e6u75xmxt8.cloudfront.net\/13\/2019\/03\/kolo.png 599w\" sizes=\"auto, (max-width: 300px) 100vw, 300px\" data-was-processed=\"true\">\n\t\t\t\t<\/td>\n\t\t\t<\/tr>\n\t\t<\/table>\n\t<\/center><\/div><\/div><\/div><\/div><\/div><div id=\"pg-683-1\"  class=\"panel-grid panel-has-style\" ><div class=\"siteorigin-panels-stretch panel-row-style panel-row-style-for-683-1\" data-stretch-type=\"full\" ><div id=\"pgc-683-1-0\"  class=\"panel-grid-cell\" ><div id=\"panel-683-1-0-0\" class=\"widget_text so-panel widget widget_custom_html panel-first-child\" data-index=\"2\" ><div class=\"textwidget custom-html-widget\"><style> \n\t.whiteTableWidth {\n\t\twidth:auto;\n\t\tmargin-top:60px;\n\t}\n\t.whiteTableBottom {\n\t\tmargin:20px 0;\n\t}\n\t.whiteHeadlineCerny {\n\t\tbackground-color:#000000;\n\t\tfont-size:30px;\n\t\tfont-weight:600;\n\t\tcolor:#ffffff;\n\t\ttext-transform:uppercase;\n\t\ttext-align:center;\n\t\tpadding:0 10px;\n\t}\n\t@media (max-width: 568px) {\n\t\t.whiteHeadlineCerny {\n\t\t\tfont-size:25px;\n\t\t}\n\t}\n\t@media (max-width: 468px) {\n\t\t.whiteHeadlineCerny {\n\t\t\tfont-size:20px;\n\t\t}\n\t\t.whiteTableUpper {\n\t\t\tmargin-top:40px;\n\t\t}\n\t\t.whiteTableBottom {\n\t\t\tmargin-bottom:0;\n\t\t}\n\t}\n<\/style>\n\t<center>\n\t\t<table class=\"whiteTableWidth whiteTableUpper\">\n\t\t\t<tr>\n\t\t\t\t<td class=\"whiteHeadlineCerny\">\n\t\t\t\t\tPOD\u00cdVEJ SE NA VIDEO N\u00cd\u017dE A TIPNI V\u00cdT\u011aZE&nbsp;Z\u00c1VODU\n\t\t\t\t<\/td>\n\t\t\t<\/tr>\n\t\t<\/table>\t\n\t\t<table class=\"whiteTableWidth whiteTableBottom\">\n\t\t\t<tr>\n\t\t\t\t<td class=\"whiteHeadlineCerny\">\n\t\t\t\t\tWE LOVE CYCLING CHALLENGE\n\t\t\t\t<\/td>\n\t\t\t<\/tr>\n\t\t<\/table>\n\t<\/center><\/div><\/div><div id=\"panel-683-1-0-1\" class=\"widget_text so-panel widget widget_custom_html panel-last-child\" data-index=\"3\" ><div class=\"textwidget custom-html-widget\"><style> \n.wpforms-container input[type$=\"radio\"] {\n display: none !important;\t\n }\n.wpforms-container input[type$=\"checkbox\"] {\n display: none !important;\t\n }\n div.wpforms-container-full .wpforms-form .wpforms-field-label-inline {\n padding-left: 3em;\n\t\t\n }\n .wpforms-form .wpforms-field-radio li label:before,\n div.radio label:before {\n background-color: #333333;\n box-shadow: none;\n display:none\n\t\t\n }\n\tdiv.wpforms-container-full .wpforms-form ul.wpforms-image-choices-classic .wpforms-image-choices-label {\n\t\tbackground-color:#3baa34;\n\t\twidth:55%;\n\t\tmargin:20px auto;\n\t\ttext-transform:uppercase;\n\t\tfont-weight:600;\n\t\tcolor:#ffffff;\n\t\tpadding:2px;\n\t}\n\tdiv.wpforms-container-full .wpforms-form ul.wpforms-image-choices-classic .wpforms-image-choices-label:hover {\n\t\tbackground-color:#000000;\n\t}\n\tdiv.wpforms-container-full .wpforms-form ul.wpforms-image-choices-classic .wpforms-selected label{\n\t\tborder-color:#3baa34;\n\t}\n\tdiv.wpforms-container-full .wpforms-form input[type=text] {\n\t\tborder:1px solid #3baa34;\n\t}\n\tdiv.wpforms-container-full .wpforms-form input[type=email] {\n\t\tborder:1px solid #3baa34;\t\t\n\t}\n\tdiv.wpforms-container-full .wpforms-form input[type=submit], div.wpforms-container-full .wpforms-form button[type=submit], div.wpforms-container-full .wpforms-form .wpforms-page-button {\n\t\tbackground-color:#3baa34;\n\t\tborder:1px solid #3baa34;\n\t\tcolor:#ffffff;\n\t\tfont-size:1.5em;\n\t\ttext-transform:uppercase;\n\t}\n\tdiv.wpforms-container-full .wpforms-form .druhyRadek ul li:last-of-type {\n\t\tmargin-top:-20px!important;\n\t}\n\t@media (max-width: 468px){\n\t\tdiv.wpforms-container-full .wpforms-form .wpforms-field {\n\t\t\tpadding:10px 10px;\t\n\t\t}\n\t}\n<\/style>\n<center>\n<div class=\"wpforms-container wpforms-container-full wpforms-render-modern\" id=\"wpforms-689\"><form id=\"wpforms-form-689\" class=\"wpforms-validate wpforms-form\" data-formid=\"689\" method=\"post\" enctype=\"multipart\/form-data\" action=\"\/cs\/wp-json\/wp\/v2\/pages\/683\" data-token=\"ebcb1f2b400d0668f4a1a3844f6b7c4e\" data-token-time=\"1776260359\"><noscript class=\"wpforms-error-noscript\">Please enable JavaScript in your browser to complete this form.<\/noscript><div class=\"wpforms-hidden\" id=\"wpforms-error-noscript\">Please enable JavaScript in your browser to complete this form.<\/div><div class=\"wpforms-field-container\"><div id=\"wpforms-689-field_3-container\" class=\"wpforms-field wpforms-field-radio wpforms-list-inline\" data-field-id=\"3\"><fieldset><legend class=\"wpforms-field-label wpforms-label-hide\" aria-hidden=\"false\">Multiple Choice <span class=\"wpforms-required-label\" aria-hidden=\"true\">*<\/span><\/legend><ul id=\"wpforms-689-field_3\" class=\"wpforms-field-required wpforms-image-choices wpforms-image-choices-classic\"><li class=\"choice-1 depth-1 wpforms-image-choices-item\"><label class=\"wpforms-field-label-inline\" for=\"wpforms-689-field_3_1\" tabindex=\"0\"><span class=\"wpforms-image-choices-image\"><img decoding=\"async\" src=\"https:\/\/d2p6e6u75xmxt8.cloudfront.net\/13\/2019\/03\/jiri-jezek.png\" alt=\"Tipuji na v\u00edt\u011bze (1)\" title=\"Tipuji na v\u00edt\u011bze (1)\"><\/span><input type=\"radio\" id=\"wpforms-689-field_3_1\" class=\"wpforms-screen-reader-element\" name=\"wpforms[fields][3]\" value=\"Tipuji na v\u00edt\u011bze (1)\" aria-errormessage=\"wpforms-689-field_3_1-error\" tabindex=\"-1\" required ><span class=\"wpforms-image-choices-label\">Tipuji na v\u00edt\u011bze (1)<\/span><\/label><\/li><li class=\"choice-2 depth-1 wpforms-image-choices-item\"><label class=\"wpforms-field-label-inline\" for=\"wpforms-689-field_3_2\" tabindex=\"0\"><span class=\"wpforms-image-choices-image\"><img decoding=\"async\" src=\"https:\/\/d2p6e6u75xmxt8.cloudfront.net\/13\/2019\/03\/karla-stepanova.png\" alt=\"Tipuji na v\u00edt\u011bzku (2)\" title=\"Tipuji na v\u00edt\u011bzku (2)\"><\/span><input type=\"radio\" id=\"wpforms-689-field_3_2\" class=\"wpforms-screen-reader-element\" name=\"wpforms[fields][3]\" value=\"Tipuji na v\u00edt\u011bzku (2)\" aria-errormessage=\"wpforms-689-field_3_2-error\" tabindex=\"-1\" required ><span class=\"wpforms-image-choices-label\">Tipuji na v\u00edt\u011bzku (2)<\/span><\/label><\/li><li class=\"choice-3 depth-1 wpforms-image-choices-item\"><label class=\"wpforms-field-label-inline\" for=\"wpforms-689-field_3_3\" tabindex=\"0\"><span class=\"wpforms-image-choices-image\"><img decoding=\"async\" src=\"https:\/\/d2p6e6u75xmxt8.cloudfront.net\/13\/2019\/03\/jan-kopecky.png\" alt=\"Tipuji na v\u00edt\u011bze (3)\" title=\"Tipuji na v\u00edt\u011bze (3)\"><\/span><input type=\"radio\" id=\"wpforms-689-field_3_3\" class=\"wpforms-screen-reader-element\" name=\"wpforms[fields][3]\" value=\"Tipuji na v\u00edt\u011bze (3)\" aria-errormessage=\"wpforms-689-field_3_3-error\" tabindex=\"-1\" required ><span class=\"wpforms-image-choices-label\">Tipuji na v\u00edt\u011bze (3)<\/span><\/label><\/li><\/ul><\/fieldset><\/div><div id=\"wpforms-689-field_6-container\" class=\"wpforms-field wpforms-field-html\" data-field-id=\"6\"><div id=\"wpforms-689-field_6\" aria-errormessage=\"wpforms-689-field_6-error\"><div style=\"font-size:20px\">&nbsp;<\/div><\/div><\/div><div id=\"wpforms-689-field_0-container\" class=\"wpforms-field wpforms-field-name\" data-field-id=\"0\"><label class=\"wpforms-field-label wpforms-label-hide\" for=\"wpforms-689-field_0\" aria-hidden=\"false\">Jm\u00e9no <span class=\"wpforms-required-label\" aria-hidden=\"true\">*<\/span><\/label><input type=\"text\" id=\"wpforms-689-field_0\" class=\"wpforms-field-small wpforms-field-required\" name=\"wpforms[fields][0]\" placeholder=\"Jm\u00e9no\" aria-errormessage=\"wpforms-689-field_0-error\" required><\/div><div id=\"wpforms-689-field_4-container\" class=\"wpforms-field wpforms-field-name\" data-field-id=\"4\"><label class=\"wpforms-field-label wpforms-label-hide\" for=\"wpforms-689-field_4\" aria-hidden=\"false\">P\u0159\u00edjmen\u00ed <span class=\"wpforms-required-label\" aria-hidden=\"true\">*<\/span><\/label><input type=\"text\" id=\"wpforms-689-field_4\" class=\"wpforms-field-small wpforms-field-required\" name=\"wpforms[fields][4]\" placeholder=\"P\u0159\u00edjmen\u00ed\" aria-errormessage=\"wpforms-689-field_4-error\" required><\/div><div id=\"wpforms-689-field_1-container\" class=\"wpforms-field wpforms-field-email\" data-field-id=\"1\"><input type=\"email\" id=\"wpforms-689-field_1\" class=\"wpforms-field-small wpforms-field-required\" name=\"wpforms[fields][1]\" placeholder=\"Email\" spellcheck=\"false\" aria-errormessage=\"wpforms-689-field_1-error\" required><\/div><div id=\"wpforms-689-field_10-container\" class=\"wpforms-field wpforms-field-checkbox\" data-field-id=\"10\"><fieldset><legend class=\"wpforms-field-label wpforms-label-hide\" aria-hidden=\"false\">Checkboxes <span class=\"wpforms-required-label\" aria-hidden=\"true\">*<\/span><\/legend><ul id=\"wpforms-689-field_10\" class=\"wpforms-field-required\"><li class=\"choice-1 depth-1\"><input type=\"checkbox\" id=\"wpforms-689-field_10_1\" name=\"wpforms[fields][10][]\" value=\"Souhlas\u00edm se zpracov\u00e1n\u00edm osobn\u00edch \u00fadaj\u016f\" aria-errormessage=\"wpforms-689-field_10_1-error\" required ><label class=\"wpforms-field-label-inline\" for=\"wpforms-689-field_10_1\">Souhlas\u00edm se zpracov\u00e1n\u00edm osobn\u00edch \u00fadaj\u016f<\/label><\/li><\/ul><\/fieldset><\/div><div id=\"wpforms-689-field_11-container\" class=\"wpforms-field wpforms-field-checkbox druhyRadek\" data-field-id=\"11\"><fieldset><legend class=\"wpforms-field-label wpforms-label-hide\" aria-hidden=\"false\">Checkboxes (copy) <span class=\"wpforms-required-label\" aria-hidden=\"true\">*<\/span><\/legend><ul id=\"wpforms-689-field_11\" class=\"wpforms-field-required\"><li class=\"choice-2 depth-1\"><input type=\"checkbox\" id=\"wpforms-689-field_11_2\" name=\"wpforms[fields][11][]\" value=\"Souhlas\u00edm s &lt;a href=&quot;https:\/\/d2p6e6u75xmxt8.cloudfront.net\/13\/2019\/03\/Pravidla_souteze_WeLoveCyclingChallenge_final.pdf&quot;  target=&quot;_blank&quot;&gt;podm\u00ednkami sout\u011b\u017ee&lt;\/a&gt;\" aria-errormessage=\"wpforms-689-field_11_2-error\" required ><label class=\"wpforms-field-label-inline\" for=\"wpforms-689-field_11_2\">Souhlas\u00edm s <a href=\"https:\/\/d2p6e6u75xmxt8.cloudfront.net\/13\/2019\/03\/Pravidla_souteze_WeLoveCyclingChallenge_final.pdf\" target=\"_blank\">podm\u00ednkami sout\u011b\u017ee<\/a><\/label><\/li><\/ul><\/fieldset><\/div><div id=\"wpforms-689-field_15-container\" class=\"wpforms-field wpforms-field-html\" data-field-id=\"15\"><div id=\"wpforms-689-field_15\" aria-errormessage=\"wpforms-689-field_15-error\"><p style=\"width:80%\">Po Va\u0161\u00ed registraci do sout\u011b\u017ee budeme zpracov\u00e1vat v\u00e1mi poskytnut\u00e9 osobn\u00ed \u00fadaje. Informace o tom naleznete v pravidlech sout\u011b\u017ee. Mimo jin\u00e9 m\u00e1te pr\u00e1vo vzne\u0301st na\u0301mitku pr\u030ci zpracova\u0301ni\u0301 pro u\u0301c\u030cely pr\u030ci\u0301me\u0301ho marketingu, vc\u030cetne\u030c profilova\u0301ni\u0301.<\/p>  <\/div><\/div><\/div><!-- .wpforms-field-container --><div class=\"wpforms-field wpforms-field-hp\"><label for=\"wpforms-689-field-hp\" class=\"wpforms-field-label\">Phone<\/label><input type=\"text\" name=\"wpforms[hp]\" id=\"wpforms-689-field-hp\" class=\"wpforms-field-medium\"><\/div><div class=\"wpforms-submit-container\" ><input type=\"hidden\" name=\"wpforms[id]\" value=\"689\"><input type=\"hidden\" name=\"page_title\" value=\"\"><input type=\"hidden\" name=\"page_url\" value=\"https:\/\/www.welovecycling.com\/cs\/wp-json\/wp\/v2\/pages\/683\"><button type=\"submit\" name=\"wpforms[submit]\" id=\"wpforms-submit-689\" class=\"wpforms-submit btn-dark\" aria-live=\"assertive\" value=\"wpforms-submit\">Odeslat<\/button><\/div><\/form><\/div>  <!-- .wpforms-container -->\n<\/center><\/div><\/div><\/div><\/div><\/div><div id=\"pg-683-2\"  class=\"panel-grid panel-has-style\" ><div class=\"siteorigin-panels-stretch panel-row-style panel-row-style-for-683-2\" data-stretch-type=\"full\" ><div id=\"pgc-683-2-0\"  class=\"panel-grid-cell\" ><div id=\"panel-683-2-0-0\" class=\"widget_text so-panel widget widget_custom_html panel-first-child\" data-index=\"4\" ><div class=\"textwidget custom-html-widget\"><style> \n\t@media (max-width: 468px){\n\t\t.imgWlcLong {\n\t\t\twidth:70%!important;\n\t\t}\n\t}\n<\/style>\n<center>\n<img decoding=\"async\" class=\"default initial loading imgWlcLong\" src=\"https:\/\/d2p6e6u75xmxt8.cloudfront.net\/13\/2019\/03\/logo_cerny_text_bile_love.png\" alt=\"WeLoveCycling \u010cesk\u00e1 republika\" data-was-processed=\"true\" style=\"width:450px;height:auto\">\n<\/center><\/div><\/div><div id=\"panel-683-2-0-1\" class=\"so-panel widget widget_media_video panel-last-child\" data-index=\"5\" ><div style=\"width:100%;\" class=\"wp-video\"><!--[if lt IE 9]><script>document.createElement('video');<\/script><![endif]-->\n<video class=\"wp-video-shortcode\" id=\"video-683-1\" preload=\"none\" controls=\"controls\"><source type=\"video\/youtube\" src=\"https:\/\/youtu.be\/7dBPZkB71UM?_=1\" \/><a href=\"https:\/\/youtu.be\/7dBPZkB71UM\">https:\/\/youtu.be\/7dBPZkB71UM<\/a><\/video><\/div><\/div><\/div><\/div><\/div><div id=\"pg-683-3\"  class=\"panel-grid panel-has-style\" ><div class=\"siteorigin-panels-stretch panel-row-style panel-row-style-for-683-3\" data-stretch-type=\"full\" ><div id=\"pgc-683-3-0\"  class=\"panel-grid-cell panel-grid-cell-empty\" ><\/div><\/div><\/div><\/div>","protected":false},"excerpt":{"rendered":"<p>Kdo bude v z\u00e1vodu nejrychlej\u0161\u00ed? Tipni v\u00edt\u011bze a vyhraj! \u0160koda eMTB 29 ZA 78.000 K\u010d POD\u00cdVEJ SE NA VIDEO N\u00cd\u017dE [&hellip;]<\/p>\n","protected":false},"author":93,"featured_media":0,"parent":0,"menu_order":0,"comment_status":"closed","ping_status":"closed","template":"templates\/template-full-width.php","meta":{"footnotes":""},"tags":[],"class_list":["post-683","page","type-page","status-publish","hentry"],"yoast_head":"<!-- This site is optimized with the Yoast SEO Premium plugin v25.3 (Yoast SEO v25.9) - https:\/\/yoast.com\/wordpress\/plugins\/seo\/ -->\n<title>Sout\u011b\u017e o ebike | \u0160koda We Love Cycling - \u010cesk\u00e1 republika<\/title>\n<meta name=\"robots\" content=\"index, follow, max-snippet:-1, max-image-preview:large, max-video-preview:-1\" \/>\n<link rel=\"canonical\" href=\"https:\/\/www.welovecycling.com\/cs\/soutez-o-ebike-zastaveno\/\" \/>\n<meta property=\"og:locale\" content=\"cs_CZ\" \/>\n<meta property=\"og:type\" content=\"article\" \/>\n<meta property=\"og:title\" content=\"Sout\u011b\u017e o ebike\" \/>\n<meta property=\"og:description\" content=\"Kdo bude v z\u00e1vodu nejrychlej\u0161\u00ed? Tipni v\u00edt\u011bze a vyhraj! \u0160koda eMTB 29 ZA 78.000 K\u010d POD\u00cdVEJ SE NA VIDEO N\u00cd\u017dE [&hellip;]\" \/>\n<meta property=\"og:url\" content=\"https:\/\/www.welovecycling.com\/cs\/soutez-o-ebike-zastaveno\/\" \/>\n<meta property=\"og:site_name\" content=\"\u0160koda We Love Cycling - \u010cesk\u00e1 republika\" \/>\n<meta property=\"article:modified_time\" content=\"2019-04-30T19:53:00+00:00\" \/>\n<meta property=\"og:image\" content=\"https:\/\/d2p6e6u75xmxt8.cloudfront.net\/13\/2019\/03\/logo-challenge-1.png\" \/>\n<meta name=\"twitter:card\" content=\"summary_large_image\" \/>\n<script type=\"application\/ld+json\" class=\"yoast-schema-graph\">{\"@context\":\"https:\/\/schema.org\",\"@graph\":[{\"@type\":\"WebPage\",\"@id\":\"https:\/\/www.welovecycling.com\/cs\/soutez-o-ebike-zastaveno\/\",\"url\":\"https:\/\/www.welovecycling.com\/cs\/soutez-o-ebike-zastaveno\/\",\"name\":\"Sout\u011b\u017e o ebike | \u0160koda We Love Cycling - \u010cesk\u00e1 republika\",\"isPartOf\":{\"@id\":\"https:\/\/www.welovecycling.com\/cs\/#website\"},\"primaryImageOfPage\":{\"@id\":\"https:\/\/www.welovecycling.com\/cs\/soutez-o-ebike-zastaveno\/#primaryimage\"},\"image\":{\"@id\":\"https:\/\/www.welovecycling.com\/cs\/soutez-o-ebike-zastaveno\/#primaryimage\"},\"thumbnailUrl\":\"https:\/\/d2p6e6u75xmxt8.cloudfront.net\/13\/2019\/03\/logo-challenge-1.png\",\"datePublished\":\"2019-03-06T15:14:00+00:00\",\"dateModified\":\"2019-04-30T19:53:00+00:00\",\"inLanguage\":\"cs\",\"potentialAction\":[{\"@type\":\"ReadAction\",\"target\":[\"https:\/\/www.welovecycling.com\/cs\/soutez-o-ebike-zastaveno\/\"]}]},{\"@type\":\"ImageObject\",\"inLanguage\":\"cs\",\"@id\":\"https:\/\/www.welovecycling.com\/cs\/soutez-o-ebike-zastaveno\/#primaryimage\",\"url\":\"https:\/\/d2p6e6u75xmxt8.cloudfront.net\/13\/2019\/03\/logo-challenge-1.png\",\"contentUrl\":\"https:\/\/d2p6e6u75xmxt8.cloudfront.net\/13\/2019\/03\/logo-challenge-1.png\"},{\"@type\":\"WebSite\",\"@id\":\"https:\/\/www.welovecycling.com\/cs\/#website\",\"url\":\"https:\/\/www.welovecycling.com\/cs\/\",\"name\":\"\u0160koda We Love Cycling - \u010cesk\u00e1 republika\",\"description\":\"WeLoveCycling.cz je online magaz\u00edn, kter\u00fd v\u00e1m pravideln\u011b p\u0159in\u00e1\u0161\u00ed rady a tipy, zaj\u00edmav\u00e9 \u010dl\u00e1nky, videa a jedine\u010dn\u00e9 report\u00e1\u017ee ze sv\u011bta cyklistiky.\",\"potentialAction\":[{\"@type\":\"SearchAction\",\"target\":{\"@type\":\"EntryPoint\",\"urlTemplate\":\"https:\/\/www.welovecycling.com\/cs\/?s={search_term_string}\"},\"query-input\":{\"@type\":\"PropertyValueSpecification\",\"valueRequired\":true,\"valueName\":\"search_term_string\"}}],\"inLanguage\":\"cs\"}]}<\/script>\n<!-- \/ Yoast SEO Premium plugin. -->","yoast_head_json":{"title":"Sout\u011b\u017e o ebike | \u0160koda We Love Cycling - \u010cesk\u00e1 republika","robots":{"index":"index","follow":"follow","max-snippet":"max-snippet:-1","max-image-preview":"max-image-preview:large","max-video-preview":"max-video-preview:-1"},"canonical":"https:\/\/www.welovecycling.com\/cs\/soutez-o-ebike-zastaveno\/","og_locale":"cs_CZ","og_type":"article","og_title":"Sout\u011b\u017e o ebike","og_description":"Kdo bude v z\u00e1vodu nejrychlej\u0161\u00ed? Tipni v\u00edt\u011bze a vyhraj! \u0160koda eMTB 29 ZA 78.000 K\u010d POD\u00cdVEJ SE NA VIDEO N\u00cd\u017dE [&hellip;]","og_url":"https:\/\/www.welovecycling.com\/cs\/soutez-o-ebike-zastaveno\/","og_site_name":"\u0160koda We Love Cycling - \u010cesk\u00e1 republika","article_modified_time":"2019-04-30T19:53:00+00:00","og_image":[{"url":"https:\/\/d2p6e6u75xmxt8.cloudfront.net\/13\/2019\/03\/logo-challenge-1.png","type":"","width":"","height":""}],"twitter_card":"summary_large_image","schema":{"@context":"https:\/\/schema.org","@graph":[{"@type":"WebPage","@id":"https:\/\/www.welovecycling.com\/cs\/soutez-o-ebike-zastaveno\/","url":"https:\/\/www.welovecycling.com\/cs\/soutez-o-ebike-zastaveno\/","name":"Sout\u011b\u017e o ebike | \u0160koda We Love Cycling - \u010cesk\u00e1 republika","isPartOf":{"@id":"https:\/\/www.welovecycling.com\/cs\/#website"},"primaryImageOfPage":{"@id":"https:\/\/www.welovecycling.com\/cs\/soutez-o-ebike-zastaveno\/#primaryimage"},"image":{"@id":"https:\/\/www.welovecycling.com\/cs\/soutez-o-ebike-zastaveno\/#primaryimage"},"thumbnailUrl":"https:\/\/d2p6e6u75xmxt8.cloudfront.net\/13\/2019\/03\/logo-challenge-1.png","datePublished":"2019-03-06T15:14:00+00:00","dateModified":"2019-04-30T19:53:00+00:00","inLanguage":"cs","potentialAction":[{"@type":"ReadAction","target":["https:\/\/www.welovecycling.com\/cs\/soutez-o-ebike-zastaveno\/"]}]},{"@type":"ImageObject","inLanguage":"cs","@id":"https:\/\/www.welovecycling.com\/cs\/soutez-o-ebike-zastaveno\/#primaryimage","url":"https:\/\/d2p6e6u75xmxt8.cloudfront.net\/13\/2019\/03\/logo-challenge-1.png","contentUrl":"https:\/\/d2p6e6u75xmxt8.cloudfront.net\/13\/2019\/03\/logo-challenge-1.png"},{"@type":"WebSite","@id":"https:\/\/www.welovecycling.com\/cs\/#website","url":"https:\/\/www.welovecycling.com\/cs\/","name":"\u0160koda We Love Cycling - \u010cesk\u00e1 republika","description":"WeLoveCycling.cz je online magaz\u00edn, kter\u00fd v\u00e1m pravideln\u011b p\u0159in\u00e1\u0161\u00ed rady a tipy, zaj\u00edmav\u00e9 \u010dl\u00e1nky, videa a jedine\u010dn\u00e9 report\u00e1\u017ee ze sv\u011bta cyklistiky.","potentialAction":[{"@type":"SearchAction","target":{"@type":"EntryPoint","urlTemplate":"https:\/\/www.welovecycling.com\/cs\/?s={search_term_string}"},"query-input":{"@type":"PropertyValueSpecification","valueRequired":true,"valueName":"search_term_string"}}],"inLanguage":"cs"}]}},"_links":{"self":[{"href":"https:\/\/www.welovecycling.com\/cs\/wp-json\/wp\/v2\/pages\/683","targetHints":{"allow":["GET"]}}],"collection":[{"href":"https:\/\/www.welovecycling.com\/cs\/wp-json\/wp\/v2\/pages"}],"about":[{"href":"https:\/\/www.welovecycling.com\/cs\/wp-json\/wp\/v2\/types\/page"}],"author":[{"embeddable":true,"href":"https:\/\/www.welovecycling.com\/cs\/wp-json\/wp\/v2\/users\/93"}],"replies":[{"embeddable":true,"href":"https:\/\/www.welovecycling.com\/cs\/wp-json\/wp\/v2\/comments?post=683"}],"version-history":[{"count":2,"href":"https:\/\/www.welovecycling.com\/cs\/wp-json\/wp\/v2\/pages\/683\/revisions"}],"predecessor-version":[{"id":11724,"href":"https:\/\/www.welovecycling.com\/cs\/wp-json\/wp\/v2\/pages\/683\/revisions\/11724"}],"wp:attachment":[{"href":"https:\/\/www.welovecycling.com\/cs\/wp-json\/wp\/v2\/media?parent=683"}],"wp:term":[{"taxonomy":"post_tag","embeddable":true,"href":"https:\/\/www.welovecycling.com\/cs\/wp-json\/wp\/v2\/tags?post=683"}],"curies":[{"name":"wp","href":"https:\/\/api.w.org\/{rel}","templated":true}]}}