{"id":6102,"date":"2020-03-16T09:38:21","date_gmt":"2020-03-16T07:38:21","guid":{"rendered":"https:\/\/www.welovecycling.com\/cs\/?page_id=6102"},"modified":"2020-05-19T09:21:14","modified_gmt":"2020-05-19T07:21:14","slug":"odbory-kovo-slevove-kody","status":"publish","type":"page","link":"https:\/\/www.welovecycling.com\/cs\/odbory-kovo-slevove-kody\/","title":{"rendered":"Odbory KOVO slevov\u00e9 k\u00f3dy"},"content":{"rendered":"<div id=\"pl-6102\"  class=\"panel-layout\" ><div id=\"pg-6102-0\"  class=\"panel-grid panel-no-style\" ><div id=\"pgc-6102-0-0\"  class=\"panel-grid-cell\" ><div id=\"panel-6102-0-0-0\" class=\"widget_text so-panel widget widget_custom_html panel-first-child panel-last-child\" data-index=\"0\" ><div class=\"textwidget custom-html-widget\"> <style>\n\t.wrap.container {\n    max-width: 100%;\n    padding: 0;\n\t }\n\t h1 {\n\t\tfont-size:30px!important;\t \n\t }\n\t .siteorigin-widget-tinymce h1 {\n\t\t font-size:30px!important;\n\t\t font-weight:400!important;\n\t }\n\t .hero {\n\t\t\twidth: 100%;\n\t\t\theight: auto;\n\t\t\tpadding: 0 30px;\n    \tbackground: #000 url('https:\/\/d2p6e6u75xmxt8.cloudfront.net\/13\/2020\/02\/tvar.png') top center\/cover no-repeat;\n\t\t\tmargin-top:-30px;\n  }\n\t .hero__contain{\n\t\t\tpadding-top:30px;\t \n\t }\n\t .page-title{\n    \tdisplay:none!important\n    }\n\t .subheadline{\n\t\t \tpadding:0 20% 30px\n\t }\n\t .siteorigin-widget-tinymce strong {\n\t\t color:#4ba82e!important;\n\t }\n\t .siteorigin-widget-tinymce p {\n\t\t margin: 0 0 0.25em!important;\n\t }\n\t #pl-5836 #panel-5836-0-0-0, #pl-5836 #panel-5836-1-0-0, #pl-5836 #panel-5836-1-0-1, #pl-5836 #panel-5836-1-2-0 {\n\t\t margin-bottom:0;\n\t }\n\t .panel-grid-cell .widget-title{\n\t\t font-weight:700\n\t }\n<\/style>\n\n<html>\n<center>\n\t<div style=\"text-align: center;\">\n\t\t<div class=\"hero\">\n\t\t\t<div class=\"hero__contain\">\n\t\t\t\t<h1 class=\"headline\" style=\"color:#ffffff;\">\n\t\t\t\t\tVygenerujte si vlastn\u00ed slevov\u00fd k\u00f3d\n\t\t\t\t<\/h1>\n\t\t\t\t<p class=\"subheadline\" style=\"color:#ffffff;\">\n\t\t\t\t\tKolo pro \u017eivot je v\u00edkendovou akc\u00ed pro v\u0161echny bez rozd\u00edlu v\u011bku a v\u00fdkonnosti, v\u010detn\u011b mal\u00fdch d\u011bt\u00ed a star\u0161\u00edch ro\u010dn\u00edk\u016f, a dokonce i pro ty, kdo se rozhodnou d\u011blat cyklist\u016fm doprovod. Od sam\u00e9ho za\u010d\u00e1tku byla hlavn\u00edm c\u00edlem z\u00e1bava pro lidi, kte\u0159\u00ed maj\u00ed r\u00e1di horsk\u00e1 kola a v\u0161echno s nimi spojen\u00e9. Ka\u017ed\u00fd si u n\u00e1s vybere svoji trasu nebo z\u00e1bavu v r\u00e1mci na\u0161lapan\u00e9ho doprovodn\u00e9ho programu. \n\t\t\t\t\t<br><br>\n\t\t\t\t\tN\u00ed\u017ee si m\u016f\u017eete vygenerovat V\u00e1\u0161 slevov\u00fd k\u00f3d na startovn\u00e9 v r\u00e1mci cyklistick\u00e9ho seri\u00e1lu Kolo pro \u017eivot. \n\t\t\t\t<\/p>\n\t\t\t<\/div>\n    <\/div>\n\t<\/div>\n<\/center>\n<\/html><\/div><\/div><\/div><\/div><div id=\"pg-6102-1\"  class=\"panel-grid panel-has-style\" ><div class=\"panel-row-style panel-row-style-for-6102-1\" ><div id=\"pgc-6102-1-0\"  class=\"panel-grid-cell\" ><div id=\"panel-6102-1-0-0\" class=\"so-panel widget widget_sow-editor panel-first-child\" data-index=\"1\" ><div\n\t\t\t\n\t\t\tclass=\"so-widget-sow-editor so-widget-sow-editor-base\"\n\t\t\t\n\t\t>\n<div class=\"siteorigin-widget-tinymce textwidget\">\n\t<h1 class=\"widget-title\">Startovn\u00e9 na z\u00e1vod Mlad\u00e1 Boleslav Tour \u0160koda AUTO, 12. 9. 2020<\/h1>\n<\/div>\n<\/div><\/div><div id=\"panel-6102-1-0-1\" class=\"widget_text so-panel widget widget_custom_html panel-last-child\" data-index=\"2\" ><div class=\"textwidget custom-html-widget\"><iframe loading=\"lazy\" width=\"380\" height=\"700\" src=\"https:\/\/slevove-kody-welovecycling.com\/client\/0v3RWvmmtP1zm9MeeqVUdZOURfuznX\/\"><\/iframe> <\/div><\/div><\/div><div id=\"pgc-6102-1-1\"  class=\"panel-grid-cell panel-grid-cell-mobile-last\" ><div id=\"panel-6102-1-1-0\" class=\"so-panel widget widget_sow-editor panel-first-child\" data-index=\"3\" ><div\n\t\t\t\n\t\t\tclass=\"so-widget-sow-editor so-widget-sow-editor-base\"\n\t\t\t\n\t\t>\n<div class=\"siteorigin-widget-tinymce textwidget\">\n\t<h1 class=\"widget-title\">Startovn\u00e9 na z\u00e1vod Vrchlab\u00ed-\u0160pindl Tour \u0160koda AUTO, 17. 10. 2020<\/h1>\n<\/div>\n<\/div><\/div><div id=\"panel-6102-1-1-1\" class=\"widget_text so-panel widget widget_custom_html panel-last-child\" data-index=\"4\" ><div class=\"textwidget custom-html-widget\"><iframe loading=\"lazy\" width=\"380\" height=\"700\" src=\"https:\/\/slevove-kody-welovecycling.com\/client\/Z9Jxz62w6nZ7N5AiZ1LP22doL6JZqq\/\"><\/iframe> <\/div><\/div><\/div><div id=\"pgc-6102-1-2\"  class=\"panel-grid-cell panel-grid-cell-empty\" ><\/div><\/div><\/div><\/div>","protected":false},"excerpt":{"rendered":"<p>Startovn\u00e9 na z\u00e1vod Mlad\u00e1 Boleslav Tour \u0160koda AUTO, 12. 9. 2020 Startovn\u00e9 na z\u00e1vod Vrchlab\u00ed-\u0160pindl Tour \u0160koda AUTO, 17. 10. [&hellip;]<\/p>\n","protected":false},"author":93,"featured_media":0,"parent":0,"menu_order":0,"comment_status":"closed","ping_status":"closed","template":"templates\/template-empty-page.php","meta":{"footnotes":""},"tags":[],"class_list":["post-6102","page","type-page","status-publish","hentry"],"yoast_head":"<!-- This site is optimized with the Yoast SEO Premium plugin v25.3 (Yoast SEO v25.9) - https:\/\/yoast.com\/wordpress\/plugins\/seo\/ -->\n<title>Odbory KOVO slevov\u00e9 k\u00f3dy | \u0160koda We Love Cycling - \u010cesk\u00e1 republika<\/title>\n<meta name=\"robots\" content=\"index, follow, max-snippet:-1, max-image-preview:large, max-video-preview:-1\" \/>\n<link rel=\"canonical\" href=\"https:\/\/www.welovecycling.com\/cs\/odbory-kovo-slevove-kody\/\" \/>\n<meta property=\"og:locale\" content=\"cs_CZ\" \/>\n<meta property=\"og:type\" content=\"article\" \/>\n<meta property=\"og:title\" content=\"Odbory KOVO slevov\u00e9 k\u00f3dy\" \/>\n<meta property=\"og:description\" content=\"Startovn\u00e9 na z\u00e1vod Mlad\u00e1 Boleslav Tour \u0160koda AUTO, 12. 9. 2020 Startovn\u00e9 na z\u00e1vod Vrchlab\u00ed-\u0160pindl Tour \u0160koda AUTO, 17. 10. [&hellip;]\" \/>\n<meta property=\"og:url\" content=\"https:\/\/www.welovecycling.com\/cs\/odbory-kovo-slevove-kody\/\" \/>\n<meta property=\"og:site_name\" content=\"\u0160koda We Love Cycling - \u010cesk\u00e1 republika\" \/>\n<meta property=\"article:modified_time\" content=\"2020-05-19T07:21:14+00:00\" \/>\n<meta name=\"twitter:card\" content=\"summary_large_image\" \/>\n<script type=\"application\/ld+json\" class=\"yoast-schema-graph\">{\"@context\":\"https:\/\/schema.org\",\"@graph\":[{\"@type\":\"WebPage\",\"@id\":\"https:\/\/www.welovecycling.com\/cs\/odbory-kovo-slevove-kody\/\",\"url\":\"https:\/\/www.welovecycling.com\/cs\/odbory-kovo-slevove-kody\/\",\"name\":\"Odbory KOVO slevov\u00e9 k\u00f3dy | \u0160koda We Love Cycling - \u010cesk\u00e1 republika\",\"isPartOf\":{\"@id\":\"https:\/\/www.welovecycling.com\/cs\/#website\"},\"datePublished\":\"2020-03-16T07:38:21+00:00\",\"dateModified\":\"2020-05-19T07:21:14+00:00\",\"inLanguage\":\"cs\",\"potentialAction\":[{\"@type\":\"ReadAction\",\"target\":[\"https:\/\/www.welovecycling.com\/cs\/odbory-kovo-slevove-kody\/\"]}]},{\"@type\":\"WebSite\",\"@id\":\"https:\/\/www.welovecycling.com\/cs\/#website\",\"url\":\"https:\/\/www.welovecycling.com\/cs\/\",\"name\":\"\u0160koda We Love Cycling - \u010cesk\u00e1 republika\",\"description\":\"WeLoveCycling.cz je online magaz\u00edn, kter\u00fd v\u00e1m pravideln\u011b p\u0159in\u00e1\u0161\u00ed rady a tipy, zaj\u00edmav\u00e9 \u010dl\u00e1nky, videa a jedine\u010dn\u00e9 report\u00e1\u017ee ze sv\u011bta cyklistiky.\",\"potentialAction\":[{\"@type\":\"SearchAction\",\"target\":{\"@type\":\"EntryPoint\",\"urlTemplate\":\"https:\/\/www.welovecycling.com\/cs\/?s={search_term_string}\"},\"query-input\":{\"@type\":\"PropertyValueSpecification\",\"valueRequired\":true,\"valueName\":\"search_term_string\"}}],\"inLanguage\":\"cs\"}]}<\/script>\n<!-- \/ Yoast SEO Premium plugin. -->","yoast_head_json":{"title":"Odbory KOVO slevov\u00e9 k\u00f3dy | \u0160koda We Love Cycling - \u010cesk\u00e1 republika","robots":{"index":"index","follow":"follow","max-snippet":"max-snippet:-1","max-image-preview":"max-image-preview:large","max-video-preview":"max-video-preview:-1"},"canonical":"https:\/\/www.welovecycling.com\/cs\/odbory-kovo-slevove-kody\/","og_locale":"cs_CZ","og_type":"article","og_title":"Odbory KOVO slevov\u00e9 k\u00f3dy","og_description":"Startovn\u00e9 na z\u00e1vod Mlad\u00e1 Boleslav Tour \u0160koda AUTO, 12. 9. 2020 Startovn\u00e9 na z\u00e1vod Vrchlab\u00ed-\u0160pindl Tour \u0160koda AUTO, 17. 10. [&hellip;]","og_url":"https:\/\/www.welovecycling.com\/cs\/odbory-kovo-slevove-kody\/","og_site_name":"\u0160koda We Love Cycling - \u010cesk\u00e1 republika","article_modified_time":"2020-05-19T07:21:14+00:00","twitter_card":"summary_large_image","schema":{"@context":"https:\/\/schema.org","@graph":[{"@type":"WebPage","@id":"https:\/\/www.welovecycling.com\/cs\/odbory-kovo-slevove-kody\/","url":"https:\/\/www.welovecycling.com\/cs\/odbory-kovo-slevove-kody\/","name":"Odbory KOVO slevov\u00e9 k\u00f3dy | \u0160koda We Love Cycling - \u010cesk\u00e1 republika","isPartOf":{"@id":"https:\/\/www.welovecycling.com\/cs\/#website"},"datePublished":"2020-03-16T07:38:21+00:00","dateModified":"2020-05-19T07:21:14+00:00","inLanguage":"cs","potentialAction":[{"@type":"ReadAction","target":["https:\/\/www.welovecycling.com\/cs\/odbory-kovo-slevove-kody\/"]}]},{"@type":"WebSite","@id":"https:\/\/www.welovecycling.com\/cs\/#website","url":"https:\/\/www.welovecycling.com\/cs\/","name":"\u0160koda We Love Cycling - \u010cesk\u00e1 republika","description":"WeLoveCycling.cz je online magaz\u00edn, kter\u00fd v\u00e1m pravideln\u011b p\u0159in\u00e1\u0161\u00ed rady a tipy, zaj\u00edmav\u00e9 \u010dl\u00e1nky, videa a jedine\u010dn\u00e9 report\u00e1\u017ee ze sv\u011bta cyklistiky.","potentialAction":[{"@type":"SearchAction","target":{"@type":"EntryPoint","urlTemplate":"https:\/\/www.welovecycling.com\/cs\/?s={search_term_string}"},"query-input":{"@type":"PropertyValueSpecification","valueRequired":true,"valueName":"search_term_string"}}],"inLanguage":"cs"}]}},"_links":{"self":[{"href":"https:\/\/www.welovecycling.com\/cs\/wp-json\/wp\/v2\/pages\/6102","targetHints":{"allow":["GET"]}}],"collection":[{"href":"https:\/\/www.welovecycling.com\/cs\/wp-json\/wp\/v2\/pages"}],"about":[{"href":"https:\/\/www.welovecycling.com\/cs\/wp-json\/wp\/v2\/types\/page"}],"author":[{"embeddable":true,"href":"https:\/\/www.welovecycling.com\/cs\/wp-json\/wp\/v2\/users\/93"}],"replies":[{"embeddable":true,"href":"https:\/\/www.welovecycling.com\/cs\/wp-json\/wp\/v2\/comments?post=6102"}],"version-history":[{"count":2,"href":"https:\/\/www.welovecycling.com\/cs\/wp-json\/wp\/v2\/pages\/6102\/revisions"}],"predecessor-version":[{"id":7219,"href":"https:\/\/www.welovecycling.com\/cs\/wp-json\/wp\/v2\/pages\/6102\/revisions\/7219"}],"wp:attachment":[{"href":"https:\/\/www.welovecycling.com\/cs\/wp-json\/wp\/v2\/media?parent=6102"}],"wp:term":[{"taxonomy":"post_tag","embeddable":true,"href":"https:\/\/www.welovecycling.com\/cs\/wp-json\/wp\/v2\/tags?post=6102"}],"curies":[{"name":"wp","href":"https:\/\/api.w.org\/{rel}","templated":true}]}}