{"id":6021,"date":"2020-03-08T20:13:46","date_gmt":"2020-03-08T18:13:46","guid":{"rendered":"https:\/\/www.welovecycling.com\/cs\/?page_id=6021"},"modified":"2021-05-13T16:05:16","modified_gmt":"2021-05-13T14:05:16","slug":"skoda-auto-slevove-kody","status":"publish","type":"page","link":"https:\/\/www.welovecycling.com\/cs\/skoda-auto-slevove-kody\/","title":{"rendered":"\u0160koda auto &#8211; slevov\u00e9 k\u00f3dy (2021 &#8211; 3x)"},"content":{"rendered":"<div id=\"pl-6021\"  class=\"panel-layout\" ><div id=\"pg-6021-0\"  class=\"panel-grid panel-no-style\" ><div id=\"pgc-6021-0-0\"  class=\"panel-grid-cell\" ><div id=\"panel-6021-0-0-0\" class=\"widget_text so-panel widget widget_custom_html panel-first-child panel-last-child\" data-index=\"0\" ><div class=\"textwidget custom-html-widget\"> <style>\n\t.wrap.container {\n    max-width: 100%;\n    padding: 0;\n\t }\n\t h1 {\n\t\tfont-size:30px;\t \n\t }\n\t.siteorigin-widget-tinymce h1 {\n\t\tfont-size:30px!important;\n\t\tfont-weight:400!important;\n\t } \n\t .hero {\n\t\t\twidth: 100%;\n\t\t\theight: auto;\n\t\t\tpadding: 0 30px;\n    \tbackground: #000 url('https:\/\/d2p6e6u75xmxt8.cloudfront.net\/13\/2020\/02\/tvar.png') top center\/cover no-repeat;\n\t\t\tmargin-top:-30px;\n  }\n\t .hero__contain{\n\t\t\tpadding-top:30px;\t \n\t }\n\t .page-title{\n    \tdisplay:none!important\n    }\n\t .subheadline{\n\t\t \tpadding:0 20% 30px\n\t }\n\t .siteorigin-widget-tinymce strong {\n\t\t color:#4ba82e!important;\n\t }\n\t .siteorigin-widget-tinymce p {\n\t\t margin: 0 0 0.25em!important;\n\t }\n\t #pl-5836 #panel-5836-0-0-0, #pl-5836 #panel-5836-1-0-0, #pl-5836 #panel-5836-1-0-1, #pl-5836 #panel-5836-1-2-0 {\n\t\t margin-bottom:0;\n\t }\n\t .panel-grid-cell .widget-title{\n\t\t font-weight:700\n\t }\n<\/style>\n\n<html>\n<center>\n\t<div style=\"text-align: center;\">\n\t\t<div class=\"hero\">\n\t\t\t<div class=\"hero__contain\">\n\t\t\t\t<h1 class=\"headline\" style=\"color:#ffffff;\">\n\t\t\t\t\tVygenerujte si vlastn\u00ed slevov\u00fd k\u00f3d\n\t\t\t\t<\/h1>\n\t\t\t\t<p class=\"subheadline\" style=\"color:#ffffff;\">\n\t\t\t\t\tKolo pro \u017eivot je tradi\u010dn\u00ed seri\u00e1l hobby z\u00e1vod\u016f horsk\u00fdch kol pro v\u0161echny poloprofesion\u00e1ln\u00ed a hobby cyklisty bez rozd\u00edlu v\u011bku a v\u00fdkonnosti. Na z\u00e1klad\u011b partnerstv\u00ed \u0160koda AUTO a Kolo pro \u017eivot mohou zam\u011bstnanci zna\u010dky \u0160koda vyu\u017e\u00edt unik\u00e1tn\u00ed mo\u017enost z\u00edskat startovn\u00e9 zdarma v r\u00e1mci titul\u00e1rn\u00edch z\u00e1vod\u016f (Mlad\u00e1 Boleslav, Ralsko), ale tak\u00e9 omezen\u00e9 mno\u017estv\u00ed startovn\u00fdch zdarma na ostatn\u00ed z\u00e1vody Kolo pro \u017eivot.\n\t\t\t\t\t<br><br>Dovolujeme si V\u00e1s upozornit, \u017ee v p\u0159\u00edpad\u011b uplatn\u011bn\u00ed k\u00f3du pro bezplatn\u00e9 startovn\u00e9 je n\u00e1sledn\u011b nutn\u00e9 z\u00e1vod skute\u010dn\u011b absolvovat a startovn\u00e9 vyu\u017e\u00edt. V p\u0159\u00edpad\u011b, \u017ee dojde k uplatn\u011bn\u00ed k\u00f3du a jeho n\u00e1sledn\u00e9mu nevyu\u017eit\u00ed, pop\u0159. neodhl\u00e1\u0161en\u00ed z\u00e1jemce v dostate\u010dn\u00e9m \u010dasov\u00e9m p\u0159edstihu (alespo\u0148 10 pracovn\u00edch dn\u00ed p\u0159ed z\u00e1vodem), m\u016f\u017ee \u0160koda AUTO po zam\u011bstnanci, kter\u00fd k\u00f3d prost\u0159ednictv\u00edm sv\u00e9ho firemn\u00edho e-mailu aktivoval, n\u00e1rokovat kompenzaci startovn\u00e9ho v pln\u00e9 v\u00fd\u0161i dle aktu\u00e1ln\u00edho platn\u00e9ho cen\u00edku po\u0159adatele.\n\nDr\u017e\u00edme palce a t\u011b\u0161\u00edme se na vid\u011bnou na startu i v c\u00edli!\n\t\t\t\t\t\n\t\t\t\t<br><br>\n\t\t\t\t\t\n\t\t\t\t\t<a href=\"https:\/\/www.kolopro.cz\/zavody\">Seznam z\u00e1vod\u016f naleznete zde.<\/a>\n \n\t\t\t\t\t\n\t\t\t\t<\/p>\n\t\t\t<\/div>\n    <\/div>\n\t<\/div>\n<\/center>\n<\/html><\/div><\/div><\/div><\/div><div id=\"pg-6021-1\"  class=\"panel-grid panel-has-style\" ><div class=\"panel-row-style panel-row-style-for-6021-1\" ><div id=\"pgc-6021-1-0\"  class=\"panel-grid-cell\" ><div id=\"panel-6021-1-0-0\" class=\"so-panel widget widget_sow-editor panel-first-child\" data-index=\"1\" ><div\n\t\t\t\n\t\t\tclass=\"so-widget-sow-editor so-widget-sow-editor-base\"\n\t\t\t\n\t\t>\n<div class=\"siteorigin-widget-tinymce textwidget\">\n\t<h1 class=\"widget-title\">Startovn\u00e9 zdarma na z\u00e1vod Mlad\u00e1 Boleslav Tour \u0160koda AUTO, 18. 9. 2021<\/h1>\n<\/div>\n<\/div><\/div><div id=\"panel-6021-1-0-1\" class=\"widget_text so-panel widget widget_custom_html panel-last-child\" data-index=\"2\" ><div class=\"textwidget custom-html-widget\"><iframe loading=\"lazy\" width=\"380\" height=\"700\" src=\"https:\/\/slevove-kody-welovecycling.com\/client\/4UcZjVmpDo1NOCcQe67GlRL7VAevZP\/\"><\/iframe> <\/div><\/div><\/div><div id=\"pgc-6021-1-1\"  class=\"panel-grid-cell\" ><div id=\"panel-6021-1-1-0\" class=\"so-panel widget widget_sow-editor panel-first-child\" data-index=\"3\" ><div\n\t\t\t\n\t\t\tclass=\"so-widget-sow-editor so-widget-sow-editor-base\"\n\t\t\t\n\t\t>\n<div class=\"siteorigin-widget-tinymce textwidget\">\n\t<h1 class=\"widget-title\">Startovn\u00e9 zdarma na z\u00e1vod Ralsko MTB Tour \u0160koda AUTO, 2. - 3. 10. 2021<\/h1>\n<\/div>\n<\/div><\/div><div id=\"panel-6021-1-1-1\" class=\"widget_text so-panel widget widget_custom_html panel-last-child\" data-index=\"4\" ><div class=\"textwidget custom-html-widget\"><iframe loading=\"lazy\" width=\"380\" height=\"700\" src=\"https:\/\/slevove-kody-welovecycling.com\/client\/UrKImKgPOHjdvzqq75qPOsylVRtxUj\/\"><\/iframe> <\/div><\/div><\/div><div id=\"pgc-6021-1-2\"  class=\"panel-grid-cell\" ><div id=\"panel-6021-1-2-0\" class=\"so-panel widget widget_sow-editor panel-first-child\" data-index=\"5\" ><div\n\t\t\t\n\t\t\tclass=\"so-widget-sow-editor so-widget-sow-editor-base\"\n\t\t\t\n\t\t>\n<div class=\"siteorigin-widget-tinymce textwidget\">\n\t<h1 class=\"widget-title\">Startovn\u00e9 zdarma na ostatn\u00ed z\u00e1vody Kola pro \u017eivot v roce 2021<\/h1>\n<h1 class=\"widget-title\"><\/h1>\n<\/div>\n<\/div><\/div><div id=\"panel-6021-1-2-1\" class=\"widget_text so-panel widget widget_custom_html panel-last-child\" data-index=\"6\" ><div class=\"textwidget custom-html-widget\"><iframe loading=\"lazy\" width=\"380\" height=\"700\" src=\"https:\/\/slevove-kody-welovecycling.com\/client\/SADFJKSJKJDSFKSFDGSKADJDSDFSDKJF\/\"><\/iframe> <\/div><\/div><\/div><\/div><\/div><\/div>","protected":false},"excerpt":{"rendered":"<p>Startovn\u00e9 zdarma na z\u00e1vod Mlad\u00e1 Boleslav Tour \u0160koda AUTO, 18. 9. 2021 Startovn\u00e9 zdarma na z\u00e1vod Ralsko MTB Tour \u0160koda [&hellip;]<\/p>\n","protected":false},"author":137,"featured_media":0,"parent":0,"menu_order":0,"comment_status":"closed","ping_status":"closed","template":"templates\/template-empty-page.php","meta":{"footnotes":""},"tags":[],"class_list":["post-6021","page","type-page","status-publish","hentry"],"yoast_head":"<!-- This site is optimized with the Yoast SEO Premium plugin v25.3 (Yoast SEO v25.9) - https:\/\/yoast.com\/wordpress\/plugins\/seo\/ -->\n<title>\u0160koda auto - slevov\u00e9 k\u00f3dy (2021 - 3x) | \u0160koda We Love Cycling - \u010cesk\u00e1 republika<\/title>\n<meta name=\"robots\" content=\"index, follow, max-snippet:-1, max-image-preview:large, max-video-preview:-1\" \/>\n<link rel=\"canonical\" href=\"https:\/\/www.welovecycling.com\/cs\/skoda-auto-slevove-kody\/\" \/>\n<meta property=\"og:locale\" content=\"cs_CZ\" \/>\n<meta property=\"og:type\" content=\"article\" \/>\n<meta property=\"og:title\" content=\"\u0160koda auto - slevov\u00e9 k\u00f3dy (2021 - 3x)\" \/>\n<meta property=\"og:description\" content=\"Startovn\u00e9 zdarma na z\u00e1vod Mlad\u00e1 Boleslav Tour \u0160koda AUTO, 18. 9. 2021 Startovn\u00e9 zdarma na z\u00e1vod Ralsko MTB Tour \u0160koda [&hellip;]\" \/>\n<meta property=\"og:url\" content=\"https:\/\/www.welovecycling.com\/cs\/skoda-auto-slevove-kody\/\" \/>\n<meta property=\"og:site_name\" content=\"\u0160koda We Love Cycling - \u010cesk\u00e1 republika\" \/>\n<meta property=\"article:modified_time\" content=\"2021-05-13T14:05:16+00:00\" \/>\n<meta name=\"twitter:card\" content=\"summary_large_image\" \/>\n<script type=\"application\/ld+json\" class=\"yoast-schema-graph\">{\"@context\":\"https:\/\/schema.org\",\"@graph\":[{\"@type\":\"WebPage\",\"@id\":\"https:\/\/www.welovecycling.com\/cs\/skoda-auto-slevove-kody\/\",\"url\":\"https:\/\/www.welovecycling.com\/cs\/skoda-auto-slevove-kody\/\",\"name\":\"\u0160koda auto - slevov\u00e9 k\u00f3dy (2021 - 3x) | \u0160koda We Love Cycling - \u010cesk\u00e1 republika\",\"isPartOf\":{\"@id\":\"https:\/\/www.welovecycling.com\/cs\/#website\"},\"datePublished\":\"2020-03-08T18:13:46+00:00\",\"dateModified\":\"2021-05-13T14:05:16+00:00\",\"inLanguage\":\"cs\",\"potentialAction\":[{\"@type\":\"ReadAction\",\"target\":[\"https:\/\/www.welovecycling.com\/cs\/skoda-auto-slevove-kody\/\"]}]},{\"@type\":\"WebSite\",\"@id\":\"https:\/\/www.welovecycling.com\/cs\/#website\",\"url\":\"https:\/\/www.welovecycling.com\/cs\/\",\"name\":\"\u0160koda We Love Cycling - \u010cesk\u00e1 republika\",\"description\":\"WeLoveCycling.cz je online magaz\u00edn, kter\u00fd v\u00e1m pravideln\u011b p\u0159in\u00e1\u0161\u00ed rady a tipy, zaj\u00edmav\u00e9 \u010dl\u00e1nky, videa a jedine\u010dn\u00e9 report\u00e1\u017ee ze sv\u011bta cyklistiky.\",\"potentialAction\":[{\"@type\":\"SearchAction\",\"target\":{\"@type\":\"EntryPoint\",\"urlTemplate\":\"https:\/\/www.welovecycling.com\/cs\/?s={search_term_string}\"},\"query-input\":{\"@type\":\"PropertyValueSpecification\",\"valueRequired\":true,\"valueName\":\"search_term_string\"}}],\"inLanguage\":\"cs\"}]}<\/script>\n<!-- \/ Yoast SEO Premium plugin. -->","yoast_head_json":{"title":"\u0160koda auto - slevov\u00e9 k\u00f3dy (2021 - 3x) | \u0160koda We Love Cycling - \u010cesk\u00e1 republika","robots":{"index":"index","follow":"follow","max-snippet":"max-snippet:-1","max-image-preview":"max-image-preview:large","max-video-preview":"max-video-preview:-1"},"canonical":"https:\/\/www.welovecycling.com\/cs\/skoda-auto-slevove-kody\/","og_locale":"cs_CZ","og_type":"article","og_title":"\u0160koda auto - slevov\u00e9 k\u00f3dy (2021 - 3x)","og_description":"Startovn\u00e9 zdarma na z\u00e1vod Mlad\u00e1 Boleslav Tour \u0160koda AUTO, 18. 9. 2021 Startovn\u00e9 zdarma na z\u00e1vod Ralsko MTB Tour \u0160koda [&hellip;]","og_url":"https:\/\/www.welovecycling.com\/cs\/skoda-auto-slevove-kody\/","og_site_name":"\u0160koda We Love Cycling - \u010cesk\u00e1 republika","article_modified_time":"2021-05-13T14:05:16+00:00","twitter_card":"summary_large_image","schema":{"@context":"https:\/\/schema.org","@graph":[{"@type":"WebPage","@id":"https:\/\/www.welovecycling.com\/cs\/skoda-auto-slevove-kody\/","url":"https:\/\/www.welovecycling.com\/cs\/skoda-auto-slevove-kody\/","name":"\u0160koda auto - slevov\u00e9 k\u00f3dy (2021 - 3x) | \u0160koda We Love Cycling - \u010cesk\u00e1 republika","isPartOf":{"@id":"https:\/\/www.welovecycling.com\/cs\/#website"},"datePublished":"2020-03-08T18:13:46+00:00","dateModified":"2021-05-13T14:05:16+00:00","inLanguage":"cs","potentialAction":[{"@type":"ReadAction","target":["https:\/\/www.welovecycling.com\/cs\/skoda-auto-slevove-kody\/"]}]},{"@type":"WebSite","@id":"https:\/\/www.welovecycling.com\/cs\/#website","url":"https:\/\/www.welovecycling.com\/cs\/","name":"\u0160koda We Love Cycling - \u010cesk\u00e1 republika","description":"WeLoveCycling.cz je online magaz\u00edn, kter\u00fd v\u00e1m pravideln\u011b p\u0159in\u00e1\u0161\u00ed rady a tipy, zaj\u00edmav\u00e9 \u010dl\u00e1nky, videa a jedine\u010dn\u00e9 report\u00e1\u017ee ze sv\u011bta cyklistiky.","potentialAction":[{"@type":"SearchAction","target":{"@type":"EntryPoint","urlTemplate":"https:\/\/www.welovecycling.com\/cs\/?s={search_term_string}"},"query-input":{"@type":"PropertyValueSpecification","valueRequired":true,"valueName":"search_term_string"}}],"inLanguage":"cs"}]}},"_links":{"self":[{"href":"https:\/\/www.welovecycling.com\/cs\/wp-json\/wp\/v2\/pages\/6021","targetHints":{"allow":["GET"]}}],"collection":[{"href":"https:\/\/www.welovecycling.com\/cs\/wp-json\/wp\/v2\/pages"}],"about":[{"href":"https:\/\/www.welovecycling.com\/cs\/wp-json\/wp\/v2\/types\/page"}],"author":[{"embeddable":true,"href":"https:\/\/www.welovecycling.com\/cs\/wp-json\/wp\/v2\/users\/137"}],"replies":[{"embeddable":true,"href":"https:\/\/www.welovecycling.com\/cs\/wp-json\/wp\/v2\/comments?post=6021"}],"version-history":[{"count":2,"href":"https:\/\/www.welovecycling.com\/cs\/wp-json\/wp\/v2\/pages\/6021\/revisions"}],"predecessor-version":[{"id":12826,"href":"https:\/\/www.welovecycling.com\/cs\/wp-json\/wp\/v2\/pages\/6021\/revisions\/12826"}],"wp:attachment":[{"href":"https:\/\/www.welovecycling.com\/cs\/wp-json\/wp\/v2\/media?parent=6021"}],"wp:term":[{"taxonomy":"post_tag","embeddable":true,"href":"https:\/\/www.welovecycling.com\/cs\/wp-json\/wp\/v2\/tags?post=6021"}],"curies":[{"name":"wp","href":"https:\/\/api.w.org\/{rel}","templated":true}]}}