{"id":5836,"date":"2023-02-28T11:31:58","date_gmt":"2023-02-28T09:31:58","guid":{"rendered":"https:\/\/www.welovecycling.com\/cs\/?page_id=5836"},"modified":"2025-03-20T11:15:21","modified_gmt":"2025-03-20T09:15:21","slug":"prima-cup-sa-slevove-kody2025","status":"publish","type":"page","link":"https:\/\/www.welovecycling.com\/cs\/prima-cup-sa-slevove-kody2025\/","title":{"rendered":"PRIMA CUP 2025 &#8211; slevov\u00e9 k\u00f3dy"},"content":{"rendered":"<div id=\"pl-5836\"  class=\"panel-layout\" ><div id=\"pg-5836-0\"  class=\"panel-grid panel-no-style\" ><div id=\"pgc-5836-0-0\"  class=\"panel-grid-cell\" ><div id=\"panel-5836-0-0-0\" class=\"widget_text so-panel widget widget_custom_html panel-first-child\" data-index=\"0\" ><div class=\"widget_text hide-mobile panel-widget-style panel-widget-style-for-5836-0-0-0\" ><div class=\"textwidget custom-html-widget\"><style>\n\t.wrap.container {\n    max-width: 100%;\n    padding: 0;\n\t }\n\t h1 {\n\t\tfont-size:30px;\t\n\t\t margin-bottom: -10px;\n\t }\n\t.siteorigin-widget-tinymce h1 {\n\t\tfont-size:30px!important;\n\t\tfont-weight:400!important;\n\t } \n\t .hero {\n\t\t\twidth: 100%;\n\t\t\theight: auto;\n\t\t\tpadding: 0 30px;\n    \tbackground: #0E3A2F;\n\t\t\tmargin-top:-30px;\n  }\n\t .hero__contain{\n\t\t\tpadding-top:30px;\t \n\t\t\n\t }\n\t .page-title{\n    \tdisplay:none!important\n    }\n\t .subheadline{\n\t\t padding:0 20% 1px}\n\t\n\t\t.subheadline1{\n\t\t \tpadding:0 20% 1px\n\t\t\n\t }\n\t .siteorigin-widget-tinymce strong {\n\t\t color:#4ba82e!important;\n\t }\n\t .siteorigin-widget-tinymce p {\n\t\t margin: 0 0 0.2em!important;\n\t }\n\t #pl-5836 #panel-5836-0-0-0, #pl-5836 #panel-5836-1-0-0, #pl-5836 #panel-5836-1-0-1, #pl-5836 #panel-5836-1-2-0 {\n\t\t margin-bottom:0;\n\t }\n\t .panel-grid-cell .widget-title{\n\t\t font-weight:700\n\t }\n\ta:hover{\n\t\tcolor:#78FAAE;\n\t}\n<\/style>\n\n<html>\n<center>\n\t<div style=\"text-align: center;\">\n\t\t<div class=\"hero\">\n\t\t\t<div class=\"hero__contain\">\n\t\t\t\t<h1 class=\"headline\" style=\"color:#78FAAE;\">\n\t\t\t\t\tVygenerujte si vlastn\u00ed slevov\u00fd k\u00f3d\n\t\t\t\t<\/h1>\n\t\t\t\t<p class=\"subheadline\" style=\"color:#78FAAE;\">\n\t\t\t\t\t<p class=\"subheadline1\" style=\"color:#78FAAE; text-align: justify;\">Prima CUP je tradi\u010dn\u00ed cyklistick\u00fd seri\u00e1l z\u00e1vod\u016f na horsk\u00fdch kolech pro v\u0161echny milovn\u00edky cyklistiky bez rozd\u00edlu v\u011bku a v\u00fdkonnosti. Na z\u00e1klad\u011b partnerstv\u00ed \u0160koda Auto a Prima CUPU mohou zam\u011bstnanci vyu\u017e\u00edt unik\u00e1tn\u00ed mo\u017enost z\u00edskat a\u017e t\u0159i startovn\u00e1 zdarma (do vy\u010derp\u00e1n\u00ed kapacity). \n\t\t\t\t\t<br><br>\n\t\t\t\t\tDovolujeme si V\u00e1s upozornit, \u017ee v p\u0159\u00edpad\u011b vygenerov\u00e1n\u00ed k\u00f3du pro bezplatn\u00e9 startovn\u00e9 je n\u00e1sledn\u011b nutn\u00e9 z\u00e1vod skute\u010dn\u011b absolvovat. Pokud si zam\u011bstnanec k\u00f3d vygeneruje a nevyu\u017eije ho, m\u016f\u017ee po n\u011bm \u0160koda Auto n\u00e1rokovat kompenzaci startovn\u00e9ho v pln\u00e9 v\u00fd\u0161i dle aktu\u00e1ln\u00edho platn\u00e9ho cen\u00edku po\u0159adatele. Dr\u017e\u00edme palce a t\u011b\u0161\u00edme se na vid\u011bnou na startu i v c\u00edli!<\/p>\n\t\t\t\t\t\n\t\t\t\t\t<a href=\"https:\/\/www.iprimacup.cz\/zavody-2025\/\">Seznam z\u00e1vod\u016f naleznete zde.<\/a>\n <br><br>\n\t\t\t\t<\/p>\n\t\t\t<\/div>\n    <\/div>\n\t<\/div>\n<\/center>\n<\/html><\/div><\/div><\/div><div id=\"panel-5836-0-0-1\" class=\"widget_text so-panel widget widget_custom_html panel-last-child\" data-index=\"1\" ><div class=\"widget_text hide-desktop panel-widget-style panel-widget-style-for-5836-0-0-1\" ><div class=\"textwidget custom-html-widget\"><style>\n\t.wrap.container {\n    max-width: 100%;\n    padding: 0;\n\t }\n\t h1 {\n\t\tfont-size:30px;\n\t\t margin-bottom: -5px;\n\t }\n\t.siteorigin-widget-tinymce h1 {\n\t\tfont-size:30px!important;\n\t\tfont-weight:400!important;\n\t } \n\t .hero {\n\t\t\twidth: 100%;\n\t\t\theight: auto;\n\t\t\tpadding: 0 30px;\n    \tbackground: #0E3A2F;\n\t\t\tmargin-top:-30px;\n  }\n\t .hero__contain{\n\t\t\tpadding-top:30px;\t \n\t }\n\t .page-title{\n    \tdisplay:none!important\n    }\t\t\n\t }\n\t .siteorigin-widget-tinymce strong {\n\t\t color:#4ba82e!important;\n\t }\n\t .siteorigin-widget-tinymce p {\n\t\t margin: 0 0 0.25em!important;\n\t }\n\t #pl-5836 #panel-5836-0-0-0, #pl-5836 #panel-5836-1-0-0, #pl-5836 #panel-5836-1-0-1, #pl-5836 #panel-5836-1-2-0 {\n\t\t margin-bottom:0;\n\t }\n\t .panel-grid-cell .widget-title{\n\t\t font-weight:700\n\t }\n\t\ta:hover{\n\t\tcolor:#78FAAE;\n\t}\n<\/style>\n\n<html>\n<center>\n\t<div style=\"text-align: center;\">\n\t\t<div class=\"hero\">\n\t\t\t<div class=\"hero__contain\">\n\t\t\t\t<h1 class=\"headline\" style=\"color:#78FAAE;\">\n\t\t\t\t\tVygenerujte si vlastn\u00ed slevov\u00fd k\u00f3d\n\t\t\t\t<\/h1>\n\t\t\t\t<p  style=\"color:#78FAAE;\">\n\t\t\t\t\t<p  style=\"color:#78FAAE; text-align: center;\">Prima CUP je tradi\u010dn\u00ed cyklistick\u00fd seri\u00e1l z\u00e1vod\u016f na horsk\u00fdch kolech pro v\u0161echny milovn\u00edky cyklistiky bez rozd\u00edlu v\u011bku a v\u00fdkonnosti. Na z\u00e1klad\u011b partnerstv\u00ed \u0160koda Auto a Prima CUPU mohou zam\u011bstnanci vyu\u017e\u00edt unik\u00e1tn\u00ed mo\u017enost z\u00edskat a\u017e t\u0159i startovn\u00e1 zdarma (do vy\u010derp\u00e1n\u00ed kapacity). \n\t\t\t\t\t<br><br>\n\t\t\t\t\tDovolujeme si V\u00e1s upozornit, \u017ee v p\u0159\u00edpad\u011b vygenerov\u00e1n\u00ed k\u00f3du pro bezplatn\u00e9 startovn\u00e9 je n\u00e1sledn\u011b nutn\u00e9 z\u00e1vod skute\u010dn\u011b absolvovat. Pokud si zam\u011bstnanec k\u00f3d vygeneruje a nevyu\u017eije ho, m\u016f\u017ee po n\u011bm \u0160koda Auto n\u00e1rokovat kompenzaci startovn\u00e9ho v pln\u00e9 v\u00fd\u0161i dle aktu\u00e1ln\u00edho platn\u00e9ho cen\u00edku po\u0159adatele. Dr\u017e\u00edme palce a t\u011b\u0161\u00edme se na vid\u011bnou na startu i v c\u00edli!<\/p>\n\t\t\t\t\t\n\t\t\t\t\t<a href=\"https:\/\/www.iprimacup.cz\/zavody-2025\/\">Seznam z\u00e1vod\u016f naleznete zde.<\/a>\n <br><br>\n\t\t\t\t<\/p>\n\t\t\t<\/div>\n    <\/div>\n\t<\/div>\n<\/center>\n<\/html><\/div><\/div><\/div><\/div><\/div><div id=\"pg-5836-1\"  class=\"panel-grid panel-has-style\" ><div class=\"panel-row-style panel-row-style-for-5836-1\" ><div id=\"pgc-5836-1-0\"  class=\"panel-grid-cell\" ><div id=\"panel-5836-1-0-0\" class=\"so-panel widget widget_sow-image panel-first-child\" data-index=\"2\" ><div class=\"hide-mobile panel-widget-style panel-widget-style-for-5836-1-0-0\" ><div\n\t\t\t\n\t\t\tclass=\"so-widget-sow-image so-widget-sow-image-default-113ccd71f3e6-5836\"\n\t\t\t\n\t\t>\n<div class=\"sow-image-container\">\n\t\t<img loading=\"lazy\" decoding=\"async\" src=\"https:\/\/d2p6e6u75xmxt8.cloudfront.net\/13\/2023\/04\/Prima_CUP_logo_we_love_CEZ_KRIVKY_barva_nove-5-300x126.webp\" width=\"300\" height=\"126\" srcset=\"https:\/\/d2p6e6u75xmxt8.cloudfront.net\/13\/2023\/04\/Prima_CUP_logo_we_love_CEZ_KRIVKY_barva_nove-5-300x126.webp 300w, https:\/\/d2p6e6u75xmxt8.cloudfront.net\/13\/2023\/04\/Prima_CUP_logo_we_love_CEZ_KRIVKY_barva_nove-5-1024x430.webp 1024w, https:\/\/d2p6e6u75xmxt8.cloudfront.net\/13\/2023\/04\/Prima_CUP_logo_we_love_CEZ_KRIVKY_barva_nove-5-768x322.webp 768w, https:\/\/d2p6e6u75xmxt8.cloudfront.net\/13\/2023\/04\/Prima_CUP_logo_we_love_CEZ_KRIVKY_barva_nove-5-1536x645.webp 1536w, https:\/\/d2p6e6u75xmxt8.cloudfront.net\/13\/2023\/04\/Prima_CUP_logo_we_love_CEZ_KRIVKY_barva_nove-5-2048x860.webp 2048w, https:\/\/d2p6e6u75xmxt8.cloudfront.net\/13\/2023\/04\/Prima_CUP_logo_we_love_CEZ_KRIVKY_barva_nove-5-1920x806.webp 1920w, https:\/\/d2p6e6u75xmxt8.cloudfront.net\/13\/2023\/04\/Prima_CUP_logo_we_love_CEZ_KRIVKY_barva_nove-5-400x168.webp 400w, https:\/\/d2p6e6u75xmxt8.cloudfront.net\/13\/2023\/04\/Prima_CUP_logo_we_love_CEZ_KRIVKY_barva_nove-5-1920x806.webp 1920w\" sizes=\"auto, (max-width: 300px) 100vw, 300px\" title=\"Prima_CUP_logo_we_love_CEZ_KRIVKY_barva_nove-5\" alt=\"\" \t\tclass=\"so-widget-image\"\/>\n\t<\/div>\n\n<\/div><\/div><\/div><div id=\"panel-5836-1-0-1\" class=\"so-panel widget widget_sow-image panel-last-child\" data-index=\"3\" ><div class=\"hide-desktop panel-widget-style panel-widget-style-for-5836-1-0-1\" ><div\n\t\t\t\n\t\t\tclass=\"so-widget-sow-image so-widget-sow-image-default-113ccd71f3e6-5836\"\n\t\t\t\n\t\t>\n<div class=\"sow-image-container\">\n\t\t<img loading=\"lazy\" decoding=\"async\" src=\"https:\/\/d2p6e6u75xmxt8.cloudfront.net\/13\/2023\/04\/Prima_CUP_logo_we_love_CEZ_KRIVKY_barva_nove-5-300x126.webp\" width=\"300\" height=\"126\" srcset=\"https:\/\/d2p6e6u75xmxt8.cloudfront.net\/13\/2023\/04\/Prima_CUP_logo_we_love_CEZ_KRIVKY_barva_nove-5-300x126.webp 300w, https:\/\/d2p6e6u75xmxt8.cloudfront.net\/13\/2023\/04\/Prima_CUP_logo_we_love_CEZ_KRIVKY_barva_nove-5-1024x430.webp 1024w, https:\/\/d2p6e6u75xmxt8.cloudfront.net\/13\/2023\/04\/Prima_CUP_logo_we_love_CEZ_KRIVKY_barva_nove-5-768x322.webp 768w, https:\/\/d2p6e6u75xmxt8.cloudfront.net\/13\/2023\/04\/Prima_CUP_logo_we_love_CEZ_KRIVKY_barva_nove-5-1536x645.webp 1536w, https:\/\/d2p6e6u75xmxt8.cloudfront.net\/13\/2023\/04\/Prima_CUP_logo_we_love_CEZ_KRIVKY_barva_nove-5-2048x860.webp 2048w, https:\/\/d2p6e6u75xmxt8.cloudfront.net\/13\/2023\/04\/Prima_CUP_logo_we_love_CEZ_KRIVKY_barva_nove-5-1920x806.webp 1920w, https:\/\/d2p6e6u75xmxt8.cloudfront.net\/13\/2023\/04\/Prima_CUP_logo_we_love_CEZ_KRIVKY_barva_nove-5-400x168.webp 400w, https:\/\/d2p6e6u75xmxt8.cloudfront.net\/13\/2023\/04\/Prima_CUP_logo_we_love_CEZ_KRIVKY_barva_nove-5-1920x806.webp 1920w\" sizes=\"auto, (max-width: 300px) 100vw, 300px\" title=\"Prima_CUP_logo_we_love_CEZ_KRIVKY_barva_nove-5\" alt=\"\" \t\tclass=\"so-widget-image\"\/>\n\t<\/div>\n\n<\/div><\/div><\/div><\/div><div id=\"pgc-5836-1-1\"  class=\"panel-grid-cell\" ><div id=\"panel-5836-1-1-0\" class=\"widget_text so-panel widget widget_custom_html panel-first-child\" data-index=\"4\" ><div class=\"widget_text hide-mobile panel-widget-style panel-widget-style-for-5836-1-1-0\" ><div class=\"textwidget custom-html-widget\"><iframe loading=\"lazy\" width=\"380\" height=\"700\" src=\"https:\/\/slevove-kody-welovecycling.com\/client\/\t86LoA1xT3hjk0IuSaPm9IJpzmiSVRH\/\"><\/iframe> <\/div><\/div><\/div><div id=\"panel-5836-1-1-1\" class=\"widget_text so-panel widget widget_custom_html panel-last-child\" data-index=\"5\" ><div class=\"widget_text hide-desktop panel-widget-style panel-widget-style-for-5836-1-1-1\" ><div class=\"textwidget custom-html-widget\"><div style=\"text-align:center\">\n\t\n<center><iframe loading=\"lazy\" width=\"370\" height=\"400\" align=\"center\" src=\"https:\/\/slevove-kody-welovecycling.com\/client\/\t86LoA1xT3hjk0IuSaPm9IJpzmiSVRH\/\"><\/iframe><\/center><\/div><\/div><\/div><\/div><\/div><div id=\"pgc-5836-1-2\"  class=\"panel-grid-cell\" ><div id=\"panel-5836-1-2-0\" class=\"so-panel widget widget_sow-editor panel-first-child panel-last-child\" data-index=\"6\" ><div class=\"hide-mobile panel-widget-style panel-widget-style-for-5836-1-2-0\" ><div\n\t\t\t\n\t\t\tclass=\"so-widget-sow-editor so-widget-sow-editor-base\"\n\t\t\t\n\t\t><h3 class=\"widget-title\">K\u00f3d je mo\u017en\u00e9 vyu\u017e\u00edt u t\u011bchto z\u00e1vod\u016f:<\/h3>\n<div class=\"siteorigin-widget-tinymce textwidget\">\n\t<p>12. 4. 2025 Hradec Kr\u00e1lov\u00e9<\/p>\n<p>11. 5. 2025 Stolov\u00e9 hory<\/p>\n<p>7. 6. 2025 Doln\u00ed Morava<\/p>\n<p>14. 6. 2025 S\u00e1zava<\/p>\n<p>9. 8. 2025 Karlovy Vary<\/p>\n<p>28. 9. 2025 Go\u010d\u00e1rovy schody<\/p>\n<p>4. 10. 2025 Mikulov<\/p>\n<\/div>\n<\/div><\/div><\/div><\/div><\/div><\/div><\/div>","protected":false},"excerpt":{"rendered":"<p>12. 4. 2025 Hradec Kr\u00e1lov\u00e9 11. 5. 2025 Stolov\u00e9 hory 7. 6. 2025 Doln\u00ed Morava 14. 6. 2025 S\u00e1zava 9. [&hellip;]<\/p>\n","protected":false},"author":137,"featured_media":0,"parent":0,"menu_order":0,"comment_status":"closed","ping_status":"closed","template":"templates\/template-empty-page.php","meta":{"footnotes":""},"tags":[],"class_list":["post-5836","page","type-page","status-publish","hentry"],"yoast_head":"<!-- This site is optimized with the Yoast SEO Premium plugin v25.3 (Yoast SEO v25.9) - https:\/\/yoast.com\/wordpress\/plugins\/seo\/ -->\n<title>PRIMA CUP 2025 - slevov\u00e9 k\u00f3dy | \u0160koda We Love Cycling - \u010cesk\u00e1 republika<\/title>\n<meta name=\"robots\" content=\"index, follow, max-snippet:-1, max-image-preview:large, max-video-preview:-1\" \/>\n<link rel=\"canonical\" href=\"https:\/\/www.welovecycling.com\/cs\/prima-cup-sa-slevove-kody2025\/\" \/>\n<meta property=\"og:locale\" content=\"cs_CZ\" \/>\n<meta property=\"og:type\" content=\"article\" \/>\n<meta property=\"og:title\" content=\"PRIMA CUP 2025 - slevov\u00e9 k\u00f3dy\" \/>\n<meta property=\"og:description\" content=\"12. 4. 2025 Hradec Kr\u00e1lov\u00e9 11. 5. 2025 Stolov\u00e9 hory 7. 6. 2025 Doln\u00ed Morava 14. 6. 2025 S\u00e1zava 9. [&hellip;]\" \/>\n<meta property=\"og:url\" content=\"https:\/\/www.welovecycling.com\/cs\/prima-cup-sa-slevove-kody2025\/\" \/>\n<meta property=\"og:site_name\" content=\"\u0160koda We Love Cycling - \u010cesk\u00e1 republika\" \/>\n<meta property=\"article:modified_time\" content=\"2025-03-20T09:15:21+00:00\" \/>\n<meta name=\"twitter:card\" content=\"summary_large_image\" \/>\n<script type=\"application\/ld+json\" class=\"yoast-schema-graph\">{\"@context\":\"https:\/\/schema.org\",\"@graph\":[{\"@type\":\"WebPage\",\"@id\":\"https:\/\/www.welovecycling.com\/cs\/prima-cup-sa-slevove-kody2025\/\",\"url\":\"https:\/\/www.welovecycling.com\/cs\/prima-cup-sa-slevove-kody2025\/\",\"name\":\"PRIMA CUP 2025 - slevov\u00e9 k\u00f3dy | \u0160koda We Love Cycling - \u010cesk\u00e1 republika\",\"isPartOf\":{\"@id\":\"https:\/\/www.welovecycling.com\/cs\/#website\"},\"datePublished\":\"2023-02-28T09:31:58+00:00\",\"dateModified\":\"2025-03-20T09:15:21+00:00\",\"inLanguage\":\"cs\",\"potentialAction\":[{\"@type\":\"ReadAction\",\"target\":[\"https:\/\/www.welovecycling.com\/cs\/prima-cup-sa-slevove-kody2025\/\"]}]},{\"@type\":\"WebSite\",\"@id\":\"https:\/\/www.welovecycling.com\/cs\/#website\",\"url\":\"https:\/\/www.welovecycling.com\/cs\/\",\"name\":\"\u0160koda We Love Cycling - \u010cesk\u00e1 republika\",\"description\":\"WeLoveCycling.cz je online magaz\u00edn, kter\u00fd v\u00e1m pravideln\u011b p\u0159in\u00e1\u0161\u00ed rady a tipy, zaj\u00edmav\u00e9 \u010dl\u00e1nky, videa a jedine\u010dn\u00e9 report\u00e1\u017ee ze sv\u011bta cyklistiky.\",\"potentialAction\":[{\"@type\":\"SearchAction\",\"target\":{\"@type\":\"EntryPoint\",\"urlTemplate\":\"https:\/\/www.welovecycling.com\/cs\/?s={search_term_string}\"},\"query-input\":{\"@type\":\"PropertyValueSpecification\",\"valueRequired\":true,\"valueName\":\"search_term_string\"}}],\"inLanguage\":\"cs\"}]}<\/script>\n<!-- \/ Yoast SEO Premium plugin. -->","yoast_head_json":{"title":"PRIMA CUP 2025 - slevov\u00e9 k\u00f3dy | \u0160koda We Love Cycling - \u010cesk\u00e1 republika","robots":{"index":"index","follow":"follow","max-snippet":"max-snippet:-1","max-image-preview":"max-image-preview:large","max-video-preview":"max-video-preview:-1"},"canonical":"https:\/\/www.welovecycling.com\/cs\/prima-cup-sa-slevove-kody2025\/","og_locale":"cs_CZ","og_type":"article","og_title":"PRIMA CUP 2025 - slevov\u00e9 k\u00f3dy","og_description":"12. 4. 2025 Hradec Kr\u00e1lov\u00e9 11. 5. 2025 Stolov\u00e9 hory 7. 6. 2025 Doln\u00ed Morava 14. 6. 2025 S\u00e1zava 9. [&hellip;]","og_url":"https:\/\/www.welovecycling.com\/cs\/prima-cup-sa-slevove-kody2025\/","og_site_name":"\u0160koda We Love Cycling - \u010cesk\u00e1 republika","article_modified_time":"2025-03-20T09:15:21+00:00","twitter_card":"summary_large_image","schema":{"@context":"https:\/\/schema.org","@graph":[{"@type":"WebPage","@id":"https:\/\/www.welovecycling.com\/cs\/prima-cup-sa-slevove-kody2025\/","url":"https:\/\/www.welovecycling.com\/cs\/prima-cup-sa-slevove-kody2025\/","name":"PRIMA CUP 2025 - slevov\u00e9 k\u00f3dy | \u0160koda We Love Cycling - \u010cesk\u00e1 republika","isPartOf":{"@id":"https:\/\/www.welovecycling.com\/cs\/#website"},"datePublished":"2023-02-28T09:31:58+00:00","dateModified":"2025-03-20T09:15:21+00:00","inLanguage":"cs","potentialAction":[{"@type":"ReadAction","target":["https:\/\/www.welovecycling.com\/cs\/prima-cup-sa-slevove-kody2025\/"]}]},{"@type":"WebSite","@id":"https:\/\/www.welovecycling.com\/cs\/#website","url":"https:\/\/www.welovecycling.com\/cs\/","name":"\u0160koda We Love Cycling - \u010cesk\u00e1 republika","description":"WeLoveCycling.cz je online magaz\u00edn, kter\u00fd v\u00e1m pravideln\u011b p\u0159in\u00e1\u0161\u00ed rady a tipy, zaj\u00edmav\u00e9 \u010dl\u00e1nky, videa a jedine\u010dn\u00e9 report\u00e1\u017ee ze sv\u011bta cyklistiky.","potentialAction":[{"@type":"SearchAction","target":{"@type":"EntryPoint","urlTemplate":"https:\/\/www.welovecycling.com\/cs\/?s={search_term_string}"},"query-input":{"@type":"PropertyValueSpecification","valueRequired":true,"valueName":"search_term_string"}}],"inLanguage":"cs"}]}},"_links":{"self":[{"href":"https:\/\/www.welovecycling.com\/cs\/wp-json\/wp\/v2\/pages\/5836","targetHints":{"allow":["GET"]}}],"collection":[{"href":"https:\/\/www.welovecycling.com\/cs\/wp-json\/wp\/v2\/pages"}],"about":[{"href":"https:\/\/www.welovecycling.com\/cs\/wp-json\/wp\/v2\/types\/page"}],"author":[{"embeddable":true,"href":"https:\/\/www.welovecycling.com\/cs\/wp-json\/wp\/v2\/users\/137"}],"replies":[{"embeddable":true,"href":"https:\/\/www.welovecycling.com\/cs\/wp-json\/wp\/v2\/comments?post=5836"}],"version-history":[{"count":18,"href":"https:\/\/www.welovecycling.com\/cs\/wp-json\/wp\/v2\/pages\/5836\/revisions"}],"predecessor-version":[{"id":28485,"href":"https:\/\/www.welovecycling.com\/cs\/wp-json\/wp\/v2\/pages\/5836\/revisions\/28485"}],"wp:attachment":[{"href":"https:\/\/www.welovecycling.com\/cs\/wp-json\/wp\/v2\/media?parent=5836"}],"wp:term":[{"taxonomy":"post_tag","embeddable":true,"href":"https:\/\/www.welovecycling.com\/cs\/wp-json\/wp\/v2\/tags?post=5836"}],"curies":[{"name":"wp","href":"https:\/\/api.w.org\/{rel}","templated":true}]}}