{"id":3668,"date":"2019-08-16T14:01:08","date_gmt":"2019-08-16T12:01:08","guid":{"rendered":"https:\/\/www.welovecycling.com\/cs\/?page_id=3668"},"modified":"2019-12-17T12:10:13","modified_gmt":"2019-12-17T10:10:13","slug":"pravidla-a-podminky-souteze","status":"publish","type":"page","link":"https:\/\/www.welovecycling.com\/cs\/category-safety\/pravidla-a-podminky-souteze\/","title":{"rendered":"Pravidla a podm\u00ednky sout\u011b\u017ee"},"content":{"rendered":"<h2>Pravidla sout\u011b\u017ee \u201eNa kole bezpe\u010dn\u011b\u201c<\/h2>\n<p>Tato pravidla upravuj\u00ed podm\u00ednky sout\u011b\u017ee \u201eNa kole bezpe\u010dn\u011b\u201c (d\u00e1le jen \u201eSout\u011b\u017e\u201c) a jsou jedin\u00fdm dokumentem, kter\u00fd zcela a z\u00e1vazn\u011b upravuje pravidla t\u00e9to sout\u011b\u017ee.<\/p>\n<p>&nbsp;<\/p>\n<h2>Po\u0159adatel a organiz\u00e1tor sout\u011b\u017ee<\/h2>\n<p>Po\u0159adatelem sout\u011b\u017ee je \u0160koda AUTO a.s., se s\u00eddlem t\u0159. V\u00e1clava Klementa 869, 293 01 Mlad\u00e1 Boleslav II, \u010cesk\u00e1 republika, I\u010c: 001 77 041, zapsan\u00e1 v obchodn\u00edm rejst\u0159\u00edku veden\u00e9m M\u011bstsk\u00fdm soudem v Praze, odd\u00edl B, vlo\u017eka 332 (d\u00e1le jen \u201ePo\u0159adatel\u201c).<\/p>\n<p>Organiz\u00e1torem sout\u011b\u017ee, kter\u00fd poskytuje praktick\u00e9 kroky p\u0159i jeho organizaci, je Concept One, a.s., se s\u00eddlem U Bulhara 1611\/3, PS\u010c 110 00, Praha 1, I\u010c: 26717981, DI\u010c: CZ26717981, zapsan\u00e1 v obchodn\u00edm rejst\u0159\u00edku veden\u00e9m u M\u011bstsk\u00e9ho soudu v Praze, odd\u00edl B, vlo\u017eka 13192 (d\u00e1le jen \u201eOrganiz\u00e1tor\u201c).<\/p>\n<p>&nbsp;<\/p>\n<h2>Podm\u00ednky sout\u011b\u017ee, m\u00edsto a doba trv\u00e1n\u00ed<\/h2>\n<p>Sout\u011b\u017e se bude konat od <strong>11. 12. 2019 do 23:59 5. 1. 2020<\/strong> (d\u00e1le jen \u201eSout\u011b\u017en\u00ed obdob\u00ed\u201c). Sout\u011b\u017e se bude konat na internetov\u00fdch str\u00e1nk\u00e1ch www.welovecycling.com\/cs\/safety (d\u00e1le jen \u201ewebov\u00e1 str\u00e1nka Sout\u011b\u017ee\u201c), kde prob\u00edh\u00e1 p\u0159edev\u0161\u00edm komunikace s \u00fa\u010dastn\u00edky.<\/p>\n<p>&nbsp;<\/p>\n<h2>Sout\u011b\u017e\u00edc\u00ed<\/h2>\n<p>Sout\u011b\u017ee se m\u016f\u017ee \u00fa\u010dastnit ka\u017ed\u00fd, kdo dos\u00e1hl v\u011bku nejm\u00e9n\u011b 18 let a m\u00e1 bydli\u0161t\u011b v \u010cesk\u00e9 republice.<\/p>\n<p>Pro \u00fa\u010dast v Sout\u011b\u017ei je nutn\u00e9 se kdykoliv b\u011bhem Sout\u011b\u017en\u00edho obdob\u00ed zaregistrovat na webov\u00e9 str\u00e1nce Sout\u011b\u017ee a potvrdit bezpodm\u00edne\u010dn\u011b p\u0159ijet\u00ed t\u011bchto pravidel. Sou\u010d\u00e1st\u00ed registrace (p\u0159ihl\u00e1\u0161ky) je poskytnut\u00ed osobn\u00edch \u00fadaj\u016f: jm\u00e9no a e-mailov\u00e1 adresa, kter\u00e9 budou pou\u017eita pouze pro \u00fa\u010dely Sout\u011b\u017ee.<\/p>\n<p>Ka\u017ed\u00fd \u00fa\u010dastn\u00edk se m\u016f\u017ee registrovat pouze jednou a pouze pod sv\u00fdm vlastn\u00edm jm\u00e9nem a e-mailem a Po\u0159adatel a Organiz\u00e1tor si vyhrazuj\u00ed pr\u00e1vo zkontrolovat toto pravidlo technick\u00fdmi i organiza\u010dn\u00edmi prost\u0159edky.<\/p>\n<p>V\u0161echny osoby, kter\u00e9 se pod\u00edlely na p\u0159\u00edprav\u011b t\u00e9to Sout\u011b\u017ee, zejm\u00e9na osoby zam\u011bstnan\u00e9 nebo v podobn\u00e9m vztahu s Po\u0159adatelem nebo Organiz\u00e1torem, nejsou zp\u016fsobil\u00e9 k \u00fa\u010dasti v Sout\u011b\u017ei, stejn\u011b jako osoby v podobn\u00e9m vztahu se z\u00fa\u010dastn\u011bn\u00fdm autorizovan\u00fdm partnerem \u0160koda nebo s agenturami pov\u011b\u0159en\u00fdmi zaji\u0161\u0165ov\u00e1n\u00edm Sout\u011b\u017ee, jejich rodinn\u00fdmi p\u0159\u00edslu\u0161n\u00edky a osobami, kter\u00e9 jsou kter\u00e9koliv z uveden\u00fdch osob bl\u00edzk\u00e9.<\/p>\n<p>&nbsp;<\/p>\n<h2>Popis cen<\/h2>\n<p>Hlavn\u00ed V\u00fdhra:<br \/>\n20 x \u0160koda Cyklistick\u00e1 helma matn\u00e1, ka\u017ed\u00e1 v\u00a0hodnot\u011b 1775 K\u010d<\/p>\n<p>Vedlej\u0161\u00ed V\u00fdhra:<br \/>\n100 x Sada cyklon\u00e1\u0159ad\u00ed, ka\u017ed\u00e1 v\u00a0hodnot\u011b 200 K\u010d<\/p>\n<p>&nbsp;<\/p>\n<h2>Mechanismus Sout\u011b\u017ee, hodnocen\u00ed v\u00fdherc\u016f<\/h2>\n<p>\u00dakolem sout\u011b\u017e\u00edc\u00edho je spr\u00e1vn\u011b odpov\u011bd\u011bt na co nejv\u00edce ot\u00e1zek kv\u00edzu um\u00edst\u011bn\u00e9ho na webov\u00e9 str\u00e1nce Sout\u011b\u017ee, a to ve v\u0161ech t\u0159ech kolech kv\u00edzu. Sout\u011b\u017e\u00edc\u00ed m\u016f\u017ee v ka\u017ed\u00e9m kole kv\u00edzu odpov\u011bd\u011bt na libovoln\u00fd po\u010det ot\u00e1zek. Odpov\u011bdi zas\u00edl\u00e1 sout\u011b\u017e\u00edc\u00ed podle pokyn\u016f na webov\u00e9 str\u00e1nce sout\u011b\u017ee z e-mailov\u00e9 adresy, kterou v r\u00e1mci Sout\u011b\u017ee registroval.<\/p>\n<p>V\u00fdherci budou ur\u010deni tak, \u017ee po\u010det v\u0161ech doru\u010den\u00fdch sout\u011b\u017en\u00edch odpov\u011bd\u00ed se pro hlavn\u00ed v\u00fdhru vyd\u011bl\u00ed \u010d\u00edslem 21 a pro vedlej\u0161\u00ed v\u00fdhru \u010d\u00edslem 101. V\u00fdsledn\u00e9 \u010d\u00edslo ur\u010d\u00ed, kolik\u00e1t\u00e1 sout\u011b\u017en\u00ed odpov\u011b\u010f, podle \u010dasu doru\u010den\u00ed, vyhr\u00e1v\u00e1. P\u0159\u00edklad: Je-li doru\u010deno 1000 sout\u011b\u017en\u00edch odpov\u011bd\u00ed, hlavn\u00ed v\u00fdhru v\u00fdpo\u010dtem 1000:21=47 z\u00edsk\u00e1v\u00e1 47.,94., 141. atd. doru\u010den\u00e1 odpov\u011b\u010f, a vedlej\u0161\u00ed v\u00fdhru v\u00fdpo\u010dtem 1000:101=9 z\u00edsk\u00e1v\u00e1 z\u00edsk\u00e1v\u00e1 9.,18.,27. atd. doru\u010den\u00e1 odpov\u011b\u010f.<\/p>\n<p>Pokud uveden\u00fdm v\u00fdpo\u010dtem z\u00edskan\u00e9 \u010d\u00edslo pozice nen\u00ed d\u011bliteln\u00e9 \u010d\u00edslem 21 nebo 101 bude zaokrouhleno dol\u016f na nejbli\u017e\u0161\u00ed cel\u00e9 \u010d\u00edslo.<\/p>\n<p>Bude-li \u010das odesl\u00e1n\u00ed u dvou \u010di v\u00edce sout\u011b\u017en\u00edch odpov\u011bd\u00ed stejn\u00fd, rozhodne o v\u00fdherci Po\u0159adatel losem.<\/p>\n<p>Po\u0159adatel sout\u011b\u017ee informuje v\u00fdherce prost\u0159ednictv\u00edm e-mailu, kter\u00fd sout\u011b\u017e\u00edc\u00ed poskytl b\u011bhem registrace, do p\u011bti (5) dn\u016f po skon\u010den\u00ed Sout\u011b\u017ee a v\u00fdherce bude po\u017e\u00e1d\u00e1n, aby poskytl \u00fadaje nezbytn\u00e9 pro p\u0159ed\u00e1n\u00ed nebo odesl\u00e1n\u00ed V\u00fdhry nebo pro dal\u0161\u00ed komunikaci. Pokud v\u00fdherce opakovan\u011b nereaguje ani na e-mail odeslan\u00fd Po\u0159adatelem sout\u011b\u017ee, nebo neposkytne-li kontaktn\u00ed \u00fadaje do 24 hodin po odesl\u00e1n\u00ed e-mailu, jeho n\u00e1rok na v\u00fdhru zanik\u00e1 bez jak\u00e9koli n\u00e1hrady.<\/p>\n<p>&nbsp;<\/p>\n<h2>Osobn\u00ed \u00fadaje<\/h2>\n<p>Registrac\u00ed bere soute\u030cz\u030ci\u0301ci\u0301 na ve\u030cdomi\u0301 zpracova\u0301v\u00e1ni\u0301 j\u00edm poskytnuty\u0301ch osobni\u0301ch u\u0301daju\u030a, a to v rozsahu jm\u00e9no, p\u0159\u00edjmen\u00ed a e-mailov\u00e1 adresa, p\u0159\u00edpadn\u011b, pokud v r\u00e1mci komunikace s Organiz\u00e1torem \u010di Po\u0159adatelem sout\u011b\u017ee poskytne v souvislosti se sout\u011b\u017e\u00ed telefonn\u00ed \u010d\u00edslo \u010di jin\u00fd podobn\u00fd kontaktn\u00ed \u00fadaj, rovn\u011b\u017e tyto dal\u0161\u00ed \u00fadaje (d\u00e1le \u201eosobn\u00ed \u00fadaje\u201c).<\/p>\n<p>Spra\u0301vcem osobn\u00edch \u00fadaj\u016f je Por\u030cadatel.<\/p>\n<p>P\u0159edan\u00e9 osobni\u0301 u\u0301daje jsou vyu\u017eity k za\u0159azen\u00ed konkr\u00e9tn\u00ed osoby mezi \u00fa\u010dastn\u00edky sout\u011b\u017ee, vyhodnocen\u00ed sout\u011b\u017ee a zasl\u00e1n\u00ed nebo p\u0159ed\u00e1n\u00ed v\u00fdhry. Tyto \u010dinnosti vykon\u00e1v\u00e1 Po\u0159adatel ve spolupr\u00e1ci s organiz\u00e1torem sout\u011b\u017ee.<br \/>\nPr\u00e1vn\u00edm titulem zpracov\u00e1v\u00e1n\u00ed osobn\u00edch \u00fadaj\u016f je opr\u00e1vn\u011bn\u00fd z\u00e1jem Po\u0159adatele.<br \/>\nOsobn\u00ed \u00fadaje jsou zpracov\u00e1v\u00e1ny po dobu kona\u0301ni\u0301 soute\u030cz\u030ce a d\u00e1le 1 rok ode dne ukon\u010den\u00ed Sout\u011b\u017ee.<br \/>\nOsobn\u00ed \u00fadaje mohou b\u00fdt zpracov\u00e1v\u00e1ny nebo Po\u0159adatelem poskytnuty Organiz\u00e1torovi sout\u011b\u017ee.<br \/>\nSout\u011b\u017e\u00edc\u00ed m\u00e1 v r\u00e1mci zpracov\u00e1n\u00ed osobn\u00edch \u00fadaj\u016f n\u00e1sleduj\u00edc\u00ed pr\u00e1va:<br \/>\n\u2022 Pr\u00e1vo na p\u0159\u00edstup ke zpracov\u00e1van\u00fdm osobn\u00edm \u00fadaj\u016fm<br \/>\n\u2022 Pr\u00e1vo na odvol\u00e1n\u00ed souhlasu se zpracov\u00e1n\u00edm osobn\u00edch \u00fadaj\u016f<br \/>\n\u2022 Pr\u00e1vo na opravu nep\u0159esn\u00fdch \u010di nespr\u00e1vn\u00fdch \u00fadaj\u016f p\u0159\u00edpadn\u011b dopln\u011bn\u00ed ne\u00fapln\u00fdch \u00fadaj\u016f<br \/>\n\u2022 Pr\u00e1vo na v\u00fdmaz osobn\u00edch \u00fadaj\u016f v p\u0159\u00edpad\u011b z\u00e1niku \u00fa\u010delu nebo neopr\u00e1vn\u011bn\u00e9ho zpracov\u00e1n\u00ed<br \/>\n\u2022 Pr\u00e1vo na omezen\u00ed nebo blokaci zpracov\u00e1n\u00ed osobn\u00edch \u00fadaj\u016f<br \/>\n\u2022 Pr\u00e1vo na v\u00fdpis osobn\u00edch \u00fadaj\u016f ve strukturovan\u00e9m a strojov\u011b \u010diteln\u00e9m form\u00e1tu<br \/>\n\u2022 Pr\u00e1vo na pod\u00e1n\u00ed n\u00e1mitky proti zpracov\u00e1n\u00ed osobn\u00edch \u00fadaj\u016f<br \/>\n\u2022 Pr\u00e1vo neb\u00fdt p\u0159edm\u011btem automatizovan\u00e9ho rozhodov\u00e1n\u00ed<\/p>\n<p>Soute\u030cz\u030ci\u0301ci\u0301 bere na ve\u030cdomi\u0301, z\u030ce poskytuje osobn\u00ed \u00fadaje dobrovoln\u011b. V p\u0159\u00edpad\u011b, \u017ee \u00fadaje neposkytne nebo bude po jejich poskytnut\u00ed \u017e\u00e1dat, aby nebyly d\u00e1le zpracov\u00e1v\u00e1ny, nem\u016f\u017ee se Sout\u011b\u017ee \u00fa\u010dastnit, nebo\u0165 nebude mo\u017en\u00e9 zjistit jeho toto\u017enost, komunikovat s n\u00edm ani mu p\u0159edat p\u0159\u00edpadnou v\u00fdhru. Ukon\u010den\u00edm zpracov\u00e1n\u00ed osobn\u00edch \u00fadaj\u016f sout\u011b\u017e\u00edc\u00edho proto kon\u010d\u00ed bez dal\u0161\u00edho jeho \u00fa\u010dast v Sout\u011b\u017ei.<\/p>\n<p>Seznamte se pros\u00edm s podrobnostmi zpracov\u00e1n\u00ed osobn\u00edch \u00fadaj\u016f Po\u0159adatelem za \u00fa\u010delem po\u0159\u00e1d\u00e1n\u00ed sout\u011b\u017e\u00ed a zaji\u0161t\u011bn\u00ed spravedliv\u00e9ho hlasov\u00e1n\u00ed v hlasovac\u00ed sout\u011b\u017ei na https:\/\/www.skoda-auto.cz\/sluzby\/memorandum-ucastnik-souteze .<br \/>\nV pr\u030ci\u0301pade\u030c pochybnosti\u0301 o dodrz\u030cova\u0301ni\u0301 pra\u0301v Por\u030cadatelem jakoz\u030cto spra\u0301vcem osobni\u0301ch u\u0301daju\u030a se mu\u030az\u030ce soute\u030cz\u030ci\u0301ci\u0301 obra\u0301tit p\u00edsemn\u011b na Por\u030cadatele na adrese jeho s\u00eddla nebo na e-mail dpo@skoda-auto.cz. Na t\u011bchto adres\u00e1ch mu\u030az\u030ce soute\u030cz\u030ci\u0301ci\u0301 podat na\u0301mitky, z\u030ca\u0301dosti, sti\u0301z\u030cnosti c\u030ci jine\u0301 dotazy, t\u00fdkaj\u00edc\u00ed se ochrany osobn\u00edch \u00fadaj\u016f. Dozorovy\u0301m orga\u0301nem ochrany osobn\u00edch \u00fadaj\u016f je U\u0301r\u030cad pro ochranu osobni\u0301ch u\u0301daju\u030a, ke ktere\u0301mu mu\u030az\u030ce soute\u030cz\u030ci\u0301ci\u0301 podat st\u00ed\u017enost.<\/p>\n<p>Po\u0159adatel informuje sout\u011b\u017e\u00edc\u00ed, \u017ee na Webov\u00e9 str\u00e1nce sout\u011b\u017ee m\u016f\u017ee vyu\u017e\u00edvat do\u010dasn\u00e9 soubory sout\u011b\u017e\u00edc\u00edch ukl\u00e1dan\u00e9 v za\u0159\u00edzen\u00ed sout\u011b\u017e\u00edc\u00edch (d\u00e1le \u201ecookies\u201c), a to za \u00fa\u010delem usnadn\u011bn\u00ed technick\u00e9ho chodu t\u00e9to webov\u00e9 str\u00e1nky, k proveden\u00ed Sout\u011b\u017ee a k dal\u0161\u00edm marketingov\u00fdm \u00fa\u010del\u016fm Po\u0159adatele. Sout\u011b\u017e\u00edc\u00ed ud\u011bluje Po\u0159adateli a Organiz\u00e1torovi souhlas s vyu\u017e\u00edv\u00e1n\u00edm cookies za stejn\u00fdch podm\u00ednek, za jak\u00fdch budou zpracov\u00e1v\u00e1ny jeho osobn\u00ed \u00fadaje. Spr\u00e1vu cookies lze prov\u00e1d\u011bt n\u00e1stroji nastaven\u00ed v\u0161ech b\u011b\u017en\u00fdch webov\u00fdch prohl\u00ed\u017ee\u010d\u016f. Odvol\u00e1-li sout\u011b\u017e\u00edc\u00ed souhlas s vyu\u017e\u00edv\u00e1n\u00edm cookies, je Po\u0159adatel opr\u00e1vn\u011bn jej ze Sout\u011b\u017ee vylou\u010dit.<\/p>\n<p>&nbsp;<\/p>\n<h2>Ostatn\u00ed ustanoven\u00ed a podm\u00ednky<\/h2>\n<p>P\u0159esn\u00e9 specifikace v\u00fdhry ur\u010d\u00ed v\u00fdhradn\u011b Po\u0159adatel. Zobrazen\u00ed V\u00fdher v propaga\u010dn\u00edch materi\u00e1lech je ilustrativn\u00ed. Po\u0159adatel neodpov\u00edd\u00e1 za \u0161kody zp\u016fsoben\u00e9 v\u00fdherci v d\u016fsledku pou\u017eit\u00ed V\u00fdhry.<\/p>\n<p>V\u00fdherci nejsou opr\u00e1vn\u011bni po\u017eadovat finan\u010dn\u00ed nebo jin\u00e9 druhy pln\u011bn\u00ed jako n\u00e1hradu v\u00fdhry. Po\u0159adatel nen\u00ed jinak povinen poskytnout v\u00fdherci pln\u011bn\u00ed jak\u00fdmkoliv jin\u00fdm zp\u016fsobem a v\u00fdherci nebudou m\u00edt n\u00e1rok na jak\u00e9koli jin\u00e9 pln\u011bn\u00ed ze strany Po\u0159adatele, kter\u00e9 nen\u00ed v\u00fdslovn\u011b uvedeno v t\u011bchto pravidlech. Po\u0159adatel neodpov\u00edd\u00e1 za kvalitu a mno\u017estv\u00ed v\u00fdher poskytnut\u00fdch t\u0159et\u00edmi stranami. Odpov\u011bdnost za p\u0159\u00edpadn\u00e9 vady je nutn\u00e9 uplatnit p\u0159\u00edmo u dodavatele v\u00fdhry. Po\u0159adatel si vyhrazuje pr\u00e1vo m\u011bnit v\u00fdhry podle vlastn\u00edho uv\u00e1\u017een\u00ed.<\/p>\n<p>Sout\u011b\u017e\u00edc\u00ed m\u016f\u017ee b\u00fdt ze Sout\u011b\u017ee vylou\u010den, pokud Po\u0159adatel a\/nebo Organiz\u00e1tor zjist\u00ed nebo bude m\u00edt opr\u00e1vn\u011bn\u00e9 podez\u0159en\u00ed, \u017ee sout\u011b\u017e\u00edc\u00ed jedn\u00e1 podvodn\u011b, v rozporu s pravidly Sout\u011b\u017ee a\/nebo s dobr\u00fdmi mravy (nap\u0159. vystupuje pod fale\u0161nou identitou; p\u0159i registraci uvede nepravdiv\u00e9 \u00fadaje; je osobou, kter\u00e1 je z \u00fa\u010dasti v Sout\u011b\u017ei vylou\u010dena apod.).<\/p>\n<p>Po\u0159adatel nebo Organiz\u00e1tor jsou opr\u00e1vn\u011bni kdykoliv po\u017eadovat od sout\u011b\u017e\u00edc\u00edho dolo\u017een\u00ed jeho identity a toho, \u017ee jedn\u00e1 v souladu s t\u011bmito pravidly a dobr\u00fdmi mravy. Nedolo\u017e\u00ed-li sout\u011b\u017e\u00edc\u00ed svoji identitu nebo to, \u017ee jedn\u00e1 v souladu s t\u011bmito pravidly \u010di dobr\u00fdmi mravy bez odkladu po obdr\u017een\u00ed v\u00fdzvy Po\u0159adatele nebo Organiz\u00e1tora, m\u016f\u017ee b\u00fdt ze Sout\u011b\u017ee vylou\u010den.<\/p>\n<p>V p\u0159\u00edpad\u011b vylou\u010den\u00ed sout\u011b\u017e\u00edc\u00edho ze Sout\u011b\u017ee z jak\u00e9hokoliv d\u016fvodu jeho n\u00e1rok na v\u00fdhru zanik\u00e1.<\/p>\n<p>V\u00fdhry, na kter\u00e9 sout\u011b\u017e\u00edc\u00edm z jak\u00e9hokoliv d\u016fvodu zanikl n\u00e1rok, propadaj\u00ed Po\u0159adateli, kter\u00fd s nimi nalo\u017e\u00ed dle sv\u00e9ho uv\u00e1\u017een\u00ed. V p\u0159\u00edpad\u011b z\u00e1niku n\u00e1roku na v\u00fdhru nem\u00e1 sout\u011b\u017e\u00edc\u00ed n\u00e1rok na \u017e\u00e1dnou kompenzaci.<\/p>\n<p>Sout\u011b\u017e nem\u00e1 charakter ve\u0159ejn\u00e9ho p\u0159\u00edslibu. Po\u0159adatel si vyhrazuje pr\u00e1vo kdykoliv po dobu sout\u011b\u017ee nebo p\u0159ed jej\u00edm zah\u00e1jen\u00edm zm\u011bnit pravidla Sout\u011b\u017ee, v\u010detn\u011b jej\u00edho p\u0159eru\u0161en\u00ed \u010di d\u0159\u00edv\u011bj\u0161\u00edho ukon\u010den\u00ed. Vym\u00e1h\u00e1n\u00ed \u00fa\u010dasti v Sout\u011b\u017ei \u010di v\u00fdhry soudn\u00ed cestou je vylou\u010deno.<\/p>\n<p>Organiz\u00e1tor ani Po\u0159adatel neodpov\u00eddaj\u00ed za chod s\u00edt\u011b elektronick\u00fdch komunikac\u00ed, dod\u00e1vky elektrick\u00e9ho proudu ani za chod za\u0159\u00edzen\u00ed sout\u011b\u017e\u00edc\u00edho \u010di t\u0159et\u00edch osob, je\u017e jsou pot\u0159ebn\u00e1 k odes\u00edl\u00e1n\u00ed sout\u011b\u017en\u00edch odpov\u011bd\u00ed a jin\u00e9mu jedn\u00e1n\u00ed v r\u00e1mci Sout\u011b\u017ee vyjma p\u0159\u00edpad\u016f, kdy nemo\u017enost jedn\u00e1n\u00ed v r\u00e1mci Sout\u011b\u017ee Po\u0159adatel nebo Organiz\u00e1tor zavin\u00ed.<\/p>\n<p>Po\u0159adatel ani Organiz\u00e1tor neposkytuj\u00ed v souvislosti se Sout\u011b\u017e\u00ed technickou podporu ani poradensk\u00fd servis.<\/p>\n<p>Po\u0159adatel ani Organiz\u00e1tor neodpov\u00eddaj\u00ed za \u00fajmu vzniklou v souvislosti s vyu\u017eit\u00edm v\u00fdher \u010di s \u00fa\u010dast\u00ed v Sout\u011b\u017ei, s v\u00fdjimkou p\u0159\u00edpadu, kdy takovou odpov\u011bdnost nelze podle obecn\u011b z\u00e1vazn\u00fdch pr\u00e1vn\u00edch p\u0159epis\u016f smluvn\u011b vylou\u010dit.<\/p>\n<p>Po\u0159adatel si vyhrazuje pr\u00e1vo s kone\u010dnou platnost\u00ed rozhodnout o v\u0161ech z\u00e1le\u017eitostech t\u00fdkaj\u00edc\u00edch se Sout\u011b\u017ee, v\u010detn\u011b posouzen\u00ed spln\u011bn\u00ed podm\u00ednek Sout\u011b\u017ee a \u00fa\u010dasti v n\u00ed. V p\u0159\u00edpad\u011b pochybnost\u00ed o dodr\u017een\u00ed pravidel Sout\u011b\u017ee nese d\u016fkazn\u00ed b\u0159emeno sout\u011b\u017e\u00edc\u00ed.<\/p>\n<p>V p\u0159\u00edpad\u011b rozporu ustanoven\u00ed t\u011bchto pravidel a propaga\u010dn\u00edch materi\u00e1l\u016f, p\u0159\u00edp. ostatn\u00edch informac\u00ed t\u00fdkaj\u00edc\u00edch se Sout\u011b\u017ee, maj\u00ed p\u0159ednost ustanoven\u00ed t\u011bchto pravidel.<\/p>\n<p>V ostatn\u00edm se Sout\u011b\u017e a vztahy mezi sout\u011b\u017e\u00edc\u00edmi, Organiz\u00e1torem a Po\u0159adatelem \u0159\u00edd\u00ed pr\u00e1vn\u00edm \u0159\u00e1dem \u010cesk\u00e9 republiky s vylou\u010den\u00edm kolizn\u00edch norem mezin\u00e1rodn\u00edho pr\u00e1va soukrom\u00e9ho.<\/p>\n<p>Po\u0159adatel nenese odpov\u011bdnost za jak\u00e9koli nedoru\u010den\u00e9 zpr\u00e1vy nebo za nedoru\u010den\u00ed v\u00fdhry.<\/p>\n<p>Po\u0159adatel rozhodne s kone\u010dnou platnost\u00ed o jak\u00fdchkoli st\u00ed\u017enostech nebo p\u0159edlo\u017een\u00fdch n\u00e1mitk\u00e1ch.<\/p>\n<p>Po\u0159adatel si vyhrazuje pr\u00e1vo zkr\u00e1cen\u00ed, odlo\u017een\u00ed, pozastaven\u00ed nebo zru\u0161en\u00ed Sout\u011b\u017ee nebo zm\u011bnu nebo dopln\u011bn\u00ed t\u011bchto pravidel b\u011bhem doby Sout\u011b\u017ee, a to ozn\u00e1men\u00edm na Webov\u00e9 str\u00e1nce sout\u011b\u017ee. Po\u0159adatel nen\u00ed povinen poskytnout \u017e\u00e1dnou kompenzaci za zkr\u00e1cen\u00ed, odlo\u017een\u00ed, pozastaven\u00ed \u010di zru\u0161en\u00ed Sout\u011b\u017ee, ani za zm\u011bnu jej\u00edch pravidel.<\/p>\n<p>Tato Sout\u011b\u017e nen\u00ed provozov\u00e1na, sponzorov\u00e1na ani spojena s Facebookem a Facebook za ni neodpov\u00edd\u00e1. Informace poskytnut\u00e9 b\u011bhem Sout\u011b\u017ee nebudou poskytnuty spole\u010dnosti Facebook. V\u0161echny dotazy, p\u0159ipom\u00ednky nebo st\u00ed\u017enosti t\u00fdkaj\u00edc\u00ed se Sout\u011b\u017ee budou adresov\u00e1ny p\u0159\u00edmo Po\u0159adateli, nikoli Facebooku.<\/p>\n<p>Tato pravidla jsou k nahl\u00e9dnut\u00ed na https:\/\/www.welovecycling.com\/cs\/safety\/pravidla-a-podminky-souteze\/ a v provozovn\u011b Organiz\u00e1tora.<\/p>\n<p>V Praze dne 17. 12. 2019<\/p>\n","protected":false},"excerpt":{"rendered":"<p>Pravidla sout\u011b\u017ee \u201eNa kole bezpe\u010dn\u011b\u201c Tato pravidla upravuj\u00ed podm\u00ednky sout\u011b\u017ee \u201eNa kole bezpe\u010dn\u011b\u201c (d\u00e1le jen \u201eSout\u011b\u017e\u201c) a jsou jedin\u00fdm dokumentem, [&hellip;]<\/p>\n","protected":false},"author":1,"featured_media":0,"parent":2246,"menu_order":0,"comment_status":"closed","ping_status":"closed","template":"templates\/template-empty-page-headline.php","meta":{"footnotes":""},"tags":[],"class_list":["post-3668","page","type-page","status-publish","hentry"],"yoast_head":"<!-- This site is optimized with the Yoast SEO Premium plugin v25.3 (Yoast SEO v25.9) - https:\/\/yoast.com\/wordpress\/plugins\/seo\/ -->\n<title>Pravidla a podm\u00ednky sout\u011b\u017ee | \u0160koda We Love Cycling - \u010cesk\u00e1 republika<\/title>\n<meta name=\"robots\" content=\"index, follow, max-snippet:-1, max-image-preview:large, max-video-preview:-1\" \/>\n<link rel=\"canonical\" href=\"https:\/\/www.welovecycling.com\/cs\/category-safety\/pravidla-a-podminky-souteze\/\" \/>\n<meta property=\"og:locale\" content=\"cs_CZ\" \/>\n<meta property=\"og:type\" content=\"article\" \/>\n<meta property=\"og:title\" content=\"Pravidla a podm\u00ednky sout\u011b\u017ee\" \/>\n<meta property=\"og:description\" content=\"Pravidla sout\u011b\u017ee \u201eNa kole bezpe\u010dn\u011b\u201c Tato pravidla upravuj\u00ed podm\u00ednky sout\u011b\u017ee \u201eNa kole bezpe\u010dn\u011b\u201c (d\u00e1le jen \u201eSout\u011b\u017e\u201c) a jsou jedin\u00fdm dokumentem, [&hellip;]\" \/>\n<meta property=\"og:url\" content=\"https:\/\/www.welovecycling.com\/cs\/category-safety\/pravidla-a-podminky-souteze\/\" \/>\n<meta property=\"og:site_name\" content=\"\u0160koda We Love Cycling - \u010cesk\u00e1 republika\" \/>\n<meta property=\"article:modified_time\" content=\"2019-12-17T10:10:13+00:00\" \/>\n<meta name=\"twitter:card\" content=\"summary_large_image\" \/>\n<meta name=\"twitter:label1\" content=\"Est. reading time\" \/>\n\t<meta name=\"twitter:data1\" content=\"11 minut\" \/>\n<script type=\"application\/ld+json\" class=\"yoast-schema-graph\">{\"@context\":\"https:\/\/schema.org\",\"@graph\":[{\"@type\":\"WebPage\",\"@id\":\"https:\/\/www.welovecycling.com\/cs\/category-safety\/pravidla-a-podminky-souteze\/\",\"url\":\"https:\/\/www.welovecycling.com\/cs\/category-safety\/pravidla-a-podminky-souteze\/\",\"name\":\"Pravidla a podm\u00ednky sout\u011b\u017ee | \u0160koda We Love Cycling - \u010cesk\u00e1 republika\",\"isPartOf\":{\"@id\":\"https:\/\/www.welovecycling.com\/cs\/#website\"},\"datePublished\":\"2019-08-16T12:01:08+00:00\",\"dateModified\":\"2019-12-17T10:10:13+00:00\",\"breadcrumb\":{\"@id\":\"https:\/\/www.welovecycling.com\/cs\/category-safety\/pravidla-a-podminky-souteze\/#breadcrumb\"},\"inLanguage\":\"cs\",\"potentialAction\":[{\"@type\":\"ReadAction\",\"target\":[\"https:\/\/www.welovecycling.com\/cs\/category-safety\/pravidla-a-podminky-souteze\/\"]}]},{\"@type\":\"BreadcrumbList\",\"@id\":\"https:\/\/www.welovecycling.com\/cs\/category-safety\/pravidla-a-podminky-souteze\/#breadcrumb\",\"itemListElement\":[{\"@type\":\"ListItem\",\"position\":1,\"name\":\"Safety\",\"item\":\"https:\/\/www.welovecycling.com\/cs\/category-safety\/\"},{\"@type\":\"ListItem\",\"position\":2,\"name\":\"Pravidla a podm\u00ednky sout\u011b\u017ee\"}]},{\"@type\":\"WebSite\",\"@id\":\"https:\/\/www.welovecycling.com\/cs\/#website\",\"url\":\"https:\/\/www.welovecycling.com\/cs\/\",\"name\":\"\u0160koda We Love Cycling - \u010cesk\u00e1 republika\",\"description\":\"WeLoveCycling.cz je online magaz\u00edn, kter\u00fd v\u00e1m pravideln\u011b p\u0159in\u00e1\u0161\u00ed rady a tipy, zaj\u00edmav\u00e9 \u010dl\u00e1nky, videa a jedine\u010dn\u00e9 report\u00e1\u017ee ze sv\u011bta cyklistiky.\",\"potentialAction\":[{\"@type\":\"SearchAction\",\"target\":{\"@type\":\"EntryPoint\",\"urlTemplate\":\"https:\/\/www.welovecycling.com\/cs\/?s={search_term_string}\"},\"query-input\":{\"@type\":\"PropertyValueSpecification\",\"valueRequired\":true,\"valueName\":\"search_term_string\"}}],\"inLanguage\":\"cs\"}]}<\/script>\n<!-- \/ Yoast SEO Premium plugin. -->","yoast_head_json":{"title":"Pravidla a podm\u00ednky sout\u011b\u017ee | \u0160koda We Love Cycling - \u010cesk\u00e1 republika","robots":{"index":"index","follow":"follow","max-snippet":"max-snippet:-1","max-image-preview":"max-image-preview:large","max-video-preview":"max-video-preview:-1"},"canonical":"https:\/\/www.welovecycling.com\/cs\/category-safety\/pravidla-a-podminky-souteze\/","og_locale":"cs_CZ","og_type":"article","og_title":"Pravidla a podm\u00ednky sout\u011b\u017ee","og_description":"Pravidla sout\u011b\u017ee \u201eNa kole bezpe\u010dn\u011b\u201c Tato pravidla upravuj\u00ed podm\u00ednky sout\u011b\u017ee \u201eNa kole bezpe\u010dn\u011b\u201c (d\u00e1le jen \u201eSout\u011b\u017e\u201c) a jsou jedin\u00fdm dokumentem, [&hellip;]","og_url":"https:\/\/www.welovecycling.com\/cs\/category-safety\/pravidla-a-podminky-souteze\/","og_site_name":"\u0160koda We Love Cycling - \u010cesk\u00e1 republika","article_modified_time":"2019-12-17T10:10:13+00:00","twitter_card":"summary_large_image","twitter_misc":{"Est. reading time":"11 minut"},"schema":{"@context":"https:\/\/schema.org","@graph":[{"@type":"WebPage","@id":"https:\/\/www.welovecycling.com\/cs\/category-safety\/pravidla-a-podminky-souteze\/","url":"https:\/\/www.welovecycling.com\/cs\/category-safety\/pravidla-a-podminky-souteze\/","name":"Pravidla a podm\u00ednky sout\u011b\u017ee | \u0160koda We Love Cycling - \u010cesk\u00e1 republika","isPartOf":{"@id":"https:\/\/www.welovecycling.com\/cs\/#website"},"datePublished":"2019-08-16T12:01:08+00:00","dateModified":"2019-12-17T10:10:13+00:00","breadcrumb":{"@id":"https:\/\/www.welovecycling.com\/cs\/category-safety\/pravidla-a-podminky-souteze\/#breadcrumb"},"inLanguage":"cs","potentialAction":[{"@type":"ReadAction","target":["https:\/\/www.welovecycling.com\/cs\/category-safety\/pravidla-a-podminky-souteze\/"]}]},{"@type":"BreadcrumbList","@id":"https:\/\/www.welovecycling.com\/cs\/category-safety\/pravidla-a-podminky-souteze\/#breadcrumb","itemListElement":[{"@type":"ListItem","position":1,"name":"Safety","item":"https:\/\/www.welovecycling.com\/cs\/category-safety\/"},{"@type":"ListItem","position":2,"name":"Pravidla a podm\u00ednky sout\u011b\u017ee"}]},{"@type":"WebSite","@id":"https:\/\/www.welovecycling.com\/cs\/#website","url":"https:\/\/www.welovecycling.com\/cs\/","name":"\u0160koda We Love Cycling - \u010cesk\u00e1 republika","description":"WeLoveCycling.cz je online magaz\u00edn, kter\u00fd v\u00e1m pravideln\u011b p\u0159in\u00e1\u0161\u00ed rady a tipy, zaj\u00edmav\u00e9 \u010dl\u00e1nky, videa a jedine\u010dn\u00e9 report\u00e1\u017ee ze sv\u011bta cyklistiky.","potentialAction":[{"@type":"SearchAction","target":{"@type":"EntryPoint","urlTemplate":"https:\/\/www.welovecycling.com\/cs\/?s={search_term_string}"},"query-input":{"@type":"PropertyValueSpecification","valueRequired":true,"valueName":"search_term_string"}}],"inLanguage":"cs"}]}},"_links":{"self":[{"href":"https:\/\/www.welovecycling.com\/cs\/wp-json\/wp\/v2\/pages\/3668","targetHints":{"allow":["GET"]}}],"collection":[{"href":"https:\/\/www.welovecycling.com\/cs\/wp-json\/wp\/v2\/pages"}],"about":[{"href":"https:\/\/www.welovecycling.com\/cs\/wp-json\/wp\/v2\/types\/page"}],"author":[{"embeddable":true,"href":"https:\/\/www.welovecycling.com\/cs\/wp-json\/wp\/v2\/users\/1"}],"replies":[{"embeddable":true,"href":"https:\/\/www.welovecycling.com\/cs\/wp-json\/wp\/v2\/comments?post=3668"}],"version-history":[{"count":2,"href":"https:\/\/www.welovecycling.com\/cs\/wp-json\/wp\/v2\/pages\/3668\/revisions"}],"predecessor-version":[{"id":4957,"href":"https:\/\/www.welovecycling.com\/cs\/wp-json\/wp\/v2\/pages\/3668\/revisions\/4957"}],"up":[{"embeddable":true,"href":"https:\/\/www.welovecycling.com\/cs\/wp-json\/wp\/v2\/pages\/2246"}],"wp:attachment":[{"href":"https:\/\/www.welovecycling.com\/cs\/wp-json\/wp\/v2\/media?parent=3668"}],"wp:term":[{"taxonomy":"post_tag","embeddable":true,"href":"https:\/\/www.welovecycling.com\/cs\/wp-json\/wp\/v2\/tags?post=3668"}],"curies":[{"name":"wp","href":"https:\/\/api.w.org\/{rel}","templated":true}]}}