{"id":30875,"date":"2025-09-03T09:20:20","date_gmt":"2025-09-03T07:20:20","guid":{"rendered":"https:\/\/www.welovecycling.com\/cs\/?page_id=30875"},"modified":"2025-10-01T09:06:12","modified_gmt":"2025-10-01T07:06:12","slug":"terms","status":"publish","type":"page","link":"https:\/\/www.welovecycling.com\/cs\/130-anniversary\/terms\/","title":{"rendered":"Terms"},"content":{"rendered":"<p><span data-contrast=\"auto\">Tyto pravidla stanovuj\u00ed podm\u00ednky \u201eSout\u011b\u017ee \u0160koda 130 let\u201c (d\u00e1le jen \u201eSout\u011b\u017e\u201c) a jsou jedin\u00fdm dokumentem, kter\u00fd \u00fapln\u011b a z\u00e1vazn\u011b upravuje pravidla t\u00e9to sout\u011b\u017ee.<\/span><span data-ccp-props=\"{&quot;335559731&quot;:720}\">\u00a0<\/span><\/p>\n<p aria-level=\"2\"><span data-contrast=\"auto\">Po\u0159adatel a organiz\u00e1tor<\/span><span data-ccp-props=\"{&quot;134245418&quot;:true,&quot;134245529&quot;:true,&quot;335559738&quot;:360,&quot;335559739&quot;:120}\">\u00a0<\/span><\/p>\n<p><span data-contrast=\"auto\">Po\u0159adatelem sout\u011b\u017ee je \u0160koda Auto a.s., akciov\u00e1 spole\u010dnost se s\u00eddlem t\u0159. V\u00e1clava Klementa 869, 293 01 Mlad\u00e1 Boleslav, \u010cesk\u00e1 republika, I\u010cO 00177041, zapsan\u00e1 v obchodn\u00edm rejst\u0159\u00edku veden\u00e9m M\u011bstsk\u00fdm soudem v Praze, odd\u00edl B, vlo\u017eka 332 (d\u00e1le jen \u201ePo\u0159adatel\u201c).<\/span><span data-ccp-props=\"{}\">\u00a0<\/span><\/p>\n<p><span data-contrast=\"auto\">Organiz\u00e1torem sout\u011b\u017ee, kter\u00fd zaji\u0161\u0165uje praktick\u00e9 kroky spojen\u00e9 s jej\u00edm pr\u016fb\u011bhem, je MUSTARD s.r.o., se s\u00eddlem Praha 1 \u2013 Nov\u00e9 M\u011bsto, Masarykovo n\u00e1b\u0159. 246, 110 00, \u010cesk\u00e1 republika, I\u010cO 28531418, zapsan\u00e1 v obchodn\u00edm rejst\u0159\u00edku veden\u00e9m M\u011bstsk\u00fdm soudem v Praze, odd\u00edl C, vlo\u017eka 148383 (d\u00e1le jen \u201eOrganiz\u00e1tor\u201c).<\/span><span data-ccp-props=\"{}\">\u00a0<\/span><\/p>\n<p aria-level=\"2\"><span data-contrast=\"auto\">Podm\u00ednky, m\u00edsto a obdob\u00ed sout\u011b\u017ee<\/span><span data-ccp-props=\"{&quot;134245418&quot;:true,&quot;134245529&quot;:true,&quot;335559738&quot;:360,&quot;335559739&quot;:120}\">\u00a0<\/span><\/p>\n<ul>\n<li aria-setsize=\"-1\" data-leveltext=\"\u25cf\" data-font=\"\" data-listid=\"2\" data-list-defn-props=\"{&quot;335552541&quot;:1,&quot;335559685&quot;:720,&quot;335559991&quot;:360,&quot;469769242&quot;:[8226],&quot;469777803&quot;:&quot;left&quot;,&quot;469777804&quot;:&quot;\u25cf&quot;,&quot;469777815&quot;:&quot;multilevel&quot;}\" data-aria-posinset=\"1\" data-aria-level=\"1\"><span data-contrast=\"auto\">Obdob\u00ed sout\u011b\u017ee \u2013 <\/span><span data-contrast=\"none\">00:01 (CET) 19.9. 2025 to 23:59 (CET) 19.12. 2025<\/span><span data-ccp-props=\"{}\">\u00a0<\/span><\/li>\n<\/ul>\n<p><span data-ccp-props=\"{}\">\u00a0<\/span><\/p>\n<p><span data-contrast=\"auto\">Sout\u011b\u017e prob\u00edh\u00e1 na webov\u00fdch str\u00e1nk\u00e1ch\u202fwww.welovecycling.com\u202f(d\u00e1le jen \u201eWeb sout\u011b\u017ee\u201c), kter\u00e9 slou\u017e\u00ed jako hlavn\u00ed komunika\u010dn\u00ed kan\u00e1l s \u00fa\u010dastn\u00edky.<\/span><span data-ccp-props=\"{}\">\u00a0<\/span><\/p>\n<p aria-level=\"2\"><span data-contrast=\"auto\">\u00da\u010dastn\u00edci sout\u011b\u017ee<\/span><span data-ccp-props=\"{&quot;134245418&quot;:true,&quot;134245529&quot;:true,&quot;335559738&quot;:360,&quot;335559739&quot;:120}\">\u00a0<\/span><\/p>\n<p><span data-contrast=\"auto\">Sout\u011b\u017ee se m\u016f\u017ee z\u00fa\u010dastnit ka\u017ed\u00e1 fyzick\u00e1 osoba star\u0161\u00ed 18 let, kter\u00e1 m\u00e1 bydli\u0161t\u011b v n\u011bkter\u00e9 ze zem\u00ed, kde sout\u011b\u017e prob\u00edh\u00e1.<\/span><br \/>\n<span data-contrast=\"auto\">Sout\u011b\u017e se kon\u00e1 v n\u00e1sleduj\u00edc\u00edch zem\u00edch: ANDORRA, AUSTR\u00c1LIE, RAKOUSKO, BELGIE, BOSNA, BULHARSKO, CHORVATSKO, \u010cESK\u00c1 REPUBLIKA, D\u00c1NSKO, ESTONSKO, FINSKO, FRANCIE, N\u011aMECKO, SPOJEN\u00c9 KR\u00c1LOVSTV\u00cd, \u0158ECKO, MA\u010eARSKO, ISLAND, IRSKO, IT\u00c1LIE, LOTY\u0160SKO, LICHTEN\u0160TEJNSKO, LITVA, LUCEMBURSKO, \u010cERN\u00c1 HORA, NIZOZEMSKO, NORSKO, POLSKO, PORTUGALSKO, RUMUNSKO, SRBSKO, SLOVENSKO, SLOVINSKO, \u0160PAN\u011aLSKO, \u0160V\u00c9DSKO, \u0160V\u00ddCARSKO, UKRAJINA.<\/span><span data-ccp-props=\"{}\">\u00a0<\/span><\/p>\n<p><span data-contrast=\"auto\">Pro \u00fa\u010dast v sout\u011b\u017ei je nutn\u00e9 se b\u011bhem obdob\u00ed sout\u011b\u017ee registrovat na Webu sout\u011b\u017ee a bezv\u00fdhradn\u011b p\u0159ijmout tato pravidla.<\/span><br \/>\n<span data-contrast=\"auto\">Sou\u010d\u00e1st\u00ed registrace (formul\u00e1\u0159e) je uveden\u00ed osobn\u00edch \u00fadaj\u016f \u2013 e-mailov\u00e9 adresy, kter\u00e1 bude pou\u017eita v\u00fdhradn\u011b pro \u00fa\u010dely sout\u011b\u017ee.<\/span><span data-ccp-props=\"{}\">\u00a0<\/span><\/p>\n<p><span data-contrast=\"auto\">Ka\u017ed\u00fd \u00fa\u010dastn\u00edk se m\u016f\u017ee registrovat pouze jednou a pouze se svou vlastn\u00ed e-mailovou adresou. Po\u0159adatel si vyhrazuje pr\u00e1vo kontrolovat dodr\u017eov\u00e1n\u00ed tohoto pravidla technick\u00fdmi a organiza\u010dn\u00edmi prost\u0159edky.<\/span><span data-ccp-props=\"{}\">\u00a0<\/span><\/p>\n<p><span data-contrast=\"auto\">Osoby pod\u00edlej\u00edc\u00ed se na p\u0159\u00edprav\u011b sout\u011b\u017ee, zejm\u00e9na zam\u011bstnanci Po\u0159adatele nebo Organiz\u00e1tora, d\u00e1le osoby spojen\u00e9 s autorizovan\u00fdmi partnery \u0160koda \u010di agenturami pov\u011b\u0159en\u00fdmi zaji\u0161t\u011bn\u00edm sout\u011b\u017ee a jejich rodinn\u00ed p\u0159\u00edslu\u0161n\u00edci a bl\u00edzk\u00e9 osoby, jsou z \u00fa\u010dasti vylou\u010deny.<\/span><span data-ccp-props=\"{}\">\u00a0<\/span><\/p>\n<p aria-level=\"2\"><span data-contrast=\"auto\">Mechanismus sout\u011b\u017ee a v\u00fdb\u011br v\u00fdherc\u016f<\/span><span data-ccp-props=\"{&quot;134245418&quot;:true,&quot;134245529&quot;:true,&quot;335559738&quot;:360,&quot;335559739&quot;:120}\">\u00a0<\/span><\/p>\n<p><span data-contrast=\"auto\">\u00dakolem \u00fa\u010dastn\u00edk\u016f je odpov\u011bd\u011bt na t\u0159i sout\u011b\u017en\u00ed ot\u00e1zky.<\/span><br \/>\n<span data-contrast=\"auto\">V\u0161ichni \u00fa\u010dastn\u00edci, kte\u0159\u00ed spr\u00e1vn\u011b odpov\u00ed na v\u0161echny t\u0159i ot\u00e1zky a zaregistruj\u00ed se na webu We Love Cycling, budou za\u0159azeni do slosov\u00e1n\u00ed o v\u00fdhry.<\/span><span data-ccp-props=\"{}\">\u00a0<\/span><\/p>\n<p><span data-contrast=\"auto\">Ceny z\u00edskaj\u00ed ti \u00fa\u010dastn\u00edci, jejich\u017e spr\u00e1vn\u00e9 odpov\u011bdi se v celkov\u00e9m seznamu nach\u00e1zej\u00ed na pozic\u00edch: 1\/11, 2\/11, 3\/11, 4\/11, 5\/11, 6\/11, 7\/11, 8\/11, 9\/11 a 10\/11.<\/span><br \/>\n<span data-contrast=\"auto\">Pokud nen\u00ed celkov\u00fd po\u010det \u00fa\u010dastn\u00edk\u016f d\u011bliteln\u00fd \u010d\u00edslem 11, zaokrouhluje se sm\u011brem dol\u016f na nejbli\u017e\u0161\u00ed cel\u00e9 \u010d\u00edslo d\u011bliteln\u00e9 11.<\/span><span data-ccp-props=\"{}\">\u00a0<\/span><\/p>\n<p><span data-contrast=\"auto\">Seznam \u00fa\u010dastn\u00edk\u016f je se\u0159azen chronologicky podle \u010dasu odesl\u00e1n\u00ed odpov\u011bd\u00ed.<\/span><br \/>\n<span data-contrast=\"auto\">\u00da\u010dastn\u00edci na v\u00fd\u0161e uveden\u00fdch pozic\u00edch jsou pova\u017eov\u00e1ni za v\u00fdherce.<\/span><span data-ccp-props=\"{}\">\u00a0<\/span><\/p>\n<p><span data-contrast=\"auto\">Po\u0159adatel bude v\u00fdherce informovat e-mailem na adresu uvedenou p\u0159i registraci, a to do p\u011bti dn\u016f po ukon\u010den\u00ed p\u0159\u00edslu\u0161n\u00e9ho kola sout\u011b\u017ee, a vyzve je k poskytnut\u00ed \u00fadaj\u016f pot\u0159ebn\u00fdch k p\u0159ed\u00e1n\u00ed nebo zasl\u00e1n\u00ed v\u00fdhry.<\/span><br \/>\n<span data-contrast=\"auto\">Pokud v\u00fdherce neodpov\u00ed, ani po opakovan\u00e9 v\u00fdzv\u011b, nebo neposkytne po\u017eadovan\u00e9 \u00fadaje do 24 hodin, n\u00e1rok na v\u00fdhru bez n\u00e1hrady zanik\u00e1.<\/span><span data-ccp-props=\"{}\">\u00a0<\/span><\/p>\n<p aria-level=\"2\"><span data-contrast=\"auto\">Popis cen<\/span><span data-ccp-props=\"{&quot;134245418&quot;:true,&quot;134245529&quot;:true,&quot;335559738&quot;:360,&quot;335559739&quot;:120}\">\u00a0<\/span><\/p>\n<ul>\n<li aria-setsize=\"-1\" data-leveltext=\"\u25cf\" data-font=\"Arial\" data-listid=\"1\" data-list-defn-props=\"{&quot;335551500&quot;:2236962,&quot;335552541&quot;:1,&quot;335559685&quot;:720,&quot;335559991&quot;:360,&quot;469769226&quot;:&quot;Arial&quot;,&quot;469769242&quot;:[8226],&quot;469777803&quot;:&quot;left&quot;,&quot;469777804&quot;:&quot;\u25cf&quot;,&quot;469777815&quot;:&quot;multilevel&quot;}\" data-aria-posinset=\"1\" data-aria-level=\"1\"><span data-contrast=\"none\">10x \u0160koda retro jersey<\/span><span data-ccp-props=\"{&quot;335559738&quot;:200,&quot;335559739&quot;:200}\">\u00a0<\/span><\/li>\n<\/ul>\n<p><span data-contrast=\"auto\">Vzhledem k mo\u017en\u00fdm zpo\u017ed\u011bn\u00edm v dostupnosti komponent\u016f m\u016f\u017ee dod\u00e1n\u00ed kol, kter\u00e1 jsou cenami, trvat a\u017e osm m\u011bs\u00edc\u016f. Tato zpo\u017ed\u011bn\u00ed jsou zp\u016fsobena faktory mimo na\u0161i p\u0159\u00edmou kontrolu, nap\u0159\u00edklad probl\u00e9my s dod\u00e1vkami pot\u0159ebn\u00fdch d\u00edl\u016f.<\/span><span data-ccp-props=\"{}\">\u00a0<\/span><\/p>\n<p aria-level=\"2\"><span data-contrast=\"auto\">Informace o zpracov\u00e1n\u00ed osobn\u00edch \u00fadaj\u016f<\/span><span data-ccp-props=\"{&quot;134245418&quot;:true,&quot;134245529&quot;:true,&quot;335559738&quot;:360,&quot;335559739&quot;:120}\">\u00a0<\/span><\/p>\n<p><span data-contrast=\"auto\">Po\u0159adatel je spr\u00e1vcem osobn\u00edch \u00fadaj\u016f ve smyslu obecn\u00e9ho na\u0159\u00edzen\u00ed o ochran\u011b osobn\u00edch \u00fadaj\u016f (na\u0159\u00edzen\u00ed EU 2016\/679) a t\u00edmto v\u00e1s informuje o zpracov\u00e1n\u00ed osobn\u00edch \u00fadaj\u016f a va\u0161ich pr\u00e1vech.<\/span><span data-ccp-props=\"{}\">\u00a0<\/span><\/p>\n<p><span data-contrast=\"auto\">Zpracov\u00e1n\u00ed prob\u00edh\u00e1 v r\u00e1mci n\u00e1sleduj\u00edc\u00ed \u010dinnosti:<\/span><span data-ccp-props=\"{}\">\u00a0<\/span><\/p>\n<p><span data-contrast=\"auto\">\u2013 Organizace sout\u011b\u017e\u00ed a zaji\u0161t\u011bn\u00ed spravedliv\u00e9ho vyhodnocen\u00ed v r\u00e1mci sout\u011b\u017ee.<\/span><span data-ccp-props=\"{}\">\u00a0<\/span><\/p>\n<p><span data-contrast=\"auto\">Pr\u00e1vn\u00ed z\u00e1klad zpracov\u00e1n\u00ed:<\/span><br \/>\n<span data-contrast=\"auto\">Va\u0161e osobn\u00ed \u00fadaje zpracov\u00e1v\u00e1me na z\u00e1klad\u011b pln\u011bn\u00ed smlouvy (tato pravidla sout\u011b\u017ee).<\/span><span data-ccp-props=\"{}\">\u00a0<\/span><\/p>\n<p><span data-contrast=\"auto\">Kategorie zpracov\u00e1van\u00fdch osobn\u00edch \u00fadaj\u016f:<\/span><br \/>\n<span data-contrast=\"auto\">Identifika\u010dn\u00ed \u00fadaje, kontaktn\u00ed \u00fadaje, informace o komunikaci a interakci.<\/span><span data-ccp-props=\"{}\">\u00a0<\/span><\/p>\n<p><span data-contrast=\"auto\">Doba uchov\u00e1n\u00ed \u00fadaj\u016f:<\/span><br \/>\n<span data-contrast=\"auto\">Va\u0161e osobn\u00ed \u00fadaje zpracov\u00e1v\u00e1me po dobu jednoho roku po ukon\u010den\u00ed sout\u011b\u017ee.<\/span><span data-ccp-props=\"{}\">\u00a0<\/span><\/p>\n<p><span data-contrast=\"auto\">Kategorie zpracovatel\u016f nebo p\u0159\u00edjemc\u016f, kter\u00fdm mohou b\u00fdt \u00fadaje zp\u0159\u00edstupn\u011bny:<\/span><br \/>\n<span data-contrast=\"auto\">Zpracovatelem \u00fadaj\u016f je MUSTARD s.r.o., Praha 1 \u2013 Nov\u00e9 M\u011bsto, Masarykovo n\u00e1b\u0159. 246, 110 00, \u010cesk\u00e1 republika, I\u010cO 28531418.<\/span><br \/>\n<span data-contrast=\"auto\">Na \u017e\u00e1dost mohou b\u00fdt va\u0161e osobn\u00ed \u00fadaje zp\u0159\u00edstupn\u011bny org\u00e1n\u016fm ve\u0159ejn\u00e9 moci, zejm\u00e9na soud\u016fm, Policii \u010cR a dal\u0161\u00edm org\u00e1n\u016fm \u010dinn\u00fdm v trestn\u00edm \u0159\u00edzen\u00ed, pokud je to nezbytn\u00e9 a z\u00e1konem povoleno.<\/span><span data-ccp-props=\"{}\">\u00a0<\/span><\/p>\n<p><span data-contrast=\"auto\">Zdroj osobn\u00edch \u00fadaj\u016f:<\/span><br \/>\n<span data-contrast=\"auto\">Osobn\u00ed \u00fadaje z\u00edsk\u00e1v\u00e1me p\u0159\u00edmo od v\u00e1s.<\/span><span data-ccp-props=\"{}\">\u00a0<\/span><\/p>\n<p><span data-contrast=\"auto\">P\u0159ed\u00e1v\u00e1n\u00ed osobn\u00edch \u00fadaj\u016f do t\u0159et\u00edch zem\u00ed nebo mezin\u00e1rodn\u00edm organizac\u00edm:<\/span><br \/>\n<span data-contrast=\"auto\">Va\u0161e osobn\u00ed \u00fadaje nejsou v r\u00e1mci tohoto zpracov\u00e1n\u00ed p\u0159ed\u00e1v\u00e1ny do t\u0159et\u00edch zem\u00ed ani mezin\u00e1rodn\u00edm organizac\u00edm.<\/span><span data-ccp-props=\"{}\">\u00a0<\/span><\/p>\n<p><span data-contrast=\"auto\">Automatizovan\u00e9 rozhodov\u00e1n\u00ed:<\/span><br \/>\n<span data-contrast=\"auto\">V r\u00e1mci tohoto zpracov\u00e1n\u00ed nedoch\u00e1z\u00ed k automatizovan\u00e9mu rozhodov\u00e1n\u00ed.<\/span><span data-ccp-props=\"{}\">\u00a0<\/span><\/p>\n<p><span data-contrast=\"auto\">Dal\u0161\u00ed informace<\/span><span data-ccp-props=\"{}\">\u00a0<\/span><\/p>\n<p><span data-contrast=\"auto\">Osobn\u00ed \u00fadaje mohou b\u00fdt archivov\u00e1ny ve ve\u0159ejn\u00e9m z\u00e1jmu a vyu\u017e\u00edv\u00e1ny pro v\u011bdeck\u00e9, historick\u00e9 nebo statistick\u00e9 \u00fa\u010dely.<\/span><br \/>\n<span data-contrast=\"auto\">Ve zvl\u00e1\u0161tn\u00edch p\u0159\u00edpadech mohou b\u00fdt osobn\u00ed \u00fadaje pou\u017eity tak\u00e9 pro \u0159e\u0161en\u00ed pr\u00e1vn\u00edch ot\u00e1zek, v\u010detn\u011b pln\u011bn\u00ed povinnost\u00ed v\u016f\u010di org\u00e1n\u016fm ve\u0159ejn\u00e9 spr\u00e1vy a vyhodnocov\u00e1n\u00ed pr\u00e1vn\u00edch rizik.<\/span><span data-ccp-props=\"{}\">\u00a0<\/span><\/p>\n<p><span data-contrast=\"auto\">Va\u0161e pr\u00e1va v souvislosti se zpracov\u00e1n\u00edm osobn\u00edch \u00fadaj\u016f:<\/span><br \/>\n<span data-contrast=\"auto\">Pr\u00e1vo na p\u0159\u00edstup k \u00fadaj\u016fm, pr\u00e1vo na opravu nespr\u00e1vn\u00fdch nebo ne\u00fapln\u00fdch \u00fadaj\u016f, pr\u00e1vo na v\u00fdmaz \u00fadaj\u016f, pokud pominul \u00fa\u010del nebo je zpracov\u00e1n\u00ed neopr\u00e1vn\u011bn\u00e9, pr\u00e1vo na omezen\u00ed zpracov\u00e1n\u00ed, pr\u00e1vo na p\u0159enositelnost \u00fadaj\u016f ve strukturovan\u00e9m a strojov\u011b \u010diteln\u00e9m form\u00e1tu, pr\u00e1vo neb\u00fdt p\u0159edm\u011btem automatizovan\u00e9ho rozhodov\u00e1n\u00ed.<\/span><span data-ccp-props=\"{}\">\u00a0<\/span><\/p>\n<p><span data-contrast=\"auto\">Pro uplatn\u011bn\u00ed sv\u00fdch pr\u00e1v m\u016f\u017eete vyu\u017e\u00edt n\u00e1sleduj\u00edc\u00ed zp\u016fsoby:<\/span><span data-ccp-props=\"{}\">\u00a0<\/span><\/p>\n<p><span data-contrast=\"auto\">\u2013 Elektronicky:\u202f<\/span><a href=\"https:\/\/www.skoda-auto.com\/data-privacy?utm_source=chatgpt.com\"><span data-contrast=\"none\">https:\/\/www.skoda-auto.com\/data-privacy<\/span><\/a><br \/>\n<span data-contrast=\"auto\">\u2013 Po\u0161tou: \u0160koda Auto a.s., Data Protection Office, t\u0159. V\u00e1clava Klementa 869, Mlad\u00e1 Boleslav II, CZ 293 01 Mlad\u00e1 Boleslav, \u010cesk\u00e1 republika.<\/span><span data-ccp-props=\"{}\">\u00a0<\/span><\/p>\n<p><span data-contrast=\"auto\">V p\u0159\u00edpad\u011b dotaz\u016f ohledn\u011b ochrany osobn\u00edch \u00fadaj\u016f se m\u016f\u017eete obr\u00e1tit na pov\u011b\u0159ence pro ochranu osobn\u00edch \u00fadaj\u016f \u0160koda Auto:<\/span><br \/>\n<span data-contrast=\"auto\">\u2013\u202fdpo@skoda-auto.cz<\/span><span data-ccp-props=\"{}\">\u00a0<\/span><\/p>\n<p><span data-contrast=\"auto\">Pokud nesouhlas\u00edte se zp\u016fsobem, jak\u00fdm zpracov\u00e1v\u00e1me va\u0161e osobn\u00ed \u00fadaje, m\u016f\u017eete podat st\u00ed\u017enost pov\u011b\u0159enci pro ochranu osobn\u00edch \u00fadaj\u016f \u0160koda Auto nebo dozorov\u00e9mu \u00fa\u0159adu:<\/span><br \/>\n<span data-contrast=\"auto\">\u00da\u0159ad pro ochranu osobn\u00edch \u00fadaj\u016f, Pplk. Sochora 27, 170 00 Praha 7, +420 234 665 111,\u202f<\/span><a href=\"https:\/\/www.uoou.cz\/?utm_source=chatgpt.com\"><span data-contrast=\"none\">https:\/\/www.uoou.cz<\/span><\/a><span data-ccp-props=\"{}\">\u00a0<\/span><\/p>\n<p><span data-contrast=\"auto\">\u00a0<\/span><span data-ccp-props=\"{}\">\u00a0<\/span><\/p>\n<p aria-level=\"2\"><span data-contrast=\"auto\">Dal\u0161\u00ed podm\u00ednky<\/span><span data-ccp-props=\"{&quot;134245418&quot;:true,&quot;134245529&quot;:true,&quot;335559738&quot;:360,&quot;335559739&quot;:120}\">\u00a0<\/span><\/p>\n<p><span data-contrast=\"auto\">Po\u0159adatel ur\u010duje p\u0159esn\u00e9 specifikace cen.<\/span><br \/>\n<span data-contrast=\"auto\">Zobrazen\u00ed cen v propaga\u010dn\u00edch materi\u00e1lech m\u00e1 pouze ilustrativn\u00ed charakter.<\/span><br \/>\n<span data-contrast=\"auto\">Po\u0159adatel nenese odpov\u011bdnost za \u0161kody zp\u016fsoben\u00e9 u\u017eit\u00edm v\u00fdhry.<\/span><span data-ccp-props=\"{}\">\u00a0<\/span><\/p>\n<p><span data-contrast=\"auto\">\u00da\u010dastn\u00edci nemaj\u00ed n\u00e1rok na finan\u010dn\u00ed pln\u011bn\u00ed ani jinou n\u00e1hradu v\u00fdm\u011bnou za v\u00fdhru.<\/span><br \/>\n<span data-contrast=\"auto\">Po\u0159adatel nen\u00ed povinen poskytovat jin\u00e9 pln\u011bn\u00ed, ne\u017e je v\u00fdslovn\u011b uvedeno v t\u011bchto pravidlech.<\/span><span data-ccp-props=\"{}\">\u00a0<\/span><\/p>\n<p><span data-contrast=\"auto\">Po\u0159adatel nenese odpov\u011bdnost za p\u0159\u00edm\u00e9 ani nep\u0159\u00edm\u00e9 \u0161kody souvisej\u00edc\u00ed s \u00fa\u010dast\u00ed v sout\u011b\u017ei.<\/span><br \/>\n<span data-contrast=\"auto\">\u00da\u010dastn\u00edk bere na v\u011bdom\u00ed, \u017ee Po\u0159adatel nenese odpov\u011bdnost za rizika a z\u00e1vazky spojen\u00e9 s v\u00fdhrou.<\/span><br \/>\n<span data-contrast=\"auto\">V\u00fdsledky sout\u011b\u017ee jsou kone\u010dn\u00e9 a nelze je napadnout \u00fa\u010dastn\u00edky ani v\u00fdherci.<\/span><span data-ccp-props=\"{}\">\u00a0<\/span><\/p>\n<p><span data-contrast=\"auto\">Po\u0159adatel m\u016f\u017ee \u00fa\u010dastn\u00edka ze sout\u011b\u017ee vylou\u010dit, pokud zjist\u00ed nebo m\u00e1 d\u016fvodn\u00e9 podez\u0159en\u00ed, \u017ee \u00fa\u010dastn\u00edk nebo osoby, kter\u00e9 mu pom\u00e1haj\u00ed, jednaly podvodn\u011b nebo ne\u010destn\u011b za \u00fa\u010delem z\u00edsk\u00e1n\u00ed v\u00fdhry v rozporu s pravidly.<\/span><span data-ccp-props=\"{}\">\u00a0<\/span><\/p>\n<p><span data-contrast=\"auto\">Po\u0159adatel nenese odpov\u011bdnost za nedoru\u010den\u00e9 zpr\u00e1vy nebo v\u00fdhry.<\/span><br \/>\n<span data-contrast=\"auto\">Po\u0159adatel nenese odpov\u011bdnost za chyby zp\u016fsoben\u00e9 technick\u00fdmi nebo komunika\u010dn\u00edmi probl\u00e9my.<\/span><br \/>\n<span data-contrast=\"auto\">Po\u0159adatel rozhoduje kone\u010dn\u011b o v\u0161ech st\u00ed\u017enostech a n\u00e1mitk\u00e1ch.<\/span><br \/>\n<span data-contrast=\"auto\">Po\u0159adatel si vyhrazuje pr\u00e1vo kdykoli sout\u011b\u017e zkr\u00e1tit, odlo\u017eit, pozastavit nebo zru\u0161it bez n\u00e1hrady nebo zm\u011bnit \u010di doplnit tato pravidla jednostrann\u011b, s ozn\u00e1men\u00edm na v\u00fd\u0161e uveden\u00fdch webov\u00fdch str\u00e1nk\u00e1ch, kde je dostupn\u00e1 i aktu\u00e1ln\u00ed a \u00fapln\u00e1 verze pravidel.<\/span><span data-ccp-props=\"{}\">\u00a0<\/span><\/p>\n<p><span data-contrast=\"auto\">Na sout\u011b\u017e se vztahuje pr\u00e1vo \u010cesk\u00e9 republiky.<\/span><span data-ccp-props=\"{}\">\u00a0<\/span><\/p>\n<p><span data-ccp-props=\"{}\">\u00a0<\/span><\/p>\n","protected":false},"excerpt":{"rendered":"<p>Tyto pravidla stanovuj\u00ed podm\u00ednky \u201eSout\u011b\u017ee \u0160koda 130 let\u201c (d\u00e1le jen \u201eSout\u011b\u017e\u201c) a jsou jedin\u00fdm dokumentem, kter\u00fd \u00fapln\u011b a z\u00e1vazn\u011b upravuje [&hellip;]<\/p>\n","protected":false},"author":199,"featured_media":0,"parent":30871,"menu_order":0,"comment_status":"closed","ping_status":"closed","template":"templates\/template-empty-page-headline.php","meta":{"footnotes":""},"tags":[],"class_list":["post-30875","page","type-page","status-publish","hentry"],"yoast_head":"<!-- This site is optimized with the Yoast SEO Premium plugin v25.3 (Yoast SEO v25.9) - https:\/\/yoast.com\/wordpress\/plugins\/seo\/ -->\n<title>Terms | \u0160koda We Love Cycling - \u010cesk\u00e1 republika<\/title>\n<meta name=\"robots\" content=\"index, follow, max-snippet:-1, max-image-preview:large, max-video-preview:-1\" \/>\n<link rel=\"canonical\" href=\"https:\/\/www.welovecycling.com\/cs\/130-anniversary\/terms\/\" \/>\n<meta property=\"og:locale\" content=\"cs_CZ\" \/>\n<meta property=\"og:type\" content=\"article\" \/>\n<meta property=\"og:title\" content=\"Terms\" \/>\n<meta property=\"og:description\" content=\"Tyto pravidla stanovuj\u00ed podm\u00ednky \u201eSout\u011b\u017ee \u0160koda 130 let\u201c (d\u00e1le jen \u201eSout\u011b\u017e\u201c) a jsou jedin\u00fdm dokumentem, kter\u00fd \u00fapln\u011b a z\u00e1vazn\u011b upravuje [&hellip;]\" \/>\n<meta property=\"og:url\" content=\"https:\/\/www.welovecycling.com\/cs\/130-anniversary\/terms\/\" \/>\n<meta property=\"og:site_name\" content=\"\u0160koda We Love Cycling - \u010cesk\u00e1 republika\" \/>\n<meta property=\"article:modified_time\" content=\"2025-10-01T07:06:12+00:00\" \/>\n<meta name=\"twitter:card\" content=\"summary_large_image\" \/>\n<meta name=\"twitter:label1\" content=\"Est. reading time\" \/>\n\t<meta name=\"twitter:data1\" content=\"7 minut\" \/>\n<script type=\"application\/ld+json\" class=\"yoast-schema-graph\">{\"@context\":\"https:\/\/schema.org\",\"@graph\":[{\"@type\":\"WebPage\",\"@id\":\"https:\/\/www.welovecycling.com\/cs\/130-anniversary\/terms\/\",\"url\":\"https:\/\/www.welovecycling.com\/cs\/130-anniversary\/terms\/\",\"name\":\"Terms | \u0160koda We Love Cycling - \u010cesk\u00e1 republika\",\"isPartOf\":{\"@id\":\"https:\/\/www.welovecycling.com\/cs\/#website\"},\"datePublished\":\"2025-09-03T07:20:20+00:00\",\"dateModified\":\"2025-10-01T07:06:12+00:00\",\"breadcrumb\":{\"@id\":\"https:\/\/www.welovecycling.com\/cs\/130-anniversary\/terms\/#breadcrumb\"},\"inLanguage\":\"cs\",\"potentialAction\":[{\"@type\":\"ReadAction\",\"target\":[\"https:\/\/www.welovecycling.com\/cs\/130-anniversary\/terms\/\"]}]},{\"@type\":\"BreadcrumbList\",\"@id\":\"https:\/\/www.welovecycling.com\/cs\/130-anniversary\/terms\/#breadcrumb\",\"itemListElement\":[{\"@type\":\"ListItem\",\"position\":1,\"name\":\"\u0160koda a Cyklistika\",\"item\":\"https:\/\/www.welovecycling.com\/cs\/130-anniversary\/\"},{\"@type\":\"ListItem\",\"position\":2,\"name\":\"Terms\"}]},{\"@type\":\"WebSite\",\"@id\":\"https:\/\/www.welovecycling.com\/cs\/#website\",\"url\":\"https:\/\/www.welovecycling.com\/cs\/\",\"name\":\"\u0160koda We Love Cycling - \u010cesk\u00e1 republika\",\"description\":\"WeLoveCycling.cz je online magaz\u00edn, kter\u00fd v\u00e1m pravideln\u011b p\u0159in\u00e1\u0161\u00ed rady a tipy, zaj\u00edmav\u00e9 \u010dl\u00e1nky, videa a jedine\u010dn\u00e9 report\u00e1\u017ee ze sv\u011bta cyklistiky.\",\"potentialAction\":[{\"@type\":\"SearchAction\",\"target\":{\"@type\":\"EntryPoint\",\"urlTemplate\":\"https:\/\/www.welovecycling.com\/cs\/?s={search_term_string}\"},\"query-input\":{\"@type\":\"PropertyValueSpecification\",\"valueRequired\":true,\"valueName\":\"search_term_string\"}}],\"inLanguage\":\"cs\"}]}<\/script>\n<!-- \/ Yoast SEO Premium plugin. -->","yoast_head_json":{"title":"Terms | \u0160koda We Love Cycling - \u010cesk\u00e1 republika","robots":{"index":"index","follow":"follow","max-snippet":"max-snippet:-1","max-image-preview":"max-image-preview:large","max-video-preview":"max-video-preview:-1"},"canonical":"https:\/\/www.welovecycling.com\/cs\/130-anniversary\/terms\/","og_locale":"cs_CZ","og_type":"article","og_title":"Terms","og_description":"Tyto pravidla stanovuj\u00ed podm\u00ednky \u201eSout\u011b\u017ee \u0160koda 130 let\u201c (d\u00e1le jen \u201eSout\u011b\u017e\u201c) a jsou jedin\u00fdm dokumentem, kter\u00fd \u00fapln\u011b a z\u00e1vazn\u011b upravuje [&hellip;]","og_url":"https:\/\/www.welovecycling.com\/cs\/130-anniversary\/terms\/","og_site_name":"\u0160koda We Love Cycling - \u010cesk\u00e1 republika","article_modified_time":"2025-10-01T07:06:12+00:00","twitter_card":"summary_large_image","twitter_misc":{"Est. reading time":"7 minut"},"schema":{"@context":"https:\/\/schema.org","@graph":[{"@type":"WebPage","@id":"https:\/\/www.welovecycling.com\/cs\/130-anniversary\/terms\/","url":"https:\/\/www.welovecycling.com\/cs\/130-anniversary\/terms\/","name":"Terms | \u0160koda We Love Cycling - \u010cesk\u00e1 republika","isPartOf":{"@id":"https:\/\/www.welovecycling.com\/cs\/#website"},"datePublished":"2025-09-03T07:20:20+00:00","dateModified":"2025-10-01T07:06:12+00:00","breadcrumb":{"@id":"https:\/\/www.welovecycling.com\/cs\/130-anniversary\/terms\/#breadcrumb"},"inLanguage":"cs","potentialAction":[{"@type":"ReadAction","target":["https:\/\/www.welovecycling.com\/cs\/130-anniversary\/terms\/"]}]},{"@type":"BreadcrumbList","@id":"https:\/\/www.welovecycling.com\/cs\/130-anniversary\/terms\/#breadcrumb","itemListElement":[{"@type":"ListItem","position":1,"name":"\u0160koda a Cyklistika","item":"https:\/\/www.welovecycling.com\/cs\/130-anniversary\/"},{"@type":"ListItem","position":2,"name":"Terms"}]},{"@type":"WebSite","@id":"https:\/\/www.welovecycling.com\/cs\/#website","url":"https:\/\/www.welovecycling.com\/cs\/","name":"\u0160koda We Love Cycling - \u010cesk\u00e1 republika","description":"WeLoveCycling.cz je online magaz\u00edn, kter\u00fd v\u00e1m pravideln\u011b p\u0159in\u00e1\u0161\u00ed rady a tipy, zaj\u00edmav\u00e9 \u010dl\u00e1nky, videa a jedine\u010dn\u00e9 report\u00e1\u017ee ze sv\u011bta cyklistiky.","potentialAction":[{"@type":"SearchAction","target":{"@type":"EntryPoint","urlTemplate":"https:\/\/www.welovecycling.com\/cs\/?s={search_term_string}"},"query-input":{"@type":"PropertyValueSpecification","valueRequired":true,"valueName":"search_term_string"}}],"inLanguage":"cs"}]}},"_links":{"self":[{"href":"https:\/\/www.welovecycling.com\/cs\/wp-json\/wp\/v2\/pages\/30875","targetHints":{"allow":["GET"]}}],"collection":[{"href":"https:\/\/www.welovecycling.com\/cs\/wp-json\/wp\/v2\/pages"}],"about":[{"href":"https:\/\/www.welovecycling.com\/cs\/wp-json\/wp\/v2\/types\/page"}],"author":[{"embeddable":true,"href":"https:\/\/www.welovecycling.com\/cs\/wp-json\/wp\/v2\/users\/199"}],"replies":[{"embeddable":true,"href":"https:\/\/www.welovecycling.com\/cs\/wp-json\/wp\/v2\/comments?post=30875"}],"version-history":[{"count":1,"href":"https:\/\/www.welovecycling.com\/cs\/wp-json\/wp\/v2\/pages\/30875\/revisions"}],"predecessor-version":[{"id":30876,"href":"https:\/\/www.welovecycling.com\/cs\/wp-json\/wp\/v2\/pages\/30875\/revisions\/30876"}],"up":[{"embeddable":true,"href":"https:\/\/www.welovecycling.com\/cs\/wp-json\/wp\/v2\/pages\/30871"}],"wp:attachment":[{"href":"https:\/\/www.welovecycling.com\/cs\/wp-json\/wp\/v2\/media?parent=30875"}],"wp:term":[{"taxonomy":"post_tag","embeddable":true,"href":"https:\/\/www.welovecycling.com\/cs\/wp-json\/wp\/v2\/tags?post=30875"}],"curies":[{"name":"wp","href":"https:\/\/api.w.org\/{rel}","templated":true}]}}