{"id":30871,"date":"2025-09-03T09:17:13","date_gmt":"2025-09-03T07:17:13","guid":{"rendered":"https:\/\/www.welovecycling.com\/cs\/?page_id=30871"},"modified":"2026-01-07T11:57:32","modified_gmt":"2026-01-07T09:57:32","slug":"130-anniversary","status":"publish","type":"page","link":"https:\/\/www.welovecycling.com\/cs\/130-anniversary\/","title":{"rendered":"\u0160koda a Cyklistika"},"content":{"rendered":"","protected":false},"excerpt":{"rendered":"","protected":false},"author":199,"featured_media":30887,"parent":0,"menu_order":0,"comment_status":"closed","ping_status":"closed","template":"\/var\/www\/html\/web\/app\/plugins\/avenga-130-years\/templates\/template-hijack.php","meta":{"footnotes":""},"tags":[],"class_list":["post-30871","page","type-page","status-publish","has-post-thumbnail","hentry"],"yoast_head":"<!-- This site is optimized with the Yoast SEO Premium plugin v25.3 (Yoast SEO v25.9) - https:\/\/yoast.com\/wordpress\/plugins\/seo\/ -->\n<title>\u0160koda a Cyklistika | \u0160koda We Love Cycling - \u010cesk\u00e1 republika<\/title>\n<meta name=\"description\" content=\"Historie cyklistiky \u0160koda vysv\u011btlena: objevte, jak kola formovala zna\u010dku, od ikonick\u00e9ho kola Slavia a\u017e po trval\u00fd z\u00e1vazek k cyklistice.\" \/>\n<meta name=\"robots\" content=\"index, follow, max-snippet:-1, max-image-preview:large, max-video-preview:-1\" \/>\n<link rel=\"canonical\" href=\"https:\/\/www.welovecycling.com\/cs\/130-anniversary\/\" \/>\n<meta property=\"og:locale\" content=\"cs_CZ\" \/>\n<meta property=\"og:type\" content=\"article\" \/>\n<meta property=\"og:title\" content=\"\u0160koda a Cyklistika\" \/>\n<meta property=\"og:description\" content=\"Historie cyklistiky \u0160koda vysv\u011btlena: objevte, jak kola formovala zna\u010dku, od ikonick\u00e9ho kola Slavia a\u017e po trval\u00fd z\u00e1vazek k cyklistice.\" \/>\n<meta property=\"og:url\" content=\"https:\/\/www.welovecycling.com\/cs\/130-anniversary\/\" \/>\n<meta property=\"og:site_name\" content=\"\u0160koda We Love Cycling - \u010cesk\u00e1 republika\" \/>\n<meta property=\"article:modified_time\" content=\"2026-01-07T09:57:32+00:00\" \/>\n<meta property=\"og:image\" content=\"https:\/\/d2p6e6u75xmxt8.cloudfront.net\/13\/2025\/09\/social-130.webp\" \/>\n\t<meta property=\"og:image:width\" content=\"1390\" \/>\n\t<meta property=\"og:image:height\" content=\"744\" \/>\n\t<meta property=\"og:image:type\" content=\"image\/webp\" \/>\n<meta name=\"twitter:card\" content=\"summary_large_image\" \/>\n<script type=\"application\/ld+json\" class=\"yoast-schema-graph\">{\"@context\":\"https:\/\/schema.org\",\"@graph\":[{\"@type\":\"WebPage\",\"@id\":\"https:\/\/www.welovecycling.com\/cs\/130-anniversary\/\",\"url\":\"https:\/\/www.welovecycling.com\/cs\/130-anniversary\/\",\"name\":\"\u0160koda a Cyklistika | \u0160koda We Love Cycling - \u010cesk\u00e1 republika\",\"isPartOf\":{\"@id\":\"https:\/\/www.welovecycling.com\/cs\/#website\"},\"primaryImageOfPage\":{\"@id\":\"https:\/\/www.welovecycling.com\/cs\/130-anniversary\/#primaryimage\"},\"image\":{\"@id\":\"https:\/\/www.welovecycling.com\/cs\/130-anniversary\/#primaryimage\"},\"thumbnailUrl\":\"https:\/\/d2p6e6u75xmxt8.cloudfront.net\/13\/2025\/09\/social-130.webp\",\"datePublished\":\"2025-09-03T07:17:13+00:00\",\"dateModified\":\"2026-01-07T09:57:32+00:00\",\"description\":\"Historie cyklistiky \u0160koda vysv\u011btlena: objevte, jak kola formovala zna\u010dku, od ikonick\u00e9ho kola Slavia a\u017e po trval\u00fd z\u00e1vazek k cyklistice.\",\"inLanguage\":\"cs\",\"potentialAction\":[{\"@type\":\"ReadAction\",\"target\":[\"https:\/\/www.welovecycling.com\/cs\/130-anniversary\/\"]}]},{\"@type\":\"ImageObject\",\"inLanguage\":\"cs\",\"@id\":\"https:\/\/www.welovecycling.com\/cs\/130-anniversary\/#primaryimage\",\"url\":\"https:\/\/d2p6e6u75xmxt8.cloudfront.net\/13\/2025\/09\/social-130.webp\",\"contentUrl\":\"https:\/\/d2p6e6u75xmxt8.cloudfront.net\/13\/2025\/09\/social-130.webp\",\"width\":1390,\"height\":744},{\"@type\":\"WebSite\",\"@id\":\"https:\/\/www.welovecycling.com\/cs\/#website\",\"url\":\"https:\/\/www.welovecycling.com\/cs\/\",\"name\":\"\u0160koda We Love Cycling - \u010cesk\u00e1 republika\",\"description\":\"WeLoveCycling.cz je online magaz\u00edn, kter\u00fd v\u00e1m pravideln\u011b p\u0159in\u00e1\u0161\u00ed rady a tipy, zaj\u00edmav\u00e9 \u010dl\u00e1nky, videa a jedine\u010dn\u00e9 report\u00e1\u017ee ze sv\u011bta cyklistiky.\",\"potentialAction\":[{\"@type\":\"SearchAction\",\"target\":{\"@type\":\"EntryPoint\",\"urlTemplate\":\"https:\/\/www.welovecycling.com\/cs\/?s={search_term_string}\"},\"query-input\":{\"@type\":\"PropertyValueSpecification\",\"valueRequired\":true,\"valueName\":\"search_term_string\"}}],\"inLanguage\":\"cs\"}]}<\/script>\n<!-- \/ Yoast SEO Premium plugin. -->","yoast_head_json":{"title":"\u0160koda a Cyklistika | \u0160koda We Love Cycling - \u010cesk\u00e1 republika","description":"Historie cyklistiky \u0160koda vysv\u011btlena: objevte, jak kola formovala zna\u010dku, od ikonick\u00e9ho kola Slavia a\u017e po trval\u00fd z\u00e1vazek k cyklistice.","robots":{"index":"index","follow":"follow","max-snippet":"max-snippet:-1","max-image-preview":"max-image-preview:large","max-video-preview":"max-video-preview:-1"},"canonical":"https:\/\/www.welovecycling.com\/cs\/130-anniversary\/","og_locale":"cs_CZ","og_type":"article","og_title":"\u0160koda a Cyklistika","og_description":"Historie cyklistiky \u0160koda vysv\u011btlena: objevte, jak kola formovala zna\u010dku, od ikonick\u00e9ho kola Slavia a\u017e po trval\u00fd z\u00e1vazek k cyklistice.","og_url":"https:\/\/www.welovecycling.com\/cs\/130-anniversary\/","og_site_name":"\u0160koda We Love Cycling - \u010cesk\u00e1 republika","article_modified_time":"2026-01-07T09:57:32+00:00","og_image":[{"width":1390,"height":744,"url":"https:\/\/d2p6e6u75xmxt8.cloudfront.net\/13\/2025\/09\/social-130.webp","type":"image\/webp"}],"twitter_card":"summary_large_image","schema":{"@context":"https:\/\/schema.org","@graph":[{"@type":"WebPage","@id":"https:\/\/www.welovecycling.com\/cs\/130-anniversary\/","url":"https:\/\/www.welovecycling.com\/cs\/130-anniversary\/","name":"\u0160koda a Cyklistika | \u0160koda We Love Cycling - \u010cesk\u00e1 republika","isPartOf":{"@id":"https:\/\/www.welovecycling.com\/cs\/#website"},"primaryImageOfPage":{"@id":"https:\/\/www.welovecycling.com\/cs\/130-anniversary\/#primaryimage"},"image":{"@id":"https:\/\/www.welovecycling.com\/cs\/130-anniversary\/#primaryimage"},"thumbnailUrl":"https:\/\/d2p6e6u75xmxt8.cloudfront.net\/13\/2025\/09\/social-130.webp","datePublished":"2025-09-03T07:17:13+00:00","dateModified":"2026-01-07T09:57:32+00:00","description":"Historie cyklistiky \u0160koda vysv\u011btlena: objevte, jak kola formovala zna\u010dku, od ikonick\u00e9ho kola Slavia a\u017e po trval\u00fd z\u00e1vazek k cyklistice.","inLanguage":"cs","potentialAction":[{"@type":"ReadAction","target":["https:\/\/www.welovecycling.com\/cs\/130-anniversary\/"]}]},{"@type":"ImageObject","inLanguage":"cs","@id":"https:\/\/www.welovecycling.com\/cs\/130-anniversary\/#primaryimage","url":"https:\/\/d2p6e6u75xmxt8.cloudfront.net\/13\/2025\/09\/social-130.webp","contentUrl":"https:\/\/d2p6e6u75xmxt8.cloudfront.net\/13\/2025\/09\/social-130.webp","width":1390,"height":744},{"@type":"WebSite","@id":"https:\/\/www.welovecycling.com\/cs\/#website","url":"https:\/\/www.welovecycling.com\/cs\/","name":"\u0160koda We Love Cycling - \u010cesk\u00e1 republika","description":"WeLoveCycling.cz je online magaz\u00edn, kter\u00fd v\u00e1m pravideln\u011b p\u0159in\u00e1\u0161\u00ed rady a tipy, zaj\u00edmav\u00e9 \u010dl\u00e1nky, videa a jedine\u010dn\u00e9 report\u00e1\u017ee ze sv\u011bta cyklistiky.","potentialAction":[{"@type":"SearchAction","target":{"@type":"EntryPoint","urlTemplate":"https:\/\/www.welovecycling.com\/cs\/?s={search_term_string}"},"query-input":{"@type":"PropertyValueSpecification","valueRequired":true,"valueName":"search_term_string"}}],"inLanguage":"cs"}]}},"_links":{"self":[{"href":"https:\/\/www.welovecycling.com\/cs\/wp-json\/wp\/v2\/pages\/30871","targetHints":{"allow":["GET"]}}],"collection":[{"href":"https:\/\/www.welovecycling.com\/cs\/wp-json\/wp\/v2\/pages"}],"about":[{"href":"https:\/\/www.welovecycling.com\/cs\/wp-json\/wp\/v2\/types\/page"}],"author":[{"embeddable":true,"href":"https:\/\/www.welovecycling.com\/cs\/wp-json\/wp\/v2\/users\/199"}],"replies":[{"embeddable":true,"href":"https:\/\/www.welovecycling.com\/cs\/wp-json\/wp\/v2\/comments?post=30871"}],"version-history":[{"count":2,"href":"https:\/\/www.welovecycling.com\/cs\/wp-json\/wp\/v2\/pages\/30871\/revisions"}],"predecessor-version":[{"id":32058,"href":"https:\/\/www.welovecycling.com\/cs\/wp-json\/wp\/v2\/pages\/30871\/revisions\/32058"}],"wp:featuredmedia":[{"embeddable":true,"href":"https:\/\/www.welovecycling.com\/cs\/wp-json\/wp\/v2\/media\/30887"}],"wp:attachment":[{"href":"https:\/\/www.welovecycling.com\/cs\/wp-json\/wp\/v2\/media?parent=30871"}],"wp:term":[{"taxonomy":"post_tag","embeddable":true,"href":"https:\/\/www.welovecycling.com\/cs\/wp-json\/wp\/v2\/tags?post=30871"}],"curies":[{"name":"wp","href":"https:\/\/api.w.org\/{rel}","templated":true}]}}