{"id":30552,"date":"2025-08-11T17:04:41","date_gmt":"2025-08-11T15:04:41","guid":{"rendered":"https:\/\/www.welovecycling.com\/cs\/?page_id=30552"},"modified":"2025-08-15T16:23:09","modified_gmt":"2025-08-15T14:23:09","slug":"pravidla-souteze","status":"publish","type":"page","link":"https:\/\/www.welovecycling.com\/cs\/la-vuelta-2025\/pravidla-souteze\/","title":{"rendered":"Pravidla soute\u017ee"},"content":{"rendered":"<p><b><span data-contrast=\"auto\">Tato pravidla upravuj\u00ed podm\u00ednky sout\u011b\u017ee \u201e2025 La Vuelta Contest\u201c (d\u00e1le jen \u201eSout\u011b\u017e\u201c) a p\u0159edstavuj\u00ed jedin\u00fd dokument, kter\u00fd z\u00e1vazn\u011b a \u00fapln\u011b upravuje pravidla t\u00e9to sout\u011b\u017ee.<\/span><\/b><span data-ccp-props=\"{&quot;134233117&quot;:true,&quot;134233118&quot;:true,&quot;201341983&quot;:0,&quot;335559740&quot;:240}\">\u00a0<\/span><\/p>\n<p><b><span data-contrast=\"auto\">Po\u0159adatel a organiz\u00e1tor sout\u011b\u017ee<\/span><\/b><br \/>\n<span data-contrast=\"auto\">Po\u0159adatelem sout\u011b\u017ee je spole\u010dnost \u0160koda Auto a.s., akciov\u00e1 spole\u010dnost se s\u00eddlem t\u0159. V\u00e1clava Klementa 869, 293 01 Mlad\u00e1 Boleslav, \u010cesk\u00e1 republika, I\u010cO 00177041, zapsan\u00e1 v obchodn\u00edm rejst\u0159\u00edku veden\u00e9m M\u011bstsk\u00fdm soudem v Praze, odd\u00edl B, vlo\u017eka 332 (d\u00e1le jen \u201ePo\u0159adatel\u201c).<\/span><br \/>\n<span data-contrast=\"auto\">Organiz\u00e1torem sout\u011b\u017ee, kter\u00fd zaji\u0161\u0165uje praktick\u00e9 kroky jej\u00ed organizace, je spole\u010dnost MUSTARD s.r.o., se s\u00eddlem Praha 1 \u2013 Nov\u00e9 M\u011bsto, Masarykovo n\u00e1b\u0159. 246, 110 00, \u010cesk\u00e1 republika, I\u010cO 28531418, zapsan\u00e1 v obchodn\u00edm rejst\u0159\u00edku veden\u00e9m M\u011bstsk\u00fdm soudem v Praze, odd\u00edl C, vlo\u017eka 148383.<\/span><br \/>\n<span data-contrast=\"auto\">(d\u00e1le jen \u201eOrganiz\u00e1tor\u201c)<\/span><span data-ccp-props=\"{&quot;134233117&quot;:true,&quot;134233118&quot;:true,&quot;201341983&quot;:0,&quot;335559740&quot;:240}\">\u00a0<\/span><\/p>\n<p><b><span data-contrast=\"auto\">Trv\u00e1n\u00ed a m\u00edsto kon\u00e1n\u00ed sout\u011b\u017ee, sout\u011b\u017en\u00ed kola<\/span><\/b><br \/>\n<span data-contrast=\"auto\">\u25cf sout\u011b\u017en\u00ed kolo \u2013 od 00:01 (CET) dne 23. 08. 2025 do 23:59 (CET) dne 14. 09. 2025<\/span><span data-ccp-props=\"{&quot;134233117&quot;:true,&quot;134233118&quot;:true,&quot;201341983&quot;:0,&quot;335559740&quot;:240}\">\u00a0<\/span><\/p>\n<p><span data-contrast=\"auto\">Sout\u011b\u017e prob\u00edh\u00e1 na webov\u00e9 str\u00e1nce <\/span><a href=\"http:\/\/www.welovecycling.com\/\"><span data-contrast=\"none\">www.welovecycling.com<\/span><\/a><span data-contrast=\"auto\"> (d\u00e1le jen \u201eSout\u011b\u017en\u00ed web\u201c), kde z\u00e1rove\u0148 prob\u00edh\u00e1 komunikace s \u00fa\u010dastn\u00edky.<\/span><span data-ccp-props=\"{&quot;134233117&quot;:true,&quot;134233118&quot;:true,&quot;201341983&quot;:0,&quot;335559740&quot;:240}\">\u00a0<\/span><\/p>\n<p><b><span data-contrast=\"auto\">\u00da\u010dastn\u00edci sout\u011b\u017ee<\/span><\/b><br \/>\n<span data-contrast=\"auto\">Sout\u011b\u017ee se m\u016f\u017ee z\u00fa\u010dastnit ka\u017ed\u00e1 fyzick\u00e1 osoba, kter\u00e1 dovr\u0161ila alespo\u0148 18 let a m\u00e1 trval\u00fd pobyt v n\u011bkter\u00e9 z n\u00e1sleduj\u00edc\u00edch zem\u00ed, kde sout\u011b\u017e prob\u00edh\u00e1: ANDORRA, AUSTR\u00c1LIE, RAKOUSKO, BELGIE, BOSNA, BULHARSKO, CHORVATSKO, \u010cESK\u00c1 REPUBLIKA, D\u00c1NSKO, ESTONSKO, FINSKO, FRANCIE, N\u011aMECKO, VELK\u00c1 BRIT\u00c1NIE, \u0158ECKO, MA\u010eARSKO, ISLAND, IRSKO, IT\u00c1LIE, LOTY\u0160SKO, LICHTEN\u0160TEJNSKO, LITVA, LUCEMBURSKO, \u010cERN\u00c1 HORA, NIZOZEMSKO, NORSKO, POLSKO, PORTUGALSKO, RUMUNSKO, SRBSKO, SLOVENSKO, SLOVINSKO, \u0160PAN\u011aLSKO, \u0160V\u00c9DSKO, \u0160V\u00ddCARSKO, UKRAJINA.<\/span><br \/>\n<span data-contrast=\"auto\">Pro \u00fa\u010dast v sout\u011b\u017ei je nutn\u00e9 prov\u00e9st registraci na Sout\u011b\u017en\u00edm webu v pr\u016fb\u011bhu sout\u011b\u017en\u00ed periody a potvrdit bezv\u00fdhradn\u00fd souhlas s t\u011bmito pravidly. Sou\u010d\u00e1st\u00ed registrace (sout\u011b\u017en\u00edho formul\u00e1\u0159e) je i poskytnut\u00ed osobn\u00edch \u00fadaj\u016f \u2013 e-mailov\u00e9 adresy, kter\u00e1 bude vyu\u017eita v\u00fdhradn\u011b pro \u00fa\u010dely t\u00e9to sout\u011b\u017ee.<\/span><br \/>\n<span data-contrast=\"auto\">Ka\u017ed\u00fd \u00fa\u010dastn\u00edk se m\u016f\u017ee zaregistrovat pouze jednou a pouze pod svou vlastn\u00ed e-mailovou adresou. Po\u0159adatel si vyhrazuje pr\u00e1vo ov\u011b\u0159it dodr\u017een\u00ed tohoto pravidla technick\u00fdmi i organiza\u010dn\u00edmi prost\u0159edky.<\/span><br \/>\n<span data-contrast=\"auto\">Z \u00fa\u010dasti jsou vylou\u010deny v\u0161echny osoby, kter\u00e9 se pod\u00edlely na p\u0159\u00edprav\u011b sout\u011b\u017ee, zejm\u00e9na osoby v pracovn\u00edm \u010di obdobn\u00e9m vztahu k Po\u0159adateli nebo Organiz\u00e1torovi, stejn\u011b jako osoby v obdobn\u00e9m vztahu k autorizovan\u00fdm partner\u016fm \u0160koda nebo agentur\u00e1m zaji\u0161\u0165uj\u00edc\u00edm tuto sout\u011b\u017e, jejich rodinn\u00ed p\u0159\u00edslu\u0161n\u00edci a bl\u00edzc\u00ed.<\/span><span data-ccp-props=\"{&quot;134233117&quot;:true,&quot;134233118&quot;:true,&quot;201341983&quot;:0,&quot;335559740&quot;:240}\">\u00a0<\/span><\/p>\n<p><b><span data-contrast=\"auto\">Mechanismus sout\u011b\u017ee a vyhodnocen\u00ed v\u00fdherc\u016f<\/span><\/b><br \/>\n<span data-contrast=\"auto\">\u00dakolem \u00fa\u010dastn\u00edka je zodpov\u011bd\u011bt t\u0159i sout\u011b\u017en\u00ed ot\u00e1zky. V\u0161ichni \u00fa\u010dastn\u00edci, kte\u0159\u00ed spr\u00e1vn\u011b zodpov\u011bd\u00ed v\u0161echny t\u0159i ot\u00e1zky a zaregistruj\u00ed se na webu We Love Cycling, maj\u00ed \u0161anci vyhr\u00e1t cenu.<\/span><br \/>\n<span data-contrast=\"auto\">V\u00fdhru z\u00edskaj\u00ed \u00fa\u010dastn\u00edci, jejich\u017e spr\u00e1vn\u00e9 odpov\u011bdi se objev\u00ed na pozic\u00edch 1\/17, 2\/17, 3\/17, 4\/17, 5\/17, 6\/17, 7\/17, 8\/17, 9\/17, 10\/17, 11\/17, 12\/17 a 13\/17 v po\u0159ad\u00ed v\u0161ech \u00fa\u010dastn\u00edk\u016f. Pokud po\u010det \u00fa\u010dastn\u00edk\u016f nebude d\u011bliteln\u00fd 17, v\u00fdsledek se zaokrouhl\u00ed dol\u016f na nejbli\u017e\u0161\u00ed cel\u00e9 \u010d\u00edslo d\u011bliteln\u00e9 17.<\/span><br \/>\n<span data-contrast=\"auto\">Po\u0159ad\u00ed \u00fa\u010dastn\u00edk\u016f bude ur\u010deno chronologicky podle \u010dasu odesl\u00e1n\u00ed odpov\u011bd\u00ed. V\u00fdherci budou prvn\u00ed osoby na uveden\u00fdch pozic\u00edch.<\/span><br \/>\n<span data-contrast=\"auto\">Po\u0159adatel kontaktuje v\u00fdherce e-mailem uveden\u00fdm p\u0159i registraci do p\u011bti dn\u016f od skon\u010den\u00ed sout\u011b\u017en\u00edho kola a vyzve je k poskytnut\u00ed \u00fadaj\u016f pot\u0159ebn\u00fdch pro p\u0159ed\u00e1n\u00ed nebo zasl\u00e1n\u00ed v\u00fdhry nebo k dal\u0161\u00ed komunikaci. Pokud v\u00fdherce nereaguje, ani po opakovan\u00e9m kontaktu, nebo neposkytne \u00fadaje do 24 hodin, n\u00e1rok na v\u00fdhru zanik\u00e1 bez n\u00e1hrady.<\/span><span data-ccp-props=\"{&quot;134233117&quot;:true,&quot;134233118&quot;:true,&quot;201341983&quot;:0,&quot;335559740&quot;:240}\">\u00a0<\/span><\/p>\n<p><b><span data-contrast=\"auto\">Popis v\u00fdher<\/span><\/b><br \/>\n<span data-contrast=\"auto\">\u25cf 1x \u0161pi\u010dkov\u00e9 gravel kolo \u0160koda<\/span><br \/>\n<span data-contrast=\"auto\">\u25cf 2x bikepackingov\u00e1 sada pro dobrodruhy<\/span><br \/>\n<span data-contrast=\"auto\">\u25cf 10x zelen\u00fd dres \u0160koda La Vuelta<\/span><span data-ccp-props=\"{&quot;134233117&quot;:true,&quot;134233118&quot;:true,&quot;201341983&quot;:0,&quot;335559740&quot;:240}\">\u00a0<\/span><\/p>\n<p><span data-contrast=\"auto\">Z d\u016fvodu mo\u017en\u00e9ho zpo\u017ed\u011bn\u00ed v dostupnosti komponent\u016f m\u016f\u017ee dod\u00e1n\u00ed kol trvat a\u017e 8 m\u011bs\u00edc\u016f. Toto zpo\u017ed\u011bn\u00ed je zp\u016fsobeno faktory mimo na\u0161i okam\u017eitou kontrolu, jako je zaji\u0161t\u011bn\u00ed pot\u0159ebn\u00fdch d\u00edl\u016f.<\/span><span data-ccp-props=\"{&quot;134233117&quot;:true,&quot;134233118&quot;:true,&quot;201341983&quot;:0,&quot;335559740&quot;:240}\">\u00a0<\/span><\/p>\n<p><b><span data-contrast=\"auto\">Informace o zpracov\u00e1n\u00ed osobn\u00edch \u00fadaj\u016f<\/span><\/b><br \/>\n<span data-contrast=\"auto\">Po\u0159adatel jako\u017eto spr\u00e1vce osobn\u00edch \u00fadaj\u016f podle Na\u0159\u00edzen\u00ed (EU) 2016\/679 (GDPR) poskytuje n\u00e1sleduj\u00edc\u00ed informace o zpracov\u00e1n\u00ed osobn\u00edch \u00fadaj\u016f a pr\u00e1vech subjekt\u016f \u00fadaj\u016f.<\/span><br \/>\n<span data-contrast=\"auto\">Zpracov\u00e1n\u00ed prob\u00edh\u00e1 v r\u00e1mci t\u00e9to \u010dinnosti:<\/span><br \/>\n<span data-contrast=\"auto\">\u2013 organizace sout\u011b\u017ee a zaji\u0161t\u011bn\u00ed f\u00e9rov\u00e9ho hlasov\u00e1n\u00ed v sout\u011b\u017ei<\/span><br \/>\n<span data-contrast=\"auto\">Pr\u00e1vn\u00ed z\u00e1klad zpracov\u00e1n\u00ed: Osobn\u00ed \u00fadaje jsou zpracov\u00e1v\u00e1ny na z\u00e1klad\u011b uzav\u0159en\u00ed smlouvy (t\u011bchto sout\u011b\u017en\u00edch pravidel).<\/span><br \/>\n<span data-contrast=\"auto\">Kategorie zpracov\u00e1van\u00fdch osobn\u00edch \u00fadaj\u016f: identifika\u010dn\u00ed \u00fadaje, kontaktn\u00ed \u00fadaje, informace o komunikaci a interakci.<\/span><br \/>\n<span data-contrast=\"auto\">Doba zpracov\u00e1n\u00ed: Osobn\u00ed \u00fadaje budou zpracov\u00e1v\u00e1ny po dobu jednoho roku od ukon\u010den\u00ed sout\u011b\u017ee.<\/span><br \/>\n<span data-contrast=\"auto\">Kategorie zpracovatel\u016f nebo p\u0159\u00edjemc\u016f, kter\u00fdm mohou b\u00fdt osobn\u00ed \u00fadaje zp\u0159\u00edstupn\u011bny: Zpracovatelem osobn\u00edch \u00fadaj\u016f je spole\u010dnost MUSTARD s.r.o., se s\u00eddlem Praha 1 \u2013 Nov\u00e9 M\u011bsto, Masarykovo n\u00e1b\u0159. 246, 110 00, \u010cesk\u00e1 republika, I\u010cO 28531418, zapsan\u00e1 v obchodn\u00edm rejst\u0159\u00edku veden\u00e9m M\u011bstsk\u00fdm soudem v Praze, odd\u00edl C, vlo\u017eka 148383 (Organiz\u00e1tor). Na po\u017e\u00e1d\u00e1n\u00ed mohou b\u00fdt osobn\u00ed \u00fadaje poskytnuty ve\u0159ejn\u00fdm org\u00e1n\u016fm, zejm\u00e9na soud\u016fm, Policii \u010cR a jin\u00fdm org\u00e1n\u016fm \u010dinn\u00fdm v trestn\u00edm \u0159\u00edzen\u00ed v nezbytn\u00e9m rozsahu a v mez\u00edch z\u00e1kona.<\/span><br \/>\n<span data-contrast=\"auto\">Zdroj osobn\u00edch \u00fadaj\u016f: Osobn\u00ed \u00fadaje z\u00edsk\u00e1v\u00e1me p\u0159\u00edmo od v\u00e1s.<\/span><br \/>\n<span data-contrast=\"auto\">P\u0159ed\u00e1v\u00e1n\u00ed osobn\u00edch \u00fadaj\u016f do t\u0159et\u00edch zem\u00ed nebo nadn\u00e1rodn\u00edm spole\u010dnostem: V r\u00e1mci tohoto zpracov\u00e1n\u00ed nedoch\u00e1z\u00ed k p\u0159ed\u00e1v\u00e1n\u00ed \u00fadaj\u016f do t\u0159et\u00edch zem\u00ed nebo nadn\u00e1rodn\u00edm spole\u010dnostem.<\/span><br \/>\n<span data-contrast=\"auto\">Automatizovan\u00e9 rozhodov\u00e1n\u00ed na z\u00e1klad\u011b osobn\u00edch \u00fadaj\u016f: V r\u00e1mci tohoto zpracov\u00e1n\u00ed nedoch\u00e1z\u00ed k automatizovan\u00e9mu rozhodov\u00e1n\u00ed.<\/span><br \/>\n<span data-contrast=\"auto\">Dal\u0161\u00ed informace: Osobn\u00ed \u00fadaje mohou b\u00fdt archivov\u00e1ny ve ve\u0159ejn\u00e9m z\u00e1jmu a vyu\u017eity pro v\u011bdeck\u00fd, historick\u00fd nebo statistick\u00fd v\u00fdzkum. V od\u016fvodn\u011bn\u00fdch p\u0159\u00edpadech mohou b\u00fdt osobn\u00ed \u00fadaje zpracov\u00e1ny tak\u00e9 za \u00fa\u010delem pr\u00e1vn\u00edho \u0159e\u0161en\u00ed z\u00e1le\u017eitost\u00ed v\u010detn\u011b pln\u011bn\u00ed povinnost\u00ed v\u016f\u010di org\u00e1n\u016fm ve\u0159ejn\u00e9 moci, monitorov\u00e1n\u00ed a vyhodnocov\u00e1n\u00ed pr\u00e1vn\u00edch rizik.<\/span><br \/>\n<span data-contrast=\"auto\">V r\u00e1mci zpracov\u00e1n\u00ed osobn\u00edch \u00fadaj\u016f m\u00e1te tato pr\u00e1va: P\u0159\u00edstup k osobn\u00edm \u00fadaj\u016fm, opravu nep\u0159esn\u00fdch nebo ne\u00fapln\u00fdch \u00fadaj\u016f, v\u00fdmaz \u00fadaj\u016f, pokud pominul \u00fa\u010del zpracov\u00e1n\u00ed nebo do\u0161lo k neopr\u00e1vn\u011bn\u00e9mu zpracov\u00e1n\u00ed, omezen\u00ed zpracov\u00e1n\u00ed, p\u0159enositelnost \u00fadaj\u016f ve strukturovan\u00e9m a strojov\u011b \u010diteln\u00e9m form\u00e1tu sob\u011b nebo jin\u00e9mu spr\u00e1vci, pr\u00e1vo neb\u00fdt p\u0159edm\u011btem automatizovan\u00e9ho rozhodov\u00e1n\u00ed.<\/span><br \/>\n<span data-contrast=\"auto\">Pro uplatn\u011bn\u00ed sv\u00fdch pr\u00e1v pou\u017eijte tyto kontaktn\u00ed \u00fadaje:<\/span><br \/>\n<span data-contrast=\"auto\">\u2013 elektronicky na: <\/span><a href=\"https:\/\/www.skoda-auto.com\/data-privacy\"><span data-contrast=\"none\">https:\/\/www.skoda-auto.com\/data-privacy<\/span><\/a><br \/>\n<span data-contrast=\"auto\">\u2013 po\u0161tou: \u0160koda Auto a.s., Data Protection Office, t\u0159. V\u00e1clava Klementa 869, 293 01 Mlad\u00e1 Boleslav, \u010cesk\u00e1 republika (v angli\u010dtin\u011b nebo \u010de\u0161tin\u011b)<\/span><br \/>\n<span data-contrast=\"auto\">V souvislosti s uplatn\u011bn\u00edm pr\u00e1v m\u016f\u017ee \u0160koda Auto \u00fa\u010dtovat p\u0159im\u011b\u0159en\u00fd poplatek pokr\u00fdvaj\u00edc\u00ed administrativn\u00ed n\u00e1klady v p\u0159\u00edpad\u011b, \u017ee \u017e\u00e1dosti budou zjevn\u011b neopodstatn\u011bn\u00e9 nebo nep\u0159im\u011b\u0159en\u00e9.<\/span><br \/>\n<span data-contrast=\"auto\">M\u00e1te-li jak\u00e9koli dotazy t\u00fdkaj\u00edc\u00ed se ochrany osobn\u00edch \u00fadaj\u016f, kontaktujte pov\u011b\u0159ence pro ochranu osobn\u00edch \u00fadaj\u016f:<\/span><br \/>\n<span data-contrast=\"auto\">\u2013 dpo@skoda-auto.cz<\/span><br \/>\n<span data-contrast=\"auto\">Pokud nesouhlas\u00edte se zp\u016fsobem, jak\u00fdm zpracov\u00e1v\u00e1me va\u0161e osobn\u00ed \u00fadaje, m\u016f\u017eete podat st\u00ed\u017enost pov\u011b\u0159enci pro ochranu osobn\u00edch \u00fadaj\u016f spole\u010dnosti \u0160koda Auto nebo u dozorov\u00e9ho \u00fa\u0159adu: \u00da\u0159ad pro ochranu osobn\u00edch \u00fadaj\u016f, Pplk. Sochora 27, 170 00 Praha 7, +420 234 665 111, <\/span><a href=\"https:\/\/www.uoou.cz\/\"><span data-contrast=\"none\">https:\/\/www.uoou.cz<\/span><\/a><span data-ccp-props=\"{&quot;134233117&quot;:true,&quot;134233118&quot;:true,&quot;201341983&quot;:0,&quot;335559740&quot;:240}\">\u00a0<\/span><\/p>\n<p><b><span data-contrast=\"auto\">Dal\u0161\u00ed d\u016fle\u017eit\u00e9 podm\u00ednky<\/span><\/b><br \/>\n<span data-contrast=\"auto\">Po\u0159adatel ur\u010duje p\u0159esn\u00e9 specifikace v\u00fdher. Obr\u00e1zky v\u00fdher v propaga\u010dn\u00edch materi\u00e1lech jsou pouze ilustra\u010dn\u00ed. Po\u0159adatel nenese odpov\u011bdnost za \u0161kody zp\u016fsoben\u00e9 u\u017e\u00edv\u00e1n\u00edm v\u00fdhry.<\/span><br \/>\n<span data-contrast=\"auto\">\u00da\u010dastn\u00edci nemaj\u00ed n\u00e1rok po\u017eadovat pen\u011b\u017en\u00ed nebo jin\u00e9 pln\u011bn\u00ed nam\u00edsto v\u00fdhry. Po\u0159adatel nen\u00ed povinen poskytovat \u017e\u00e1dn\u00e9 jin\u00e9 pln\u011bn\u00ed, ne\u017e je uvedeno v t\u011bchto pravidlech.<\/span><br \/>\n<span data-contrast=\"auto\">Po\u0159adatel nenese odpov\u011bdnost za p\u0159\u00edm\u00e9 ani nep\u0159\u00edm\u00e9 \u0161kody souvisej\u00edc\u00ed s \u00fa\u010dast\u00ed v sout\u011b\u017ei. \u00da\u010dastn\u00edk bere na v\u011bdom\u00ed, \u017ee Po\u0159adatel nenese odpov\u011bdnost za \u017e\u00e1dn\u00e1 rizika spojen\u00e1 s v\u00fdhrou. V\u00fdsledky sout\u011b\u017ee jsou kone\u010dn\u00e9 a nelze je napadnout.<\/span><br \/>\n<span data-contrast=\"auto\">\u00da\u010dastn\u00edk m\u016f\u017ee b\u00fdt ze sout\u011b\u017ee vylou\u010den, pokud Po\u0159adatel zjist\u00ed nebo m\u00e1 d\u016fvodn\u00e9 podez\u0159en\u00ed, \u017ee \u00fa\u010dastn\u00edk nebo osoba jemu napom\u00e1haj\u00edc\u00ed podv\u00e1d\u011bl nebo jednal ne\u010destn\u011b.<\/span><br \/>\n<span data-contrast=\"auto\">Po\u0159adatel nenese odpov\u011bdnost za nedoru\u010den\u00ed zpr\u00e1v nebo v\u00fdher v d\u016fsledku technick\u00fdch nebo jin\u00fdch probl\u00e9m\u016f. Ve\u0161ker\u00e9 n\u00e1mitky posuzuje Po\u0159adatel s kone\u010dnou platnost\u00ed. Po\u0159adatel si vyhrazuje pr\u00e1vo sout\u011b\u017e kdykoli zkr\u00e1tit, odlo\u017eit, p\u0159eru\u0161it, zru\u0161it nebo zm\u011bnit pravidla zve\u0159ejn\u011bn\u00edm na v\u00fd\u0161e uveden\u00e9m webu, kde je rovn\u011b\u017e dostupn\u00e9 jejich \u00fapln\u00e9 a aktu\u00e1ln\u00ed zn\u011bn\u00ed.<\/span><br \/>\n<span data-contrast=\"auto\">Tato sout\u011b\u017e se \u0159\u00edd\u00ed pr\u00e1vem \u010cesk\u00e9 republiky.<\/span><span data-ccp-props=\"{&quot;134233117&quot;:true,&quot;134233118&quot;:true,&quot;201341983&quot;:0,&quot;335559740&quot;:240}\">\u00a0<\/span><\/p>\n<p><span data-ccp-props=\"{}\">\u00a0<\/span><\/p>\n","protected":false},"excerpt":{"rendered":"<p>Tato pravidla upravuj\u00ed podm\u00ednky sout\u011b\u017ee \u201e2025 La Vuelta Contest\u201c (d\u00e1le jen \u201eSout\u011b\u017e\u201c) a p\u0159edstavuj\u00ed jedin\u00fd dokument, kter\u00fd z\u00e1vazn\u011b a \u00fapln\u011b [&hellip;]<\/p>\n","protected":false},"author":199,"featured_media":0,"parent":30541,"menu_order":0,"comment_status":"closed","ping_status":"closed","template":"templates\/template-empty-page-headline.php","meta":{"footnotes":""},"tags":[4329],"class_list":["post-30552","page","type-page","status-publish","hentry","tag-la-vuelta-2025"],"yoast_head":"<!-- This site is optimized with the Yoast SEO Premium plugin v25.3 (Yoast SEO v25.9) - https:\/\/yoast.com\/wordpress\/plugins\/seo\/ -->\n<title>Pravidla soute\u017ee | \u0160koda We Love Cycling - \u010cesk\u00e1 republika<\/title>\n<meta name=\"robots\" content=\"index, follow, max-snippet:-1, max-image-preview:large, max-video-preview:-1\" \/>\n<link rel=\"canonical\" href=\"https:\/\/www.welovecycling.com\/cs\/la-vuelta-2025\/pravidla-souteze\/\" \/>\n<meta property=\"og:locale\" content=\"cs_CZ\" \/>\n<meta property=\"og:type\" content=\"article\" \/>\n<meta property=\"og:title\" content=\"Pravidla soute\u017ee\" \/>\n<meta property=\"og:description\" content=\"Tato pravidla upravuj\u00ed podm\u00ednky sout\u011b\u017ee \u201e2025 La Vuelta Contest\u201c (d\u00e1le jen \u201eSout\u011b\u017e\u201c) a p\u0159edstavuj\u00ed jedin\u00fd dokument, kter\u00fd z\u00e1vazn\u011b a \u00fapln\u011b [&hellip;]\" \/>\n<meta property=\"og:url\" content=\"https:\/\/www.welovecycling.com\/cs\/la-vuelta-2025\/pravidla-souteze\/\" \/>\n<meta property=\"og:site_name\" content=\"\u0160koda We Love Cycling - \u010cesk\u00e1 republika\" \/>\n<meta property=\"article:modified_time\" content=\"2025-08-15T14:23:09+00:00\" \/>\n<meta name=\"twitter:card\" content=\"summary_large_image\" \/>\n<meta name=\"twitter:label1\" content=\"Est. reading time\" \/>\n\t<meta name=\"twitter:data1\" content=\"8 minut\" \/>\n<script type=\"application\/ld+json\" class=\"yoast-schema-graph\">{\"@context\":\"https:\/\/schema.org\",\"@graph\":[{\"@type\":\"WebPage\",\"@id\":\"https:\/\/www.welovecycling.com\/cs\/la-vuelta-2025\/pravidla-souteze\/\",\"url\":\"https:\/\/www.welovecycling.com\/cs\/la-vuelta-2025\/pravidla-souteze\/\",\"name\":\"Pravidla soute\u017ee | \u0160koda We Love Cycling - \u010cesk\u00e1 republika\",\"isPartOf\":{\"@id\":\"https:\/\/www.welovecycling.com\/cs\/#website\"},\"datePublished\":\"2025-08-11T15:04:41+00:00\",\"dateModified\":\"2025-08-15T14:23:09+00:00\",\"breadcrumb\":{\"@id\":\"https:\/\/www.welovecycling.com\/cs\/la-vuelta-2025\/pravidla-souteze\/#breadcrumb\"},\"inLanguage\":\"cs\",\"potentialAction\":[{\"@type\":\"ReadAction\",\"target\":[\"https:\/\/www.welovecycling.com\/cs\/la-vuelta-2025\/pravidla-souteze\/\"]}]},{\"@type\":\"BreadcrumbList\",\"@id\":\"https:\/\/www.welovecycling.com\/cs\/la-vuelta-2025\/pravidla-souteze\/#breadcrumb\",\"itemListElement\":[{\"@type\":\"ListItem\",\"position\":1,\"name\":\"La Vuelta 2025\",\"item\":\"https:\/\/www.welovecycling.com\/cs\/la-vuelta-2025\/\"},{\"@type\":\"ListItem\",\"position\":2,\"name\":\"Pravidla soute\u017ee\"}]},{\"@type\":\"WebSite\",\"@id\":\"https:\/\/www.welovecycling.com\/cs\/#website\",\"url\":\"https:\/\/www.welovecycling.com\/cs\/\",\"name\":\"\u0160koda We Love Cycling - \u010cesk\u00e1 republika\",\"description\":\"WeLoveCycling.cz je online magaz\u00edn, kter\u00fd v\u00e1m pravideln\u011b p\u0159in\u00e1\u0161\u00ed rady a tipy, zaj\u00edmav\u00e9 \u010dl\u00e1nky, videa a jedine\u010dn\u00e9 report\u00e1\u017ee ze sv\u011bta cyklistiky.\",\"potentialAction\":[{\"@type\":\"SearchAction\",\"target\":{\"@type\":\"EntryPoint\",\"urlTemplate\":\"https:\/\/www.welovecycling.com\/cs\/?s={search_term_string}\"},\"query-input\":{\"@type\":\"PropertyValueSpecification\",\"valueRequired\":true,\"valueName\":\"search_term_string\"}}],\"inLanguage\":\"cs\"}]}<\/script>\n<!-- \/ Yoast SEO Premium plugin. -->","yoast_head_json":{"title":"Pravidla soute\u017ee | \u0160koda We Love Cycling - \u010cesk\u00e1 republika","robots":{"index":"index","follow":"follow","max-snippet":"max-snippet:-1","max-image-preview":"max-image-preview:large","max-video-preview":"max-video-preview:-1"},"canonical":"https:\/\/www.welovecycling.com\/cs\/la-vuelta-2025\/pravidla-souteze\/","og_locale":"cs_CZ","og_type":"article","og_title":"Pravidla soute\u017ee","og_description":"Tato pravidla upravuj\u00ed podm\u00ednky sout\u011b\u017ee \u201e2025 La Vuelta Contest\u201c (d\u00e1le jen \u201eSout\u011b\u017e\u201c) a p\u0159edstavuj\u00ed jedin\u00fd dokument, kter\u00fd z\u00e1vazn\u011b a \u00fapln\u011b [&hellip;]","og_url":"https:\/\/www.welovecycling.com\/cs\/la-vuelta-2025\/pravidla-souteze\/","og_site_name":"\u0160koda We Love Cycling - \u010cesk\u00e1 republika","article_modified_time":"2025-08-15T14:23:09+00:00","twitter_card":"summary_large_image","twitter_misc":{"Est. reading time":"8 minut"},"schema":{"@context":"https:\/\/schema.org","@graph":[{"@type":"WebPage","@id":"https:\/\/www.welovecycling.com\/cs\/la-vuelta-2025\/pravidla-souteze\/","url":"https:\/\/www.welovecycling.com\/cs\/la-vuelta-2025\/pravidla-souteze\/","name":"Pravidla soute\u017ee | \u0160koda We Love Cycling - \u010cesk\u00e1 republika","isPartOf":{"@id":"https:\/\/www.welovecycling.com\/cs\/#website"},"datePublished":"2025-08-11T15:04:41+00:00","dateModified":"2025-08-15T14:23:09+00:00","breadcrumb":{"@id":"https:\/\/www.welovecycling.com\/cs\/la-vuelta-2025\/pravidla-souteze\/#breadcrumb"},"inLanguage":"cs","potentialAction":[{"@type":"ReadAction","target":["https:\/\/www.welovecycling.com\/cs\/la-vuelta-2025\/pravidla-souteze\/"]}]},{"@type":"BreadcrumbList","@id":"https:\/\/www.welovecycling.com\/cs\/la-vuelta-2025\/pravidla-souteze\/#breadcrumb","itemListElement":[{"@type":"ListItem","position":1,"name":"La Vuelta 2025","item":"https:\/\/www.welovecycling.com\/cs\/la-vuelta-2025\/"},{"@type":"ListItem","position":2,"name":"Pravidla soute\u017ee"}]},{"@type":"WebSite","@id":"https:\/\/www.welovecycling.com\/cs\/#website","url":"https:\/\/www.welovecycling.com\/cs\/","name":"\u0160koda We Love Cycling - \u010cesk\u00e1 republika","description":"WeLoveCycling.cz je online magaz\u00edn, kter\u00fd v\u00e1m pravideln\u011b p\u0159in\u00e1\u0161\u00ed rady a tipy, zaj\u00edmav\u00e9 \u010dl\u00e1nky, videa a jedine\u010dn\u00e9 report\u00e1\u017ee ze sv\u011bta cyklistiky.","potentialAction":[{"@type":"SearchAction","target":{"@type":"EntryPoint","urlTemplate":"https:\/\/www.welovecycling.com\/cs\/?s={search_term_string}"},"query-input":{"@type":"PropertyValueSpecification","valueRequired":true,"valueName":"search_term_string"}}],"inLanguage":"cs"}]}},"_links":{"self":[{"href":"https:\/\/www.welovecycling.com\/cs\/wp-json\/wp\/v2\/pages\/30552","targetHints":{"allow":["GET"]}}],"collection":[{"href":"https:\/\/www.welovecycling.com\/cs\/wp-json\/wp\/v2\/pages"}],"about":[{"href":"https:\/\/www.welovecycling.com\/cs\/wp-json\/wp\/v2\/types\/page"}],"author":[{"embeddable":true,"href":"https:\/\/www.welovecycling.com\/cs\/wp-json\/wp\/v2\/users\/199"}],"replies":[{"embeddable":true,"href":"https:\/\/www.welovecycling.com\/cs\/wp-json\/wp\/v2\/comments?post=30552"}],"version-history":[{"count":1,"href":"https:\/\/www.welovecycling.com\/cs\/wp-json\/wp\/v2\/pages\/30552\/revisions"}],"predecessor-version":[{"id":30553,"href":"https:\/\/www.welovecycling.com\/cs\/wp-json\/wp\/v2\/pages\/30552\/revisions\/30553"}],"up":[{"embeddable":true,"href":"https:\/\/www.welovecycling.com\/cs\/wp-json\/wp\/v2\/pages\/30541"}],"wp:attachment":[{"href":"https:\/\/www.welovecycling.com\/cs\/wp-json\/wp\/v2\/media?parent=30552"}],"wp:term":[{"taxonomy":"post_tag","embeddable":true,"href":"https:\/\/www.welovecycling.com\/cs\/wp-json\/wp\/v2\/tags?post=30552"}],"curies":[{"name":"wp","href":"https:\/\/api.w.org\/{rel}","templated":true}]}}