{"id":30521,"date":"2025-08-11T11:44:39","date_gmt":"2025-08-11T09:44:39","guid":{"rendered":"https:\/\/www.welovecycling.com\/cs\/?page_id=30521"},"modified":"2025-08-18T10:43:46","modified_gmt":"2025-08-18T08:43:46","slug":"stena-blativych-zaberu","status":"publish","type":"page","link":"https:\/\/www.welovecycling.com\/cs\/2025-uci-world-championships\/stena-blativych-zaberu\/","title":{"rendered":"St\u011bna \u201eBl\u00e1tiv\u00fdch z\u00e1b\u011br\u016f\u201c"},"content":{"rendered":"","protected":false},"excerpt":{"rendered":"","protected":false},"author":199,"featured_media":0,"parent":30519,"menu_order":0,"comment_status":"closed","ping_status":"closed","template":"\/var\/www\/html\/web\/app\/plugins\/avenga-find-your-adventure\/templates\/template-find-your-adventure-gallery.php","meta":{"footnotes":""},"tags":[],"class_list":["post-30521","page","type-page","status-publish","hentry"],"yoast_head":"<!-- This site is optimized with the Yoast SEO Premium plugin v25.3 (Yoast SEO v25.9) - https:\/\/yoast.com\/wordpress\/plugins\/seo\/ -->\n<title>St\u011bna \u201eBl\u00e1tiv\u00fdch z\u00e1b\u011br\u016f\u201c | \u0160koda We Love Cycling - \u010cesk\u00e1 republika<\/title>\n<meta name=\"robots\" content=\"index, follow, max-snippet:-1, max-image-preview:large, max-video-preview:-1\" \/>\n<link rel=\"canonical\" href=\"https:\/\/www.welovecycling.com\/cs\/2025-uci-world-championships\/stena-blativych-zaberu\/\" \/>\n<meta property=\"og:locale\" content=\"cs_CZ\" \/>\n<meta property=\"og:type\" content=\"article\" \/>\n<meta property=\"og:title\" content=\"St\u011bna \u201eBl\u00e1tiv\u00fdch z\u00e1b\u011br\u016f\u201c\" \/>\n<meta property=\"og:url\" content=\"https:\/\/www.welovecycling.com\/cs\/2025-uci-world-championships\/stena-blativych-zaberu\/\" \/>\n<meta property=\"og:site_name\" content=\"\u0160koda We Love Cycling - \u010cesk\u00e1 republika\" \/>\n<meta property=\"article:modified_time\" content=\"2025-08-18T08:43:46+00:00\" \/>\n<meta name=\"twitter:card\" content=\"summary_large_image\" \/>\n<script type=\"application\/ld+json\" class=\"yoast-schema-graph\">{\"@context\":\"https:\/\/schema.org\",\"@graph\":[{\"@type\":\"WebPage\",\"@id\":\"https:\/\/www.welovecycling.com\/cs\/2025-uci-world-championships\/stena-blativych-zaberu\/\",\"url\":\"https:\/\/www.welovecycling.com\/cs\/2025-uci-world-championships\/stena-blativych-zaberu\/\",\"name\":\"St\u011bna \u201eBl\u00e1tiv\u00fdch z\u00e1b\u011br\u016f\u201c | \u0160koda We Love Cycling - \u010cesk\u00e1 republika\",\"isPartOf\":{\"@id\":\"https:\/\/www.welovecycling.com\/cs\/#website\"},\"datePublished\":\"2025-08-11T09:44:39+00:00\",\"dateModified\":\"2025-08-18T08:43:46+00:00\",\"breadcrumb\":{\"@id\":\"https:\/\/www.welovecycling.com\/cs\/2025-uci-world-championships\/stena-blativych-zaberu\/#breadcrumb\"},\"inLanguage\":\"cs\",\"potentialAction\":[{\"@type\":\"ReadAction\",\"target\":[\"https:\/\/www.welovecycling.com\/cs\/2025-uci-world-championships\/stena-blativych-zaberu\/\"]}]},{\"@type\":\"BreadcrumbList\",\"@id\":\"https:\/\/www.welovecycling.com\/cs\/2025-uci-world-championships\/stena-blativych-zaberu\/#breadcrumb\",\"itemListElement\":[{\"@type\":\"ListItem\",\"position\":1,\"name\":\"Find Your Adventure 2025: Bahno jako odznak cti!\",\"item\":\"https:\/\/www.welovecycling.com\/cs\/2025-uci-world-championships\/\"},{\"@type\":\"ListItem\",\"position\":2,\"name\":\"St\u011bna \u201eBl\u00e1tiv\u00fdch z\u00e1b\u011br\u016f\u201c\"}]},{\"@type\":\"WebSite\",\"@id\":\"https:\/\/www.welovecycling.com\/cs\/#website\",\"url\":\"https:\/\/www.welovecycling.com\/cs\/\",\"name\":\"\u0160koda We Love Cycling - \u010cesk\u00e1 republika\",\"description\":\"WeLoveCycling.cz je online magaz\u00edn, kter\u00fd v\u00e1m pravideln\u011b p\u0159in\u00e1\u0161\u00ed rady a tipy, zaj\u00edmav\u00e9 \u010dl\u00e1nky, videa a jedine\u010dn\u00e9 report\u00e1\u017ee ze sv\u011bta cyklistiky.\",\"potentialAction\":[{\"@type\":\"SearchAction\",\"target\":{\"@type\":\"EntryPoint\",\"urlTemplate\":\"https:\/\/www.welovecycling.com\/cs\/?s={search_term_string}\"},\"query-input\":{\"@type\":\"PropertyValueSpecification\",\"valueRequired\":true,\"valueName\":\"search_term_string\"}}],\"inLanguage\":\"cs\"}]}<\/script>\n<!-- \/ Yoast SEO Premium plugin. -->","yoast_head_json":{"title":"St\u011bna \u201eBl\u00e1tiv\u00fdch z\u00e1b\u011br\u016f\u201c | \u0160koda We Love Cycling - \u010cesk\u00e1 republika","robots":{"index":"index","follow":"follow","max-snippet":"max-snippet:-1","max-image-preview":"max-image-preview:large","max-video-preview":"max-video-preview:-1"},"canonical":"https:\/\/www.welovecycling.com\/cs\/2025-uci-world-championships\/stena-blativych-zaberu\/","og_locale":"cs_CZ","og_type":"article","og_title":"St\u011bna \u201eBl\u00e1tiv\u00fdch z\u00e1b\u011br\u016f\u201c","og_url":"https:\/\/www.welovecycling.com\/cs\/2025-uci-world-championships\/stena-blativych-zaberu\/","og_site_name":"\u0160koda We Love Cycling - \u010cesk\u00e1 republika","article_modified_time":"2025-08-18T08:43:46+00:00","twitter_card":"summary_large_image","schema":{"@context":"https:\/\/schema.org","@graph":[{"@type":"WebPage","@id":"https:\/\/www.welovecycling.com\/cs\/2025-uci-world-championships\/stena-blativych-zaberu\/","url":"https:\/\/www.welovecycling.com\/cs\/2025-uci-world-championships\/stena-blativych-zaberu\/","name":"St\u011bna \u201eBl\u00e1tiv\u00fdch z\u00e1b\u011br\u016f\u201c | \u0160koda We Love Cycling - \u010cesk\u00e1 republika","isPartOf":{"@id":"https:\/\/www.welovecycling.com\/cs\/#website"},"datePublished":"2025-08-11T09:44:39+00:00","dateModified":"2025-08-18T08:43:46+00:00","breadcrumb":{"@id":"https:\/\/www.welovecycling.com\/cs\/2025-uci-world-championships\/stena-blativych-zaberu\/#breadcrumb"},"inLanguage":"cs","potentialAction":[{"@type":"ReadAction","target":["https:\/\/www.welovecycling.com\/cs\/2025-uci-world-championships\/stena-blativych-zaberu\/"]}]},{"@type":"BreadcrumbList","@id":"https:\/\/www.welovecycling.com\/cs\/2025-uci-world-championships\/stena-blativych-zaberu\/#breadcrumb","itemListElement":[{"@type":"ListItem","position":1,"name":"Find Your Adventure 2025: Bahno jako odznak cti!","item":"https:\/\/www.welovecycling.com\/cs\/2025-uci-world-championships\/"},{"@type":"ListItem","position":2,"name":"St\u011bna \u201eBl\u00e1tiv\u00fdch z\u00e1b\u011br\u016f\u201c"}]},{"@type":"WebSite","@id":"https:\/\/www.welovecycling.com\/cs\/#website","url":"https:\/\/www.welovecycling.com\/cs\/","name":"\u0160koda We Love Cycling - \u010cesk\u00e1 republika","description":"WeLoveCycling.cz je online magaz\u00edn, kter\u00fd v\u00e1m pravideln\u011b p\u0159in\u00e1\u0161\u00ed rady a tipy, zaj\u00edmav\u00e9 \u010dl\u00e1nky, videa a jedine\u010dn\u00e9 report\u00e1\u017ee ze sv\u011bta cyklistiky.","potentialAction":[{"@type":"SearchAction","target":{"@type":"EntryPoint","urlTemplate":"https:\/\/www.welovecycling.com\/cs\/?s={search_term_string}"},"query-input":{"@type":"PropertyValueSpecification","valueRequired":true,"valueName":"search_term_string"}}],"inLanguage":"cs"}]}},"_links":{"self":[{"href":"https:\/\/www.welovecycling.com\/cs\/wp-json\/wp\/v2\/pages\/30521","targetHints":{"allow":["GET"]}}],"collection":[{"href":"https:\/\/www.welovecycling.com\/cs\/wp-json\/wp\/v2\/pages"}],"about":[{"href":"https:\/\/www.welovecycling.com\/cs\/wp-json\/wp\/v2\/types\/page"}],"author":[{"embeddable":true,"href":"https:\/\/www.welovecycling.com\/cs\/wp-json\/wp\/v2\/users\/199"}],"replies":[{"embeddable":true,"href":"https:\/\/www.welovecycling.com\/cs\/wp-json\/wp\/v2\/comments?post=30521"}],"version-history":[{"count":2,"href":"https:\/\/www.welovecycling.com\/cs\/wp-json\/wp\/v2\/pages\/30521\/revisions"}],"predecessor-version":[{"id":31997,"href":"https:\/\/www.welovecycling.com\/cs\/wp-json\/wp\/v2\/pages\/30521\/revisions\/31997"}],"up":[{"embeddable":true,"href":"https:\/\/www.welovecycling.com\/cs\/wp-json\/wp\/v2\/pages\/30519"}],"wp:attachment":[{"href":"https:\/\/www.welovecycling.com\/cs\/wp-json\/wp\/v2\/media?parent=30521"}],"wp:term":[{"taxonomy":"post_tag","embeddable":true,"href":"https:\/\/www.welovecycling.com\/cs\/wp-json\/wp\/v2\/tags?post=30521"}],"curies":[{"name":"wp","href":"https:\/\/api.w.org\/{rel}","templated":true}]}}