{"id":29550,"date":"2025-06-20T11:20:31","date_gmt":"2025-06-20T09:20:31","guid":{"rendered":"https:\/\/www.welovecycling.com\/cs\/?page_id=29550"},"modified":"2025-07-04T10:05:45","modified_gmt":"2025-07-04T08:05:45","slug":"andy-schleck","status":"publish","type":"page","link":"https:\/\/www.welovecycling.com\/cs\/tour-de-france-2025\/andy-schleck\/","title":{"rendered":"Vyje\u010f si s Andym Schleckem!"},"content":{"rendered":"","protected":false},"excerpt":{"rendered":"","protected":false},"author":169,"featured_media":0,"parent":29505,"menu_order":0,"comment_status":"closed","ping_status":"closed","template":"skoda-tour-de-france-2025-subpage.php","meta":{"footnotes":""},"tags":[],"class_list":["post-29550","page","type-page","status-publish","hentry"],"yoast_head":"<!-- This site is optimized with the Yoast SEO Premium plugin v25.3 (Yoast SEO v25.9) - https:\/\/yoast.com\/wordpress\/plugins\/seo\/ -->\n<title>Vyje\u010f si s Andym Schleckem! | \u0160koda We Love Cycling - \u010cesk\u00e1 republika<\/title>\n<meta name=\"description\" content=\"Potkejme se ve Francii na spole\u010dn\u00e9 vyj\u00ed\u017e\u010fce s Andym Schleckem, s merchem \u0160koda a skv\u011blou k\u00e1vou p\u0159\u00edmo na m\u00edst\u011b.\" \/>\n<meta name=\"robots\" content=\"index, follow, max-snippet:-1, max-image-preview:large, max-video-preview:-1\" \/>\n<link rel=\"canonical\" href=\"https:\/\/www.welovecycling.com\/cs\/tour-de-france-2025\/andy-schleck\/\" \/>\n<meta property=\"og:locale\" content=\"cs_CZ\" \/>\n<meta property=\"og:type\" content=\"article\" \/>\n<meta property=\"og:title\" content=\"Vyje\u010f si s Andym Schleckem!\" \/>\n<meta property=\"og:description\" content=\"Potkejme se ve Francii na spole\u010dn\u00e9 vyj\u00ed\u017e\u010fce s Andym Schleckem, s merchem \u0160koda a skv\u011blou k\u00e1vou p\u0159\u00edmo na m\u00edst\u011b.\" \/>\n<meta property=\"og:url\" content=\"https:\/\/www.welovecycling.com\/cs\/tour-de-france-2025\/andy-schleck\/\" \/>\n<meta property=\"og:site_name\" content=\"\u0160koda We Love Cycling - \u010cesk\u00e1 republika\" \/>\n<meta property=\"article:modified_time\" content=\"2025-07-04T08:05:45+00:00\" \/>\n<meta name=\"twitter:card\" content=\"summary_large_image\" \/>\n<script type=\"application\/ld+json\" class=\"yoast-schema-graph\">{\"@context\":\"https:\/\/schema.org\",\"@graph\":[{\"@type\":\"WebPage\",\"@id\":\"https:\/\/www.welovecycling.com\/cs\/tour-de-france-2025\/andy-schleck\/\",\"url\":\"https:\/\/www.welovecycling.com\/cs\/tour-de-france-2025\/andy-schleck\/\",\"name\":\"Vyje\u010f si s Andym Schleckem! | \u0160koda We Love Cycling - \u010cesk\u00e1 republika\",\"isPartOf\":{\"@id\":\"https:\/\/www.welovecycling.com\/cs\/#website\"},\"datePublished\":\"2025-06-20T09:20:31+00:00\",\"dateModified\":\"2025-07-04T08:05:45+00:00\",\"description\":\"Potkejme se ve Francii na spole\u010dn\u00e9 vyj\u00ed\u017e\u010fce s Andym Schleckem, s merchem \u0160koda a skv\u011blou k\u00e1vou p\u0159\u00edmo na m\u00edst\u011b.\",\"breadcrumb\":{\"@id\":\"https:\/\/www.welovecycling.com\/cs\/tour-de-france-2025\/andy-schleck\/#breadcrumb\"},\"inLanguage\":\"cs\",\"potentialAction\":[{\"@type\":\"ReadAction\",\"target\":[\"https:\/\/www.welovecycling.com\/cs\/tour-de-france-2025\/andy-schleck\/\"]}]},{\"@type\":\"BreadcrumbList\",\"@id\":\"https:\/\/www.welovecycling.com\/cs\/tour-de-france-2025\/andy-schleck\/#breadcrumb\",\"itemListElement\":[{\"@type\":\"ListItem\",\"position\":1,\"name\":\"Tour de France 2025\",\"item\":\"https:\/\/www.welovecycling.com\/cs\/tour-de-france-2025\/\"},{\"@type\":\"ListItem\",\"position\":2,\"name\":\"Vyje\u010f si s Andym Schleckem!\"}]},{\"@type\":\"WebSite\",\"@id\":\"https:\/\/www.welovecycling.com\/cs\/#website\",\"url\":\"https:\/\/www.welovecycling.com\/cs\/\",\"name\":\"\u0160koda We Love Cycling - \u010cesk\u00e1 republika\",\"description\":\"WeLoveCycling.cz je online magaz\u00edn, kter\u00fd v\u00e1m pravideln\u011b p\u0159in\u00e1\u0161\u00ed rady a tipy, zaj\u00edmav\u00e9 \u010dl\u00e1nky, videa a jedine\u010dn\u00e9 report\u00e1\u017ee ze sv\u011bta cyklistiky.\",\"potentialAction\":[{\"@type\":\"SearchAction\",\"target\":{\"@type\":\"EntryPoint\",\"urlTemplate\":\"https:\/\/www.welovecycling.com\/cs\/?s={search_term_string}\"},\"query-input\":{\"@type\":\"PropertyValueSpecification\",\"valueRequired\":true,\"valueName\":\"search_term_string\"}}],\"inLanguage\":\"cs\"}]}<\/script>\n<!-- \/ Yoast SEO Premium plugin. -->","yoast_head_json":{"title":"Vyje\u010f si s Andym Schleckem! | \u0160koda We Love Cycling - \u010cesk\u00e1 republika","description":"Potkejme se ve Francii na spole\u010dn\u00e9 vyj\u00ed\u017e\u010fce s Andym Schleckem, s merchem \u0160koda a skv\u011blou k\u00e1vou p\u0159\u00edmo na m\u00edst\u011b.","robots":{"index":"index","follow":"follow","max-snippet":"max-snippet:-1","max-image-preview":"max-image-preview:large","max-video-preview":"max-video-preview:-1"},"canonical":"https:\/\/www.welovecycling.com\/cs\/tour-de-france-2025\/andy-schleck\/","og_locale":"cs_CZ","og_type":"article","og_title":"Vyje\u010f si s Andym Schleckem!","og_description":"Potkejme se ve Francii na spole\u010dn\u00e9 vyj\u00ed\u017e\u010fce s Andym Schleckem, s merchem \u0160koda a skv\u011blou k\u00e1vou p\u0159\u00edmo na m\u00edst\u011b.","og_url":"https:\/\/www.welovecycling.com\/cs\/tour-de-france-2025\/andy-schleck\/","og_site_name":"\u0160koda We Love Cycling - \u010cesk\u00e1 republika","article_modified_time":"2025-07-04T08:05:45+00:00","twitter_card":"summary_large_image","schema":{"@context":"https:\/\/schema.org","@graph":[{"@type":"WebPage","@id":"https:\/\/www.welovecycling.com\/cs\/tour-de-france-2025\/andy-schleck\/","url":"https:\/\/www.welovecycling.com\/cs\/tour-de-france-2025\/andy-schleck\/","name":"Vyje\u010f si s Andym Schleckem! | \u0160koda We Love Cycling - \u010cesk\u00e1 republika","isPartOf":{"@id":"https:\/\/www.welovecycling.com\/cs\/#website"},"datePublished":"2025-06-20T09:20:31+00:00","dateModified":"2025-07-04T08:05:45+00:00","description":"Potkejme se ve Francii na spole\u010dn\u00e9 vyj\u00ed\u017e\u010fce s Andym Schleckem, s merchem \u0160koda a skv\u011blou k\u00e1vou p\u0159\u00edmo na m\u00edst\u011b.","breadcrumb":{"@id":"https:\/\/www.welovecycling.com\/cs\/tour-de-france-2025\/andy-schleck\/#breadcrumb"},"inLanguage":"cs","potentialAction":[{"@type":"ReadAction","target":["https:\/\/www.welovecycling.com\/cs\/tour-de-france-2025\/andy-schleck\/"]}]},{"@type":"BreadcrumbList","@id":"https:\/\/www.welovecycling.com\/cs\/tour-de-france-2025\/andy-schleck\/#breadcrumb","itemListElement":[{"@type":"ListItem","position":1,"name":"Tour de France 2025","item":"https:\/\/www.welovecycling.com\/cs\/tour-de-france-2025\/"},{"@type":"ListItem","position":2,"name":"Vyje\u010f si s Andym Schleckem!"}]},{"@type":"WebSite","@id":"https:\/\/www.welovecycling.com\/cs\/#website","url":"https:\/\/www.welovecycling.com\/cs\/","name":"\u0160koda We Love Cycling - \u010cesk\u00e1 republika","description":"WeLoveCycling.cz je online magaz\u00edn, kter\u00fd v\u00e1m pravideln\u011b p\u0159in\u00e1\u0161\u00ed rady a tipy, zaj\u00edmav\u00e9 \u010dl\u00e1nky, videa a jedine\u010dn\u00e9 report\u00e1\u017ee ze sv\u011bta cyklistiky.","potentialAction":[{"@type":"SearchAction","target":{"@type":"EntryPoint","urlTemplate":"https:\/\/www.welovecycling.com\/cs\/?s={search_term_string}"},"query-input":{"@type":"PropertyValueSpecification","valueRequired":true,"valueName":"search_term_string"}}],"inLanguage":"cs"}]}},"_links":{"self":[{"href":"https:\/\/www.welovecycling.com\/cs\/wp-json\/wp\/v2\/pages\/29550","targetHints":{"allow":["GET"]}}],"collection":[{"href":"https:\/\/www.welovecycling.com\/cs\/wp-json\/wp\/v2\/pages"}],"about":[{"href":"https:\/\/www.welovecycling.com\/cs\/wp-json\/wp\/v2\/types\/page"}],"author":[{"embeddable":true,"href":"https:\/\/www.welovecycling.com\/cs\/wp-json\/wp\/v2\/users\/169"}],"replies":[{"embeddable":true,"href":"https:\/\/www.welovecycling.com\/cs\/wp-json\/wp\/v2\/comments?post=29550"}],"version-history":[{"count":3,"href":"https:\/\/www.welovecycling.com\/cs\/wp-json\/wp\/v2\/pages\/29550\/revisions"}],"predecessor-version":[{"id":29553,"href":"https:\/\/www.welovecycling.com\/cs\/wp-json\/wp\/v2\/pages\/29550\/revisions\/29553"}],"up":[{"embeddable":true,"href":"https:\/\/www.welovecycling.com\/cs\/wp-json\/wp\/v2\/pages\/29505"}],"wp:attachment":[{"href":"https:\/\/www.welovecycling.com\/cs\/wp-json\/wp\/v2\/media?parent=29550"}],"wp:term":[{"taxonomy":"post_tag","embeddable":true,"href":"https:\/\/www.welovecycling.com\/cs\/wp-json\/wp\/v2\/tags?post=29550"}],"curies":[{"name":"wp","href":"https:\/\/api.w.org\/{rel}","templated":true}]}}