{"id":24333,"date":"2023-12-18T15:32:20","date_gmt":"2023-12-18T13:32:20","guid":{"rendered":"https:\/\/www.welovecycling.com\/cs\/?page_id=24333"},"modified":"2024-01-16T10:53:10","modified_gmt":"2024-01-16T08:53:10","slug":"svatecni-soutez-o-garmin-edge-840","status":"publish","type":"page","link":"https:\/\/www.welovecycling.com\/cs\/svatecni-soutez-o-garmin-edge-840\/","title":{"rendered":"Sv\u00e1te\u010dn\u00ed sout\u011b\u017e o Garmin Edge 840"},"content":{"rendered":"<div id=\"pl-24333\"  class=\"panel-layout\" ><div id=\"pg-24333-0\"  class=\"panel-grid panel-no-style\" ><div id=\"pgc-24333-0-0\"  class=\"panel-grid-cell\" ><div id=\"panel-24333-0-0-0\" class=\"so-panel widget widget_sow-editor panel-first-child panel-last-child\" data-index=\"0\" ><div\n\t\t\t\n\t\t\tclass=\"so-widget-sow-editor so-widget-sow-editor-base\"\n\t\t\t\n\t\t>\n<div class=\"siteorigin-widget-tinymce textwidget\">\n\t<h3 class=\"sow-headline\" style=\"text-align: center;\"><strong><span style=\"font-size: 14pt;\">Sout\u011b\u017e byla ukon\u010dena. <\/span><\/strong><\/h3>\n<h3 class=\"sow-headline\" style=\"text-align: center;\"><span style=\"font-size: 14pt;\">Hlasovat bylo mo\u017en\u00e9 do 14. ledna 2024. <\/span><span style=\"font-size: 14pt;\">Ze spr\u00e1vn\u011b tipuj\u00edc\u00edch sout\u011b\u017e\u00edc\u00edch nyn\u00ed <\/span>vylosujeme jednoho v\u00fdherce Garmin Edge 840, kter\u00e9ho budeme kontaktovat prost\u0159ednictv\u00edm vypln\u011bn\u00e9ho emailu.<\/h3>\n<p style=\"text-align: center;\">\n<\/div>\n<\/div><\/div><\/div><\/div><\/div>","protected":false},"excerpt":{"rendered":"<p>Sout\u011b\u017e byla ukon\u010dena. Hlasovat bylo mo\u017en\u00e9 do 14. ledna 2024. Ze spr\u00e1vn\u011b tipuj\u00edc\u00edch sout\u011b\u017e\u00edc\u00edch nyn\u00ed vylosujeme jednoho v\u00fdherce Garmin Edge [&hellip;]<\/p>\n","protected":false},"author":137,"featured_media":0,"parent":0,"menu_order":0,"comment_status":"closed","ping_status":"closed","template":"","meta":{"footnotes":""},"tags":[],"class_list":["post-24333","page","type-page","status-publish","hentry"],"yoast_head":"<!-- This site is optimized with the Yoast SEO Premium plugin v25.3 (Yoast SEO v25.9) - https:\/\/yoast.com\/wordpress\/plugins\/seo\/ -->\n<title>Sv\u00e1te\u010dn\u00ed sout\u011b\u017e o Garmin Edge 840 | \u0160koda We Love Cycling - \u010cesk\u00e1 republika<\/title>\n<meta name=\"robots\" content=\"index, follow, max-snippet:-1, max-image-preview:large, max-video-preview:-1\" \/>\n<link rel=\"canonical\" href=\"https:\/\/www.welovecycling.com\/cs\/svatecni-soutez-o-garmin-edge-840\/\" \/>\n<meta property=\"og:locale\" content=\"cs_CZ\" \/>\n<meta property=\"og:type\" content=\"article\" \/>\n<meta property=\"og:title\" content=\"Sv\u00e1te\u010dn\u00ed sout\u011b\u017e o Garmin Edge 840\" \/>\n<meta property=\"og:description\" content=\"Sout\u011b\u017e byla ukon\u010dena. Hlasovat bylo mo\u017en\u00e9 do 14. ledna 2024. Ze spr\u00e1vn\u011b tipuj\u00edc\u00edch sout\u011b\u017e\u00edc\u00edch nyn\u00ed vylosujeme jednoho v\u00fdherce Garmin Edge [&hellip;]\" \/>\n<meta property=\"og:url\" content=\"https:\/\/www.welovecycling.com\/cs\/svatecni-soutez-o-garmin-edge-840\/\" \/>\n<meta property=\"og:site_name\" content=\"\u0160koda We Love Cycling - \u010cesk\u00e1 republika\" \/>\n<meta property=\"article:modified_time\" content=\"2024-01-16T08:53:10+00:00\" \/>\n<meta name=\"twitter:card\" content=\"summary_large_image\" \/>\n<script type=\"application\/ld+json\" class=\"yoast-schema-graph\">{\"@context\":\"https:\/\/schema.org\",\"@graph\":[{\"@type\":\"WebPage\",\"@id\":\"https:\/\/www.welovecycling.com\/cs\/svatecni-soutez-o-garmin-edge-840\/\",\"url\":\"https:\/\/www.welovecycling.com\/cs\/svatecni-soutez-o-garmin-edge-840\/\",\"name\":\"Sv\u00e1te\u010dn\u00ed sout\u011b\u017e o Garmin Edge 840 | \u0160koda We Love Cycling - \u010cesk\u00e1 republika\",\"isPartOf\":{\"@id\":\"https:\/\/www.welovecycling.com\/cs\/#website\"},\"datePublished\":\"2023-12-18T13:32:20+00:00\",\"dateModified\":\"2024-01-16T08:53:10+00:00\",\"inLanguage\":\"cs\",\"potentialAction\":[{\"@type\":\"ReadAction\",\"target\":[\"https:\/\/www.welovecycling.com\/cs\/svatecni-soutez-o-garmin-edge-840\/\"]}]},{\"@type\":\"WebSite\",\"@id\":\"https:\/\/www.welovecycling.com\/cs\/#website\",\"url\":\"https:\/\/www.welovecycling.com\/cs\/\",\"name\":\"\u0160koda We Love Cycling - \u010cesk\u00e1 republika\",\"description\":\"WeLoveCycling.cz je online magaz\u00edn, kter\u00fd v\u00e1m pravideln\u011b p\u0159in\u00e1\u0161\u00ed rady a tipy, zaj\u00edmav\u00e9 \u010dl\u00e1nky, videa a jedine\u010dn\u00e9 report\u00e1\u017ee ze sv\u011bta cyklistiky.\",\"potentialAction\":[{\"@type\":\"SearchAction\",\"target\":{\"@type\":\"EntryPoint\",\"urlTemplate\":\"https:\/\/www.welovecycling.com\/cs\/?s={search_term_string}\"},\"query-input\":{\"@type\":\"PropertyValueSpecification\",\"valueRequired\":true,\"valueName\":\"search_term_string\"}}],\"inLanguage\":\"cs\"}]}<\/script>\n<!-- \/ Yoast SEO Premium plugin. -->","yoast_head_json":{"title":"Sv\u00e1te\u010dn\u00ed sout\u011b\u017e o Garmin Edge 840 | \u0160koda We Love Cycling - \u010cesk\u00e1 republika","robots":{"index":"index","follow":"follow","max-snippet":"max-snippet:-1","max-image-preview":"max-image-preview:large","max-video-preview":"max-video-preview:-1"},"canonical":"https:\/\/www.welovecycling.com\/cs\/svatecni-soutez-o-garmin-edge-840\/","og_locale":"cs_CZ","og_type":"article","og_title":"Sv\u00e1te\u010dn\u00ed sout\u011b\u017e o Garmin Edge 840","og_description":"Sout\u011b\u017e byla ukon\u010dena. Hlasovat bylo mo\u017en\u00e9 do 14. ledna 2024. Ze spr\u00e1vn\u011b tipuj\u00edc\u00edch sout\u011b\u017e\u00edc\u00edch nyn\u00ed vylosujeme jednoho v\u00fdherce Garmin Edge [&hellip;]","og_url":"https:\/\/www.welovecycling.com\/cs\/svatecni-soutez-o-garmin-edge-840\/","og_site_name":"\u0160koda We Love Cycling - \u010cesk\u00e1 republika","article_modified_time":"2024-01-16T08:53:10+00:00","twitter_card":"summary_large_image","schema":{"@context":"https:\/\/schema.org","@graph":[{"@type":"WebPage","@id":"https:\/\/www.welovecycling.com\/cs\/svatecni-soutez-o-garmin-edge-840\/","url":"https:\/\/www.welovecycling.com\/cs\/svatecni-soutez-o-garmin-edge-840\/","name":"Sv\u00e1te\u010dn\u00ed sout\u011b\u017e o Garmin Edge 840 | \u0160koda We Love Cycling - \u010cesk\u00e1 republika","isPartOf":{"@id":"https:\/\/www.welovecycling.com\/cs\/#website"},"datePublished":"2023-12-18T13:32:20+00:00","dateModified":"2024-01-16T08:53:10+00:00","inLanguage":"cs","potentialAction":[{"@type":"ReadAction","target":["https:\/\/www.welovecycling.com\/cs\/svatecni-soutez-o-garmin-edge-840\/"]}]},{"@type":"WebSite","@id":"https:\/\/www.welovecycling.com\/cs\/#website","url":"https:\/\/www.welovecycling.com\/cs\/","name":"\u0160koda We Love Cycling - \u010cesk\u00e1 republika","description":"WeLoveCycling.cz je online magaz\u00edn, kter\u00fd v\u00e1m pravideln\u011b p\u0159in\u00e1\u0161\u00ed rady a tipy, zaj\u00edmav\u00e9 \u010dl\u00e1nky, videa a jedine\u010dn\u00e9 report\u00e1\u017ee ze sv\u011bta cyklistiky.","potentialAction":[{"@type":"SearchAction","target":{"@type":"EntryPoint","urlTemplate":"https:\/\/www.welovecycling.com\/cs\/?s={search_term_string}"},"query-input":{"@type":"PropertyValueSpecification","valueRequired":true,"valueName":"search_term_string"}}],"inLanguage":"cs"}]}},"_links":{"self":[{"href":"https:\/\/www.welovecycling.com\/cs\/wp-json\/wp\/v2\/pages\/24333","targetHints":{"allow":["GET"]}}],"collection":[{"href":"https:\/\/www.welovecycling.com\/cs\/wp-json\/wp\/v2\/pages"}],"about":[{"href":"https:\/\/www.welovecycling.com\/cs\/wp-json\/wp\/v2\/types\/page"}],"author":[{"embeddable":true,"href":"https:\/\/www.welovecycling.com\/cs\/wp-json\/wp\/v2\/users\/137"}],"replies":[{"embeddable":true,"href":"https:\/\/www.welovecycling.com\/cs\/wp-json\/wp\/v2\/comments?post=24333"}],"version-history":[{"count":13,"href":"https:\/\/www.welovecycling.com\/cs\/wp-json\/wp\/v2\/pages\/24333\/revisions"}],"predecessor-version":[{"id":29966,"href":"https:\/\/www.welovecycling.com\/cs\/wp-json\/wp\/v2\/pages\/24333\/revisions\/29966"}],"wp:attachment":[{"href":"https:\/\/www.welovecycling.com\/cs\/wp-json\/wp\/v2\/media?parent=24333"}],"wp:term":[{"taxonomy":"post_tag","embeddable":true,"href":"https:\/\/www.welovecycling.com\/cs\/wp-json\/wp\/v2\/tags?post=24333"}],"curies":[{"name":"wp","href":"https:\/\/api.w.org\/{rel}","templated":true}]}}