{"id":23906,"date":"2023-10-19T11:07:40","date_gmt":"2023-10-19T09:07:40","guid":{"rendered":"https:\/\/www.welovecycling.com\/cs\/?page_id=23906"},"modified":"2023-11-13T11:56:25","modified_gmt":"2023-11-13T09:56:25","slug":"soutez-o-garmin-varia-rtl-515","status":"publish","type":"page","link":"https:\/\/www.welovecycling.com\/cs\/soutez-o-garmin-varia-rtl-515\/","title":{"rendered":"Sout\u011b\u017e o Garmin Varia RTL 515"},"content":{"rendered":"<div id=\"pl-23906\"  class=\"panel-layout\" ><div id=\"pg-23906-0\"  class=\"panel-grid panel-no-style\" ><div id=\"pgc-23906-0-0\"  class=\"panel-grid-cell\" ><div id=\"panel-23906-0-0-0\" class=\"so-panel widget widget_sow-editor panel-first-child\" data-index=\"0\" ><div\n\t\t\t\n\t\t\tclass=\"so-widget-sow-editor so-widget-sow-editor-base\"\n\t\t\t\n\t\t>\n<div class=\"siteorigin-widget-tinymce textwidget\">\n\t<p><img loading=\"lazy\" decoding=\"async\" class=\"aligncenter size-large wp-image-23917\" src=\"https:\/\/d2p6e6u75xmxt8.cloudfront.net\/13\/2023\/10\/Bannery-na-web-soutez-Garmin_1800x430pix-1024x245.webp\" alt=\"\" width=\"1024\" height=\"245\" srcset=\"https:\/\/d2p6e6u75xmxt8.cloudfront.net\/13\/2023\/10\/Bannery-na-web-soutez-Garmin_1800x430pix-1024x245.webp 1024w, https:\/\/d2p6e6u75xmxt8.cloudfront.net\/13\/2023\/10\/Bannery-na-web-soutez-Garmin_1800x430pix-300x72.webp 300w, https:\/\/d2p6e6u75xmxt8.cloudfront.net\/13\/2023\/10\/Bannery-na-web-soutez-Garmin_1800x430pix-768x183.webp 768w, https:\/\/d2p6e6u75xmxt8.cloudfront.net\/13\/2023\/10\/Bannery-na-web-soutez-Garmin_1800x430pix-1536x367.webp 1536w, https:\/\/d2p6e6u75xmxt8.cloudfront.net\/13\/2023\/10\/Bannery-na-web-soutez-Garmin_1800x430pix-400x96.webp 400w, https:\/\/d2p6e6u75xmxt8.cloudfront.net\/13\/2023\/10\/Bannery-na-web-soutez-Garmin_1800x430pix.webp 1800w\" sizes=\"auto, (max-width: 1024px) 100vw, 1024px\" \/><\/p>\n<\/div>\n<\/div><\/div><div id=\"panel-23906-0-0-1\" class=\"so-panel widget widget_sow-editor panel-last-child\" data-index=\"1\" ><div\n\t\t\t\n\t\t\tclass=\"so-widget-sow-editor so-widget-sow-editor-base\"\n\t\t\t\n\t\t>\n<div class=\"siteorigin-widget-tinymce textwidget\">\n\t<p style=\"text-align: center;\"><span style=\"font-size: 24pt;\"><strong>Zvy\u0161te svou bezpe\u010dnost na kole<\/strong><\/span><\/p>\n<h3 class=\"sow-headline\" style=\"text-align: center;\"><span style=\"font-size: 14pt;\">Sout\u011b\u017e byla ukon\u010dena, hlasovat bylo mo\u017en\u00e9 do 12.11. Ze v\u0161ech spr\u00e1vn\u011b tipuj\u00edc\u00edch te\u010f vylosujeme jednoho v\u00fdherce <strong>Garminu Varia RTL 515<\/strong> a druh\u00fd \u0161\u0165astlivec <strong>obdr\u017e\u00ed obal na kolo Montone<\/strong>.<\/span><\/h3>\n<p style=\"text-align: center;\"><span style=\"font-size: 14pt;\">V\u00edt\u011bz\u016fm se ozveme prost\u0159ednictv\u00edm emailu.\u00a0<\/span><\/p>\n<\/div>\n<\/div><\/div><\/div><\/div><\/div>","protected":false},"excerpt":{"rendered":"<p>Zvy\u0161te svou bezpe\u010dnost na kole Sout\u011b\u017e byla ukon\u010dena, hlasovat bylo mo\u017en\u00e9 do 12.11. Ze v\u0161ech spr\u00e1vn\u011b tipuj\u00edc\u00edch te\u010f vylosujeme jednoho [&hellip;]<\/p>\n","protected":false},"author":137,"featured_media":0,"parent":0,"menu_order":0,"comment_status":"closed","ping_status":"closed","template":"templates\/template-full-width.php","meta":{"footnotes":""},"tags":[],"class_list":["post-23906","page","type-page","status-publish","hentry"],"yoast_head":"<!-- This site is optimized with the Yoast SEO Premium plugin v25.3 (Yoast SEO v25.9) - https:\/\/yoast.com\/wordpress\/plugins\/seo\/ -->\n<title>Sout\u011b\u017e o Garmin Varia RTL 515 | \u0160koda We Love Cycling - \u010cesk\u00e1 republika<\/title>\n<meta name=\"robots\" content=\"index, follow, max-snippet:-1, max-image-preview:large, max-video-preview:-1\" \/>\n<link rel=\"canonical\" href=\"https:\/\/www.welovecycling.com\/cs\/soutez-o-garmin-varia-rtl-515\/\" \/>\n<meta property=\"og:locale\" content=\"cs_CZ\" \/>\n<meta property=\"og:type\" content=\"article\" \/>\n<meta property=\"og:title\" content=\"Sout\u011b\u017e o Garmin Varia RTL 515\" \/>\n<meta property=\"og:description\" content=\"Zvy\u0161te svou bezpe\u010dnost na kole Sout\u011b\u017e byla ukon\u010dena, hlasovat bylo mo\u017en\u00e9 do 12.11. Ze v\u0161ech spr\u00e1vn\u011b tipuj\u00edc\u00edch te\u010f vylosujeme jednoho [&hellip;]\" \/>\n<meta property=\"og:url\" content=\"https:\/\/www.welovecycling.com\/cs\/soutez-o-garmin-varia-rtl-515\/\" \/>\n<meta property=\"og:site_name\" content=\"\u0160koda We Love Cycling - \u010cesk\u00e1 republika\" \/>\n<meta property=\"article:modified_time\" content=\"2023-11-13T09:56:25+00:00\" \/>\n<meta property=\"og:image\" content=\"https:\/\/d2p6e6u75xmxt8.cloudfront.net\/13\/2023\/10\/Bannery-na-web-soutez-Garmin_1800x430pix-1024x245.webp\" \/>\n<meta name=\"twitter:card\" content=\"summary_large_image\" \/>\n<script type=\"application\/ld+json\" class=\"yoast-schema-graph\">{\"@context\":\"https:\/\/schema.org\",\"@graph\":[{\"@type\":\"WebPage\",\"@id\":\"https:\/\/www.welovecycling.com\/cs\/soutez-o-garmin-varia-rtl-515\/\",\"url\":\"https:\/\/www.welovecycling.com\/cs\/soutez-o-garmin-varia-rtl-515\/\",\"name\":\"Sout\u011b\u017e o Garmin Varia RTL 515 | \u0160koda We Love Cycling - \u010cesk\u00e1 republika\",\"isPartOf\":{\"@id\":\"https:\/\/www.welovecycling.com\/cs\/#website\"},\"primaryImageOfPage\":{\"@id\":\"https:\/\/www.welovecycling.com\/cs\/soutez-o-garmin-varia-rtl-515\/#primaryimage\"},\"image\":{\"@id\":\"https:\/\/www.welovecycling.com\/cs\/soutez-o-garmin-varia-rtl-515\/#primaryimage\"},\"thumbnailUrl\":\"https:\/\/d2p6e6u75xmxt8.cloudfront.net\/13\/2023\/10\/Bannery-na-web-soutez-Garmin_1800x430pix-1024x245.webp\",\"datePublished\":\"2023-10-19T09:07:40+00:00\",\"dateModified\":\"2023-11-13T09:56:25+00:00\",\"inLanguage\":\"cs\",\"potentialAction\":[{\"@type\":\"ReadAction\",\"target\":[\"https:\/\/www.welovecycling.com\/cs\/soutez-o-garmin-varia-rtl-515\/\"]}]},{\"@type\":\"ImageObject\",\"inLanguage\":\"cs\",\"@id\":\"https:\/\/www.welovecycling.com\/cs\/soutez-o-garmin-varia-rtl-515\/#primaryimage\",\"url\":\"https:\/\/d2p6e6u75xmxt8.cloudfront.net\/13\/2023\/10\/Bannery-na-web-soutez-Garmin_1800x430pix-1024x245.webp\",\"contentUrl\":\"https:\/\/d2p6e6u75xmxt8.cloudfront.net\/13\/2023\/10\/Bannery-na-web-soutez-Garmin_1800x430pix-1024x245.webp\"},{\"@type\":\"WebSite\",\"@id\":\"https:\/\/www.welovecycling.com\/cs\/#website\",\"url\":\"https:\/\/www.welovecycling.com\/cs\/\",\"name\":\"\u0160koda We Love Cycling - \u010cesk\u00e1 republika\",\"description\":\"WeLoveCycling.cz je online magaz\u00edn, kter\u00fd v\u00e1m pravideln\u011b p\u0159in\u00e1\u0161\u00ed rady a tipy, zaj\u00edmav\u00e9 \u010dl\u00e1nky, videa a jedine\u010dn\u00e9 report\u00e1\u017ee ze sv\u011bta cyklistiky.\",\"potentialAction\":[{\"@type\":\"SearchAction\",\"target\":{\"@type\":\"EntryPoint\",\"urlTemplate\":\"https:\/\/www.welovecycling.com\/cs\/?s={search_term_string}\"},\"query-input\":{\"@type\":\"PropertyValueSpecification\",\"valueRequired\":true,\"valueName\":\"search_term_string\"}}],\"inLanguage\":\"cs\"}]}<\/script>\n<!-- \/ Yoast SEO Premium plugin. -->","yoast_head_json":{"title":"Sout\u011b\u017e o Garmin Varia RTL 515 | \u0160koda We Love Cycling - \u010cesk\u00e1 republika","robots":{"index":"index","follow":"follow","max-snippet":"max-snippet:-1","max-image-preview":"max-image-preview:large","max-video-preview":"max-video-preview:-1"},"canonical":"https:\/\/www.welovecycling.com\/cs\/soutez-o-garmin-varia-rtl-515\/","og_locale":"cs_CZ","og_type":"article","og_title":"Sout\u011b\u017e o Garmin Varia RTL 515","og_description":"Zvy\u0161te svou bezpe\u010dnost na kole Sout\u011b\u017e byla ukon\u010dena, hlasovat bylo mo\u017en\u00e9 do 12.11. Ze v\u0161ech spr\u00e1vn\u011b tipuj\u00edc\u00edch te\u010f vylosujeme jednoho [&hellip;]","og_url":"https:\/\/www.welovecycling.com\/cs\/soutez-o-garmin-varia-rtl-515\/","og_site_name":"\u0160koda We Love Cycling - \u010cesk\u00e1 republika","article_modified_time":"2023-11-13T09:56:25+00:00","og_image":[{"url":"https:\/\/d2p6e6u75xmxt8.cloudfront.net\/13\/2023\/10\/Bannery-na-web-soutez-Garmin_1800x430pix-1024x245.webp","type":"","width":"","height":""}],"twitter_card":"summary_large_image","schema":{"@context":"https:\/\/schema.org","@graph":[{"@type":"WebPage","@id":"https:\/\/www.welovecycling.com\/cs\/soutez-o-garmin-varia-rtl-515\/","url":"https:\/\/www.welovecycling.com\/cs\/soutez-o-garmin-varia-rtl-515\/","name":"Sout\u011b\u017e o Garmin Varia RTL 515 | \u0160koda We Love Cycling - \u010cesk\u00e1 republika","isPartOf":{"@id":"https:\/\/www.welovecycling.com\/cs\/#website"},"primaryImageOfPage":{"@id":"https:\/\/www.welovecycling.com\/cs\/soutez-o-garmin-varia-rtl-515\/#primaryimage"},"image":{"@id":"https:\/\/www.welovecycling.com\/cs\/soutez-o-garmin-varia-rtl-515\/#primaryimage"},"thumbnailUrl":"https:\/\/d2p6e6u75xmxt8.cloudfront.net\/13\/2023\/10\/Bannery-na-web-soutez-Garmin_1800x430pix-1024x245.webp","datePublished":"2023-10-19T09:07:40+00:00","dateModified":"2023-11-13T09:56:25+00:00","inLanguage":"cs","potentialAction":[{"@type":"ReadAction","target":["https:\/\/www.welovecycling.com\/cs\/soutez-o-garmin-varia-rtl-515\/"]}]},{"@type":"ImageObject","inLanguage":"cs","@id":"https:\/\/www.welovecycling.com\/cs\/soutez-o-garmin-varia-rtl-515\/#primaryimage","url":"https:\/\/d2p6e6u75xmxt8.cloudfront.net\/13\/2023\/10\/Bannery-na-web-soutez-Garmin_1800x430pix-1024x245.webp","contentUrl":"https:\/\/d2p6e6u75xmxt8.cloudfront.net\/13\/2023\/10\/Bannery-na-web-soutez-Garmin_1800x430pix-1024x245.webp"},{"@type":"WebSite","@id":"https:\/\/www.welovecycling.com\/cs\/#website","url":"https:\/\/www.welovecycling.com\/cs\/","name":"\u0160koda We Love Cycling - \u010cesk\u00e1 republika","description":"WeLoveCycling.cz je online magaz\u00edn, kter\u00fd v\u00e1m pravideln\u011b p\u0159in\u00e1\u0161\u00ed rady a tipy, zaj\u00edmav\u00e9 \u010dl\u00e1nky, videa a jedine\u010dn\u00e9 report\u00e1\u017ee ze sv\u011bta cyklistiky.","potentialAction":[{"@type":"SearchAction","target":{"@type":"EntryPoint","urlTemplate":"https:\/\/www.welovecycling.com\/cs\/?s={search_term_string}"},"query-input":{"@type":"PropertyValueSpecification","valueRequired":true,"valueName":"search_term_string"}}],"inLanguage":"cs"}]}},"_links":{"self":[{"href":"https:\/\/www.welovecycling.com\/cs\/wp-json\/wp\/v2\/pages\/23906","targetHints":{"allow":["GET"]}}],"collection":[{"href":"https:\/\/www.welovecycling.com\/cs\/wp-json\/wp\/v2\/pages"}],"about":[{"href":"https:\/\/www.welovecycling.com\/cs\/wp-json\/wp\/v2\/types\/page"}],"author":[{"embeddable":true,"href":"https:\/\/www.welovecycling.com\/cs\/wp-json\/wp\/v2\/users\/137"}],"replies":[{"embeddable":true,"href":"https:\/\/www.welovecycling.com\/cs\/wp-json\/wp\/v2\/comments?post=23906"}],"version-history":[{"count":17,"href":"https:\/\/www.welovecycling.com\/cs\/wp-json\/wp\/v2\/pages\/23906\/revisions"}],"predecessor-version":[{"id":24117,"href":"https:\/\/www.welovecycling.com\/cs\/wp-json\/wp\/v2\/pages\/23906\/revisions\/24117"}],"wp:attachment":[{"href":"https:\/\/www.welovecycling.com\/cs\/wp-json\/wp\/v2\/media?parent=23906"}],"wp:term":[{"taxonomy":"post_tag","embeddable":true,"href":"https:\/\/www.welovecycling.com\/cs\/wp-json\/wp\/v2\/tags?post=23906"}],"curies":[{"name":"wp","href":"https:\/\/api.w.org\/{rel}","templated":true}]}}