{"id":2248,"date":"2019-05-30T16:28:50","date_gmt":"2019-05-30T15:28:50","guid":{"rendered":"https:\/\/www.welovecycling.com\/cs\/?page_id=2248"},"modified":"2019-07-01T13:42:07","modified_gmt":"2019-07-01T12:42:07","slug":"informace-k-ochrane-osobnich-udaju-souteze","status":"publish","type":"page","link":"https:\/\/www.welovecycling.com\/cs\/docs\/informace-k-ochrane-osobnich-udaju-souteze\/","title":{"rendered":"Informace k ochran\u011b osobn\u00edch \u00fadaj\u016f (sout\u011b\u017ee)"},"content":{"rendered":"<div id=\"pl-2248\"  class=\"panel-layout\" ><div id=\"pg-2248-0\"  class=\"panel-grid panel-no-style\" ><div id=\"pgc-2248-0-0\"  class=\"panel-grid-cell\" ><div id=\"panel-2248-0-0-0\" class=\"so-panel widget widget_sow-editor panel-first-child\" data-index=\"0\" ><div\n\t\t\t\n\t\t\tclass=\"so-widget-sow-editor so-widget-sow-editor-base\"\n\t\t\t\n\t\t>\n<div class=\"siteorigin-widget-tinymce textwidget\">\n\t<p>Prost\u0159ednictv\u00edm tohoto dokumentu poskytujeme my, spole\u010dnost \u0160koda AUTO a.s., t\u0159. V\u00e1clava Klementa 869, Mlad\u00e1 Boleslav II, 293 10, Mlad\u00e1 Boleslav, I\u010c: 00177041, zapsan\u00e1 v obchodn\u00edm rejst\u0159\u00edku veden\u00e9m M\u011bstsk\u00fdm soudem v Praze,  odd\u00edl B, vlo\u017eka 332 (d\u00e1le jen \u201e\u0160koda AUTO\u201c),  jako\u017eto spr\u00e1vce osobn\u00edch \u00fadaj\u016f, informace o zpracov\u00e1n\u00ed osobn\u00edch \u00fadaj\u016f a o va\u0161ich pr\u00e1vech, kter\u00e1 s n\u00edm souvisej\u00ed.<\/p>\n<p>Zpracov\u00e1n\u00ed osobn\u00edch \u00fadaj\u016f se prov\u00e1d\u00ed v r\u00e1mci n\u00e1sleduj\u00edc\u00edch \u010dinnost\u00ed:<\/p>\n<p><strong>Organizov\u00e1n\u00ed sout\u011b\u017ee a hlasov\u00e1n\u00ed v n\u00ed <\/strong><\/p>\n<\/div>\n<\/div><\/div><div id=\"panel-2248-0-0-1\" class=\"so-panel widget widget_sow-editor panel-last-child\" data-index=\"1\" ><div\n\t\t\t\n\t\t\tclass=\"so-widget-sow-editor so-widget-sow-editor-base\"\n\t\t\t\n\t\t>\n<div class=\"siteorigin-widget-tinymce textwidget\">\n\t<h2>\u00da\u010del zpracov\u00e1n\u00ed:<\/h2>\n<p>Organizov\u00e1n\u00ed sout\u011b\u017e\u00ed a zaji\u0161t\u011bn\u00ed spravedliv\u00e9ho hlasov\u00e1n\u00ed v sout\u011b\u017ei<\/p>\n<h2>Popis \u00fa\u010delu zpracov\u00e1n\u00ed:<\/h2>\n<p>Pokud se rozhodnete z\u00fa\u010dastnit se libovoln\u00e9 sout\u011b\u017ee, kterou organizujeme v r\u00e1mci sv\u00fdch aktivit, pou\u017eijeme va\u0161e osobn\u00ed \u00fadaje, jestli\u017ee budete \u00fa\u010dastn\u00edkem sout\u011b\u017ee, tzn. osobn\u00ed \u00fadaje o v\u00e1s a o va\u0161em d\u00edt\u011bti, jestli\u017ee jste z\u00e1konn\u00fdm z\u00e1stupcem d\u00edt\u011bte v sout\u011b\u017ei, abychom v\u00e1s mohli za\u0159adit mezi \u00fa\u010dastn\u00edky, vyhodnotit sout\u011b\u017e a zaslat nebo doru\u010dit cenu. Tyto \u010dinnosti m\u016f\u017eeme realizovat my sami, nebo jsou realizov\u00e1ny prost\u0159ednictv\u00edm t\u0159et\u00edch osob \u2013 agentur. D\u00edky t\u011bmto osobn\u00edm \u00fadaj\u016fm budeme rovn\u011b\u017e schopni zajistit, \u017ee bude minimalizov\u00e1na mo\u017enost, aby jedna osoba hlasovala opakovan\u011b.<\/p>\n<h2>Pr\u00e1vn\u00ed v\u00fdchodisko zpracov\u00e1n\u00ed:<\/h2>\n<p>Zpracov\u00e1n\u00ed osobn\u00edch \u00fadaj\u016f mus\u00edme prov\u00e1d\u011bt proto, \u017ee je nezbytn\u00e9 k tomu, abychom mohli splnit sv\u00e9 povinnosti souvisej\u00edc\u00ed s vyhl\u00e1\u0161enou sout\u011b\u017e\u00ed. Poskytnut\u00ed va\u0161ich osobn\u00edch \u00fadaj\u016f je smluvn\u00edm po\u017eadavkem, a v p\u0159\u00edpad\u011b, \u017ee byste sv\u00e9 osobn\u00ed \u00fadaje neposkytli, nem\u016f\u017eete b\u00fdt do sout\u011b\u017ee za\u0159azeni.<\/p>\n<h2>Kategorie osobn\u00edch \u00fadaj\u016f, kter\u00e9 zpracov\u00e1v\u00e1me:<\/h2>\n<p>Identifika\u010dn\u00ed \u00fadaje, kontaktn\u00ed \u00fadaje<\/p>\n<h2>Doba zpracov\u00e1n\u00ed a archivov\u00e1n\u00ed:<\/h2>\n<p>1 rok od ukon\u010den\u00ed sout\u011b\u017ee<\/p>\n<h2>Kategorie zpracovatel\u016f osobn\u00edch \u00fadaj\u016f nebo p\u0159\u00edjemc\u016f osobn\u00edch \u00fadaj\u016f, kter\u00fdm m\u016f\u017eeme osobn\u00ed \u00fadaje poskytnout:<\/h2>\n<p>Agentury, kter\u00e9 sout\u011b\u017e po\u0159\u00e1daj\u00ed.<\/p>\n<p>Na po\u017e\u00e1d\u00e1n\u00ed mohou b\u00fdt va\u0161e osobn\u00ed \u00fadaje poskytnuty org\u00e1n\u016fm ve\u0159ejn\u00e9 moci, p\u0159edev\u0161\u00edm soud\u016fm, Policii \u010cesk\u00e9 republiky a dal\u0161\u00edm org\u00e1n\u016fm \u010dinn\u00fdm v trestn\u00edm \u0159\u00edzen\u00ed, a to v nezbytn\u011b nutn\u00e9m rozsahu a v mez\u00edch stanoven\u00fdch z\u00e1konem.<\/p>\n<h2>Zdroj osobn\u00edch \u00fadaj\u016f:<\/h2>\n<p>Osobn\u00ed \u00fadaje obdr\u017e\u00edme p\u0159\u00edmo od v\u00e1s.<\/p>\n<h2>P\u0159ev\u00e1d\u011bn\u00ed osobn\u00edch \u00fadaj\u016f do t\u0159et\u00edch zem\u00ed nebo nadn\u00e1rodn\u00edm organizac\u00edm:<\/h2>\n<p>V r\u00e1mci tohoto zpracov\u00e1n\u00ed mohou b\u00fdt va\u0161e osobn\u00ed \u00fadaje p\u0159evedeny p\u0159\u00edjemc\u016fm v t\u0159et\u00edch zem\u00edch, nap\u0159. ve Spojen\u00fdch st\u00e1tech americk\u00fdch. V takov\u00e9m p\u0159\u00edpad\u011b m\u016f\u017ee b\u00fdt takov\u00e9 p\u0159eveden\u00ed uskute\u010dn\u011bno na z\u00e1klad\u011b rozhodnut\u00ed Evropsk\u00e9 komise o odpov\u00eddaj\u00edc\u00ed ochran\u011b, tzn. osobn\u00ed \u00fadaje mohou b\u00fdt p\u0159evedeny organizac\u00edm, kter\u00e9 jsou \u00fa\u010dastn\u00edky programu \u0160t\u00edt na ochranu soukrom\u00ed, nebo na z\u00e1klad\u011b standardn\u00edch smluvn\u00edch dolo\u017eek, tedy vzorov\u00e9 smlouvy, kterou vydala Evropsk\u00e1 komise a v jej\u00edm\u017e textu nesm\u011bj\u00ed b\u00fdt provedeny \u017e\u00e1dn\u00e9 \u00fapravy, jak stanovuje platn\u00e9 obecn\u00e9 na\u0159\u00edzen\u00ed o ochran\u011b osobn\u00edch \u00fadaj\u016f. Aktu\u00e1ln\u00ed informace najdete na adrese http:\/\/www.skoda-auto.com\/other\/privacy-statement.<\/p>\n<h2>Automatizovan\u00e9 rozhodov\u00e1n\u00ed vych\u00e1zej\u00edc\u00ed z osobn\u00edch \u00fadaj\u016f:<\/h2>\n<p>V pr\u016fb\u011bhu tohoto zpracov\u00e1n\u00ed osobn\u00edch \u00fadaj\u016f nedoch\u00e1z\u00ed k automatizovan\u00e9mu rozhodov\u00e1n\u00ed, kter\u00e9 je zalo\u017een\u00e9 na osobn\u00edch \u00fadaj\u00edch.<\/p>\n<h2>Ostatn\u00ed informace<\/h2>\n<p>Osobn\u00ed \u00fadaje mohou b\u00fdt archivov\u00e1ny ve ve\u0159ejn\u00e9m z\u00e1jmu a mohou b\u00fdt pou\u017eity k \u00fa\u010del\u016fm v\u011bdeck\u00fdch, historick\u00fdch nebo statistick\u00fdch pr\u016fzkum\u016f. V n\u00e1le\u017eit\u011b opodstatn\u011bn\u00fdch p\u0159\u00edpadech mohou b\u00fdt osobn\u00ed \u00fadaje p\u0159edm\u011btem zpracov\u00e1n\u00ed rovn\u011b\u017e pro \u00fa\u010dely vy\u0159e\u0161en\u00ed pr\u00e1vn\u00edch z\u00e1le\u017eitost\u00ed, v\u010detn\u011b pln\u011bn\u00ed povinnost\u00ed ve vztahu k org\u00e1n\u016fm ve\u0159ejn\u00e9 spr\u00e1vy a monitorov\u00e1n\u00ed a pr\u016fb\u011b\u017en\u00e9ho vyhodnocov\u00e1n\u00ed pr\u00e1vn\u00edch rizik.<\/p>\n<\/div>\n<\/div><\/div><\/div><\/div><div id=\"pg-2248-1\"  class=\"panel-grid panel-no-style\" ><div id=\"pgc-2248-1-0\"  class=\"panel-grid-cell\" ><div id=\"panel-2248-1-0-0\" class=\"so-panel widget widget_sow-editor panel-first-child panel-last-child\" data-index=\"2\" ><div\n\t\t\t\n\t\t\tclass=\"so-widget-sow-editor so-widget-sow-editor-base\"\n\t\t\t\n\t\t>\n<div class=\"siteorigin-widget-tinymce textwidget\">\n\t<p><a href=\"https:\/\/www.welovecycling.com\/cs\/docs\/jaka-mate-prava\/\">Jak\u00e1 jsou Va\u0161e pr\u00e1va?<\/a><\/p>\n<\/div>\n<\/div><\/div><\/div><\/div><\/div>","protected":false},"excerpt":{"rendered":"<p>Prost\u0159ednictv\u00edm tohoto dokumentu poskytujeme my, spole\u010dnost \u0160koda AUTO a.s., t\u0159. V\u00e1clava Klementa 869, Mlad\u00e1 Boleslav II, 293 10, Mlad\u00e1 Boleslav, [&hellip;]<\/p>\n","protected":false},"author":27,"featured_media":0,"parent":190,"menu_order":0,"comment_status":"closed","ping_status":"closed","template":"","meta":{"footnotes":""},"tags":[],"class_list":["post-2248","page","type-page","status-publish","hentry"],"yoast_head":"<!-- This site is optimized with the Yoast SEO Premium plugin v25.3 (Yoast SEO v25.9) - https:\/\/yoast.com\/wordpress\/plugins\/seo\/ -->\n<title>Informace k ochran\u011b osobn\u00edch \u00fadaj\u016f (sout\u011b\u017ee) | \u0160koda We Love Cycling - \u010cesk\u00e1 republika<\/title>\n<meta name=\"robots\" content=\"index, nofollow, max-snippet:-1, max-image-preview:large, max-video-preview:-1\" \/>\n<link rel=\"canonical\" href=\"https:\/\/www.welovecycling.com\/cs\/docs\/informace-k-ochrane-osobnich-udaju-souteze\/\" \/>\n<meta property=\"og:locale\" content=\"cs_CZ\" \/>\n<meta property=\"og:type\" content=\"article\" \/>\n<meta property=\"og:title\" content=\"Informace k ochran\u011b osobn\u00edch \u00fadaj\u016f (sout\u011b\u017ee)\" \/>\n<meta property=\"og:description\" content=\"Prost\u0159ednictv\u00edm tohoto dokumentu poskytujeme my, spole\u010dnost \u0160koda AUTO a.s., t\u0159. V\u00e1clava Klementa 869, Mlad\u00e1 Boleslav II, 293 10, Mlad\u00e1 Boleslav, [&hellip;]\" \/>\n<meta property=\"og:url\" content=\"https:\/\/www.welovecycling.com\/cs\/docs\/informace-k-ochrane-osobnich-udaju-souteze\/\" \/>\n<meta property=\"og:site_name\" content=\"\u0160koda We Love Cycling - \u010cesk\u00e1 republika\" \/>\n<meta property=\"article:modified_time\" content=\"2019-07-01T12:42:07+00:00\" \/>\n<meta name=\"twitter:card\" content=\"summary_large_image\" \/>\n<meta name=\"twitter:label1\" content=\"Est. reading time\" \/>\n\t<meta name=\"twitter:data1\" content=\"3 minuty\" \/>\n<script type=\"application\/ld+json\" class=\"yoast-schema-graph\">{\"@context\":\"https:\/\/schema.org\",\"@graph\":[{\"@type\":\"WebPage\",\"@id\":\"https:\/\/www.welovecycling.com\/cs\/docs\/informace-k-ochrane-osobnich-udaju-souteze\/\",\"url\":\"https:\/\/www.welovecycling.com\/cs\/docs\/informace-k-ochrane-osobnich-udaju-souteze\/\",\"name\":\"Informace k ochran\u011b osobn\u00edch \u00fadaj\u016f (sout\u011b\u017ee) | \u0160koda We Love Cycling - \u010cesk\u00e1 republika\",\"isPartOf\":{\"@id\":\"https:\/\/www.welovecycling.com\/cs\/#website\"},\"datePublished\":\"2019-05-30T15:28:50+00:00\",\"dateModified\":\"2019-07-01T12:42:07+00:00\",\"breadcrumb\":{\"@id\":\"https:\/\/www.welovecycling.com\/cs\/docs\/informace-k-ochrane-osobnich-udaju-souteze\/#breadcrumb\"},\"inLanguage\":\"cs\",\"potentialAction\":[{\"@type\":\"ReadAction\",\"target\":[\"https:\/\/www.welovecycling.com\/cs\/docs\/informace-k-ochrane-osobnich-udaju-souteze\/\"]}]},{\"@type\":\"BreadcrumbList\",\"@id\":\"https:\/\/www.welovecycling.com\/cs\/docs\/informace-k-ochrane-osobnich-udaju-souteze\/#breadcrumb\",\"itemListElement\":[{\"@type\":\"ListItem\",\"position\":1,\"name\":\"Dokumenty\",\"item\":\"https:\/\/www.welovecycling.com\/cs\/docs\/\"},{\"@type\":\"ListItem\",\"position\":2,\"name\":\"Informace k ochran\u011b osobn\u00edch \u00fadaj\u016f (sout\u011b\u017ee)\"}]},{\"@type\":\"WebSite\",\"@id\":\"https:\/\/www.welovecycling.com\/cs\/#website\",\"url\":\"https:\/\/www.welovecycling.com\/cs\/\",\"name\":\"\u0160koda We Love Cycling - \u010cesk\u00e1 republika\",\"description\":\"WeLoveCycling.cz je online magaz\u00edn, kter\u00fd v\u00e1m pravideln\u011b p\u0159in\u00e1\u0161\u00ed rady a tipy, zaj\u00edmav\u00e9 \u010dl\u00e1nky, videa a jedine\u010dn\u00e9 report\u00e1\u017ee ze sv\u011bta cyklistiky.\",\"potentialAction\":[{\"@type\":\"SearchAction\",\"target\":{\"@type\":\"EntryPoint\",\"urlTemplate\":\"https:\/\/www.welovecycling.com\/cs\/?s={search_term_string}\"},\"query-input\":{\"@type\":\"PropertyValueSpecification\",\"valueRequired\":true,\"valueName\":\"search_term_string\"}}],\"inLanguage\":\"cs\"}]}<\/script>\n<!-- \/ Yoast SEO Premium plugin. -->","yoast_head_json":{"title":"Informace k ochran\u011b osobn\u00edch \u00fadaj\u016f (sout\u011b\u017ee) | \u0160koda We Love Cycling - \u010cesk\u00e1 republika","robots":{"index":"index","follow":"nofollow","max-snippet":"max-snippet:-1","max-image-preview":"max-image-preview:large","max-video-preview":"max-video-preview:-1"},"canonical":"https:\/\/www.welovecycling.com\/cs\/docs\/informace-k-ochrane-osobnich-udaju-souteze\/","og_locale":"cs_CZ","og_type":"article","og_title":"Informace k ochran\u011b osobn\u00edch \u00fadaj\u016f (sout\u011b\u017ee)","og_description":"Prost\u0159ednictv\u00edm tohoto dokumentu poskytujeme my, spole\u010dnost \u0160koda AUTO a.s., t\u0159. V\u00e1clava Klementa 869, Mlad\u00e1 Boleslav II, 293 10, Mlad\u00e1 Boleslav, [&hellip;]","og_url":"https:\/\/www.welovecycling.com\/cs\/docs\/informace-k-ochrane-osobnich-udaju-souteze\/","og_site_name":"\u0160koda We Love Cycling - \u010cesk\u00e1 republika","article_modified_time":"2019-07-01T12:42:07+00:00","twitter_card":"summary_large_image","twitter_misc":{"Est. reading time":"3 minuty"},"schema":{"@context":"https:\/\/schema.org","@graph":[{"@type":"WebPage","@id":"https:\/\/www.welovecycling.com\/cs\/docs\/informace-k-ochrane-osobnich-udaju-souteze\/","url":"https:\/\/www.welovecycling.com\/cs\/docs\/informace-k-ochrane-osobnich-udaju-souteze\/","name":"Informace k ochran\u011b osobn\u00edch \u00fadaj\u016f (sout\u011b\u017ee) | \u0160koda We Love Cycling - \u010cesk\u00e1 republika","isPartOf":{"@id":"https:\/\/www.welovecycling.com\/cs\/#website"},"datePublished":"2019-05-30T15:28:50+00:00","dateModified":"2019-07-01T12:42:07+00:00","breadcrumb":{"@id":"https:\/\/www.welovecycling.com\/cs\/docs\/informace-k-ochrane-osobnich-udaju-souteze\/#breadcrumb"},"inLanguage":"cs","potentialAction":[{"@type":"ReadAction","target":["https:\/\/www.welovecycling.com\/cs\/docs\/informace-k-ochrane-osobnich-udaju-souteze\/"]}]},{"@type":"BreadcrumbList","@id":"https:\/\/www.welovecycling.com\/cs\/docs\/informace-k-ochrane-osobnich-udaju-souteze\/#breadcrumb","itemListElement":[{"@type":"ListItem","position":1,"name":"Dokumenty","item":"https:\/\/www.welovecycling.com\/cs\/docs\/"},{"@type":"ListItem","position":2,"name":"Informace k ochran\u011b osobn\u00edch \u00fadaj\u016f (sout\u011b\u017ee)"}]},{"@type":"WebSite","@id":"https:\/\/www.welovecycling.com\/cs\/#website","url":"https:\/\/www.welovecycling.com\/cs\/","name":"\u0160koda We Love Cycling - \u010cesk\u00e1 republika","description":"WeLoveCycling.cz je online magaz\u00edn, kter\u00fd v\u00e1m pravideln\u011b p\u0159in\u00e1\u0161\u00ed rady a tipy, zaj\u00edmav\u00e9 \u010dl\u00e1nky, videa a jedine\u010dn\u00e9 report\u00e1\u017ee ze sv\u011bta cyklistiky.","potentialAction":[{"@type":"SearchAction","target":{"@type":"EntryPoint","urlTemplate":"https:\/\/www.welovecycling.com\/cs\/?s={search_term_string}"},"query-input":{"@type":"PropertyValueSpecification","valueRequired":true,"valueName":"search_term_string"}}],"inLanguage":"cs"}]}},"_links":{"self":[{"href":"https:\/\/www.welovecycling.com\/cs\/wp-json\/wp\/v2\/pages\/2248","targetHints":{"allow":["GET"]}}],"collection":[{"href":"https:\/\/www.welovecycling.com\/cs\/wp-json\/wp\/v2\/pages"}],"about":[{"href":"https:\/\/www.welovecycling.com\/cs\/wp-json\/wp\/v2\/types\/page"}],"author":[{"embeddable":true,"href":"https:\/\/www.welovecycling.com\/cs\/wp-json\/wp\/v2\/users\/27"}],"replies":[{"embeddable":true,"href":"https:\/\/www.welovecycling.com\/cs\/wp-json\/wp\/v2\/comments?post=2248"}],"version-history":[{"count":3,"href":"https:\/\/www.welovecycling.com\/cs\/wp-json\/wp\/v2\/pages\/2248\/revisions"}],"predecessor-version":[{"id":28319,"href":"https:\/\/www.welovecycling.com\/cs\/wp-json\/wp\/v2\/pages\/2248\/revisions\/28319"}],"up":[{"embeddable":true,"href":"https:\/\/www.welovecycling.com\/cs\/wp-json\/wp\/v2\/pages\/190"}],"wp:attachment":[{"href":"https:\/\/www.welovecycling.com\/cs\/wp-json\/wp\/v2\/media?parent=2248"}],"wp:term":[{"taxonomy":"post_tag","embeddable":true,"href":"https:\/\/www.welovecycling.com\/cs\/wp-json\/wp\/v2\/tags?post=2248"}],"curies":[{"name":"wp","href":"https:\/\/api.w.org\/{rel}","templated":true}]}}