{"id":20505,"date":"2023-01-26T14:14:31","date_gmt":"2023-01-26T12:14:31","guid":{"rendered":"https:\/\/www.welovecycling.com\/cs\/?page_id=20505"},"modified":"2023-02-13T10:57:39","modified_gmt":"2023-02-13T08:57:39","slug":"zimni-soutez-s-we-love-cycling-cz","status":"publish","type":"page","link":"https:\/\/www.welovecycling.com\/cs\/zimni-soutez-s-we-love-cycling-cz\/","title":{"rendered":"Zimn\u00ed sout\u011b\u017e s We Love Cycling.cz"},"content":{"rendered":"<div id=\"pl-20505\"  class=\"panel-layout\" ><div id=\"pg-20505-0\"  class=\"panel-grid panel-no-style\" ><div id=\"pgc-20505-0-0\"  class=\"panel-grid-cell\" ><div id=\"panel-20505-0-0-0\" class=\"so-panel widget widget_sow-editor panel-first-child panel-last-child\" data-index=\"0\" ><div\n\t\t\t\n\t\t\tclass=\"so-widget-sow-editor so-widget-sow-editor-base\"\n\t\t\t\n\t\t>\n<div class=\"siteorigin-widget-tinymce textwidget\">\n\t<p><img loading=\"lazy\" decoding=\"async\" class=\"aligncenter wp-image-20506 size-large\" src=\"https:\/\/d2p6e6u75xmxt8.cloudfront.net\/13\/2023\/01\/2700x645-1024x245.webp\" alt=\"\" width=\"1024\" height=\"245\" srcset=\"https:\/\/d2p6e6u75xmxt8.cloudfront.net\/13\/2023\/01\/2700x645-1024x245.webp 1024w, https:\/\/d2p6e6u75xmxt8.cloudfront.net\/13\/2023\/01\/2700x645-300x72.webp 300w, https:\/\/d2p6e6u75xmxt8.cloudfront.net\/13\/2023\/01\/2700x645-768x183.webp 768w, https:\/\/d2p6e6u75xmxt8.cloudfront.net\/13\/2023\/01\/2700x645-1536x367.webp 1536w, https:\/\/d2p6e6u75xmxt8.cloudfront.net\/13\/2023\/01\/2700x645-2048x489.webp 2048w, https:\/\/d2p6e6u75xmxt8.cloudfront.net\/13\/2023\/01\/2700x645-1920x459.webp 1920w, https:\/\/d2p6e6u75xmxt8.cloudfront.net\/13\/2023\/01\/2700x645-1920x459.webp 1920w\" sizes=\"auto, (max-width: 1024px) 100vw, 1024px\" \/><\/p>\n<\/div>\n<\/div><\/div><\/div><\/div><div id=\"pg-20505-1\"  class=\"panel-grid panel-no-style\" ><div id=\"pgc-20505-1-0\"  class=\"panel-grid-cell\" ><div id=\"panel-20505-1-0-0\" class=\"so-panel widget widget_sow-editor panel-first-child panel-last-child\" data-index=\"1\" ><div\n\t\t\t\n\t\t\tclass=\"so-widget-sow-editor so-widget-sow-editor-base\"\n\t\t\t\n\t\t>\n<div class=\"siteorigin-widget-tinymce textwidget\">\n\t<h2 class=\"sow-headline\" style=\"text-align: center;\">Sout\u011b\u017e byla ukon\u010dena.<\/h2>\n<\/div>\n<\/div><\/div><\/div><\/div><div id=\"pg-20505-2\"  class=\"panel-grid panel-no-style\" ><div id=\"pgc-20505-2-0\"  class=\"panel-grid-cell\" ><div id=\"panel-20505-2-0-0\" class=\"so-panel widget widget_sow-editor panel-first-child\" data-index=\"2\" ><div\n\t\t\t\n\t\t\tclass=\"so-widget-sow-editor so-widget-sow-editor-base\"\n\t\t\t\n\t\t>\n<div class=\"siteorigin-widget-tinymce textwidget\">\n\t<p><img loading=\"lazy\" decoding=\"async\" class=\"aligncenter wp-image-20529\" src=\"https:\/\/d2p6e6u75xmxt8.cloudfront.net\/13\/2023\/01\/1800x430.webp\" alt=\"\" width=\"900\" height=\"244\" srcset=\"https:\/\/d2p6e6u75xmxt8.cloudfront.net\/13\/2023\/01\/1800x430.webp 1444w, https:\/\/d2p6e6u75xmxt8.cloudfront.net\/13\/2023\/01\/1800x430-300x81.webp 300w, https:\/\/d2p6e6u75xmxt8.cloudfront.net\/13\/2023\/01\/1800x430-1024x278.webp 1024w, https:\/\/d2p6e6u75xmxt8.cloudfront.net\/13\/2023\/01\/1800x430-768x208.webp 768w\" sizes=\"auto, (max-width: 900px) 100vw, 900px\" \/><\/p>\n<\/div>\n<\/div><\/div><div id=\"panel-20505-2-0-1\" class=\"so-panel widget widget_sow-editor panel-last-child\" data-index=\"3\" ><div\n\t\t\t\n\t\t\tclass=\"so-widget-sow-editor so-widget-sow-editor-base\"\n\t\t\t\n\t\t>\n<div class=\"siteorigin-widget-tinymce textwidget\">\n\t<h5 class=\"sow-headline\" style=\"text-align: center;\">Cyklistick\u00fd bal\u00ed\u010dek obsahuje: helmu, \u010delenku, sadu sv\u011btel, pumpi\u010dku, n\u00e1\u0159ad\u00ed, bidon<\/h5>\n<\/div>\n<\/div><\/div><\/div><\/div><div id=\"pg-20505-3\"  class=\"panel-grid panel-no-style\" ><div id=\"pgc-20505-3-0\"  class=\"panel-grid-cell panel-grid-cell-empty\" ><\/div><\/div><\/div>","protected":false},"excerpt":{"rendered":"<p>Sout\u011b\u017e byla ukon\u010dena.<\/p>\n","protected":false},"author":137,"featured_media":0,"parent":0,"menu_order":0,"comment_status":"closed","ping_status":"closed","template":"templates\/template-full-width.php","meta":{"footnotes":""},"tags":[],"class_list":["post-20505","page","type-page","status-publish","hentry"],"yoast_head":"<!-- This site is optimized with the Yoast SEO Premium plugin v25.3 (Yoast SEO v25.9) - https:\/\/yoast.com\/wordpress\/plugins\/seo\/ -->\n<title>Zimn\u00ed sout\u011b\u017e s We Love Cycling.cz | \u0160koda We Love Cycling - \u010cesk\u00e1 republika<\/title>\n<meta name=\"robots\" content=\"index, follow, max-snippet:-1, max-image-preview:large, max-video-preview:-1\" \/>\n<link rel=\"canonical\" href=\"https:\/\/www.welovecycling.com\/cs\/zimni-soutez-s-we-love-cycling-cz\/\" \/>\n<meta property=\"og:locale\" content=\"cs_CZ\" \/>\n<meta property=\"og:type\" content=\"article\" \/>\n<meta property=\"og:title\" content=\"Zimn\u00ed sout\u011b\u017e s We Love Cycling.cz\" \/>\n<meta property=\"og:description\" content=\"Sout\u011b\u017e byla ukon\u010dena.\" \/>\n<meta property=\"og:url\" content=\"https:\/\/www.welovecycling.com\/cs\/zimni-soutez-s-we-love-cycling-cz\/\" \/>\n<meta property=\"og:site_name\" content=\"\u0160koda We Love Cycling - \u010cesk\u00e1 republika\" \/>\n<meta property=\"article:modified_time\" content=\"2023-02-13T08:57:39+00:00\" \/>\n<meta property=\"og:image\" content=\"https:\/\/d2p6e6u75xmxt8.cloudfront.net\/13\/2023\/01\/2700x645-1024x245.webp\" \/>\n<meta name=\"twitter:card\" content=\"summary_large_image\" \/>\n<script type=\"application\/ld+json\" class=\"yoast-schema-graph\">{\"@context\":\"https:\/\/schema.org\",\"@graph\":[{\"@type\":\"WebPage\",\"@id\":\"https:\/\/www.welovecycling.com\/cs\/zimni-soutez-s-we-love-cycling-cz\/\",\"url\":\"https:\/\/www.welovecycling.com\/cs\/zimni-soutez-s-we-love-cycling-cz\/\",\"name\":\"Zimn\u00ed sout\u011b\u017e s We Love Cycling.cz | \u0160koda We Love Cycling - \u010cesk\u00e1 republika\",\"isPartOf\":{\"@id\":\"https:\/\/www.welovecycling.com\/cs\/#website\"},\"primaryImageOfPage\":{\"@id\":\"https:\/\/www.welovecycling.com\/cs\/zimni-soutez-s-we-love-cycling-cz\/#primaryimage\"},\"image\":{\"@id\":\"https:\/\/www.welovecycling.com\/cs\/zimni-soutez-s-we-love-cycling-cz\/#primaryimage\"},\"thumbnailUrl\":\"https:\/\/d2p6e6u75xmxt8.cloudfront.net\/13\/2023\/01\/2700x645-1024x245.webp\",\"datePublished\":\"2023-01-26T12:14:31+00:00\",\"dateModified\":\"2023-02-13T08:57:39+00:00\",\"inLanguage\":\"cs\",\"potentialAction\":[{\"@type\":\"ReadAction\",\"target\":[\"https:\/\/www.welovecycling.com\/cs\/zimni-soutez-s-we-love-cycling-cz\/\"]}]},{\"@type\":\"ImageObject\",\"inLanguage\":\"cs\",\"@id\":\"https:\/\/www.welovecycling.com\/cs\/zimni-soutez-s-we-love-cycling-cz\/#primaryimage\",\"url\":\"https:\/\/d2p6e6u75xmxt8.cloudfront.net\/13\/2023\/01\/2700x645-1024x245.webp\",\"contentUrl\":\"https:\/\/d2p6e6u75xmxt8.cloudfront.net\/13\/2023\/01\/2700x645-1024x245.webp\"},{\"@type\":\"WebSite\",\"@id\":\"https:\/\/www.welovecycling.com\/cs\/#website\",\"url\":\"https:\/\/www.welovecycling.com\/cs\/\",\"name\":\"\u0160koda We Love Cycling - \u010cesk\u00e1 republika\",\"description\":\"WeLoveCycling.cz je online magaz\u00edn, kter\u00fd v\u00e1m pravideln\u011b p\u0159in\u00e1\u0161\u00ed rady a tipy, zaj\u00edmav\u00e9 \u010dl\u00e1nky, videa a jedine\u010dn\u00e9 report\u00e1\u017ee ze sv\u011bta cyklistiky.\",\"potentialAction\":[{\"@type\":\"SearchAction\",\"target\":{\"@type\":\"EntryPoint\",\"urlTemplate\":\"https:\/\/www.welovecycling.com\/cs\/?s={search_term_string}\"},\"query-input\":{\"@type\":\"PropertyValueSpecification\",\"valueRequired\":true,\"valueName\":\"search_term_string\"}}],\"inLanguage\":\"cs\"}]}<\/script>\n<!-- \/ Yoast SEO Premium plugin. -->","yoast_head_json":{"title":"Zimn\u00ed sout\u011b\u017e s We Love Cycling.cz | \u0160koda We Love Cycling - \u010cesk\u00e1 republika","robots":{"index":"index","follow":"follow","max-snippet":"max-snippet:-1","max-image-preview":"max-image-preview:large","max-video-preview":"max-video-preview:-1"},"canonical":"https:\/\/www.welovecycling.com\/cs\/zimni-soutez-s-we-love-cycling-cz\/","og_locale":"cs_CZ","og_type":"article","og_title":"Zimn\u00ed sout\u011b\u017e s We Love Cycling.cz","og_description":"Sout\u011b\u017e byla ukon\u010dena.","og_url":"https:\/\/www.welovecycling.com\/cs\/zimni-soutez-s-we-love-cycling-cz\/","og_site_name":"\u0160koda We Love Cycling - \u010cesk\u00e1 republika","article_modified_time":"2023-02-13T08:57:39+00:00","og_image":[{"url":"https:\/\/d2p6e6u75xmxt8.cloudfront.net\/13\/2023\/01\/2700x645-1024x245.webp","type":"","width":"","height":""}],"twitter_card":"summary_large_image","schema":{"@context":"https:\/\/schema.org","@graph":[{"@type":"WebPage","@id":"https:\/\/www.welovecycling.com\/cs\/zimni-soutez-s-we-love-cycling-cz\/","url":"https:\/\/www.welovecycling.com\/cs\/zimni-soutez-s-we-love-cycling-cz\/","name":"Zimn\u00ed sout\u011b\u017e s We Love Cycling.cz | \u0160koda We Love Cycling - \u010cesk\u00e1 republika","isPartOf":{"@id":"https:\/\/www.welovecycling.com\/cs\/#website"},"primaryImageOfPage":{"@id":"https:\/\/www.welovecycling.com\/cs\/zimni-soutez-s-we-love-cycling-cz\/#primaryimage"},"image":{"@id":"https:\/\/www.welovecycling.com\/cs\/zimni-soutez-s-we-love-cycling-cz\/#primaryimage"},"thumbnailUrl":"https:\/\/d2p6e6u75xmxt8.cloudfront.net\/13\/2023\/01\/2700x645-1024x245.webp","datePublished":"2023-01-26T12:14:31+00:00","dateModified":"2023-02-13T08:57:39+00:00","inLanguage":"cs","potentialAction":[{"@type":"ReadAction","target":["https:\/\/www.welovecycling.com\/cs\/zimni-soutez-s-we-love-cycling-cz\/"]}]},{"@type":"ImageObject","inLanguage":"cs","@id":"https:\/\/www.welovecycling.com\/cs\/zimni-soutez-s-we-love-cycling-cz\/#primaryimage","url":"https:\/\/d2p6e6u75xmxt8.cloudfront.net\/13\/2023\/01\/2700x645-1024x245.webp","contentUrl":"https:\/\/d2p6e6u75xmxt8.cloudfront.net\/13\/2023\/01\/2700x645-1024x245.webp"},{"@type":"WebSite","@id":"https:\/\/www.welovecycling.com\/cs\/#website","url":"https:\/\/www.welovecycling.com\/cs\/","name":"\u0160koda We Love Cycling - \u010cesk\u00e1 republika","description":"WeLoveCycling.cz je online magaz\u00edn, kter\u00fd v\u00e1m pravideln\u011b p\u0159in\u00e1\u0161\u00ed rady a tipy, zaj\u00edmav\u00e9 \u010dl\u00e1nky, videa a jedine\u010dn\u00e9 report\u00e1\u017ee ze sv\u011bta cyklistiky.","potentialAction":[{"@type":"SearchAction","target":{"@type":"EntryPoint","urlTemplate":"https:\/\/www.welovecycling.com\/cs\/?s={search_term_string}"},"query-input":{"@type":"PropertyValueSpecification","valueRequired":true,"valueName":"search_term_string"}}],"inLanguage":"cs"}]}},"_links":{"self":[{"href":"https:\/\/www.welovecycling.com\/cs\/wp-json\/wp\/v2\/pages\/20505","targetHints":{"allow":["GET"]}}],"collection":[{"href":"https:\/\/www.welovecycling.com\/cs\/wp-json\/wp\/v2\/pages"}],"about":[{"href":"https:\/\/www.welovecycling.com\/cs\/wp-json\/wp\/v2\/types\/page"}],"author":[{"embeddable":true,"href":"https:\/\/www.welovecycling.com\/cs\/wp-json\/wp\/v2\/users\/137"}],"replies":[{"embeddable":true,"href":"https:\/\/www.welovecycling.com\/cs\/wp-json\/wp\/v2\/comments?post=20505"}],"version-history":[{"count":2,"href":"https:\/\/www.welovecycling.com\/cs\/wp-json\/wp\/v2\/pages\/20505\/revisions"}],"predecessor-version":[{"id":20603,"href":"https:\/\/www.welovecycling.com\/cs\/wp-json\/wp\/v2\/pages\/20505\/revisions\/20603"}],"wp:attachment":[{"href":"https:\/\/www.welovecycling.com\/cs\/wp-json\/wp\/v2\/media?parent=20505"}],"wp:term":[{"taxonomy":"post_tag","embeddable":true,"href":"https:\/\/www.welovecycling.com\/cs\/wp-json\/wp\/v2\/tags?post=20505"}],"curies":[{"name":"wp","href":"https:\/\/api.w.org\/{rel}","templated":true}]}}