{"id":19909,"date":"2022-12-07T14:48:29","date_gmt":"2022-12-07T12:48:29","guid":{"rendered":"https:\/\/www.welovecycling.com\/cs\/?page_id=19909"},"modified":"2023-01-30T22:57:24","modified_gmt":"2023-01-30T20:57:24","slug":"vanocni-soutez-s-we-love-cycling-cz","status":"publish","type":"page","link":"https:\/\/www.welovecycling.com\/cs\/vanocni-soutez-s-we-love-cycling-cz\/","title":{"rendered":"V\u00e1no\u010dn\u00ed sout\u011b\u017e s We Love Cycling.cz"},"content":{"rendered":"<div id=\"pl-19909\"  class=\"panel-layout\" ><div id=\"pg-19909-0\"  class=\"panel-grid panel-no-style\" ><div id=\"pgc-19909-0-0\"  class=\"panel-grid-cell\" ><div id=\"panel-19909-0-0-0\" class=\"so-panel widget widget_media_image panel-first-child panel-last-child\" data-index=\"0\" ><img loading=\"lazy\" decoding=\"async\" width=\"2560\" height=\"612\" src=\"https:\/\/d2p6e6u75xmxt8.cloudfront.net\/13\/2022\/12\/soutez4-scaled.webp\" class=\"image wp-image-19927  attachment-full size-full\" alt=\"\" style=\"max-width: 100%; height: auto;\" srcset=\"https:\/\/d2p6e6u75xmxt8.cloudfront.net\/13\/2022\/12\/soutez4-scaled.webp 2560w, https:\/\/d2p6e6u75xmxt8.cloudfront.net\/13\/2022\/12\/soutez4-300x72.webp 300w, https:\/\/d2p6e6u75xmxt8.cloudfront.net\/13\/2022\/12\/soutez4-1024x245.webp 1024w, https:\/\/d2p6e6u75xmxt8.cloudfront.net\/13\/2022\/12\/soutez4-768x183.webp 768w, https:\/\/d2p6e6u75xmxt8.cloudfront.net\/13\/2022\/12\/soutez4-1536x367.webp 1536w, https:\/\/d2p6e6u75xmxt8.cloudfront.net\/13\/2022\/12\/soutez4-2048x489.webp 2048w, https:\/\/d2p6e6u75xmxt8.cloudfront.net\/13\/2022\/12\/soutez4-1920x459.webp 1920w, https:\/\/d2p6e6u75xmxt8.cloudfront.net\/13\/2022\/12\/soutez4-1920x459.webp 1920w\" sizes=\"auto, (max-width: 2560px) 100vw, 2560px\" \/><\/div><\/div><\/div><div id=\"pg-19909-1\"  class=\"panel-grid panel-no-style\" ><div id=\"pgc-19909-1-0\"  class=\"panel-grid-cell\" ><div id=\"panel-19909-1-0-0\" class=\"so-panel widget widget_sow-editor panel-first-child panel-last-child\" data-index=\"1\" ><div\n\t\t\t\n\t\t\tclass=\"so-widget-sow-editor so-widget-sow-editor-base\"\n\t\t\t\n\t\t>\n<div class=\"siteorigin-widget-tinymce textwidget\">\n\t<h2 class=\"sow-headline\" style=\"text-align: center;\">Zapojte se do sout\u011b\u017ee o 5 cyklistick\u00fdch bal\u00ed\u010dk\u016f We Love Cycling.cz!<\/h2>\n<h2 class=\"sow-headline\" style=\"text-align: center;\">Sta\u010d\u00ed spr\u00e1vn\u011b odpov\u011bd\u011bt na v\u0161echny ot\u00e1zky a m\u00edt \u0161t\u011bst\u00ed p\u0159i losu. Sout\u011b\u017eit m\u016f\u017eete do 24. 12. 2022.<\/h2>\n<\/div>\n<\/div><\/div><\/div><\/div><div id=\"pg-19909-2\"  class=\"panel-grid panel-no-style\" ><div id=\"pgc-19909-2-0\"  class=\"panel-grid-cell\" ><div id=\"panel-19909-2-0-0\" class=\"so-panel widget widget_sow-editor panel-first-child\" data-index=\"2\" ><div\n\t\t\t\n\t\t\tclass=\"so-widget-sow-editor so-widget-sow-editor-base\"\n\t\t\t\n\t\t>\n<div class=\"siteorigin-widget-tinymce textwidget\">\n\t<p><img loading=\"lazy\" decoding=\"async\" class=\"wp-image-19959 aligncenter\" src=\"https:\/\/d2p6e6u75xmxt8.cloudfront.net\/13\/2022\/12\/soutez2-13.webp\" alt=\"\" width=\"858\" height=\"244\" srcset=\"https:\/\/d2p6e6u75xmxt8.cloudfront.net\/13\/2022\/12\/soutez2-13.webp 1333w, https:\/\/d2p6e6u75xmxt8.cloudfront.net\/13\/2022\/12\/soutez2-13-300x85.webp 300w, https:\/\/d2p6e6u75xmxt8.cloudfront.net\/13\/2022\/12\/soutez2-13-1024x291.webp 1024w, https:\/\/d2p6e6u75xmxt8.cloudfront.net\/13\/2022\/12\/soutez2-13-768x218.webp 768w\" sizes=\"auto, (max-width: 858px) 100vw, 858px\" \/><\/p>\n<\/div>\n<\/div><\/div><div id=\"panel-19909-2-0-1\" class=\"so-panel widget widget_sow-editor panel-last-child\" data-index=\"3\" ><div\n\t\t\t\n\t\t\tclass=\"so-widget-sow-editor so-widget-sow-editor-base\"\n\t\t\t\n\t\t>\n<div class=\"siteorigin-widget-tinymce textwidget\">\n\t<h5 class=\"sow-headline\" style=\"text-align: center;\">Cyklistick\u00fd bal\u00ed\u010dek obsahuje: dres, bundu, helmu, br\u00fdle, rukavice, pono\u017eky, sadu sv\u011btel, pumpi\u010dku<\/h5>\n<\/div>\n<\/div><\/div><\/div><\/div><div id=\"pg-19909-3\"  class=\"panel-grid panel-no-style\" ><div id=\"pgc-19909-3-0\"  class=\"panel-grid-cell\" ><div id=\"panel-19909-3-0-0\" class=\"so-panel widget widget_wpforms-widget wpforms-widget panel-first-child panel-last-child\" data-index=\"4\" ><div class=\"wpforms-container wpforms-container-full wpforms-render-modern\" id=\"wpforms-19901\"><form id=\"wpforms-form-19901\" class=\"wpforms-validate wpforms-form\" data-formid=\"19901\" method=\"post\" enctype=\"multipart\/form-data\" action=\"\/cs\/wp-json\/wp\/v2\/pages\/19909\" data-token=\"455233cc7603aa2991773ccd7e89f921\" data-token-time=\"1776231386\"><noscript class=\"wpforms-error-noscript\">Please enable JavaScript in your browser to complete this form.<\/noscript><div class=\"wpforms-hidden\" id=\"wpforms-error-noscript\">Please enable JavaScript in your browser to complete this form.<\/div><div class=\"wpforms-field-container\"><div id=\"wpforms-19901-field_32-container\" class=\"wpforms-field wpforms-field-radio\" data-field-id=\"32\"><fieldset><legend class=\"wpforms-field-label\">1. Kter\u00fd ambasador WeLoveCycling.cz n\u00e1s provedl videem &quot;J\u00edzda na kole v zimn\u00ed sez\u00f3n\u011b&quot;, kter\u00e9 najdete na na\u0161em YouTube kan\u00e1lu? <span class=\"wpforms-required-label\" aria-hidden=\"true\">*<\/span><\/legend><ul id=\"wpforms-19901-field_32\" class=\"wpforms-field-required\"><li class=\"choice-1 depth-1\"><input type=\"radio\" id=\"wpforms-19901-field_32_1\" name=\"wpforms[fields][32]\" value=\"Ond\u0159ej Cink\" aria-errormessage=\"wpforms-19901-field_32_1-error\" required ><label class=\"wpforms-field-label-inline\" for=\"wpforms-19901-field_32_1\">Ond\u0159ej Cink<\/label><\/li><li class=\"choice-2 depth-1\"><input type=\"radio\" id=\"wpforms-19901-field_32_2\" name=\"wpforms[fields][32]\" value=\"Michal Kamermeier\" aria-errormessage=\"wpforms-19901-field_32_2-error\" required ><label class=\"wpforms-field-label-inline\" for=\"wpforms-19901-field_32_2\">Michal Kamermeier<\/label><\/li><li class=\"choice-3 depth-1\"><input type=\"radio\" id=\"wpforms-19901-field_32_3\" name=\"wpforms[fields][32]\" value=\"Ji\u0159\u00ed Je\u017eek\" aria-errormessage=\"wpforms-19901-field_32_3-error\" required ><label class=\"wpforms-field-label-inline\" for=\"wpforms-19901-field_32_3\">Ji\u0159\u00ed Je\u017eek<\/label><\/li><\/ul><\/fieldset><\/div><div id=\"wpforms-19901-field_33-container\" class=\"wpforms-field wpforms-field-radio\" data-field-id=\"33\"><fieldset><legend class=\"wpforms-field-label\">2. Kolik let partnerstv\u00ed oslav\u00ed v roce 2023 \u0160koda Auto s Tour de France?  <span class=\"wpforms-required-label\" aria-hidden=\"true\">*<\/span><\/legend><ul id=\"wpforms-19901-field_33\" class=\"wpforms-field-required\"><li class=\"choice-1 depth-1\"><input type=\"radio\" id=\"wpforms-19901-field_33_1\" name=\"wpforms[fields][33]\" value=\"8 let\" aria-errormessage=\"wpforms-19901-field_33_1-error\" required ><label class=\"wpforms-field-label-inline\" for=\"wpforms-19901-field_33_1\">8 let<\/label><\/li><li class=\"choice-2 depth-1\"><input type=\"radio\" id=\"wpforms-19901-field_33_2\" name=\"wpforms[fields][33]\" value=\"20 let\" aria-errormessage=\"wpforms-19901-field_33_2-error\" required ><label class=\"wpforms-field-label-inline\" for=\"wpforms-19901-field_33_2\">20 let<\/label><\/li><li class=\"choice-3 depth-1\"><input type=\"radio\" id=\"wpforms-19901-field_33_3\" name=\"wpforms[fields][33]\" value=\"32 let\" aria-errormessage=\"wpforms-19901-field_33_3-error\" required ><label class=\"wpforms-field-label-inline\" for=\"wpforms-19901-field_33_3\">32 let<\/label><\/li><\/ul><\/fieldset><\/div><div id=\"wpforms-19901-field_34-container\" class=\"wpforms-field wpforms-field-radio\" data-field-id=\"34\"><fieldset><legend class=\"wpforms-field-label\">3. Kolik kilometr\u016f m\u011b\u0159\u00ed nejdel\u0161\u00ed etapa L&#039;Etape Czech Republic 2023? <span class=\"wpforms-required-label\" aria-hidden=\"true\">*<\/span><\/legend><ul id=\"wpforms-19901-field_34\" class=\"wpforms-field-required\"><li class=\"choice-1 depth-1\"><input type=\"radio\" id=\"wpforms-19901-field_34_1\" name=\"wpforms[fields][34]\" value=\"94 km\" aria-errormessage=\"wpforms-19901-field_34_1-error\" required ><label class=\"wpforms-field-label-inline\" for=\"wpforms-19901-field_34_1\">94 km<\/label><\/li><li class=\"choice-2 depth-1\"><input type=\"radio\" id=\"wpforms-19901-field_34_2\" name=\"wpforms[fields][34]\" value=\"126 km\" aria-errormessage=\"wpforms-19901-field_34_2-error\" required ><label class=\"wpforms-field-label-inline\" for=\"wpforms-19901-field_34_2\">126 km<\/label><\/li><li class=\"choice-3 depth-1\"><input type=\"radio\" id=\"wpforms-19901-field_34_3\" name=\"wpforms[fields][34]\" value=\"142 km\" aria-errormessage=\"wpforms-19901-field_34_3-error\" required ><label class=\"wpforms-field-label-inline\" for=\"wpforms-19901-field_34_3\">142 km<\/label><\/li><\/ul><\/fieldset><\/div><div id=\"wpforms-19901-field_16-container\" class=\"wpforms-field wpforms-field-name\" data-field-id=\"16\"><label class=\"wpforms-field-label\" for=\"wpforms-19901-field_16\">K\u0159estn\u00ed jm\u00e9no <span class=\"wpforms-required-label\" aria-hidden=\"true\">*<\/span><\/label><input type=\"text\" id=\"wpforms-19901-field_16\" class=\"wpforms-field-large wpforms-field-required\" name=\"wpforms[fields][16]\" aria-errormessage=\"wpforms-19901-field_16-error\" required><\/div><div id=\"wpforms-19901-field_17-container\" class=\"wpforms-field wpforms-field-name\" data-field-id=\"17\"><label class=\"wpforms-field-label\" for=\"wpforms-19901-field_17\">P\u0159\u00edjmen\u00ed <span class=\"wpforms-required-label\" aria-hidden=\"true\">*<\/span><\/label><input type=\"text\" id=\"wpforms-19901-field_17\" class=\"wpforms-field-large wpforms-field-required\" name=\"wpforms[fields][17]\" aria-errormessage=\"wpforms-19901-field_17-error\" required><\/div><div id=\"wpforms-19901-field_22-container\" class=\"wpforms-field wpforms-field-email\" data-field-id=\"22\"><label class=\"wpforms-field-label\" for=\"wpforms-19901-field_22\">Email <span class=\"wpforms-required-label\" aria-hidden=\"true\">*<\/span><\/label><input type=\"email\" id=\"wpforms-19901-field_22\" class=\"wpforms-field-large wpforms-field-required\" name=\"wpforms[fields][22]\" spellcheck=\"false\" aria-errormessage=\"wpforms-19901-field_22-error\" required><\/div><div id=\"wpforms-19901-field_9-container\" class=\"wpforms-field wpforms-field-checkbox\" data-field-id=\"9\"><fieldset><legend class=\"wpforms-field-label\"> <span class=\"wpforms-required-label\" aria-hidden=\"true\">*<\/span><\/legend><ul id=\"wpforms-19901-field_9\" class=\"wpforms-field-required\"><li class=\"choice-1 depth-1\"><input type=\"checkbox\" id=\"wpforms-19901-field_9_1\" name=\"wpforms[fields][9][]\" value=\"Souhlas\u00edm s &lt;a href=&quot;https:\/\/www.welovecycling.com\/cs\/pravidla-vanocni-souteze-s-welovecycling-cz\/&quot; target=&quot;_blank&quot;&gt; pravidly sout\u011b\u017ee a zpracov\u00e1n\u00edm osobn\u00edch \u00fadaj\u016f&lt;\/a&gt;\" aria-errormessage=\"wpforms-19901-field_9_1-error\" required ><label class=\"wpforms-field-label-inline\" for=\"wpforms-19901-field_9_1\">Souhlas\u00edm s <a href=\"https:\/\/www.welovecycling.com\/cs\/pravidla-vanocni-souteze-s-welovecycling-cz\/\" target=\"_blank\"> pravidly sout\u011b\u017ee a zpracov\u00e1n\u00edm osobn\u00edch \u00fadaj\u016f<\/a><\/label><\/li><\/ul><\/fieldset><\/div><\/div><!-- .wpforms-field-container --><div class=\"wpforms-field wpforms-field-hp\"><label for=\"wpforms-19901-field-hp\" class=\"wpforms-field-label\">Phone<\/label><input type=\"text\" name=\"wpforms[hp]\" id=\"wpforms-19901-field-hp\" class=\"wpforms-field-medium\"><\/div><div class=\"wpforms-submit-container\" ><input type=\"hidden\" name=\"wpforms[id]\" value=\"19901\"><input type=\"hidden\" name=\"page_title\" value=\"\"><input type=\"hidden\" name=\"page_url\" value=\"https:\/\/www.welovecycling.com\/cs\/wp-json\/wp\/v2\/pages\/19909\"><button type=\"submit\" name=\"wpforms[submit]\" id=\"wpforms-submit-19901\" class=\"wpforms-submit\" data-alt-text=\"Pos\u00edl\u00e1m\" data-submit-text=\"Odeslat\" aria-live=\"assertive\" value=\"wpforms-submit\">Odeslat<\/button><\/div><\/form><\/div>  <!-- .wpforms-container --><\/div><\/div><\/div><\/div>","protected":false},"excerpt":{"rendered":"<p>Zapojte se do sout\u011b\u017ee o 5 cyklistick\u00fdch bal\u00ed\u010dk\u016f We Love Cycling.cz! Sta\u010d\u00ed spr\u00e1vn\u011b odpov\u011bd\u011bt na v\u0161echny ot\u00e1zky a m\u00edt \u0161t\u011bst\u00ed [&hellip;]<\/p>\n","protected":false},"author":137,"featured_media":0,"parent":0,"menu_order":0,"comment_status":"closed","ping_status":"closed","template":"templates\/template-full-width.php","meta":{"footnotes":""},"tags":[],"class_list":["post-19909","page","type-page","status-publish","hentry"],"yoast_head":"<!-- This site is optimized with the Yoast SEO Premium plugin v25.3 (Yoast SEO v25.9) - https:\/\/yoast.com\/wordpress\/plugins\/seo\/ -->\n<title>V\u00e1no\u010dn\u00ed sout\u011b\u017e s We Love Cycling.cz | \u0160koda We Love Cycling - \u010cesk\u00e1 republika<\/title>\n<meta name=\"robots\" content=\"index, follow, max-snippet:-1, max-image-preview:large, max-video-preview:-1\" \/>\n<link rel=\"canonical\" href=\"https:\/\/www.welovecycling.com\/cs\/vanocni-soutez-s-we-love-cycling-cz\/\" \/>\n<meta property=\"og:locale\" content=\"cs_CZ\" \/>\n<meta property=\"og:type\" content=\"article\" \/>\n<meta property=\"og:title\" content=\"V\u00e1no\u010dn\u00ed sout\u011b\u017e s We Love Cycling.cz\" \/>\n<meta property=\"og:description\" content=\"Zapojte se do sout\u011b\u017ee o 5 cyklistick\u00fdch bal\u00ed\u010dk\u016f We Love Cycling.cz! Sta\u010d\u00ed spr\u00e1vn\u011b odpov\u011bd\u011bt na v\u0161echny ot\u00e1zky a m\u00edt \u0161t\u011bst\u00ed [&hellip;]\" \/>\n<meta property=\"og:url\" content=\"https:\/\/www.welovecycling.com\/cs\/vanocni-soutez-s-we-love-cycling-cz\/\" \/>\n<meta property=\"og:site_name\" content=\"\u0160koda We Love Cycling - \u010cesk\u00e1 republika\" \/>\n<meta property=\"article:modified_time\" content=\"2023-01-30T20:57:24+00:00\" \/>\n<meta property=\"og:image\" content=\"https:\/\/d2p6e6u75xmxt8.cloudfront.net\/13\/2022\/12\/soutez2-13.webp\" \/>\n<meta name=\"twitter:card\" content=\"summary_large_image\" \/>\n<script type=\"application\/ld+json\" class=\"yoast-schema-graph\">{\"@context\":\"https:\/\/schema.org\",\"@graph\":[{\"@type\":\"WebPage\",\"@id\":\"https:\/\/www.welovecycling.com\/cs\/vanocni-soutez-s-we-love-cycling-cz\/\",\"url\":\"https:\/\/www.welovecycling.com\/cs\/vanocni-soutez-s-we-love-cycling-cz\/\",\"name\":\"V\u00e1no\u010dn\u00ed sout\u011b\u017e s We Love Cycling.cz | \u0160koda We Love Cycling - \u010cesk\u00e1 republika\",\"isPartOf\":{\"@id\":\"https:\/\/www.welovecycling.com\/cs\/#website\"},\"primaryImageOfPage\":{\"@id\":\"https:\/\/www.welovecycling.com\/cs\/vanocni-soutez-s-we-love-cycling-cz\/#primaryimage\"},\"image\":{\"@id\":\"https:\/\/www.welovecycling.com\/cs\/vanocni-soutez-s-we-love-cycling-cz\/#primaryimage\"},\"thumbnailUrl\":\"https:\/\/d2p6e6u75xmxt8.cloudfront.net\/13\/2022\/12\/soutez2-13.webp\",\"datePublished\":\"2022-12-07T12:48:29+00:00\",\"dateModified\":\"2023-01-30T20:57:24+00:00\",\"inLanguage\":\"cs\",\"potentialAction\":[{\"@type\":\"ReadAction\",\"target\":[\"https:\/\/www.welovecycling.com\/cs\/vanocni-soutez-s-we-love-cycling-cz\/\"]}]},{\"@type\":\"ImageObject\",\"inLanguage\":\"cs\",\"@id\":\"https:\/\/www.welovecycling.com\/cs\/vanocni-soutez-s-we-love-cycling-cz\/#primaryimage\",\"url\":\"https:\/\/d2p6e6u75xmxt8.cloudfront.net\/13\/2022\/12\/soutez2-13.webp\",\"contentUrl\":\"https:\/\/d2p6e6u75xmxt8.cloudfront.net\/13\/2022\/12\/soutez2-13.webp\"},{\"@type\":\"WebSite\",\"@id\":\"https:\/\/www.welovecycling.com\/cs\/#website\",\"url\":\"https:\/\/www.welovecycling.com\/cs\/\",\"name\":\"\u0160koda We Love Cycling - \u010cesk\u00e1 republika\",\"description\":\"WeLoveCycling.cz je online magaz\u00edn, kter\u00fd v\u00e1m pravideln\u011b p\u0159in\u00e1\u0161\u00ed rady a tipy, zaj\u00edmav\u00e9 \u010dl\u00e1nky, videa a jedine\u010dn\u00e9 report\u00e1\u017ee ze sv\u011bta cyklistiky.\",\"potentialAction\":[{\"@type\":\"SearchAction\",\"target\":{\"@type\":\"EntryPoint\",\"urlTemplate\":\"https:\/\/www.welovecycling.com\/cs\/?s={search_term_string}\"},\"query-input\":{\"@type\":\"PropertyValueSpecification\",\"valueRequired\":true,\"valueName\":\"search_term_string\"}}],\"inLanguage\":\"cs\"}]}<\/script>\n<!-- \/ Yoast SEO Premium plugin. -->","yoast_head_json":{"title":"V\u00e1no\u010dn\u00ed sout\u011b\u017e s We Love Cycling.cz | \u0160koda We Love Cycling - \u010cesk\u00e1 republika","robots":{"index":"index","follow":"follow","max-snippet":"max-snippet:-1","max-image-preview":"max-image-preview:large","max-video-preview":"max-video-preview:-1"},"canonical":"https:\/\/www.welovecycling.com\/cs\/vanocni-soutez-s-we-love-cycling-cz\/","og_locale":"cs_CZ","og_type":"article","og_title":"V\u00e1no\u010dn\u00ed sout\u011b\u017e s We Love Cycling.cz","og_description":"Zapojte se do sout\u011b\u017ee o 5 cyklistick\u00fdch bal\u00ed\u010dk\u016f We Love Cycling.cz! Sta\u010d\u00ed spr\u00e1vn\u011b odpov\u011bd\u011bt na v\u0161echny ot\u00e1zky a m\u00edt \u0161t\u011bst\u00ed [&hellip;]","og_url":"https:\/\/www.welovecycling.com\/cs\/vanocni-soutez-s-we-love-cycling-cz\/","og_site_name":"\u0160koda We Love Cycling - \u010cesk\u00e1 republika","article_modified_time":"2023-01-30T20:57:24+00:00","og_image":[{"url":"https:\/\/d2p6e6u75xmxt8.cloudfront.net\/13\/2022\/12\/soutez2-13.webp","type":"","width":"","height":""}],"twitter_card":"summary_large_image","schema":{"@context":"https:\/\/schema.org","@graph":[{"@type":"WebPage","@id":"https:\/\/www.welovecycling.com\/cs\/vanocni-soutez-s-we-love-cycling-cz\/","url":"https:\/\/www.welovecycling.com\/cs\/vanocni-soutez-s-we-love-cycling-cz\/","name":"V\u00e1no\u010dn\u00ed sout\u011b\u017e s We Love Cycling.cz | \u0160koda We Love Cycling - \u010cesk\u00e1 republika","isPartOf":{"@id":"https:\/\/www.welovecycling.com\/cs\/#website"},"primaryImageOfPage":{"@id":"https:\/\/www.welovecycling.com\/cs\/vanocni-soutez-s-we-love-cycling-cz\/#primaryimage"},"image":{"@id":"https:\/\/www.welovecycling.com\/cs\/vanocni-soutez-s-we-love-cycling-cz\/#primaryimage"},"thumbnailUrl":"https:\/\/d2p6e6u75xmxt8.cloudfront.net\/13\/2022\/12\/soutez2-13.webp","datePublished":"2022-12-07T12:48:29+00:00","dateModified":"2023-01-30T20:57:24+00:00","inLanguage":"cs","potentialAction":[{"@type":"ReadAction","target":["https:\/\/www.welovecycling.com\/cs\/vanocni-soutez-s-we-love-cycling-cz\/"]}]},{"@type":"ImageObject","inLanguage":"cs","@id":"https:\/\/www.welovecycling.com\/cs\/vanocni-soutez-s-we-love-cycling-cz\/#primaryimage","url":"https:\/\/d2p6e6u75xmxt8.cloudfront.net\/13\/2022\/12\/soutez2-13.webp","contentUrl":"https:\/\/d2p6e6u75xmxt8.cloudfront.net\/13\/2022\/12\/soutez2-13.webp"},{"@type":"WebSite","@id":"https:\/\/www.welovecycling.com\/cs\/#website","url":"https:\/\/www.welovecycling.com\/cs\/","name":"\u0160koda We Love Cycling - \u010cesk\u00e1 republika","description":"WeLoveCycling.cz je online magaz\u00edn, kter\u00fd v\u00e1m pravideln\u011b p\u0159in\u00e1\u0161\u00ed rady a tipy, zaj\u00edmav\u00e9 \u010dl\u00e1nky, videa a jedine\u010dn\u00e9 report\u00e1\u017ee ze sv\u011bta cyklistiky.","potentialAction":[{"@type":"SearchAction","target":{"@type":"EntryPoint","urlTemplate":"https:\/\/www.welovecycling.com\/cs\/?s={search_term_string}"},"query-input":{"@type":"PropertyValueSpecification","valueRequired":true,"valueName":"search_term_string"}}],"inLanguage":"cs"}]}},"_links":{"self":[{"href":"https:\/\/www.welovecycling.com\/cs\/wp-json\/wp\/v2\/pages\/19909","targetHints":{"allow":["GET"]}}],"collection":[{"href":"https:\/\/www.welovecycling.com\/cs\/wp-json\/wp\/v2\/pages"}],"about":[{"href":"https:\/\/www.welovecycling.com\/cs\/wp-json\/wp\/v2\/types\/page"}],"author":[{"embeddable":true,"href":"https:\/\/www.welovecycling.com\/cs\/wp-json\/wp\/v2\/users\/137"}],"replies":[{"embeddable":true,"href":"https:\/\/www.welovecycling.com\/cs\/wp-json\/wp\/v2\/comments?post=19909"}],"version-history":[{"count":2,"href":"https:\/\/www.welovecycling.com\/cs\/wp-json\/wp\/v2\/pages\/19909\/revisions"}],"predecessor-version":[{"id":19911,"href":"https:\/\/www.welovecycling.com\/cs\/wp-json\/wp\/v2\/pages\/19909\/revisions\/19911"}],"wp:attachment":[{"href":"https:\/\/www.welovecycling.com\/cs\/wp-json\/wp\/v2\/media?parent=19909"}],"wp:term":[{"taxonomy":"post_tag","embeddable":true,"href":"https:\/\/www.welovecycling.com\/cs\/wp-json\/wp\/v2\/tags?post=19909"}],"curies":[{"name":"wp","href":"https:\/\/api.w.org\/{rel}","templated":true}]}}