{"id":19208,"date":"2022-10-26T11:56:06","date_gmt":"2022-10-26T09:56:06","guid":{"rendered":"https:\/\/www.welovecycling.com\/cs\/?page_id=19208"},"modified":"2022-10-26T12:25:18","modified_gmt":"2022-10-26T10:25:18","slug":"podzimni-soutez-s-we-love-cycling","status":"publish","type":"page","link":"https:\/\/www.welovecycling.com\/cs\/podzimni-soutez-s-we-love-cycling\/","title":{"rendered":"Podzimn\u00ed sout\u011b\u017e (test)"},"content":{"rendered":"<div id=\"pl-19208\"  class=\"panel-layout\" ><div id=\"pg-19208-0\"  class=\"panel-grid panel-no-style\" ><div id=\"pgc-19208-0-0\"  class=\"panel-grid-cell\" ><div id=\"panel-19208-0-0-0\" class=\"so-panel widget widget_media_image panel-first-child panel-last-child\" data-index=\"0\" ><img loading=\"lazy\" decoding=\"async\" width=\"1800\" height=\"450\" src=\"https:\/\/d2p6e6u75xmxt8.cloudfront.net\/13\/2022\/10\/Untitled-scaled-e1666779394698.webp\" class=\"image wp-image-19283  attachment-1800x477 size-1800x477\" alt=\"\" style=\"max-width: 100%; height: auto;\" \/><\/div><\/div><\/div><div id=\"pg-19208-1\"  class=\"panel-grid panel-has-style\" ><div class=\"siteorigin-panels-stretch panel-row-style panel-row-style-for-19208-1\" data-stretch-type=\"full\" ><div id=\"pgc-19208-1-0\"  class=\"panel-grid-cell\" ><div id=\"panel-19208-1-0-0\" class=\"so-panel widget widget_sow-headline panel-first-child\" data-index=\"1\" ><div\n\t\t\t\n\t\t\tclass=\"so-widget-sow-headline so-widget-sow-headline-default-d53be5ae710a-19208\"\n\t\t\t\n\t\t><div class=\"sow-headline-container \">\n\t\t\t\t\t\t\t<h2 class=\"sow-headline\">\n\t\t\t\t\t\tZapojte se do sout\u011b\u017ee o 3 cyklistick\u00e9 bal\u00ed\u010dky We Love Cycling! \t\t\t\t\t\t<\/h2>\n\t\t\t\t\t\t<\/div>\n<\/div><\/div><div id=\"panel-19208-1-0-1\" class=\"so-panel widget widget_sow-headline\" data-index=\"2\" ><div\n\t\t\t\n\t\t\tclass=\"so-widget-sow-headline so-widget-sow-headline-default-79e125f3df3a-19208\"\n\t\t\t\n\t\t><div class=\"sow-headline-container \">\n\t\t\t\t\t\t\t<h2 class=\"sow-headline\">\n\t\t\t\t\t\tSta\u010d\u00ed spr\u00e1vn\u011b odpov\u011bd\u011bt na v\u0161echny ot\u00e1zky a m\u00edt \u0161t\u011bst\u00ed p\u0159i losu. Hlasovat m\u016f\u017eete do 2.11.2022.\t\t\t\t\t\t<\/h2>\n\t\t\t\t\t\t<\/div>\n<\/div><\/div><div id=\"panel-19208-1-0-2\" class=\"so-panel widget widget_sow-image\" data-index=\"3\" ><div\n\t\t\t\n\t\t\tclass=\"so-widget-sow-image so-widget-sow-image-default-113ccd71f3e6-19208\"\n\t\t\t\n\t\t>\n<div class=\"sow-image-container\">\n\t\t<img loading=\"lazy\" decoding=\"async\" src=\"https:\/\/d2p6e6u75xmxt8.cloudfront.net\/13\/2022\/10\/Untitled1-1-e1666774098443.webp\" width=\"1322\" height=\"406\" srcset=\"https:\/\/d2p6e6u75xmxt8.cloudfront.net\/13\/2022\/10\/Untitled1-1-e1666774098443.webp 1322w, https:\/\/d2p6e6u75xmxt8.cloudfront.net\/13\/2022\/10\/Untitled1-1-e1666774098443-300x92.webp 300w, https:\/\/d2p6e6u75xmxt8.cloudfront.net\/13\/2022\/10\/Untitled1-1-e1666774098443-1024x314.webp 1024w, https:\/\/d2p6e6u75xmxt8.cloudfront.net\/13\/2022\/10\/Untitled1-1-e1666774098443-768x236.webp 768w\" sizes=\"auto, (max-width: 1322px) 100vw, 1322px\" title=\"Untitled1-1\" alt=\"\" \t\tclass=\"so-widget-image\"\/>\n\t<\/div>\n\n<\/div><\/div><div id=\"panel-19208-1-0-3\" class=\"so-panel widget widget_sow-headline panel-last-child\" data-index=\"4\" ><div\n\t\t\t\n\t\t\tclass=\"so-widget-sow-headline so-widget-sow-headline-default-07900eb67bb2-19208\"\n\t\t\t\n\t\t><div class=\"sow-headline-container \">\n\t\t\t\t\t\t\t<h5 class=\"sow-headline\">\n\t\t\t\t\t\tCyklistick\u00fd bal\u00ed\u010dek obsahuje: dres, kra\u0165asy, helmu, br\u00fdle, rukavice, pono\u017eky, bidon, n\u00e1\u0159ad\u00ed, sv\u011btla\t\t\t\t\t\t<\/h5>\n\t\t\t\t\t\t\t\t\t\t\t<div class=\"decoration\">\n\t\t\t\t\t\t<div class=\"decoration-inside\"><\/div>\n\t\t\t\t\t<\/div>\n\t\t\t\t\t<\/div>\n<\/div><\/div><\/div><\/div><\/div><div id=\"pg-19208-2\"  class=\"panel-grid panel-no-style\" ><div id=\"pgc-19208-2-0\"  class=\"panel-grid-cell\" ><div id=\"panel-19208-2-0-0\" class=\"so-panel widget widget_sow-editor panel-first-child panel-last-child\" data-index=\"5\" ><div\n\t\t\t\n\t\t\tclass=\"so-widget-sow-editor so-widget-sow-editor-base\"\n\t\t\t\n\t\t>\n<div class=\"siteorigin-widget-tinymce textwidget\">\n\t<div class=\"wpforms-container wpforms-container-full wpforms-render-modern\" id=\"wpforms-19202\"><form id=\"wpforms-form-19202\" class=\"wpforms-validate wpforms-form\" data-formid=\"19202\" method=\"post\" enctype=\"multipart\/form-data\" action=\"\/cs\/wp-json\/wp\/v2\/pages\/19208\" data-token=\"4d505d79e8aa8bade17af801cd2711fb\" data-token-time=\"1776239859\"><noscript class=\"wpforms-error-noscript\">Please enable JavaScript in your browser to complete this form.<\/noscript><div class=\"wpforms-hidden\" id=\"wpforms-error-noscript\">Please enable JavaScript in your browser to complete this form.<\/div><div class=\"wpforms-field-container\"><div id=\"wpforms-19202-field_32-container\" class=\"wpforms-field wpforms-field-radio\" data-field-id=\"32\"><fieldset><legend class=\"wpforms-field-label\">1. Jakou medaili z\u00edskal v z\u00e1\u0159\u00ed leto\u0161n\u00edho roku Mathias Vacek na Mistrovstv\u00ed sv\u011bta v silni\u010dn\u00ed cyklistice v hromadn\u00e9m z\u00e1vodu U23? <span class=\"wpforms-required-label\" aria-hidden=\"true\">*<\/span><\/legend><ul id=\"wpforms-19202-field_32\" class=\"wpforms-field-required\"><li class=\"choice-1 depth-1\"><input type=\"radio\" id=\"wpforms-19202-field_32_1\" name=\"wpforms[fields][32]\" value=\"zlatou\" aria-errormessage=\"wpforms-19202-field_32_1-error\" required ><label class=\"wpforms-field-label-inline\" for=\"wpforms-19202-field_32_1\">zlatou<\/label><\/li><li class=\"choice-2 depth-1\"><input type=\"radio\" id=\"wpforms-19202-field_32_2\" name=\"wpforms[fields][32]\" value=\"st\u0159\u00edbrnou\" aria-errormessage=\"wpforms-19202-field_32_2-error\" required ><label class=\"wpforms-field-label-inline\" for=\"wpforms-19202-field_32_2\">st\u0159\u00edbrnou<\/label><\/li><li class=\"choice-3 depth-1\"><input type=\"radio\" id=\"wpforms-19202-field_32_3\" name=\"wpforms[fields][32]\" value=\"bronzovou\" aria-errormessage=\"wpforms-19202-field_32_3-error\" required ><label class=\"wpforms-field-label-inline\" for=\"wpforms-19202-field_32_3\">bronzovou<\/label><\/li><\/ul><\/fieldset><\/div><div id=\"wpforms-19202-field_33-container\" class=\"wpforms-field wpforms-field-radio\" data-field-id=\"33\"><fieldset><legend class=\"wpforms-field-label\">2. Kdo se stal v\u00edt\u011bzem z\u00e1vodu La Vuelta 2022? <span class=\"wpforms-required-label\" aria-hidden=\"true\">*<\/span><\/legend><ul id=\"wpforms-19202-field_33\" class=\"wpforms-field-required\"><li class=\"choice-1 depth-1\"><input type=\"radio\" id=\"wpforms-19202-field_33_1\" name=\"wpforms[fields][33]\" value=\"Wout van Aert\" aria-errormessage=\"wpforms-19202-field_33_1-error\" required ><label class=\"wpforms-field-label-inline\" for=\"wpforms-19202-field_33_1\">Wout van Aert<\/label><\/li><li class=\"choice-2 depth-1\"><input type=\"radio\" id=\"wpforms-19202-field_33_2\" name=\"wpforms[fields][33]\" value=\"Tadej Poga\u010dar \" aria-errormessage=\"wpforms-19202-field_33_2-error\" required ><label class=\"wpforms-field-label-inline\" for=\"wpforms-19202-field_33_2\">Tadej Poga\u010dar<\/label><\/li><li class=\"choice-3 depth-1\"><input type=\"radio\" id=\"wpforms-19202-field_33_3\" name=\"wpforms[fields][33]\" value=\"Remco Evenepoel\" aria-errormessage=\"wpforms-19202-field_33_3-error\" required ><label class=\"wpforms-field-label-inline\" for=\"wpforms-19202-field_33_3\">Remco Evenepoel<\/label><\/li><\/ul><\/fieldset><\/div><div id=\"wpforms-19202-field_34-container\" class=\"wpforms-field wpforms-field-radio\" data-field-id=\"34\"><fieldset><legend class=\"wpforms-field-label\">3. Kter\u00e1 zn\u00e1m\u00e1 dvojice se objevila v posledn\u00edm \u0161est\u00e9m d\u00edle Cyklov\u00fdlet\u016f s We Love Cycling na m\u011bstsk\u00fdch sd\u00edlen\u00fdch kolech?  <span class=\"wpforms-required-label\" aria-hidden=\"true\">*<\/span><\/legend><ul id=\"wpforms-19202-field_34\" class=\"wpforms-field-required\"><li class=\"choice-1 depth-1\"><input type=\"radio\" id=\"wpforms-19202-field_34_1\" name=\"wpforms[fields][34]\" value=\"Ji\u0159\u00ed Je\u017eek a So\u0148a Je\u017ekov\u00e1\" aria-errormessage=\"wpforms-19202-field_34_1-error\" required ><label class=\"wpforms-field-label-inline\" for=\"wpforms-19202-field_34_1\">Ji\u0159\u00ed Je\u017eek a So\u0148a Je\u017ekov\u00e1<\/label><\/li><li class=\"choice-2 depth-1\"><input type=\"radio\" id=\"wpforms-19202-field_34_2\" name=\"wpforms[fields][34]\" value=\"Inna Puhajkov\u00e1 a Rey Koranteng\" aria-errormessage=\"wpforms-19202-field_34_2-error\" required ><label class=\"wpforms-field-label-inline\" for=\"wpforms-19202-field_34_2\">Inna Puhajkov\u00e1 a Rey Koranteng<\/label><\/li><li class=\"choice-3 depth-1\"><input type=\"radio\" id=\"wpforms-19202-field_34_3\" name=\"wpforms[fields][34]\" value=\"Martina S\u00e1bl\u00edkov\u00e1 a Roman Kreuziger\" aria-errormessage=\"wpforms-19202-field_34_3-error\" required ><label class=\"wpforms-field-label-inline\" for=\"wpforms-19202-field_34_3\">Martina S\u00e1bl\u00edkov\u00e1 a Roman Kreuziger<\/label><\/li><\/ul><\/fieldset><\/div><div id=\"wpforms-19202-field_16-container\" class=\"wpforms-field wpforms-field-name\" data-field-id=\"16\"><label class=\"wpforms-field-label\" for=\"wpforms-19202-field_16\">K\u0159estn\u00ed jm\u00e9no <span class=\"wpforms-required-label\" aria-hidden=\"true\">*<\/span><\/label><input type=\"text\" id=\"wpforms-19202-field_16\" class=\"wpforms-field-large wpforms-field-required\" name=\"wpforms[fields][16]\" aria-errormessage=\"wpforms-19202-field_16-error\" required><\/div><div id=\"wpforms-19202-field_17-container\" class=\"wpforms-field wpforms-field-name\" data-field-id=\"17\"><label class=\"wpforms-field-label\" for=\"wpforms-19202-field_17\">P\u0159\u00edjmen\u00ed <span class=\"wpforms-required-label\" aria-hidden=\"true\">*<\/span><\/label><input type=\"text\" id=\"wpforms-19202-field_17\" class=\"wpforms-field-large wpforms-field-required\" name=\"wpforms[fields][17]\" aria-errormessage=\"wpforms-19202-field_17-error\" required><\/div><div id=\"wpforms-19202-field_22-container\" class=\"wpforms-field wpforms-field-email\" data-field-id=\"22\"><label class=\"wpforms-field-label\" for=\"wpforms-19202-field_22\">Email <span class=\"wpforms-required-label\" aria-hidden=\"true\">*<\/span><\/label><input type=\"email\" id=\"wpforms-19202-field_22\" class=\"wpforms-field-large wpforms-field-required\" name=\"wpforms[fields][22]\" spellcheck=\"false\" aria-errormessage=\"wpforms-19202-field_22-error\" required><\/div><div id=\"wpforms-19202-field_9-container\" class=\"wpforms-field wpforms-field-checkbox\" data-field-id=\"9\"><fieldset><legend class=\"wpforms-field-label\"> <span class=\"wpforms-required-label\" aria-hidden=\"true\">*<\/span><\/legend><ul id=\"wpforms-19202-field_9\" class=\"wpforms-field-required\"><li class=\"choice-1 depth-1\"><input type=\"checkbox\" id=\"wpforms-19202-field_9_1\" name=\"wpforms[fields][9][]\" value=\"Souhlas\u00edm s &lt;a href=&quot;https:\/\/www.welovecycling.com\/cs\/pravidla-podzimni-souteze-s-we-love-cycling\/&quot; target=&quot;_blank&quot;&gt; pravidly sout\u011b\u017ee a zpracov\u00e1n\u00edm osobn\u00edch \u00fadaj\u016f&lt;\/a&gt;\" aria-errormessage=\"wpforms-19202-field_9_1-error\" required ><label class=\"wpforms-field-label-inline\" for=\"wpforms-19202-field_9_1\">Souhlas\u00edm s <a href=\"https:\/\/www.welovecycling.com\/cs\/pravidla-podzimni-souteze-s-we-love-cycling\/\" target=\"_blank\"> pravidly sout\u011b\u017ee a zpracov\u00e1n\u00edm osobn\u00edch \u00fadaj\u016f<\/a><\/label><\/li><\/ul><\/fieldset><\/div><\/div><!-- .wpforms-field-container --><div class=\"wpforms-field wpforms-field-hp\"><label for=\"wpforms-19202-field-hp\" class=\"wpforms-field-label\">Message<\/label><input type=\"text\" name=\"wpforms[hp]\" id=\"wpforms-19202-field-hp\" class=\"wpforms-field-medium\"><\/div><div class=\"wpforms-submit-container\" ><input type=\"hidden\" name=\"wpforms[id]\" value=\"19202\"><input type=\"hidden\" name=\"page_title\" value=\"\"><input type=\"hidden\" name=\"page_url\" value=\"https:\/\/www.welovecycling.com\/cs\/wp-json\/wp\/v2\/pages\/19208\"><button type=\"submit\" name=\"wpforms[submit]\" id=\"wpforms-submit-19202\" class=\"wpforms-submit\" data-alt-text=\"Pos\u00edl\u00e1m\" data-submit-text=\"Odeslat\" aria-live=\"assertive\" value=\"wpforms-submit\">Odeslat<\/button><\/div><\/form><\/div>  <!-- .wpforms-container -->\n<\/div>\n<\/div><\/div><\/div><\/div><\/div>","protected":false},"excerpt":{"rendered":"<p>Zapojte se do sout\u011b\u017ee o 3 cyklistick\u00e9 bal\u00ed\u010dky We Love Cycling! Sta\u010d\u00ed spr\u00e1vn\u011b odpov\u011bd\u011bt na v\u0161echny ot\u00e1zky a m\u00edt \u0161t\u011bst\u00ed [&hellip;]<\/p>\n","protected":false},"author":137,"featured_media":0,"parent":0,"menu_order":0,"comment_status":"closed","ping_status":"closed","template":"templates\/template-full-width.php","meta":{"footnotes":""},"tags":[],"class_list":["post-19208","page","type-page","status-publish","hentry"],"yoast_head":"<!-- This site is optimized with the Yoast SEO Premium plugin v25.3 (Yoast SEO v25.9) - https:\/\/yoast.com\/wordpress\/plugins\/seo\/ -->\n<title>Podzimn\u00ed sout\u011b\u017e (test) | \u0160koda We Love Cycling - \u010cesk\u00e1 republika<\/title>\n<meta name=\"robots\" content=\"index, follow, max-snippet:-1, max-image-preview:large, max-video-preview:-1\" \/>\n<link rel=\"canonical\" href=\"https:\/\/www.welovecycling.com\/cs\/podzimni-soutez-s-we-love-cycling\/\" \/>\n<meta property=\"og:locale\" content=\"cs_CZ\" \/>\n<meta property=\"og:type\" content=\"article\" \/>\n<meta property=\"og:title\" content=\"Podzimn\u00ed sout\u011b\u017e (test)\" \/>\n<meta property=\"og:description\" content=\"Zapojte se do sout\u011b\u017ee o 3 cyklistick\u00e9 bal\u00ed\u010dky We Love Cycling! Sta\u010d\u00ed spr\u00e1vn\u011b odpov\u011bd\u011bt na v\u0161echny ot\u00e1zky a m\u00edt \u0161t\u011bst\u00ed [&hellip;]\" \/>\n<meta property=\"og:url\" content=\"https:\/\/www.welovecycling.com\/cs\/podzimni-soutez-s-we-love-cycling\/\" \/>\n<meta property=\"og:site_name\" content=\"\u0160koda We Love Cycling - \u010cesk\u00e1 republika\" \/>\n<meta property=\"article:modified_time\" content=\"2022-10-26T10:25:18+00:00\" \/>\n<meta name=\"twitter:card\" content=\"summary_large_image\" \/>\n<script type=\"application\/ld+json\" class=\"yoast-schema-graph\">{\"@context\":\"https:\/\/schema.org\",\"@graph\":[{\"@type\":\"WebPage\",\"@id\":\"https:\/\/www.welovecycling.com\/cs\/podzimni-soutez-s-we-love-cycling\/\",\"url\":\"https:\/\/www.welovecycling.com\/cs\/podzimni-soutez-s-we-love-cycling\/\",\"name\":\"Podzimn\u00ed sout\u011b\u017e (test) | \u0160koda We Love Cycling - \u010cesk\u00e1 republika\",\"isPartOf\":{\"@id\":\"https:\/\/www.welovecycling.com\/cs\/#website\"},\"datePublished\":\"2022-10-26T09:56:06+00:00\",\"dateModified\":\"2022-10-26T10:25:18+00:00\",\"inLanguage\":\"cs\",\"potentialAction\":[{\"@type\":\"ReadAction\",\"target\":[\"https:\/\/www.welovecycling.com\/cs\/podzimni-soutez-s-we-love-cycling\/\"]}]},{\"@type\":\"WebSite\",\"@id\":\"https:\/\/www.welovecycling.com\/cs\/#website\",\"url\":\"https:\/\/www.welovecycling.com\/cs\/\",\"name\":\"\u0160koda We Love Cycling - \u010cesk\u00e1 republika\",\"description\":\"WeLoveCycling.cz je online magaz\u00edn, kter\u00fd v\u00e1m pravideln\u011b p\u0159in\u00e1\u0161\u00ed rady a tipy, zaj\u00edmav\u00e9 \u010dl\u00e1nky, videa a jedine\u010dn\u00e9 report\u00e1\u017ee ze sv\u011bta cyklistiky.\",\"potentialAction\":[{\"@type\":\"SearchAction\",\"target\":{\"@type\":\"EntryPoint\",\"urlTemplate\":\"https:\/\/www.welovecycling.com\/cs\/?s={search_term_string}\"},\"query-input\":{\"@type\":\"PropertyValueSpecification\",\"valueRequired\":true,\"valueName\":\"search_term_string\"}}],\"inLanguage\":\"cs\"}]}<\/script>\n<!-- \/ Yoast SEO Premium plugin. -->","yoast_head_json":{"title":"Podzimn\u00ed sout\u011b\u017e (test) | \u0160koda We Love Cycling - \u010cesk\u00e1 republika","robots":{"index":"index","follow":"follow","max-snippet":"max-snippet:-1","max-image-preview":"max-image-preview:large","max-video-preview":"max-video-preview:-1"},"canonical":"https:\/\/www.welovecycling.com\/cs\/podzimni-soutez-s-we-love-cycling\/","og_locale":"cs_CZ","og_type":"article","og_title":"Podzimn\u00ed sout\u011b\u017e (test)","og_description":"Zapojte se do sout\u011b\u017ee o 3 cyklistick\u00e9 bal\u00ed\u010dky We Love Cycling! Sta\u010d\u00ed spr\u00e1vn\u011b odpov\u011bd\u011bt na v\u0161echny ot\u00e1zky a m\u00edt \u0161t\u011bst\u00ed [&hellip;]","og_url":"https:\/\/www.welovecycling.com\/cs\/podzimni-soutez-s-we-love-cycling\/","og_site_name":"\u0160koda We Love Cycling - \u010cesk\u00e1 republika","article_modified_time":"2022-10-26T10:25:18+00:00","twitter_card":"summary_large_image","schema":{"@context":"https:\/\/schema.org","@graph":[{"@type":"WebPage","@id":"https:\/\/www.welovecycling.com\/cs\/podzimni-soutez-s-we-love-cycling\/","url":"https:\/\/www.welovecycling.com\/cs\/podzimni-soutez-s-we-love-cycling\/","name":"Podzimn\u00ed sout\u011b\u017e (test) | \u0160koda We Love Cycling - \u010cesk\u00e1 republika","isPartOf":{"@id":"https:\/\/www.welovecycling.com\/cs\/#website"},"datePublished":"2022-10-26T09:56:06+00:00","dateModified":"2022-10-26T10:25:18+00:00","inLanguage":"cs","potentialAction":[{"@type":"ReadAction","target":["https:\/\/www.welovecycling.com\/cs\/podzimni-soutez-s-we-love-cycling\/"]}]},{"@type":"WebSite","@id":"https:\/\/www.welovecycling.com\/cs\/#website","url":"https:\/\/www.welovecycling.com\/cs\/","name":"\u0160koda We Love Cycling - \u010cesk\u00e1 republika","description":"WeLoveCycling.cz je online magaz\u00edn, kter\u00fd v\u00e1m pravideln\u011b p\u0159in\u00e1\u0161\u00ed rady a tipy, zaj\u00edmav\u00e9 \u010dl\u00e1nky, videa a jedine\u010dn\u00e9 report\u00e1\u017ee ze sv\u011bta cyklistiky.","potentialAction":[{"@type":"SearchAction","target":{"@type":"EntryPoint","urlTemplate":"https:\/\/www.welovecycling.com\/cs\/?s={search_term_string}"},"query-input":{"@type":"PropertyValueSpecification","valueRequired":true,"valueName":"search_term_string"}}],"inLanguage":"cs"}]}},"_links":{"self":[{"href":"https:\/\/www.welovecycling.com\/cs\/wp-json\/wp\/v2\/pages\/19208","targetHints":{"allow":["GET"]}}],"collection":[{"href":"https:\/\/www.welovecycling.com\/cs\/wp-json\/wp\/v2\/pages"}],"about":[{"href":"https:\/\/www.welovecycling.com\/cs\/wp-json\/wp\/v2\/types\/page"}],"author":[{"embeddable":true,"href":"https:\/\/www.welovecycling.com\/cs\/wp-json\/wp\/v2\/users\/137"}],"replies":[{"embeddable":true,"href":"https:\/\/www.welovecycling.com\/cs\/wp-json\/wp\/v2\/comments?post=19208"}],"version-history":[{"count":2,"href":"https:\/\/www.welovecycling.com\/cs\/wp-json\/wp\/v2\/pages\/19208\/revisions"}],"predecessor-version":[{"id":19358,"href":"https:\/\/www.welovecycling.com\/cs\/wp-json\/wp\/v2\/pages\/19208\/revisions\/19358"}],"wp:attachment":[{"href":"https:\/\/www.welovecycling.com\/cs\/wp-json\/wp\/v2\/media?parent=19208"}],"wp:term":[{"taxonomy":"post_tag","embeddable":true,"href":"https:\/\/www.welovecycling.com\/cs\/wp-json\/wp\/v2\/tags?post=19208"}],"curies":[{"name":"wp","href":"https:\/\/api.w.org\/{rel}","templated":true}]}}