{"id":19203,"date":"2022-10-26T11:00:32","date_gmt":"2022-10-26T09:00:32","guid":{"rendered":"https:\/\/www.welovecycling.com\/cs\/?page_id=19203"},"modified":"2022-12-14T11:29:39","modified_gmt":"2022-12-14T09:29:39","slug":"pravidla-podzimni-souteze-s-we-love-cycling","status":"publish","type":"page","link":"https:\/\/www.welovecycling.com\/cs\/pravidla-podzimni-souteze-s-we-love-cycling\/","title":{"rendered":"Pravidla podzimn\u00ed sout\u011b\u017ee s We Love Cycling.cz"},"content":{"rendered":"<p>PRAVIDLA SOUT\u011a\u017dE \u201ePodzimn\u00ed sout\u011b\u017e s We Love Cycling.cz\u201c (d\u00e1le \u201esout\u011b\u017e\u201c)<\/p>\n<p>1. ORGANIZ\u00c1TOR A PO\u0158ADATEL SOUT\u011a\u017dE<br \/>\n1.1 Po\u0159adatelem sout\u011b\u017ee je \u0160koda AUTO a.s., se s\u00eddlem t\u0159. V\u00e1clava Klementa 869, 293 01 Mlad\u00e1 Boleslav II, I\u010c: 001 77 041, zapsan\u00e1 v obchodn\u00edm rejst\u0159\u00edku veden\u00e9m M\u011bstsk\u00fdm soudem v Praze, odd\u00edl B, vlo\u017eka 332 (d\u00e1le \u201epo\u0159adatel\u201c).<\/p>\n<p>1.2 Organiz\u00e1torem sout\u011b\u017ee je spole\u010dnost IMA Production, a.s., I\u010cO: 25736990, DI\u010c:CZ 25736990, se s\u00eddlem: Pod H\u00e1jkem 1, Praha 8, zapsan\u00e1 v obchodn\u00edm rejst\u0159\u00edku veden\u00e9m M\u011bstsk\u00fdm soudem v Praze, odd\u00edl C, vlo\u017eka 65640, kontaktn\u00ed adresa: Na Harf\u011b 935\/5c, 190 00 Praha 9 (d\u00e1le jen \u201eorganiz\u00e1tor\u201c).<\/p>\n<p>1.3 Organiz\u00e1tor zaji\u0161\u0165uje pro po\u0159adatele \u0159\u00e1dn\u00fd pr\u016fb\u011bh sout\u011b\u017ee.<\/p>\n<p>2. DOBA KON\u00c1N\u00cd SOUT\u011a\u017dE<br \/>\n2.1 Sout\u011b\u017e prob\u00edh\u00e1 od 17:00 hod. 26. 10. 2022 do 23:59 hod. 2. 11. 2022 (d\u00e1le \u201edoba sout\u011b\u017ee\u201c).<\/p>\n<p>3. M\u00cdSTO KON\u00c1N\u00cd SOUT\u011a\u017dE<br \/>\n3.1 Sout\u011b\u017e prob\u00edh\u00e1 na www.welovecycling.cz (d\u00e1le \u201ewebov\u00e1 str\u00e1nka\u201c).<\/p>\n<p>4. PODM\u00cdNKY \u00da\u010cASTI V SOUT\u011a\u017dI<br \/>\n4.1 \u00da\u010dastn\u00edkem sout\u011b\u017ee (d\u00e1le \u201esout\u011b\u017e\u00edc\u00ed\u201c) se m\u016f\u017ee st\u00e1t fyzick\u00e1 osoba star\u0161\u00ed 18-ti let s trval\u00fdm bydli\u0161t\u011bm na \u00fazem\u00ed \u010cesk\u00e9 republiky, kter\u00e1 se registruje na webov\u00e9 str\u00e1nce t\u00edm, \u017ee uvede sv\u00e9 jm\u00e9no, p\u0159\u00edjmen\u00ed a e-mailovou adresu a potvrd\u00ed souhlas s t\u011bmito pravidly.<\/p>\n<p>4.2 Ze sout\u011b\u017ee jsou vylou\u010deni zam\u011bstnanci po\u0159adatele a organiz\u00e1tora, v\u0161echny osoby na po\u0159\u00e1d\u00e1n\u00ed a organizaci sout\u011b\u017ee z\u00fa\u010dastn\u011bn\u00e9, a osoby jim bl\u00edzk\u00e9.<\/p>\n<p>5. MECHANIKA SOUT\u011a\u017dE<br \/>\n5.1 Ka\u017ed\u00fd sout\u011b\u017e\u00edc\u00ed se m\u016f\u017ee sout\u011b\u017ee z\u00fa\u010dastnit jen jednou.<\/p>\n<p>5.2 Po\u0159adatel vylosuje t\u0159i v\u00fdherce ze v\u0161ech spr\u00e1vn\u011b tipuj\u00edc\u00edch sout\u011b\u017e\u00edc\u00edch.<\/p>\n<p>6. V\u00ddHRA A JEJ\u00cd P\u0158ED\u00c1N\u00cd<br \/>\n6.1 V\u00fdhrou je cyklistick\u00fd bal\u00ed\u010dek produkt\u016f We Love Cycling, kter\u00fd obsahuje cyklistick\u00fd dres, cyklistick\u00e9 kra\u0165asy, cyklistickou helmu, cyklistick\u00e9 br\u00fdle, cyklistick\u00e9 rukavice, cyklistick\u00e9 pono\u017eky, bidon 0,75l, cyklistick\u00e9 n\u00e1\u0159ad\u00ed a sadu sv\u011btel.<\/p>\n<p>6.2 Po\u0159adatel si vyhrazuje pr\u00e1vo nahradit v\u00fdhru jin\u00fdm pln\u011bn\u00edm obdobn\u00e9 hodnoty.<\/p>\n<p>6.3 V\u00fdherce bude vyhl\u00e1\u0161en na webov\u00e9 str\u00e1nce po uplynut\u00ed doby sout\u011b\u017ee, a vyzv\u00e1n e-mailem zaslan\u00fdm na adresu, kterou uvedl p\u0159i registraci do sout\u011b\u017ee (d\u00e1le \u201ekontaktn\u00ed e-mail v\u00fdherce\u201c).<\/p>\n<p>6.4 V\u00fdhra bude p\u0159ed\u00e1na v\u00fdherci p\u0159es p\u0159epravn\u00ed spole\u010dnost na adresu, kterou v\u00fdherce poskytne e-mailem.<\/p>\n<p>6.5 Pokud si v\u00fdherce v\u00fdhru v dan\u00e9m term\u00ednu a m\u00edst\u011b nep\u0159evezme, p\u0159i\u010dem\u017e nep\u0159evzet\u00ed v\u00fdhry nezavinil po\u0159adatel ani organiz\u00e1tor, je po\u0159adatel opr\u00e1vn\u011bn rozhodnout, \u017ee n\u00e1rok tohoto v\u00fdherce na v\u00fdhru zanik\u00e1.<\/p>\n<p>6.6 V\u00fdherce nen\u00ed opr\u00e1vn\u011bn po\u017eadovat proplacen\u00ed v\u00fdhry v pen\u011bz\u00edch, po\u017eadovat jinou v\u00fdhru a nem\u00e1 n\u00e1rok ani na jak\u00e1koliv jin\u00e1 pln\u011bn\u00ed ze strany organiz\u00e1tora \u010di po\u0159adatele ne\u017e ta, kter\u00e1 jsou uvedena v t\u011bchto pravidlech.<\/p>\n<p>6.7 Organiz\u00e1tor ani po\u0159adatel neodpov\u00eddaj\u00ed za p\u0159\u00edpadn\u00e9 vady v\u00fdhry a v\u00fdherce nen\u00ed opr\u00e1vn\u011bn uplatnit u v\u00fdhry reklamaci ani jin\u00fd n\u00e1rok vypl\u00fdvaj\u00edc\u00ed z vady v\u00fdhry.<\/p>\n<p>6.8 Poskytovatelem v\u00fdhry je organiz\u00e1tor, kter\u00fd tak\u00e9 vypo\u0159\u00e1d\u00e1 p\u0159\u00edpadnou da\u0148ovou povinnost vypl\u00fdvaj\u00edc\u00ed z v\u00fdhry, pokud ze z\u00e1kona vypl\u00fdv\u00e1 jej\u00ed uplatn\u011bn\u00ed.<\/p>\n<p>7. OCHRANA OSOBN\u00cdCH \u00daDAJ\u016e<br \/>\nInformace o zpracov\u00e1n\u00ed osobn\u00edch \u00fadaj\u016f naleznete zde: <a href=\"https:\/\/www.skoda-auto.cz\/sluzby\/memorandum-ucastnik-souteze\" target=\"_blank\" rel=\"noopener\">https:\/\/www.skoda-auto.cz\/sluzby\/memorandum-ucastnik-souteze<\/a><\/p>\n<p>8. SOUHLAS SE ZAS\u00cdL\u00c1N\u00cdM OBCHODN\u00cdCH SD\u011aLEN\u00cd<br \/>\n8.1 Sout\u011b\u017e\u00edc\u00ed souhlas\u00ed dle \u00a7 7 z\u00e1kona \u010d. 480\/2004 Sb., o n\u011bkter\u00fdch slu\u017eb\u00e1ch informa\u010dn\u00ed spole\u010dnosti v platn\u00e9m zn\u011bn\u00ed, se zas\u00edl\u00e1n\u00edm obchodn\u00edch sd\u011blen\u00ed po\u0159adatele anebo organiz\u00e1tora elektronick\u00fdmi prost\u0159edky. Tento souhlas m\u016f\u017ee sout\u011b\u017e\u00edc\u00ed kdykoliv zdarma nebo na n\u00e1klady toho, jeho\u017e jm\u00e9nem se obchodn\u00ed sd\u011blen\u00ed odes\u00edl\u00e1, odvolat, a to u po\u0159adatele (jde-li o obchodn\u00ed sd\u011blen\u00ed po\u0159adatele) nebo u organiz\u00e1tora (jde-li o obchodn\u00ed sd\u011blen\u00ed organiz\u00e1tora).<\/p>\n<p>9. OSTATN\u00cd USTANOVEN\u00cd A PODM\u00cdNKY<br \/>\n9.1 Sout\u011b\u017e\u00edc\u00ed m\u016f\u017ee b\u00fdt ze sout\u011b\u017ee vylou\u010den, pokud po\u0159adatel a\/nebo organiz\u00e1tor sout\u011b\u017ee zjist\u00ed nebo bude m\u00edt opr\u00e1vn\u011bn\u00e9 podez\u0159en\u00ed, \u017ee sout\u011b\u017e\u00edc\u00ed jedn\u00e1 podvodn\u011b, v rozporu s pravidly sout\u011b\u017ee a\/nebo s dobr\u00fdmi mravy (nap\u0159. vystupuje pod fale\u0161nou identitou; p\u0159i registraci uvede nepravdiv\u00e9 \u00fadaje; je osobou, kter\u00e1 je z \u00fa\u010dasti v sout\u011b\u017ei vylou\u010dena apod.).<\/p>\n<p>9.2 Po\u0159adatel anebo organiz\u00e1tor sout\u011b\u017ee jsou opr\u00e1vn\u011bni kdykoliv po\u017eadovat od sout\u011b\u017e\u00edc\u00edho dolo\u017een\u00ed jeho identity a toho, \u017ee jedn\u00e1 v souladu s t\u011bmito pravidly a dobr\u00fdmi mravy. Nedolo\u017e\u00ed-li sout\u011b\u017e\u00edc\u00ed svoji identitu nebo to, \u017ee jedn\u00e1 v souladu s t\u011bmito pravidly \u010di dobr\u00fdmi mravy bez odkladu po obdr\u017een\u00ed v\u00fdzvy po\u0159adatele nebo organiz\u00e1tora, m\u016f\u017ee b\u00fdt ze sout\u011b\u017ee vylou\u010den.<\/p>\n<p>9.3 V p\u0159\u00edpad\u011b vylou\u010den\u00ed sout\u011b\u017e\u00edc\u00edho ze sout\u011b\u017ee z jak\u00e9hokoliv d\u016fvodu jeho n\u00e1rok na v\u00fdhru zanik\u00e1 a nem\u016f\u017ee se dom\u00e1hat \u00fa\u010dasti v sout\u011b\u017ei anebo v\u00fdhry pr\u00e1vn\u00ed cestou.<\/p>\n<p>9.4 V\u00fdhry, na kter\u00e9 sout\u011b\u017e\u00edc\u00edm z jak\u00e9hokoliv d\u016fvodu zanikl n\u00e1rok, propadaj\u00ed po\u0159adateli, kter\u00fd s nimi nalo\u017e\u00ed dle sv\u00e9ho uv\u00e1\u017een\u00ed. V p\u0159\u00edpad\u011b z\u00e1niku n\u00e1roku na v\u00fdhru nem\u00e1 sout\u011b\u017e\u00edc\u00ed n\u00e1rok na \u017e\u00e1dnou kompenzaci.<\/p>\n<p>9.5 Sout\u011b\u017e nem\u00e1 charakter ve\u0159ejn\u00e9ho p\u0159\u00edslibu. Po\u0159adatel si vyhrazuje pr\u00e1vo kdykoliv po dobu sout\u011b\u017ee nebo p\u0159ed jej\u00edm zah\u00e1jen\u00edm zm\u011bnit pravidla sout\u011b\u017ee, v\u010detn\u011b jej\u00edho p\u0159eru\u0161en\u00ed \u010di d\u0159\u00edv\u011bj\u0161\u00edho ukon\u010den\u00ed. Vym\u00e1h\u00e1n\u00ed \u00fa\u010dasti v sout\u011b\u017ei \u010di v\u00fdhry soudn\u00ed cestou je vylou\u010deno.<\/p>\n<p>9.6 Organiz\u00e1tor ani po\u0159adatel neodpov\u00eddaj\u00ed za chod s\u00edt\u011b elektronick\u00fdch komunikac\u00ed, dod\u00e1vky elektrick\u00e9ho proudu ani za chod za\u0159\u00edzen\u00ed sout\u011b\u017e\u00edc\u00edho \u010di t\u0159et\u00edch osob, je\u017e jsou pot\u0159ebn\u00e1 k tipov\u00e1n\u00ed a jin\u00e9mu jedn\u00e1n\u00ed v r\u00e1mci sout\u011b\u017ee vyjma p\u0159\u00edpad\u016f, kdy nemo\u017enost jedn\u00e1n\u00ed v r\u00e1mci sout\u011b\u017ee po\u0159adatel nebo organiz\u00e1tor zavin\u00ed.<\/p>\n<p>9.7 Po\u0159adatel ani organiz\u00e1tor neposkytuj\u00ed v souvislosti se sout\u011b\u017e\u00ed technickou podporu ani poradensk\u00fd servis.<\/p>\n<p>9.8 Po\u0159adatel ani organiz\u00e1tor neodpov\u00eddaj\u00ed za \u00fajmu vzniklou v souvislosti s vyu\u017eit\u00edm v\u00fdher \u010di s \u00fa\u010dast\u00ed v sout\u011b\u017ei, s v\u00fdjimkou p\u0159\u00edpadu, kdy takovou odpov\u011bdnost nelze podle obecn\u011b z\u00e1vazn\u00fdch pr\u00e1vn\u00edch p\u0159epis\u016f smluvn\u011b vylou\u010dit.<\/p>\n<p>9.9 Po\u0159adatel si vyhrazuje pr\u00e1vo s kone\u010dnou platnost\u00ed rozhodnout o v\u0161ech z\u00e1le\u017eitostech t\u00fdkaj\u00edc\u00edch se sout\u011b\u017ee, v\u010detn\u011b posouzen\u00ed spln\u011bn\u00ed podm\u00ednek sout\u011b\u017ee a \u00fa\u010dasti v n\u00ed. V p\u0159\u00edpad\u011b pochybnost\u00ed o dodr\u017een\u00ed pravidel sout\u011b\u017ee nese d\u016fkazn\u00ed b\u0159emeno sout\u011b\u017e\u00edc\u00ed.<\/p>\n<p>9.10 V p\u0159\u00edpad\u011b rozporu ustanoven\u00ed t\u011bchto pravidel a propaga\u010dn\u00edch materi\u00e1l\u016f, p\u0159\u00edp. ostatn\u00edch informac\u00ed t\u00fdkaj\u00edc\u00edch se sout\u011b\u017ee, maj\u00ed p\u0159ednost ustanoven\u00ed t\u011bchto pravidel.<\/p>\n<p>9.11 V ostatn\u00edm se sout\u011b\u017e a vztahy mezi sout\u011b\u017e\u00edc\u00edmi, organiz\u00e1torem a po\u0159adatelem \u0159\u00edd\u00ed pr\u00e1vn\u00edm \u0159\u00e1dem \u010cesk\u00e9 republiky s vylou\u010den\u00edm kolizn\u00edch norem mezin\u00e1rodn\u00edho pr\u00e1va soukrom\u00e9ho.<\/p>\n<p>Tato pravidla jsou k nahl\u00e9dnut\u00ed na <a href=\"https:\/\/www.welovecycling.com\/cs\/pravidla-podzimni-souteze-s-we-love-cycling\/\" target=\"_blank\" rel=\"noopener\">https:\/\/www.welovecycling.com\/cs\/pravidla-podzimni-souteze-s-we-love-cycling\/<\/a><\/p>\n<p>V Praze dne 26. 10. 2022<\/p>\n","protected":false},"excerpt":{"rendered":"<p>PRAVIDLA SOUT\u011a\u017dE \u201ePodzimn\u00ed sout\u011b\u017e s We Love Cycling.cz\u201c (d\u00e1le \u201esout\u011b\u017e\u201c) 1. ORGANIZ\u00c1TOR A PO\u0158ADATEL SOUT\u011a\u017dE 1.1 Po\u0159adatelem sout\u011b\u017ee je \u0160koda [&hellip;]<\/p>\n","protected":false},"author":137,"featured_media":0,"parent":0,"menu_order":0,"comment_status":"closed","ping_status":"closed","template":"","meta":{"footnotes":""},"tags":[],"class_list":["post-19203","page","type-page","status-publish","hentry"],"yoast_head":"<!-- This site is optimized with the Yoast SEO Premium plugin v25.3 (Yoast SEO v25.9) - https:\/\/yoast.com\/wordpress\/plugins\/seo\/ -->\n<title>Pravidla podzimn\u00ed sout\u011b\u017ee s We Love Cycling.cz | \u0160koda We Love Cycling - \u010cesk\u00e1 republika<\/title>\n<meta name=\"robots\" content=\"index, follow, max-snippet:-1, max-image-preview:large, max-video-preview:-1\" \/>\n<link rel=\"canonical\" href=\"https:\/\/www.welovecycling.com\/cs\/pravidla-podzimni-souteze-s-we-love-cycling\/\" \/>\n<meta property=\"og:locale\" content=\"cs_CZ\" \/>\n<meta property=\"og:type\" content=\"article\" \/>\n<meta property=\"og:title\" content=\"Pravidla podzimn\u00ed sout\u011b\u017ee s We Love Cycling.cz\" \/>\n<meta property=\"og:description\" content=\"PRAVIDLA SOUT\u011a\u017dE \u201ePodzimn\u00ed sout\u011b\u017e s We Love Cycling.cz\u201c (d\u00e1le \u201esout\u011b\u017e\u201c) 1. ORGANIZ\u00c1TOR A PO\u0158ADATEL SOUT\u011a\u017dE 1.1 Po\u0159adatelem sout\u011b\u017ee je \u0160koda [&hellip;]\" \/>\n<meta property=\"og:url\" content=\"https:\/\/www.welovecycling.com\/cs\/pravidla-podzimni-souteze-s-we-love-cycling\/\" \/>\n<meta property=\"og:site_name\" content=\"\u0160koda We Love Cycling - \u010cesk\u00e1 republika\" \/>\n<meta property=\"article:modified_time\" content=\"2022-12-14T09:29:39+00:00\" \/>\n<meta name=\"twitter:card\" content=\"summary_large_image\" \/>\n<meta name=\"twitter:label1\" content=\"Est. reading time\" \/>\n\t<meta name=\"twitter:data1\" content=\"6 minut\" \/>\n<script type=\"application\/ld+json\" class=\"yoast-schema-graph\">{\"@context\":\"https:\/\/schema.org\",\"@graph\":[{\"@type\":\"WebPage\",\"@id\":\"https:\/\/www.welovecycling.com\/cs\/pravidla-podzimni-souteze-s-we-love-cycling\/\",\"url\":\"https:\/\/www.welovecycling.com\/cs\/pravidla-podzimni-souteze-s-we-love-cycling\/\",\"name\":\"Pravidla podzimn\u00ed sout\u011b\u017ee s We Love Cycling.cz | \u0160koda We Love Cycling - \u010cesk\u00e1 republika\",\"isPartOf\":{\"@id\":\"https:\/\/www.welovecycling.com\/cs\/#website\"},\"datePublished\":\"2022-10-26T09:00:32+00:00\",\"dateModified\":\"2022-12-14T09:29:39+00:00\",\"inLanguage\":\"cs\",\"potentialAction\":[{\"@type\":\"ReadAction\",\"target\":[\"https:\/\/www.welovecycling.com\/cs\/pravidla-podzimni-souteze-s-we-love-cycling\/\"]}]},{\"@type\":\"WebSite\",\"@id\":\"https:\/\/www.welovecycling.com\/cs\/#website\",\"url\":\"https:\/\/www.welovecycling.com\/cs\/\",\"name\":\"\u0160koda We Love Cycling - \u010cesk\u00e1 republika\",\"description\":\"WeLoveCycling.cz je online magaz\u00edn, kter\u00fd v\u00e1m pravideln\u011b p\u0159in\u00e1\u0161\u00ed rady a tipy, zaj\u00edmav\u00e9 \u010dl\u00e1nky, videa a jedine\u010dn\u00e9 report\u00e1\u017ee ze sv\u011bta cyklistiky.\",\"potentialAction\":[{\"@type\":\"SearchAction\",\"target\":{\"@type\":\"EntryPoint\",\"urlTemplate\":\"https:\/\/www.welovecycling.com\/cs\/?s={search_term_string}\"},\"query-input\":{\"@type\":\"PropertyValueSpecification\",\"valueRequired\":true,\"valueName\":\"search_term_string\"}}],\"inLanguage\":\"cs\"}]}<\/script>\n<!-- \/ Yoast SEO Premium plugin. -->","yoast_head_json":{"title":"Pravidla podzimn\u00ed sout\u011b\u017ee s We Love Cycling.cz | \u0160koda We Love Cycling - \u010cesk\u00e1 republika","robots":{"index":"index","follow":"follow","max-snippet":"max-snippet:-1","max-image-preview":"max-image-preview:large","max-video-preview":"max-video-preview:-1"},"canonical":"https:\/\/www.welovecycling.com\/cs\/pravidla-podzimni-souteze-s-we-love-cycling\/","og_locale":"cs_CZ","og_type":"article","og_title":"Pravidla podzimn\u00ed sout\u011b\u017ee s We Love Cycling.cz","og_description":"PRAVIDLA SOUT\u011a\u017dE \u201ePodzimn\u00ed sout\u011b\u017e s We Love Cycling.cz\u201c (d\u00e1le \u201esout\u011b\u017e\u201c) 1. ORGANIZ\u00c1TOR A PO\u0158ADATEL SOUT\u011a\u017dE 1.1 Po\u0159adatelem sout\u011b\u017ee je \u0160koda [&hellip;]","og_url":"https:\/\/www.welovecycling.com\/cs\/pravidla-podzimni-souteze-s-we-love-cycling\/","og_site_name":"\u0160koda We Love Cycling - \u010cesk\u00e1 republika","article_modified_time":"2022-12-14T09:29:39+00:00","twitter_card":"summary_large_image","twitter_misc":{"Est. reading time":"6 minut"},"schema":{"@context":"https:\/\/schema.org","@graph":[{"@type":"WebPage","@id":"https:\/\/www.welovecycling.com\/cs\/pravidla-podzimni-souteze-s-we-love-cycling\/","url":"https:\/\/www.welovecycling.com\/cs\/pravidla-podzimni-souteze-s-we-love-cycling\/","name":"Pravidla podzimn\u00ed sout\u011b\u017ee s We Love Cycling.cz | \u0160koda We Love Cycling - \u010cesk\u00e1 republika","isPartOf":{"@id":"https:\/\/www.welovecycling.com\/cs\/#website"},"datePublished":"2022-10-26T09:00:32+00:00","dateModified":"2022-12-14T09:29:39+00:00","inLanguage":"cs","potentialAction":[{"@type":"ReadAction","target":["https:\/\/www.welovecycling.com\/cs\/pravidla-podzimni-souteze-s-we-love-cycling\/"]}]},{"@type":"WebSite","@id":"https:\/\/www.welovecycling.com\/cs\/#website","url":"https:\/\/www.welovecycling.com\/cs\/","name":"\u0160koda We Love Cycling - \u010cesk\u00e1 republika","description":"WeLoveCycling.cz je online magaz\u00edn, kter\u00fd v\u00e1m pravideln\u011b p\u0159in\u00e1\u0161\u00ed rady a tipy, zaj\u00edmav\u00e9 \u010dl\u00e1nky, videa a jedine\u010dn\u00e9 report\u00e1\u017ee ze sv\u011bta cyklistiky.","potentialAction":[{"@type":"SearchAction","target":{"@type":"EntryPoint","urlTemplate":"https:\/\/www.welovecycling.com\/cs\/?s={search_term_string}"},"query-input":{"@type":"PropertyValueSpecification","valueRequired":true,"valueName":"search_term_string"}}],"inLanguage":"cs"}]}},"_links":{"self":[{"href":"https:\/\/www.welovecycling.com\/cs\/wp-json\/wp\/v2\/pages\/19203","targetHints":{"allow":["GET"]}}],"collection":[{"href":"https:\/\/www.welovecycling.com\/cs\/wp-json\/wp\/v2\/pages"}],"about":[{"href":"https:\/\/www.welovecycling.com\/cs\/wp-json\/wp\/v2\/types\/page"}],"author":[{"embeddable":true,"href":"https:\/\/www.welovecycling.com\/cs\/wp-json\/wp\/v2\/users\/137"}],"replies":[{"embeddable":true,"href":"https:\/\/www.welovecycling.com\/cs\/wp-json\/wp\/v2\/comments?post=19203"}],"version-history":[{"count":2,"href":"https:\/\/www.welovecycling.com\/cs\/wp-json\/wp\/v2\/pages\/19203\/revisions"}],"predecessor-version":[{"id":19977,"href":"https:\/\/www.welovecycling.com\/cs\/wp-json\/wp\/v2\/pages\/19203\/revisions\/19977"}],"wp:attachment":[{"href":"https:\/\/www.welovecycling.com\/cs\/wp-json\/wp\/v2\/media?parent=19203"}],"wp:term":[{"taxonomy":"post_tag","embeddable":true,"href":"https:\/\/www.welovecycling.com\/cs\/wp-json\/wp\/v2\/tags?post=19203"}],"curies":[{"name":"wp","href":"https:\/\/api.w.org\/{rel}","templated":true}]}}