{"id":181,"date":"2019-01-16T07:40:47","date_gmt":"2019-01-16T07:40:47","guid":{"rendered":"https:\/\/www.welovecycling.com\/cs\/?page_id=181"},"modified":"2023-08-16T11:50:59","modified_gmt":"2023-08-16T09:50:59","slug":"o-nas","status":"publish","type":"page","link":"https:\/\/www.welovecycling.com\/cs\/o-nas\/","title":{"rendered":"O n\u00e1s"},"content":{"rendered":"<div id=\"pl-181\"  class=\"panel-layout\" ><div id=\"pg-181-0\"  class=\"panel-grid panel-no-style\" ><div id=\"pgc-181-0-0\"  class=\"panel-grid-cell\" ><div id=\"panel-181-0-0-0\" class=\"so-panel widget widget_sow-editor panel-first-child panel-last-child\" data-index=\"0\" ><div\n\t\t\t\n\t\t\tclass=\"so-widget-sow-editor so-widget-sow-editor-base\"\n\t\t\t\n\t\t>\n<div class=\"siteorigin-widget-tinymce textwidget\">\n\t<p class=\"p1\"><span class=\"s1\">WeLoveCycling.cz je online magaz\u00edn, kter\u00fd V\u00e1m p\u0159in\u00e1\u0161\u00ed zaj\u00edmav\u00e9 p\u0159\u00edb\u011bhy, unik\u00e1tn\u00ed rozhovory, origin\u00e1ln\u00ed videa a jedine\u010dn\u00e9 report\u00e1\u017ee ze sv\u011bta cyklistiky. <\/p>\n<p>WeLoveCycling p\u0159iv\u00e1\u017e\u00ed <a href=\"http:\/\/www.skoda-auto.cz\/\" target=\"cokoliv\" rel=\"noopener\">\u0160koda AUTO<\/a>. <\/span><\/p>\n<div class=\"embed-controller-wrapper\">\n<div class=\"embed-wrapper\"><iframe title=\"P\u0159iv\u00e1\u017e\u00edme energii do \u010dela z\u00e1vodu\" width=\"500\" height=\"281\" data-src=\"https:\/\/www.youtube.com\/embed\/zyzlFLEdOZs?feature=oembed\" frameborder=\"0\" allow=\"accelerometer; autoplay; clipboard-write; encrypted-media; gyroscope; picture-in-picture; web-share\" referrerpolicy=\"strict-origin-when-cross-origin\" allowfullscreen><\/iframe><\/div>\n<\/div>\n<h2 class=\"p1\">Kontaktujte n\u00e1s<\/h2>\n<div class=\"contact-us-info\">\n<div class=\"contact-us-info-item contact-us-info-email\">\n<h3>Email: <a href=\"mailto:info@welovecycling.cz\">info@welovecycling.cz<\/a><\/h3>\n<\/div>\n<\/div>\n<\/div>\n<\/div><\/div><\/div><\/div><\/div>","protected":false},"excerpt":{"rendered":"<p>WeLoveCycling.cz je online magaz\u00edn, kter\u00fd V\u00e1m p\u0159in\u00e1\u0161\u00ed zaj\u00edmav\u00e9 p\u0159\u00edb\u011bhy, unik\u00e1tn\u00ed rozhovory, origin\u00e1ln\u00ed videa a jedine\u010dn\u00e9 report\u00e1\u017ee ze sv\u011bta cyklistiky. WeLoveCycling [&hellip;]<\/p>\n","protected":false},"author":137,"featured_media":0,"parent":0,"menu_order":0,"comment_status":"closed","ping_status":"closed","template":"templates\/template-about.php","meta":{"footnotes":""},"tags":[],"class_list":["post-181","page","type-page","status-publish","hentry"],"yoast_head":"<!-- This site is optimized with the Yoast SEO Premium plugin v25.3 (Yoast SEO v25.9) - https:\/\/yoast.com\/wordpress\/plugins\/seo\/ -->\n<title>O n\u00e1s | \u0160koda We Love Cycling - \u010cesk\u00e1 republika<\/title>\n<meta name=\"robots\" content=\"index, follow, max-snippet:-1, max-image-preview:large, max-video-preview:-1\" \/>\n<link rel=\"canonical\" href=\"https:\/\/www.welovecycling.com\/cs\/o-nas\/\" \/>\n<meta property=\"og:locale\" content=\"cs_CZ\" \/>\n<meta property=\"og:type\" content=\"article\" \/>\n<meta property=\"og:title\" content=\"O n\u00e1s\" \/>\n<meta property=\"og:description\" content=\"WeLoveCycling.cz je online magaz\u00edn, kter\u00fd V\u00e1m p\u0159in\u00e1\u0161\u00ed zaj\u00edmav\u00e9 p\u0159\u00edb\u011bhy, unik\u00e1tn\u00ed rozhovory, origin\u00e1ln\u00ed videa a jedine\u010dn\u00e9 report\u00e1\u017ee ze sv\u011bta cyklistiky. WeLoveCycling [&hellip;]\" \/>\n<meta property=\"og:url\" content=\"https:\/\/www.welovecycling.com\/cs\/o-nas\/\" \/>\n<meta property=\"og:site_name\" content=\"\u0160koda We Love Cycling - \u010cesk\u00e1 republika\" \/>\n<meta property=\"article:modified_time\" content=\"2023-08-16T09:50:59+00:00\" \/>\n<meta name=\"twitter:card\" content=\"summary_large_image\" \/>\n<script type=\"application\/ld+json\" class=\"yoast-schema-graph\">{\"@context\":\"https:\/\/schema.org\",\"@graph\":[{\"@type\":\"WebPage\",\"@id\":\"https:\/\/www.welovecycling.com\/cs\/o-nas\/\",\"url\":\"https:\/\/www.welovecycling.com\/cs\/o-nas\/\",\"name\":\"O n\u00e1s | \u0160koda We Love Cycling - \u010cesk\u00e1 republika\",\"isPartOf\":{\"@id\":\"https:\/\/www.welovecycling.com\/cs\/#website\"},\"datePublished\":\"2019-01-16T07:40:47+00:00\",\"dateModified\":\"2023-08-16T09:50:59+00:00\",\"inLanguage\":\"cs\",\"potentialAction\":[{\"@type\":\"ReadAction\",\"target\":[\"https:\/\/www.welovecycling.com\/cs\/o-nas\/\"]}]},{\"@type\":\"WebSite\",\"@id\":\"https:\/\/www.welovecycling.com\/cs\/#website\",\"url\":\"https:\/\/www.welovecycling.com\/cs\/\",\"name\":\"\u0160koda We Love Cycling - \u010cesk\u00e1 republika\",\"description\":\"WeLoveCycling.cz je online magaz\u00edn, kter\u00fd v\u00e1m pravideln\u011b p\u0159in\u00e1\u0161\u00ed rady a tipy, zaj\u00edmav\u00e9 \u010dl\u00e1nky, videa a jedine\u010dn\u00e9 report\u00e1\u017ee ze sv\u011bta cyklistiky.\",\"potentialAction\":[{\"@type\":\"SearchAction\",\"target\":{\"@type\":\"EntryPoint\",\"urlTemplate\":\"https:\/\/www.welovecycling.com\/cs\/?s={search_term_string}\"},\"query-input\":{\"@type\":\"PropertyValueSpecification\",\"valueRequired\":true,\"valueName\":\"search_term_string\"}}],\"inLanguage\":\"cs\"}]}<\/script>\n<!-- \/ Yoast SEO Premium plugin. -->","yoast_head_json":{"title":"O n\u00e1s | \u0160koda We Love Cycling - \u010cesk\u00e1 republika","robots":{"index":"index","follow":"follow","max-snippet":"max-snippet:-1","max-image-preview":"max-image-preview:large","max-video-preview":"max-video-preview:-1"},"canonical":"https:\/\/www.welovecycling.com\/cs\/o-nas\/","og_locale":"cs_CZ","og_type":"article","og_title":"O n\u00e1s","og_description":"WeLoveCycling.cz je online magaz\u00edn, kter\u00fd V\u00e1m p\u0159in\u00e1\u0161\u00ed zaj\u00edmav\u00e9 p\u0159\u00edb\u011bhy, unik\u00e1tn\u00ed rozhovory, origin\u00e1ln\u00ed videa a jedine\u010dn\u00e9 report\u00e1\u017ee ze sv\u011bta cyklistiky. WeLoveCycling [&hellip;]","og_url":"https:\/\/www.welovecycling.com\/cs\/o-nas\/","og_site_name":"\u0160koda We Love Cycling - \u010cesk\u00e1 republika","article_modified_time":"2023-08-16T09:50:59+00:00","twitter_card":"summary_large_image","schema":{"@context":"https:\/\/schema.org","@graph":[{"@type":"WebPage","@id":"https:\/\/www.welovecycling.com\/cs\/o-nas\/","url":"https:\/\/www.welovecycling.com\/cs\/o-nas\/","name":"O n\u00e1s | \u0160koda We Love Cycling - \u010cesk\u00e1 republika","isPartOf":{"@id":"https:\/\/www.welovecycling.com\/cs\/#website"},"datePublished":"2019-01-16T07:40:47+00:00","dateModified":"2023-08-16T09:50:59+00:00","inLanguage":"cs","potentialAction":[{"@type":"ReadAction","target":["https:\/\/www.welovecycling.com\/cs\/o-nas\/"]}]},{"@type":"WebSite","@id":"https:\/\/www.welovecycling.com\/cs\/#website","url":"https:\/\/www.welovecycling.com\/cs\/","name":"\u0160koda We Love Cycling - \u010cesk\u00e1 republika","description":"WeLoveCycling.cz je online magaz\u00edn, kter\u00fd v\u00e1m pravideln\u011b p\u0159in\u00e1\u0161\u00ed rady a tipy, zaj\u00edmav\u00e9 \u010dl\u00e1nky, videa a jedine\u010dn\u00e9 report\u00e1\u017ee ze sv\u011bta cyklistiky.","potentialAction":[{"@type":"SearchAction","target":{"@type":"EntryPoint","urlTemplate":"https:\/\/www.welovecycling.com\/cs\/?s={search_term_string}"},"query-input":{"@type":"PropertyValueSpecification","valueRequired":true,"valueName":"search_term_string"}}],"inLanguage":"cs"}]}},"_links":{"self":[{"href":"https:\/\/www.welovecycling.com\/cs\/wp-json\/wp\/v2\/pages\/181","targetHints":{"allow":["GET"]}}],"collection":[{"href":"https:\/\/www.welovecycling.com\/cs\/wp-json\/wp\/v2\/pages"}],"about":[{"href":"https:\/\/www.welovecycling.com\/cs\/wp-json\/wp\/v2\/types\/page"}],"author":[{"embeddable":true,"href":"https:\/\/www.welovecycling.com\/cs\/wp-json\/wp\/v2\/users\/137"}],"replies":[{"embeddable":true,"href":"https:\/\/www.welovecycling.com\/cs\/wp-json\/wp\/v2\/comments?post=181"}],"version-history":[{"count":2,"href":"https:\/\/www.welovecycling.com\/cs\/wp-json\/wp\/v2\/pages\/181\/revisions"}],"predecessor-version":[{"id":23386,"href":"https:\/\/www.welovecycling.com\/cs\/wp-json\/wp\/v2\/pages\/181\/revisions\/23386"}],"wp:attachment":[{"href":"https:\/\/www.welovecycling.com\/cs\/wp-json\/wp\/v2\/media?parent=181"}],"wp:term":[{"taxonomy":"post_tag","embeddable":true,"href":"https:\/\/www.welovecycling.com\/cs\/wp-json\/wp\/v2\/tags?post=181"}],"curies":[{"name":"wp","href":"https:\/\/api.w.org\/{rel}","templated":true}]}}