{"id":1672,"date":"2019-04-29T17:14:31","date_gmt":"2019-04-29T16:14:31","guid":{"rendered":"https:\/\/www.welovecycling.com\/cs\/?page_id=1672"},"modified":"2019-05-06T10:32:07","modified_gmt":"2019-05-06T09:32:07","slug":"soutez-o-ebike","status":"publish","type":"page","link":"https:\/\/www.welovecycling.com\/cs\/soutez-o-ebike\/","title":{"rendered":"Sout\u011b\u017e-o-ebike"},"content":{"rendered":"<div id=\"pl-1672\"  class=\"panel-layout\" ><div id=\"pg-1672-0\"  class=\"panel-grid panel-has-style\" ><div class=\"siteorigin-panels-stretch panel-row-style panel-row-style-for-1672-0\" data-stretch-type=\"full\" ><div id=\"pgc-1672-0-0\"  class=\"panel-grid-cell\" ><div id=\"panel-1672-0-0-0\" class=\"widget_text so-panel widget widget_custom_html panel-first-child panel-last-child\" data-index=\"0\" ><div class=\"textwidget custom-html-widget\"><style> \n\t.tableWidth {\n\t\twidth:auto;\n\t}\n\t.tableBottom {\n\t\tmargin:20px 0;\n\t}\n\t.tableMargin {\n\t\tmargin-bottom:20px\n\t}\n\t.jezekImg {\n\t\tmax-width:1200px;\n\t}\n\n\t@media (max-width: 468px) {\n\t\t.jezekImg {\n\t\t\twidth:50%;\n\t\t}\n\t}\n<\/style>\n\t<center>\n\t\t<table class=\"tableWidth tableMargin\">\n\t\t\t<tr>\n\t\t\t\t<td class=\"jezekImg\">\n\t\t\t\t\t<img decoding=\"async\" src=\"https:\/\/d2p6e6u75xmxt8.cloudfront.net\/13\/2019\/04\/wlc_challenge_web-vitez-1.jpg\" class=\"image  wp-image-968 attachment-medium size-medium initial loading\" alt=\"\" style=\"max-width: 100%; height: auto;\" srcset=\"https:\/\/d2p6e6u75xmxt8.cloudfront.net\/13\/2019\/04\/wlc_challenge_web-vitez-1.jpg 300w, https:\/\/d2p6e6u75xmxt8.cloudfront.net\/13\/2019\/04\/wlc_challenge_web-vitez-1.jpg 599w\" sizes=\"(max-width: 1200px) 100vw, 300px\" data-was-processed=\"true\">\n\t\t\t\t<\/td>\n\t\t\t<\/tr>\n\t\t<\/table>\n\t<\/center><\/div><\/div><\/div><\/div><\/div><div id=\"pg-1672-1\"  class=\"panel-grid panel-has-style\" ><div class=\"siteorigin-panels-stretch panel-row-style panel-row-style-for-1672-1\" data-stretch-type=\"full\" ><div id=\"pgc-1672-1-0\"  class=\"panel-grid-cell\" ><div id=\"panel-1672-1-0-0\" class=\"widget_text so-panel widget widget_custom_html panel-first-child panel-last-child\" data-index=\"1\" ><div class=\"textwidget custom-html-widget\"><style> \n\t.whiteTableWidth {\n\t\twidth:auto;\n\t\tmargin-top:60px;\n\t}\n\t.whiteTableBottom {\n\t\tmargin:20px 0;\n\t}\n\t.winnerImage img {\n\t\tdisplay:block;\n\t\tborder:none;\n\t\ttext-align:center;\n\t}\n\t.winnerImage {\n\t\tmargin:20px auto;\n\t}\n\t.whiteHeadlineCerny {\n\t\tbackground-color:#000000;\n\t\tfont-size:30px;\n\t\tfont-weight:600;\n\t\tcolor:#ffffff;\n\t\ttext-transform:uppercase;\n\t\ttext-align:center;\n\t\tpadding:0 10px;\n\t}\n\t.whiteHeadlineCerny2 {\n\t\tbackground-color:#000000;\n\t\tfont-size:30px;\n\t\tfont-weight:600;\n\t\tcolor:#ffffff;\n\t\ttext-transform:uppercase;\n\t\ttext-align:center;\n\t\tpadding:0 10px;\n\t}\n\t.normalText {\n\t\tfont-size:18px;\n\t\tfont-weight:400;\n\t\ttext-align:center;\n\t\tpadding-top:20px;\n\t}\n\t@media (max-width: 568px) {\n\t\t.whiteHeadlineCerny {\n\t\t\tfont-size:25px;\n\t\t}\n\t}\n\t@media (max-width: 468px) {\n\t\t.whiteHeadlineCerny {\n\t\t\tfont-size:20px;\n\t\t}\n\t\t.whiteTableUpper {\n\t\t\tmargin-top:40px;\n\t\t}\n\t\t.whiteTableBottom {\n\t\t\tmargin-bottom:0;\n\t\t}\n\t}\n<\/style>\n\t<center>\n\t\t<table class=\"whiteTableWidth whiteTableUpper\">\n\t\t\t<tr>\n\t\t\t\t<td class=\"whiteHeadlineCerny\">\n\t\t\t\t\tV\u00ddHERCEM \u0160koda EBIKE MTB 29 SE ST\u00c1V\u00c1  \n\t\t\t\t<\/td>\n\t\t\t<\/tr>\n\t\t<\/table>\n\t\t<table class=\"whiteTableWidth whiteTableBottom\">\n\t\t\t<tr>\n\t\t\t\t<td class=\"whiteHeadlineCerny2\">\n\t\t\t\t\tVLADIM\u00cdR VELE ZE SUCHDOLA U KUTN\u00c9 HORY. GRATULUJEME!\n\t\t\t\t<\/td>\n\t\t\t<\/tr>\n\t\t\t<tr>\n\t\t\t\t<td class=\"normalText\">\n\t\t\t\t\t<a href=\"https:\/\/d2p6e6u75xmxt8.cloudfront.net\/13\/2019\/03\/Pravidla_souteze_WeLoveCyclingChallenge_final.pdf\">Podm\u00ednky sout\u011b\u017ee<\/a>\n\t\t\t\t<\/td>\n\t\t\t<\/tr>\t\t\t\n\t\t<\/table>\t\n\t<\/center><\/div><\/div><\/div><\/div><\/div><div id=\"pg-1672-2\"  class=\"panel-grid panel-has-style\" ><div class=\"siteorigin-panels-stretch panel-row-style panel-row-style-for-1672-2\" data-stretch-type=\"full\" ><div id=\"pgc-1672-2-0\"  class=\"panel-grid-cell\" ><div id=\"panel-1672-2-0-0\" class=\"widget_text so-panel widget widget_custom_html panel-first-child\" data-index=\"2\" ><div class=\"textwidget custom-html-widget\"><style> \n\t@media (max-width: 468px){\n\t\t.imgWlcLong {\n\t\t\twidth:70%!important;\n\t\t}\n\t}\n<\/style>\n<center>\n<img decoding=\"async\" class=\"default initial loading imgWlcLong\" src=\"https:\/\/d2p6e6u75xmxt8.cloudfront.net\/13\/2019\/03\/logo_cerny_text_bile_love.png\" alt=\"WeLoveCycling \u010cesk\u00e1 republika\" data-was-processed=\"true\" style=\"width:450px;height:auto\">\n<\/center><\/div><\/div><div id=\"panel-1672-2-0-1\" class=\"so-panel widget widget_media_video panel-last-child\" data-index=\"3\" ><div style=\"width:100%;\" class=\"wp-video\"><!--[if lt IE 9]><script>document.createElement('video');<\/script><![endif]-->\n<video class=\"wp-video-shortcode\" id=\"video-1672-1\" preload=\"none\" controls=\"controls\"><source type=\"video\/youtube\" src=\"https:\/\/www.youtube.com\/watch?v=7-Zt3ApVx58&#038;_=1\" \/><a href=\"https:\/\/www.youtube.com\/watch?v=7-Zt3ApVx58\">https:\/\/www.youtube.com\/watch?v=7-Zt3ApVx58<\/a><\/video><\/div><\/div><\/div><\/div><\/div><\/div>","protected":false},"excerpt":{"rendered":"<p>V\u00ddHERCEM \u0160koda EBIKE MTB 29 SE ST\u00c1V\u00c1 VLADIM\u00cdR VELE ZE SUCHDOLA U KUTN\u00c9 HORY. GRATULUJEME! Podm\u00ednky sout\u011b\u017ee https:\/\/www.youtube.com\/watch?v=7-Zt3ApVx58<\/p>\n","protected":false},"author":93,"featured_media":0,"parent":0,"menu_order":0,"comment_status":"closed","ping_status":"closed","template":"templates\/template-full-width.php","meta":{"footnotes":""},"tags":[],"class_list":["post-1672","page","type-page","status-publish","hentry"],"yoast_head":"<!-- This site is optimized with the Yoast SEO Premium plugin v25.3 (Yoast SEO v25.9) - https:\/\/yoast.com\/wordpress\/plugins\/seo\/ -->\n<title>Sout\u011b\u017e-o-ebike | \u0160koda We Love Cycling - \u010cesk\u00e1 republika<\/title>\n<meta name=\"robots\" content=\"index, follow, max-snippet:-1, max-image-preview:large, max-video-preview:-1\" \/>\n<link rel=\"canonical\" href=\"https:\/\/www.welovecycling.com\/cs\/soutez-o-ebike\/\" \/>\n<meta property=\"og:locale\" content=\"cs_CZ\" \/>\n<meta property=\"og:type\" content=\"article\" \/>\n<meta property=\"og:title\" content=\"Sout\u011b\u017e-o-ebike\" \/>\n<meta property=\"og:description\" content=\"V\u00ddHERCEM \u0160koda EBIKE MTB 29 SE ST\u00c1V\u00c1 VLADIM\u00cdR VELE ZE SUCHDOLA U KUTN\u00c9 HORY. GRATULUJEME! Podm\u00ednky sout\u011b\u017ee https:\/\/www.youtube.com\/watch?v=7-Zt3ApVx58\" \/>\n<meta property=\"og:url\" content=\"https:\/\/www.welovecycling.com\/cs\/soutez-o-ebike\/\" \/>\n<meta property=\"og:site_name\" content=\"\u0160koda We Love Cycling - \u010cesk\u00e1 republika\" \/>\n<meta property=\"article:modified_time\" content=\"2019-05-06T09:32:07+00:00\" \/>\n<meta name=\"twitter:card\" content=\"summary_large_image\" \/>\n<script type=\"application\/ld+json\" class=\"yoast-schema-graph\">{\"@context\":\"https:\/\/schema.org\",\"@graph\":[{\"@type\":\"WebPage\",\"@id\":\"https:\/\/www.welovecycling.com\/cs\/soutez-o-ebike\/\",\"url\":\"https:\/\/www.welovecycling.com\/cs\/soutez-o-ebike\/\",\"name\":\"Sout\u011b\u017e-o-ebike | \u0160koda We Love Cycling - \u010cesk\u00e1 republika\",\"isPartOf\":{\"@id\":\"https:\/\/www.welovecycling.com\/cs\/#website\"},\"datePublished\":\"2019-04-29T16:14:31+00:00\",\"dateModified\":\"2019-05-06T09:32:07+00:00\",\"inLanguage\":\"cs\",\"potentialAction\":[{\"@type\":\"ReadAction\",\"target\":[\"https:\/\/www.welovecycling.com\/cs\/soutez-o-ebike\/\"]}]},{\"@type\":\"WebSite\",\"@id\":\"https:\/\/www.welovecycling.com\/cs\/#website\",\"url\":\"https:\/\/www.welovecycling.com\/cs\/\",\"name\":\"\u0160koda We Love Cycling - \u010cesk\u00e1 republika\",\"description\":\"WeLoveCycling.cz je online magaz\u00edn, kter\u00fd v\u00e1m pravideln\u011b p\u0159in\u00e1\u0161\u00ed rady a tipy, zaj\u00edmav\u00e9 \u010dl\u00e1nky, videa a jedine\u010dn\u00e9 report\u00e1\u017ee ze sv\u011bta cyklistiky.\",\"potentialAction\":[{\"@type\":\"SearchAction\",\"target\":{\"@type\":\"EntryPoint\",\"urlTemplate\":\"https:\/\/www.welovecycling.com\/cs\/?s={search_term_string}\"},\"query-input\":{\"@type\":\"PropertyValueSpecification\",\"valueRequired\":true,\"valueName\":\"search_term_string\"}}],\"inLanguage\":\"cs\"}]}<\/script>\n<!-- \/ Yoast SEO Premium plugin. -->","yoast_head_json":{"title":"Sout\u011b\u017e-o-ebike | \u0160koda We Love Cycling - \u010cesk\u00e1 republika","robots":{"index":"index","follow":"follow","max-snippet":"max-snippet:-1","max-image-preview":"max-image-preview:large","max-video-preview":"max-video-preview:-1"},"canonical":"https:\/\/www.welovecycling.com\/cs\/soutez-o-ebike\/","og_locale":"cs_CZ","og_type":"article","og_title":"Sout\u011b\u017e-o-ebike","og_description":"V\u00ddHERCEM \u0160koda EBIKE MTB 29 SE ST\u00c1V\u00c1 VLADIM\u00cdR VELE ZE SUCHDOLA U KUTN\u00c9 HORY. GRATULUJEME! Podm\u00ednky sout\u011b\u017ee https:\/\/www.youtube.com\/watch?v=7-Zt3ApVx58","og_url":"https:\/\/www.welovecycling.com\/cs\/soutez-o-ebike\/","og_site_name":"\u0160koda We Love Cycling - \u010cesk\u00e1 republika","article_modified_time":"2019-05-06T09:32:07+00:00","twitter_card":"summary_large_image","schema":{"@context":"https:\/\/schema.org","@graph":[{"@type":"WebPage","@id":"https:\/\/www.welovecycling.com\/cs\/soutez-o-ebike\/","url":"https:\/\/www.welovecycling.com\/cs\/soutez-o-ebike\/","name":"Sout\u011b\u017e-o-ebike | \u0160koda We Love Cycling - \u010cesk\u00e1 republika","isPartOf":{"@id":"https:\/\/www.welovecycling.com\/cs\/#website"},"datePublished":"2019-04-29T16:14:31+00:00","dateModified":"2019-05-06T09:32:07+00:00","inLanguage":"cs","potentialAction":[{"@type":"ReadAction","target":["https:\/\/www.welovecycling.com\/cs\/soutez-o-ebike\/"]}]},{"@type":"WebSite","@id":"https:\/\/www.welovecycling.com\/cs\/#website","url":"https:\/\/www.welovecycling.com\/cs\/","name":"\u0160koda We Love Cycling - \u010cesk\u00e1 republika","description":"WeLoveCycling.cz je online magaz\u00edn, kter\u00fd v\u00e1m pravideln\u011b p\u0159in\u00e1\u0161\u00ed rady a tipy, zaj\u00edmav\u00e9 \u010dl\u00e1nky, videa a jedine\u010dn\u00e9 report\u00e1\u017ee ze sv\u011bta cyklistiky.","potentialAction":[{"@type":"SearchAction","target":{"@type":"EntryPoint","urlTemplate":"https:\/\/www.welovecycling.com\/cs\/?s={search_term_string}"},"query-input":{"@type":"PropertyValueSpecification","valueRequired":true,"valueName":"search_term_string"}}],"inLanguage":"cs"}]}},"_links":{"self":[{"href":"https:\/\/www.welovecycling.com\/cs\/wp-json\/wp\/v2\/pages\/1672","targetHints":{"allow":["GET"]}}],"collection":[{"href":"https:\/\/www.welovecycling.com\/cs\/wp-json\/wp\/v2\/pages"}],"about":[{"href":"https:\/\/www.welovecycling.com\/cs\/wp-json\/wp\/v2\/types\/page"}],"author":[{"embeddable":true,"href":"https:\/\/www.welovecycling.com\/cs\/wp-json\/wp\/v2\/users\/93"}],"replies":[{"embeddable":true,"href":"https:\/\/www.welovecycling.com\/cs\/wp-json\/wp\/v2\/comments?post=1672"}],"version-history":[{"count":2,"href":"https:\/\/www.welovecycling.com\/cs\/wp-json\/wp\/v2\/pages\/1672\/revisions"}],"predecessor-version":[{"id":14217,"href":"https:\/\/www.welovecycling.com\/cs\/wp-json\/wp\/v2\/pages\/1672\/revisions\/14217"}],"wp:attachment":[{"href":"https:\/\/www.welovecycling.com\/cs\/wp-json\/wp\/v2\/media?parent=1672"}],"wp:term":[{"taxonomy":"post_tag","embeddable":true,"href":"https:\/\/www.welovecycling.com\/cs\/wp-json\/wp\/v2\/tags?post=1672"}],"curies":[{"name":"wp","href":"https:\/\/api.w.org\/{rel}","templated":true}]}}