{"id":16146,"date":"2023-03-02T17:20:29","date_gmt":"2023-03-02T15:20:29","guid":{"rendered":"https:\/\/www.welovecycling.com\/cs\/?page_id=16146"},"modified":"2026-03-23T13:05:00","modified_gmt":"2026-03-23T11:05:00","slug":"startovne-kpz","status":"publish","type":"page","link":"https:\/\/www.welovecycling.com\/cs\/startovne-kpz\/","title":{"rendered":"\u0160koda auto &#8211; slevov\u00e9 k\u00f3dy KP\u017d 2026"},"content":{"rendered":"<div id=\"pl-16146\"  class=\"panel-layout\" ><div id=\"pg-16146-0\"  class=\"panel-grid panel-no-style\" ><div id=\"pgc-16146-0-0\"  class=\"panel-grid-cell\" ><div id=\"panel-16146-0-0-0\" class=\"widget_text so-panel widget widget_custom_html panel-first-child\" data-index=\"0\" ><div class=\"widget_text hide-mobile panel-widget-style panel-widget-style-for-16146-0-0-0\" ><div class=\"textwidget custom-html-widget\"><style>\n\t.wrap.container {\n    max-width: 100%;\n    padding: 0;\n\t }\n\t h1 {\n\t\tfont-size:30px;\t\n\t\t margin-bottom: -10px;\n\t }\n\t.siteorigin-widget-tinymce h1 {\n\t\tfont-size:30px!important;\n\t\tfont-weight:400!important;\n\t } \n\t .hero {\n\t\t\twidth: 100%;\n\t\t\theight: auto;\n\t\t\tpadding: 0 30px;\n    \tbackground: #0E3A2F;\n\t\t\tmargin-top:-30px;\n  }\n\t .hero__contain{\n\t\t\tpadding-top:30px;\t \n\t\t\n\t }\n\t .page-title{\n    \tdisplay:none!important\n    }\n\t .subheadline{\n\t\t padding:0 20% 1px}\n\t\n\t\t.subheadline1{\n\t\t \tpadding:0 20% 1px\n\t\t\n\t }\n\t .siteorigin-widget-tinymce strong {\n\t\t color:#4ba82e!important;\n\t }\n\t .siteorigin-widget-tinymce p {\n\t\t margin: 0 0 0.2em!important;\n\t }\n\t #pl-5836 #panel-5836-0-0-0, #pl-5836 #panel-5836-1-0-0, #pl-5836 #panel-5836-1-0-1, #pl-5836 #panel-5836-1-2-0 {\n\t\t margin-bottom:0;\n\t }\n\t .panel-grid-cell .widget-title{\n\t\t font-weight:700\n\t }\n\ta:hover{\n\t\tcolor:#78FAAE;\n\t}\n<\/style>\n\n<html>\n<center>\n\t<div style=\"text-align: center;\">\n\t\t<div class=\"hero\">\n\t\t\t<div class=\"hero__contain\">\n\t\t\t\t<h1 class=\"headline\" style=\"color:#78FAAE;\">\n\t\t\t\t\tVygenerujte si vlastn\u00ed slevov\u00fd k\u00f3d\n\t\t\t\t<\/h1>\n\t\t\t\t<p class=\"subheadline\" style=\"color:#78FAAE;\">\n\t\t\t\t\t<p class=\"subheadline1\" style=\"color:#78FAAE; text-align: justify;\">Kolo pro \u017eivot je tradi\u010dn\u00ed seri\u00e1l hobby z\u00e1vod\u016f horsk\u00fdch kol pro v\u0161echny poloprofesion\u00e1ln\u00ed i hobby cyklisty bez rozd\u00edlu v\u011bku a v\u00fdkonnosti. Na z\u00e1klad\u011b partnerstv\u00ed \u0160koda Auto a Kolo pro \u017eivot mohou zam\u011bstnanci vyu\u017e\u00edt mo\u017enost z\u00edskat dv\u011b startovn\u00e1 zdarma do vy\u010derp\u00e1n\u00ed kapacity.\n\t\t\t\t\t<br><br>Dovolujeme si V\u00e1s upozornit, \u017ee v p\u0159\u00edpad\u011b vygenerov\u00e1n\u00ed k\u00f3du pro bezplatn\u00e9 startovn\u00e9 je n\u00e1sledn\u011b nutn\u00e9 z\u00e1vod skute\u010dn\u011b absolvovat. Pokud si zam\u011bstnanec k\u00f3d vygeneruje a nevyu\u017eije ho, m\u016f\u017ee po n\u011bm \u0160koda Auto n\u00e1rokovat kompenzaci startovn\u00e9ho v pln\u00e9 v\u00fd\u0161i dle aktu\u00e1ln\u00edho platn\u00e9ho cen\u00edku po\u0159adatele.\n\nDr\u017e\u00edme palce a t\u011b\u0161\u00edme se na vid\u011bnou na startu i v c\u00edli!<\/p>\n\n\t\t\t\n\t\t\t\t\t<a href=\"https:\/\/www.kolopro.cz\/zavody\">Seznam z\u00e1vod\u016f naleznete zde.<\/a>\n \n\t\t\t\t\t<br><br>\n\t\t\t\t<\/p>\n\t\t\t<\/div>\n    <\/div>\n\t<\/div>\n<\/center>\n<\/html><\/div><\/div><\/div><div id=\"panel-16146-0-0-1\" class=\"widget_text so-panel widget widget_custom_html panel-last-child\" data-index=\"1\" ><div class=\"widget_text hide-desktop panel-widget-style panel-widget-style-for-16146-0-0-1\" ><div class=\"textwidget custom-html-widget\"><style>\n\t.wrap.container {\n    max-width: 100%;\n    padding: 0;\n\t }\n\t h1 {\n\t\tfont-size:30px;\n\t\t margin-bottom: -5px;\n\t }\n\t.siteorigin-widget-tinymce h1 {\n\t\tfont-size:30px!important;\n\t\tfont-weight:400!important;\n\t } \n\t .hero {\n\t\t\twidth: 100%;\n\t\t\theight: auto;\n\t\t\tpadding: 0 30px;\n    \tbackground: #0E3A2F;\n\t\t\tmargin-top:-30px;\n  }\n\t .hero__contain{\n\t\t\tpadding-top:30px;\t \n\t }\n\t .page-title{\n    \tdisplay:none!important\n    }\t\t\n\t }\n\t .siteorigin-widget-tinymce strong {\n\t\t color:#4ba82e!important;\n\t }\n\t .siteorigin-widget-tinymce p {\n\t\t margin: 0 0 0.25em!important;\n\t }\n\t #pl-5836 #panel-5836-0-0-0, #pl-5836 #panel-5836-1-0-0, #pl-5836 #panel-5836-1-0-1, #pl-5836 #panel-5836-1-2-0 {\n\t\t margin-bottom:0;\n\t }\n\t .panel-grid-cell .widget-title{\n\t\t font-weight:700\n\t }\n\t\ta:hover{\n\t\tcolor:#78FAAE;\n\t}\n<\/style>\n\n<html>\n<center>\n\t<div style=\"text-align: center;\">\n\t\t<div class=\"hero\">\n\t\t\t<div class=\"hero__contain\">\n\t\t\t\t<h1 class=\"headline\" style=\"color:#78FAAE;\">\n\t\t\t\t\tVygenerujte si vlastn\u00ed slevov\u00fd k\u00f3d\n\t\t\t\t<\/h1>\n\t\t\t\t<p  style=\"color:#78FAAE;\">\n\t\t\t\t\t<p  style=\"color:#78FAAE; text-align: center;\">Kolo pro \u017eivot je tradi\u010dn\u00ed seri\u00e1l hobby z\u00e1vod\u016f horsk\u00fdch kol pro v\u0161echny poloprofesion\u00e1ln\u00ed i hobby cyklisty bez rozd\u00edlu v\u011bku a v\u00fdkonnosti. Na z\u00e1klad\u011b partnerstv\u00ed \u0160koda Auto a Kolo pro \u017eivot mohou zam\u011bstnanci vyu\u017e\u00edt mo\u017enost z\u00edskat dv\u011b startovn\u00e1 zdarma do vy\u010derp\u00e1n\u00ed kapacity.\n\t\t\t\t\t<br><br>Dovolujeme si V\u00e1s upozornit, \u017ee v p\u0159\u00edpad\u011b vygenerov\u00e1n\u00ed k\u00f3du pro bezplatn\u00e9 startovn\u00e9 je n\u00e1sledn\u011b nutn\u00e9 z\u00e1vod skute\u010dn\u011b absolvovat. Pokud si zam\u011bstnanec k\u00f3d vygeneruje a nevyu\u017eije ho, m\u016f\u017ee po n\u011bm \u0160koda Auto n\u00e1rokovat kompenzaci startovn\u00e9ho v pln\u00e9 v\u00fd\u0161i dle aktu\u00e1ln\u00edho platn\u00e9ho cen\u00edku po\u0159adatele.\n\nDr\u017e\u00edme palce a t\u011b\u0161\u00edme se na vid\u011bnou na startu i v c\u00edli!<\/p>\n\n\t\t\t\n\t\t\t\t\t<a href=\"https:\/\/www.kolopro.cz\/zavody\">Seznam z\u00e1vod\u016f naleznete zde.<\/a>\n\t\t\t\t\t<br><br>\n\t\t\t\t<\/p>\n\t\t\t<\/div>\n    <\/div>\n\t<\/div>\n<\/center>\n<\/html><\/div><\/div><\/div><\/div><\/div><div id=\"pg-16146-1\"  class=\"panel-grid panel-has-style\" ><div class=\"panel-row-style panel-row-style-for-16146-1\" ><div id=\"pgc-16146-1-0\"  class=\"panel-grid-cell\" ><div id=\"panel-16146-1-0-0\" class=\"so-panel widget widget_sow-image panel-first-child\" data-index=\"2\" ><div class=\"hide-mobile panel-widget-style panel-widget-style-for-16146-1-0-0\" ><div\n\t\t\t\n\t\t\tclass=\"so-widget-sow-image so-widget-sow-image-default-113ccd71f3e6-16146\"\n\t\t\t\n\t\t>\n<div class=\"sow-image-container\">\n\t\t\t<a href=\"https:\/\/www.kolopro.cz\/\"\n\t\t\ttarget=\"_blank\" rel=\"noopener noreferrer\" \t\t>\n\t\t\t<img loading=\"lazy\" decoding=\"async\" src=\"https:\/\/d2p6e6u75xmxt8.cloudfront.net\/13\/2021\/04\/kpz-e1680080938407.webp\" width=\"196\" height=\"88\" sizes=\"auto, (max-width: 196px) 100vw, 196px\" title=\"kpz\" alt=\"\" \t\tclass=\"so-widget-image\"\/>\n\t<\/a><\/div>\n\n<\/div><\/div><\/div><div id=\"panel-16146-1-0-1\" class=\"so-panel widget widget_sow-image panel-last-child\" data-index=\"3\" ><div class=\"hide-desktop panel-widget-style panel-widget-style-for-16146-1-0-1\" ><div\n\t\t\t\n\t\t\tclass=\"so-widget-sow-image so-widget-sow-image-default-113ccd71f3e6-16146\"\n\t\t\t\n\t\t>\n<div class=\"sow-image-container\">\n\t\t\t<a href=\"https:\/\/www.kolopro.cz\/\"\n\t\t\ttarget=\"_blank\" rel=\"noopener noreferrer\" \t\t>\n\t\t\t<img loading=\"lazy\" decoding=\"async\" src=\"https:\/\/d2p6e6u75xmxt8.cloudfront.net\/13\/2021\/04\/kpz-e1680080938407.webp\" width=\"196\" height=\"88\" sizes=\"auto, (max-width: 196px) 100vw, 196px\" title=\"kpz\" alt=\"\" \t\tclass=\"so-widget-image\"\/>\n\t<\/a><\/div>\n\n<\/div><\/div><\/div><\/div><div id=\"pgc-16146-1-1\"  class=\"panel-grid-cell\" ><div id=\"panel-16146-1-1-0\" class=\"widget_text so-panel widget widget_custom_html panel-first-child\" data-index=\"4\" ><div class=\"widget_text hide-mobile panel-widget-style panel-widget-style-for-16146-1-1-0\" ><div class=\"textwidget custom-html-widget\"><iframe loading=\"lazy\" width=\"380\" height=\"700\" src=\"https:\/\/slevove-kody-welovecycling.com\/client\/XCVBXCVKJBDSKTSJSKFGJSDKFJGSKDFJGD\/\"><\/iframe> <\/div><\/div><\/div><div id=\"panel-16146-1-1-1\" class=\"widget_text so-panel widget widget_custom_html panel-last-child\" data-index=\"5\" ><div class=\"widget_text hide-desktop panel-widget-style panel-widget-style-for-16146-1-1-1\" ><div class=\"textwidget custom-html-widget\"><div style=\"text-align:center\">\n\t\n<center><iframe loading=\"lazy\" width=\"370\" height=\"400\" align=\"center\" src=\"https:\/\/slevove-kody-welovecycling.com\/client\/XCVBXCVKJBDSKTSJSKFGJSDKFJGSKDFJGD\/\"><\/iframe><\/center><\/div><\/div><\/div><\/div><\/div><div id=\"pgc-16146-1-2\"  class=\"panel-grid-cell\" ><div id=\"panel-16146-1-2-0\" class=\"so-panel widget widget_sow-editor panel-first-child panel-last-child\" data-index=\"6\" ><div class=\"hide-mobile panel-widget-style panel-widget-style-for-16146-1-2-0\" ><div\n\t\t\t\n\t\t\tclass=\"so-widget-sow-editor so-widget-sow-editor-base\"\n\t\t\t\n\t\t><h3 class=\"widget-title\">Lze vyu\u017e\u00edt na z\u00e1vod:<\/h3>\n<div class=\"siteorigin-widget-tinymce textwidget\">\n\t<p><span style=\"color: #0e3a2f;\">25. 4. 2026 Bikemaraton Beroun<\/span><\/p>\n<p>9. 5. 2026 Odersk\u00e1 Ml\u00fdnice Veolia<\/p>\n<p>16. 5. 2026 Mlad\u00e1 Boleslav Tour \u0160KODA AUTO<\/p>\n<p>7. 6. 2026 Soumar Trophy Prachatice<\/p>\n<p>27. 6. Bikemaraton Dr\u00e1sal Nova Sport<\/p>\n<p>15. 8. Manitou \u017delezn\u00e9 hory Cardion<\/p>\n<p>5. - 6. 9. 2026 Direct Znojmo Bur\u010d\u00e1k Tour<\/p>\n<p>26. 9. Ralsko MTB Tour \u0160KODA AUTO<\/p>\n<p>&nbsp;<\/p>\n<\/div>\n<\/div><\/div><\/div><\/div><\/div><\/div><\/div>","protected":false},"excerpt":{"rendered":"<p>25. 4. 2026 Bikemaraton Beroun 9. 5. 2026 Odersk\u00e1 Ml\u00fdnice Veolia 16. 5. 2026 Mlad\u00e1 Boleslav Tour \u0160KODA AUTO 7. [&hellip;]<\/p>\n","protected":false},"author":137,"featured_media":0,"parent":0,"menu_order":0,"comment_status":"closed","ping_status":"closed","template":"templates\/template-empty-page.php","meta":{"footnotes":""},"tags":[],"class_list":["post-16146","page","type-page","status-publish","hentry"],"yoast_head":"<!-- This site is optimized with the Yoast SEO Premium plugin v25.3 (Yoast SEO v25.9) - https:\/\/yoast.com\/wordpress\/plugins\/seo\/ -->\n<title>\u0160koda auto - slevov\u00e9 k\u00f3dy KP\u017d 2026 | \u0160koda We Love Cycling - \u010cesk\u00e1 republika<\/title>\n<meta name=\"robots\" content=\"index, follow, max-snippet:-1, max-image-preview:large, max-video-preview:-1\" \/>\n<link rel=\"canonical\" href=\"https:\/\/www.welovecycling.com\/cs\/startovne-kpz\/\" \/>\n<meta property=\"og:locale\" content=\"cs_CZ\" \/>\n<meta property=\"og:type\" content=\"article\" \/>\n<meta property=\"og:title\" content=\"\u0160koda auto - slevov\u00e9 k\u00f3dy KP\u017d 2026\" \/>\n<meta property=\"og:description\" content=\"25. 4. 2026 Bikemaraton Beroun 9. 5. 2026 Odersk\u00e1 Ml\u00fdnice Veolia 16. 5. 2026 Mlad\u00e1 Boleslav Tour \u0160KODA AUTO 7. [&hellip;]\" \/>\n<meta property=\"og:url\" content=\"https:\/\/www.welovecycling.com\/cs\/startovne-kpz\/\" \/>\n<meta property=\"og:site_name\" content=\"\u0160koda We Love Cycling - \u010cesk\u00e1 republika\" \/>\n<meta property=\"article:modified_time\" content=\"2026-03-23T11:05:00+00:00\" \/>\n<meta name=\"twitter:card\" content=\"summary_large_image\" \/>\n<script type=\"application\/ld+json\" class=\"yoast-schema-graph\">{\"@context\":\"https:\/\/schema.org\",\"@graph\":[{\"@type\":\"WebPage\",\"@id\":\"https:\/\/www.welovecycling.com\/cs\/startovne-kpz\/\",\"url\":\"https:\/\/www.welovecycling.com\/cs\/startovne-kpz\/\",\"name\":\"\u0160koda auto - slevov\u00e9 k\u00f3dy KP\u017d 2026 | \u0160koda We Love Cycling - \u010cesk\u00e1 republika\",\"isPartOf\":{\"@id\":\"https:\/\/www.welovecycling.com\/cs\/#website\"},\"datePublished\":\"2023-03-02T15:20:29+00:00\",\"dateModified\":\"2026-03-23T11:05:00+00:00\",\"inLanguage\":\"cs\",\"potentialAction\":[{\"@type\":\"ReadAction\",\"target\":[\"https:\/\/www.welovecycling.com\/cs\/startovne-kpz\/\"]}]},{\"@type\":\"WebSite\",\"@id\":\"https:\/\/www.welovecycling.com\/cs\/#website\",\"url\":\"https:\/\/www.welovecycling.com\/cs\/\",\"name\":\"\u0160koda We Love Cycling - \u010cesk\u00e1 republika\",\"description\":\"WeLoveCycling.cz je online magaz\u00edn, kter\u00fd v\u00e1m pravideln\u011b p\u0159in\u00e1\u0161\u00ed rady a tipy, zaj\u00edmav\u00e9 \u010dl\u00e1nky, videa a jedine\u010dn\u00e9 report\u00e1\u017ee ze sv\u011bta cyklistiky.\",\"potentialAction\":[{\"@type\":\"SearchAction\",\"target\":{\"@type\":\"EntryPoint\",\"urlTemplate\":\"https:\/\/www.welovecycling.com\/cs\/?s={search_term_string}\"},\"query-input\":{\"@type\":\"PropertyValueSpecification\",\"valueRequired\":true,\"valueName\":\"search_term_string\"}}],\"inLanguage\":\"cs\"}]}<\/script>\n<!-- \/ Yoast SEO Premium plugin. -->","yoast_head_json":{"title":"\u0160koda auto - slevov\u00e9 k\u00f3dy KP\u017d 2026 | \u0160koda We Love Cycling - \u010cesk\u00e1 republika","robots":{"index":"index","follow":"follow","max-snippet":"max-snippet:-1","max-image-preview":"max-image-preview:large","max-video-preview":"max-video-preview:-1"},"canonical":"https:\/\/www.welovecycling.com\/cs\/startovne-kpz\/","og_locale":"cs_CZ","og_type":"article","og_title":"\u0160koda auto - slevov\u00e9 k\u00f3dy KP\u017d 2026","og_description":"25. 4. 2026 Bikemaraton Beroun 9. 5. 2026 Odersk\u00e1 Ml\u00fdnice Veolia 16. 5. 2026 Mlad\u00e1 Boleslav Tour \u0160KODA AUTO 7. [&hellip;]","og_url":"https:\/\/www.welovecycling.com\/cs\/startovne-kpz\/","og_site_name":"\u0160koda We Love Cycling - \u010cesk\u00e1 republika","article_modified_time":"2026-03-23T11:05:00+00:00","twitter_card":"summary_large_image","schema":{"@context":"https:\/\/schema.org","@graph":[{"@type":"WebPage","@id":"https:\/\/www.welovecycling.com\/cs\/startovne-kpz\/","url":"https:\/\/www.welovecycling.com\/cs\/startovne-kpz\/","name":"\u0160koda auto - slevov\u00e9 k\u00f3dy KP\u017d 2026 | \u0160koda We Love Cycling - \u010cesk\u00e1 republika","isPartOf":{"@id":"https:\/\/www.welovecycling.com\/cs\/#website"},"datePublished":"2023-03-02T15:20:29+00:00","dateModified":"2026-03-23T11:05:00+00:00","inLanguage":"cs","potentialAction":[{"@type":"ReadAction","target":["https:\/\/www.welovecycling.com\/cs\/startovne-kpz\/"]}]},{"@type":"WebSite","@id":"https:\/\/www.welovecycling.com\/cs\/#website","url":"https:\/\/www.welovecycling.com\/cs\/","name":"\u0160koda We Love Cycling - \u010cesk\u00e1 republika","description":"WeLoveCycling.cz je online magaz\u00edn, kter\u00fd v\u00e1m pravideln\u011b p\u0159in\u00e1\u0161\u00ed rady a tipy, zaj\u00edmav\u00e9 \u010dl\u00e1nky, videa a jedine\u010dn\u00e9 report\u00e1\u017ee ze sv\u011bta cyklistiky.","potentialAction":[{"@type":"SearchAction","target":{"@type":"EntryPoint","urlTemplate":"https:\/\/www.welovecycling.com\/cs\/?s={search_term_string}"},"query-input":{"@type":"PropertyValueSpecification","valueRequired":true,"valueName":"search_term_string"}}],"inLanguage":"cs"}]}},"_links":{"self":[{"href":"https:\/\/www.welovecycling.com\/cs\/wp-json\/wp\/v2\/pages\/16146","targetHints":{"allow":["GET"]}}],"collection":[{"href":"https:\/\/www.welovecycling.com\/cs\/wp-json\/wp\/v2\/pages"}],"about":[{"href":"https:\/\/www.welovecycling.com\/cs\/wp-json\/wp\/v2\/types\/page"}],"author":[{"embeddable":true,"href":"https:\/\/www.welovecycling.com\/cs\/wp-json\/wp\/v2\/users\/137"}],"replies":[{"embeddable":true,"href":"https:\/\/www.welovecycling.com\/cs\/wp-json\/wp\/v2\/comments?post=16146"}],"version-history":[{"count":14,"href":"https:\/\/www.welovecycling.com\/cs\/wp-json\/wp\/v2\/pages\/16146\/revisions"}],"predecessor-version":[{"id":28628,"href":"https:\/\/www.welovecycling.com\/cs\/wp-json\/wp\/v2\/pages\/16146\/revisions\/28628"}],"wp:attachment":[{"href":"https:\/\/www.welovecycling.com\/cs\/wp-json\/wp\/v2\/media?parent=16146"}],"wp:term":[{"taxonomy":"post_tag","embeddable":true,"href":"https:\/\/www.welovecycling.com\/cs\/wp-json\/wp\/v2\/tags?post=16146"}],"curies":[{"name":"wp","href":"https:\/\/api.w.org\/{rel}","templated":true}]}}