{"id":13930,"date":"2021-07-30T09:32:30","date_gmt":"2021-07-30T07:32:30","guid":{"rendered":"https:\/\/www.welovecycling.com\/cs\/?page_id=13930"},"modified":"2021-07-30T09:32:30","modified_gmt":"2021-07-30T07:32:30","slug":"this-is-enough-podminky-souteze","status":"publish","type":"page","link":"https:\/\/www.welovecycling.com\/cs\/this-is-enough-podminky-souteze\/","title":{"rendered":"This Is Enough &#8211; Podm\u00ednky sout\u011b\u017ee"},"content":{"rendered":"<p>Tato pravidla stanovuj\u00ed podm\u00ednky sout\u011b\u017ee 2021 \u201eThis is enough! \u201c(d\u00e1le jen\u201eSout\u011b\u017e\u201c) a jsou jedin\u00fdm dokumentem, kter\u00fd kompletn\u011b\u00a0 a z\u00e1vazn\u011b upravuje pravidla t\u00e9to Sout\u011b\u017ee.<\/p>\n<h2><strong>1. Po\u0159adatel a organiz\u00e1tor sout\u011b\u017ee<\/strong><\/h2>\n<p>Po\u0159adatelem Sout\u011b\u017ee je \u0160koda AUTO a.s., akciov\u00e1 spole\u010dnost se s\u00eddlem na t\u0159. V\u00e1clava Klementa 869, 293 01 Mlad\u00e1 Boleslav, \u010cesk\u00e1 republika, I\u010cO 00177041, zapsan\u00e1 v obchodn\u00edm rejst\u0159\u00edku veden\u00e9m M\u011bstsk\u00fdm soudem v Praze, odd\u00edl B, vlo\u017eka \u010d\u00edslo 332 (d\u00e1le jen \u201ePo\u0159adatel\u201c).<\/p>\n<p>Organiz\u00e1torem Sout\u011b\u017ee, jen\u017e zaji\u0161\u0165uje praktick\u00e9 kroky p\u0159i jej\u00ed organizaci, je spole\u010dnost MUSTARD s.r.o., se s\u00eddlem Praha 1 \u2013 Nov\u00e9 M\u011bsto, Masarykovo n\u00e1b\u0159. 246, 110 00, \u010cesk\u00e1 republika, I\u010cO 28531418, zapsan\u00e1 v obchodn\u00edm rejst\u0159\u00edku veden\u00e9m M\u011bstsk\u00fdm soudem v Praze v odd\u00edle C, vlo\u017eka 148383.<\/p>\n<h2><strong>2. Podm\u00ednky <\/strong><strong>a m\u00edsto Sout\u011b\u017ee, obdob\u00ed Sout\u011b\u017ee<\/strong><\/h2>\n<p>Sout\u011b\u017e se bude konat od 00:00 (SE\u010c) dne 31. 7. 2021 do 23:59 (SE\u010c) dne 13. 8. 2021. Sout\u011b\u017e se bude konat na webov\u00fdch str\u00e1nk\u00e1ch www.welovecycling.com (d\u00e1le jen \u201eWeb sout\u011b\u017ee\u201c), kde prim\u00e1rn\u011b\u00a0 prob\u00edh\u00e1 komunikace s \u00fa\u010dastn\u00edky. Jednotliv\u00e9 f\u00e1ze sout\u011b\u017ee jsou n\u00e1sleduj\u00edc\u00ed:<\/p>\n<h2><strong>3. Od \/ Do \/ Po\u010det hlavn\u00edch cen \/ Po\u010det druh\u00fdch cen \/ Po\u010det t\u0159et\u00edch cen<\/strong><\/h2>\n<ul>\n<li>obdob\u00ed kon\u00e1n\u00ed sout\u011b\u017ee \u2013 od 00:00 (SE\u010c) dne 31. 7. 2021 do 23:59 (SE\u010c) dne 13. 8. 2021; 1\/5\/10<\/li>\n<\/ul>\n<h2><strong>4. \u00da\u010dastn\u00edci sout\u011b\u017ee<\/strong><\/h2>\n<p>Do Sout\u011b\u017ee se m\u016f\u017ee p\u0159ihl\u00e1sit ka\u017ed\u00fd jednotlivec, kter\u00fd dos\u00e1hl v\u011bku alespo\u0148 18 let, mluv\u00ed anglicky na st\u0159edn\u011b pokro\u010dil\u00e9 \u00farovni a m\u00e1 bydli\u0161t\u011b v jedn\u00e9 ze zem\u00ed, v nich\u017e se Sout\u011b\u017e kon\u00e1. Sout\u011b\u017e se kon\u00e1 v t\u011bchto zem\u00edch: ANDORRA, RAKOUSKO, BELGIE, BOSNA, BULHARSKO, CHORVATSKO, <em>\u010cESK\u00c1 REPUBLIKA<\/em>, D\u00c1NSKO, ESTONSKO, FINSKO, FRANCIE, N\u011aMECKO, VELK\u00c1 BRIT\u00c1NIE, \u0158ECKO, MA\u010eARSKO, ISLAND, IRSKO, IT\u00c1LIE, LOTY\u0160SKO, LICHTEN\u0160TEJNSKO, LITVA, LUCEMBURSKO, \u010cERN\u00c1 HORA, NIZOZEMSKO, NORSKO, POLSKO, PORTUGALSKO, RUMUNSKO, SRBSKO, SLOVENSKO, SLOVINSKO, \u0160PAN\u011aLSKO, \u0160V\u00c9DSKO, \u0160V\u00ddCARSKO, TURECKO.<\/p>\n<p>Pro \u00fa\u010dast v Sout\u011b\u017ei je nutn\u00e9 prov\u00e9st registraci na webov\u00fdch str\u00e1nk\u00e1ch Sout\u011b\u017ee, a to kdykoliv b\u011bhem obdob\u00ed kon\u00e1n\u00ed Sout\u011b\u017ee, potvrdit bezpodm\u00edne\u010dn\u00e9 p\u0159ijet\u00ed t\u011bchto pravidel. Sou\u010d\u00e1st\u00ed registrace (vstupn\u00ed registra\u010dn\u00ed formul\u00e1\u0159) je poskytnut\u00ed osobn\u00edch \u00fadaj\u016f &#8211; e -mailov\u00e9 adresy, kter\u00e1 bude vyu\u017e\u00edv\u00e1na pouze pro \u00fa\u010dely t\u00e9to Sout\u011b\u017ee.<br \/>\nKa\u017ed\u00fd \u00fa\u010dastn\u00edk se m\u016f\u017ee zaregistrovat pouze jednou a pouze pod svou vlastn\u00ed e\u2011mailovou adresou, p\u0159i\u010dem\u017e Po\u0159adatel sout\u011b\u017ee si vyhrazuje pr\u00e1vo kontrolovat toto pravidlo technick\u00fdmi i organiza\u010dn\u00edmi prost\u0159edky.<\/p>\n<p>V\u0161echny osoby, kter\u00e9 se pod\u00edlely na p\u0159\u00edprav\u011b t\u00e9to Sout\u011b\u017ee, zejm\u00e9na osoby v zam\u011bstnaneck\u00e9m \u010di obdobn\u00e9m vztahu s Po\u0159adatelem nebo Organiz\u00e1torem, nejsou zp\u016fsobil\u00e9 k \u00fa\u010dasti v Sout\u011b\u017ei, stejn\u011b jako jak\u00e9koli osoby v obdobn\u00e9m vztahu se z\u00fa\u010dastn\u011bn\u00fdm autorizovan\u00fdm partnerem spole\u010dnosti \u0160koda nebo s agenturami pov\u011b\u0159en\u00fdmi zaji\u0161\u0165ov\u00e1n\u00edm t\u00e9to Sout\u011b\u017ee, jejich rodinn\u00ed p\u0159\u00edslu\u0161n\u00edci a osoby jim bl\u00edzk\u00e9.<\/p>\n<h2><strong>5. Mechanismus sout\u011b\u017ee, vyhodnocen\u00ed v\u00edt\u011bz\u016f<\/strong><\/h2>\n<p>\u00dakolem \u00fa\u010dastn\u00edka b\u011bhem doby trv\u00e1n\u00ed sout\u011b\u017ee je \u00fasp\u011b\u0161n\u011b splnit v\u00fdzvu Strava \u201eThis is enough!\u201c. V\u0161ichni \u00fa\u010dastn\u00edci, kte\u0159\u00ed v\u00a0pr\u016fb\u011bhu sout\u011b\u017ee \u00fasp\u011b\u0161n\u011b splnili podm\u00ednky sout\u011b\u017ee\u00a0 Strava \u201eThis is enough!\u201c, maj\u00ed \u0161anci vyhr\u00e1t n\u011bjakou cenu.<\/p>\n<p>V\u00a0sout\u011b\u017ei vyhr\u00e1v\u00e1 hlavn\u00ed cenu ten \u00fa\u010dastn\u00edk, kter\u00fd p\u0159edal v\u0161echny spr\u00e1vn\u00e9 odpov\u011bdi um\u00edst\u011bn\u00e9 na 1\/2 v seznamu v\u0161ech \u00fa\u010dastn\u00edk\u016f. Pokud po\u010det \u00fa\u010dastn\u00edk\u016f nen\u00ed d\u011bliteln\u00fd 2, bude v\u00fdsledn\u00e9 \u010d\u00edslo zaokrouhleno sm\u011brem dol\u016f na nejbli\u017e\u0161\u00ed cel\u00e9 \u010d\u00edslo d\u011bliteln\u00e9 2. Druh\u00e9 ceny vyhr\u00e1vaj\u00ed ti \u00fa\u010dastn\u00edci, kte\u0159\u00ed doru\u010dili v\u0161echny spr\u00e1vn\u00e9 odpov\u011bdi um\u00edst\u011bn\u00e9 na 1\/7, 2\/7, 3\/7, 4\/7 a 5\/7 na seznamu v\u0161ech \u00fa\u010dastn\u00edk\u016f. Pokud po\u010det \u00fa\u010dastn\u00edk\u016f nen\u00ed d\u011bliteln\u00fd 7, bude v\u00fdsledn\u00e9 \u010d\u00edslo zaokrouhleno sm\u011brem dol\u016f na nejbli\u017e\u0161\u00ed cel\u00e9 \u010d\u00edslo d\u011bliteln\u00e9 7. T\u0159et\u00ed ceny vyhr\u00e1vaj\u00ed ti \u00fa\u010dastn\u00edci, kte\u0159\u00ed doru\u010dili v\u0161echny spr\u00e1vn\u00e9 odpov\u011bdi na pozic\u00edch 1\/13, 2\/13, 3\/13, 4\/13, 5\/13, 6\/13, 7\/13, 8\/13, 9\/13 a 10\/13 na seznamu v\u0161ech \u00fa\u010dastn\u00edk\u016f. Pokud po\u010det \u00fa\u010dastn\u00edk\u016f nen\u00ed d\u011bliteln\u00fd 13, bude v\u00fdsledn\u00e9 \u010d\u00edslo zaokrouhleno sm\u011brem dol\u016f na nejbli\u017e\u0161\u00ed cel\u00e9 \u010d\u00edslo d\u011bliteln\u00e9 13.<\/p>\n<p>V\u0161echny v\u00fd\u0161e uveden\u00e9 seznamy \u00fa\u010dastn\u00edk\u016f budou v\u017edy se\u0159azeny chronologicky podle \u010dasu odevzd\u00e1n\u00ed sout\u011b\u017en\u00edch ot\u00e1zek.<\/p>\n<p>Po\u0159adatel Sout\u011b\u017ee bude v\u00fdherce informovat do p\u011bti dn\u016f po skon\u010den\u00ed p\u0159\u00edslu\u0161n\u00e9ho sout\u011b\u017en\u00edho obdob\u00ed prost\u0159ednictv\u00edm e-mailu uveden\u00e9ho p\u0159i registraci a v\u00fdherci budou po\u017e\u00e1d\u00e1ni o poskytnut\u00ed \u00fadaj\u016f nezbytn\u00fdch pro p\u0159ed\u00e1n\u00ed \u010di zasl\u00e1n\u00ed ceny nebo pro dal\u0161\u00ed komunikaci. Pokud v\u00fdherce nereaguje, a to ani na e-mail opakovan\u011b zaslan\u00fd Po\u0159adatelem Sout\u011b\u017ee, nebo neposkytne kontaktn\u00ed \u00fadaje do 24 hodin po odesl\u00e1n\u00ed e\u2011mailu, jeho cena propadne bez jak\u00e9koli kompenzace.<\/p>\n<h2><strong>6. Popis cen<\/strong><\/h2>\n<p><strong>Hlavn\u00ed cena:<\/strong><\/p>\n<p>1x \u0161pi\u010dkov\u00fd karbonov\u00fd silni\u010dn\u00ed speci\u00e1l \u0160koda, na kter\u00e9m jel v\u00edt\u011bz Tour Andy Schleck.<\/p>\n<p><strong>Druh\u00e9 ceny:<\/strong><\/p>\n<p>5x GPS Navigace pro cyklisty Garmin EDGE 530 PRO<\/p>\n<p><strong>T\u0159et\u00ed ceny:<\/strong><\/p>\n<p>10x tri\u010dko WLC<\/p>\n<h2><strong>7. Po\u0159izov\u00e1n\u00ed a pou\u017e\u00edv\u00e1n\u00ed nahr\u00e1vek<\/strong><\/h2>\n<p>Pokud se \u00fa\u010dastn\u00edk stane v\u00edt\u011bzem, ud\u011bl\u00ed Po\u0159adateli souhlas se z\u00edsk\u00e1v\u00e1n\u00edm a\u00a0pou\u017e\u00edv\u00e1n\u00edm portr\u00e9t\u016f \u00fa\u010dastn\u00edka, p\u00edsemn\u00fdch prohl\u00e1\u0161en\u00ed, fotografi\u00ed a zvukov\u00fdch a\u00a0obrazov\u00fdch z\u00e1znam\u016f souvisej\u00edc\u00edch s \u00fa\u010dastn\u00edkem a\/nebo vyj\u00e1d\u0159en\u00ed osobn\u00ed povahy z\u00edskan\u00fdch Po\u0159adatelem v souvislosti s po\u0159\u00e1d\u00e1n\u00edm Sout\u011b\u017ee a doru\u010dov\u00e1n\u00edm \u010di \u010derp\u00e1n\u00edm v\u00fdhry pro komer\u010dn\u00ed \u00fa\u010dely ve v\u0161ech komunika\u010dn\u00edch m\u00e9di\u00edch bez ohledu na jejich charakter a specifikaci p\u0159i vyu\u017eit\u00ed v\u0161ech typick\u00fdch prost\u0159edk\u016f, s jejich n\u00e1slednou \u00fapravou a s p\u0159\u00edpadnou kombinac\u00ed s jin\u00fdmi d\u00edly a za\u010dlen\u011bn\u00edm do spole\u010dn\u00e9ho d\u00edla. \u00da\u010dastn\u00edk ud\u011bluje Po\u0159adateli tento souhlas bezplatn\u011b bez v\u011bcn\u00fdch, \u010dasov\u00fdch, mno\u017estevn\u00edch nebo \u00fazemn\u00edch omezen\u00ed a m\u016f\u017ee jej kdykoli odvolat. Tento souhlas se vztahuje tak\u00e9 na t\u0159et\u00ed strany, kter\u00fdm m\u016f\u017ee Po\u0159adatel tyto nahr\u00e1vky poskytnout podle vlastn\u00edho uv\u00e1\u017een\u00ed.<\/p>\n<h2><strong>8. <\/strong><strong>Dal\u0161\u00ed d\u016fle\u017eit\u00e9 podm\u00ednky<\/strong><\/h2>\n<p>P\u0159esnou specifikaci v\u00fdhry ur\u010duje v\u00fdhradn\u011b Po\u0159adatel. Zobrazen\u00ed v\u00fdher v propaga\u010dn\u00edch materi\u00e1lech je ilustrativn\u00ed. Pro z\u00edsk\u00e1n\u00ed hlavn\u00ed ceny je nutn\u00e9 splnit dal\u0161\u00ed podm\u00ednky (cestovn\u00ed pas, v\u00edza atd.) a povinnosti v\u00fdherce a uv\u00e1\u017eit n\u00e1le\u017eitou, zejm\u00e9na zdravotn\u00ed, zp\u016fsobilost k \u00fa\u010dasti. Po\u0159adatel nenese odpov\u011bdnost za \u017e\u00e1dn\u00e9 \u0161kody zp\u016fsoben\u00e9 \u00fa\u010dastn\u00edkovi v d\u016fsledku pou\u017eit\u00ed ceny.<\/p>\n<p>\u00da\u010dastn\u00edci nejsou opr\u00e1vn\u011bni po\u017eadovat m\u00edsto ceny pen\u00edze nebo jin\u00e9 druhy pln\u011bn\u00ed. Po\u0159adatel t\u00edmto nen\u00ed jinak v\u00e1z\u00e1n poskytovat pln\u011bn\u00ed \u00fa\u010dastn\u00edk\u016fm Sout\u011b\u017ee a \u00fa\u010dastn\u00edci nemaj\u00ed n\u00e1rok na \u017e\u00e1dn\u00e9 pln\u011bn\u00ed od Po\u0159adatele krom\u011b toho, kter\u00e9 je v\u00fdslovn\u011b uvedeno v tomto dokumentu. Po\u0159adatel nen\u00ed odpov\u011bdn\u00fd za kvalitu cen poskytovan\u00fdch t\u0159et\u00edmi stranami. Za p\u0159\u00edpadn\u00e9 z\u00e1vady je nutn\u00e9 uplatnit odpov\u011bdnost p\u0159\u00edmo u t\u011bchto dodavatel\u016f. Po\u0159adatel si vyhrazuje pr\u00e1vo zm\u011bnit ceny podle vlastn\u00edho uv\u00e1\u017een\u00ed.<\/p>\n<p>\u00da\u010dastn\u00edk m\u016f\u017ee b\u00fdt ze sout\u011b\u017ee vylou\u010den, pokud Po\u0159adatel zjist\u00ed nebo m\u00e1 d\u016fvodn\u00e9 podez\u0159en\u00ed, \u017ee se \u00fa\u010dastn\u00edk nebo jin\u00e9 osoby pom\u00e1haj\u00edc\u00ed \u00fa\u010dastn\u00edkovi dopustili podvodu nebo ne\u010destn\u00e9ho jedn\u00e1n\u00ed nebo jedn\u00e1n\u00ed, kter\u00e9 ve smyslu pravidel nen\u00ed zalo\u017eeno na v\u011bdomostech \u00fa\u010dastn\u00edka, za \u00fa\u010delem z\u00edsk\u00e1n\u00ed ceny.<\/p>\n<p>Po\u0159adatel nen\u00ed odpov\u011bdn\u00fd za jak\u00e9koli nedoru\u010den\u00ed zpr\u00e1v nebo v\u00fdhry. Po\u0159adatel nen\u00ed odpov\u011bdn\u00fd za \u017e\u00e1dn\u00e9 chyby vznikl\u00e9 v d\u016fsledku technick\u00fdch nebo komunika\u010dn\u00edch probl\u00e9m\u016f. Po\u0159adatel s kone\u010dnou platnost\u00ed rozhodne o jak\u00fdchkoli st\u00ed\u017enostech nebo p\u0159edlo\u017een\u00fdch n\u00e1mitk\u00e1ch. Po\u0159adatel si vyhrazuje pr\u00e1vo, ani\u017e by byl povinen poskytnout n\u00e1hradu, b\u011bhem trv\u00e1n\u00ed akce zkr\u00e1tit, odlo\u017eit, pozastavit \u010di zru\u0161it akci a\u00a0ceny nebo jednostrann\u011b zm\u011bnit \u010di p\u0159idat cokoli k t\u011bmto pravidl\u016fm prost\u0159ednictv\u00edm ozn\u00e1men\u00ed t\u011bchto zm\u011bn na v\u00fd\u0161e uveden\u00fdch internetov\u00fdch str\u00e1nk\u00e1ch, kde lze tak\u00e9 naj\u00edt platn\u00e9 a \u00fapln\u00e9 zn\u011bn\u00ed pravidel.<\/p>\n<p>Tato sout\u011b\u017e nen\u00ed \u017e\u00e1dn\u00fdm zp\u016fsobem provozov\u00e1na, sponzorov\u00e1na ani nesouvis\u00ed s\u00a0Facebookem a Facebook za ni nenese odpov\u011bdnost. Informace poskytnut\u00e9 b\u011bhem akce nebudou poskytnuty Facebooku. V\u0161echny dotazy, koment\u00e1\u0159e nebo st\u00ed\u017enosti t\u00fdkaj\u00edc\u00ed se aplikace mus\u00ed b\u00fdt adresov\u00e1ny Po\u0159adateli, nikoli Facebooku.<\/p>\n<p>Tato sout\u011b\u017e se \u0159\u00edd\u00ed pr\u00e1vn\u00edmi p\u0159edpisy \u010cesk\u00e9 republiky, s v\u00fdjimkou p\u0159\u00edpad\u016f, kdy to vylu\u010duj\u00ed platn\u00e9 pr\u00e1vn\u00ed p\u0159edpisy zem\u00ed \u00fa\u010dastn\u00edk\u016f.<\/p>\n","protected":false},"excerpt":{"rendered":"<p>Tato pravidla stanovuj\u00ed podm\u00ednky sout\u011b\u017ee 2021 \u201eThis is enough! \u201c(d\u00e1le jen\u201eSout\u011b\u017e\u201c) a jsou jedin\u00fdm dokumentem, kter\u00fd kompletn\u011b\u00a0 a z\u00e1vazn\u011b upravuje [&hellip;]<\/p>\n","protected":false},"author":99,"featured_media":0,"parent":0,"menu_order":0,"comment_status":"closed","ping_status":"closed","template":"","meta":{"footnotes":""},"tags":[],"class_list":["post-13930","page","type-page","status-publish","hentry"],"yoast_head":"<!-- This site is optimized with the Yoast SEO Premium plugin v25.3 (Yoast SEO v25.9) - https:\/\/yoast.com\/wordpress\/plugins\/seo\/ -->\n<title>This Is Enough - Podm\u00ednky sout\u011b\u017ee | \u0160koda We Love Cycling - \u010cesk\u00e1 republika<\/title>\n<meta name=\"robots\" content=\"index, follow, max-snippet:-1, max-image-preview:large, max-video-preview:-1\" \/>\n<link rel=\"canonical\" href=\"https:\/\/www.welovecycling.com\/cs\/this-is-enough-podminky-souteze\/\" \/>\n<meta property=\"og:locale\" content=\"cs_CZ\" \/>\n<meta property=\"og:type\" content=\"article\" \/>\n<meta property=\"og:title\" content=\"This Is Enough - Podm\u00ednky sout\u011b\u017ee\" \/>\n<meta property=\"og:description\" content=\"Tato pravidla stanovuj\u00ed podm\u00ednky sout\u011b\u017ee 2021 \u201eThis is enough! \u201c(d\u00e1le jen\u201eSout\u011b\u017e\u201c) a jsou jedin\u00fdm dokumentem, kter\u00fd kompletn\u011b\u00a0 a z\u00e1vazn\u011b upravuje [&hellip;]\" \/>\n<meta property=\"og:url\" content=\"https:\/\/www.welovecycling.com\/cs\/this-is-enough-podminky-souteze\/\" \/>\n<meta property=\"og:site_name\" content=\"\u0160koda We Love Cycling - \u010cesk\u00e1 republika\" \/>\n<meta name=\"twitter:card\" content=\"summary_large_image\" \/>\n<meta name=\"twitter:label1\" content=\"Est. reading time\" \/>\n\t<meta name=\"twitter:data1\" content=\"8 minut\" \/>\n<script type=\"application\/ld+json\" class=\"yoast-schema-graph\">{\"@context\":\"https:\/\/schema.org\",\"@graph\":[{\"@type\":\"WebPage\",\"@id\":\"https:\/\/www.welovecycling.com\/cs\/this-is-enough-podminky-souteze\/\",\"url\":\"https:\/\/www.welovecycling.com\/cs\/this-is-enough-podminky-souteze\/\",\"name\":\"This Is Enough - Podm\u00ednky sout\u011b\u017ee | \u0160koda We Love Cycling - \u010cesk\u00e1 republika\",\"isPartOf\":{\"@id\":\"https:\/\/www.welovecycling.com\/cs\/#website\"},\"datePublished\":\"2021-07-30T07:32:30+00:00\",\"inLanguage\":\"cs\",\"potentialAction\":[{\"@type\":\"ReadAction\",\"target\":[\"https:\/\/www.welovecycling.com\/cs\/this-is-enough-podminky-souteze\/\"]}]},{\"@type\":\"WebSite\",\"@id\":\"https:\/\/www.welovecycling.com\/cs\/#website\",\"url\":\"https:\/\/www.welovecycling.com\/cs\/\",\"name\":\"\u0160koda We Love Cycling - \u010cesk\u00e1 republika\",\"description\":\"WeLoveCycling.cz je online magaz\u00edn, kter\u00fd v\u00e1m pravideln\u011b p\u0159in\u00e1\u0161\u00ed rady a tipy, zaj\u00edmav\u00e9 \u010dl\u00e1nky, videa a jedine\u010dn\u00e9 report\u00e1\u017ee ze sv\u011bta cyklistiky.\",\"potentialAction\":[{\"@type\":\"SearchAction\",\"target\":{\"@type\":\"EntryPoint\",\"urlTemplate\":\"https:\/\/www.welovecycling.com\/cs\/?s={search_term_string}\"},\"query-input\":{\"@type\":\"PropertyValueSpecification\",\"valueRequired\":true,\"valueName\":\"search_term_string\"}}],\"inLanguage\":\"cs\"}]}<\/script>\n<!-- \/ Yoast SEO Premium plugin. -->","yoast_head_json":{"title":"This Is Enough - Podm\u00ednky sout\u011b\u017ee | \u0160koda We Love Cycling - \u010cesk\u00e1 republika","robots":{"index":"index","follow":"follow","max-snippet":"max-snippet:-1","max-image-preview":"max-image-preview:large","max-video-preview":"max-video-preview:-1"},"canonical":"https:\/\/www.welovecycling.com\/cs\/this-is-enough-podminky-souteze\/","og_locale":"cs_CZ","og_type":"article","og_title":"This Is Enough - Podm\u00ednky sout\u011b\u017ee","og_description":"Tato pravidla stanovuj\u00ed podm\u00ednky sout\u011b\u017ee 2021 \u201eThis is enough! \u201c(d\u00e1le jen\u201eSout\u011b\u017e\u201c) a jsou jedin\u00fdm dokumentem, kter\u00fd kompletn\u011b\u00a0 a z\u00e1vazn\u011b upravuje [&hellip;]","og_url":"https:\/\/www.welovecycling.com\/cs\/this-is-enough-podminky-souteze\/","og_site_name":"\u0160koda We Love Cycling - \u010cesk\u00e1 republika","twitter_card":"summary_large_image","twitter_misc":{"Est. reading time":"8 minut"},"schema":{"@context":"https:\/\/schema.org","@graph":[{"@type":"WebPage","@id":"https:\/\/www.welovecycling.com\/cs\/this-is-enough-podminky-souteze\/","url":"https:\/\/www.welovecycling.com\/cs\/this-is-enough-podminky-souteze\/","name":"This Is Enough - Podm\u00ednky sout\u011b\u017ee | \u0160koda We Love Cycling - \u010cesk\u00e1 republika","isPartOf":{"@id":"https:\/\/www.welovecycling.com\/cs\/#website"},"datePublished":"2021-07-30T07:32:30+00:00","inLanguage":"cs","potentialAction":[{"@type":"ReadAction","target":["https:\/\/www.welovecycling.com\/cs\/this-is-enough-podminky-souteze\/"]}]},{"@type":"WebSite","@id":"https:\/\/www.welovecycling.com\/cs\/#website","url":"https:\/\/www.welovecycling.com\/cs\/","name":"\u0160koda We Love Cycling - \u010cesk\u00e1 republika","description":"WeLoveCycling.cz je online magaz\u00edn, kter\u00fd v\u00e1m pravideln\u011b p\u0159in\u00e1\u0161\u00ed rady a tipy, zaj\u00edmav\u00e9 \u010dl\u00e1nky, videa a jedine\u010dn\u00e9 report\u00e1\u017ee ze sv\u011bta cyklistiky.","potentialAction":[{"@type":"SearchAction","target":{"@type":"EntryPoint","urlTemplate":"https:\/\/www.welovecycling.com\/cs\/?s={search_term_string}"},"query-input":{"@type":"PropertyValueSpecification","valueRequired":true,"valueName":"search_term_string"}}],"inLanguage":"cs"}]}},"_links":{"self":[{"href":"https:\/\/www.welovecycling.com\/cs\/wp-json\/wp\/v2\/pages\/13930","targetHints":{"allow":["GET"]}}],"collection":[{"href":"https:\/\/www.welovecycling.com\/cs\/wp-json\/wp\/v2\/pages"}],"about":[{"href":"https:\/\/www.welovecycling.com\/cs\/wp-json\/wp\/v2\/types\/page"}],"author":[{"embeddable":true,"href":"https:\/\/www.welovecycling.com\/cs\/wp-json\/wp\/v2\/users\/99"}],"replies":[{"embeddable":true,"href":"https:\/\/www.welovecycling.com\/cs\/wp-json\/wp\/v2\/comments?post=13930"}],"version-history":[{"count":2,"href":"https:\/\/www.welovecycling.com\/cs\/wp-json\/wp\/v2\/pages\/13930\/revisions"}],"predecessor-version":[{"id":13932,"href":"https:\/\/www.welovecycling.com\/cs\/wp-json\/wp\/v2\/pages\/13930\/revisions\/13932"}],"wp:attachment":[{"href":"https:\/\/www.welovecycling.com\/cs\/wp-json\/wp\/v2\/media?parent=13930"}],"wp:term":[{"taxonomy":"post_tag","embeddable":true,"href":"https:\/\/www.welovecycling.com\/cs\/wp-json\/wp\/v2\/tags?post=13930"}],"curies":[{"name":"wp","href":"https:\/\/api.w.org\/{rel}","templated":true}]}}