{"id":13895,"date":"2021-07-30T09:53:53","date_gmt":"2021-07-30T07:53:53","guid":{"rendered":"https:\/\/www.welovecycling.com\/cs\/?page_id=13895"},"modified":"2021-08-03T17:19:21","modified_gmt":"2021-08-03T15:19:21","slug":"this-is-enough","status":"publish","type":"page","link":"https:\/\/www.welovecycling.com\/cs\/this-is-enough\/","title":{"rendered":"This Is Enough!"},"content":{"rendered":"<p>A\u0165 u\u017e jste cyklisty, nebo ne \u2013 glob\u00e1ln\u00ed vlny celost\u00e1tn\u00edch lockdown\u016f v d\u016fsledku pandemie nebyly snadn\u00e9 pro nikoho. Pokud jste se dostali do cyklistick\u00e9ho stereotypu, chyb\u00ed v\u00e1m siln\u00e1 v\u016fle a v\u00e1\u0161e\u0148 pro v\u00e1\u0161 milovan\u00fd sport, chceme v\u00e1m pomoci naj\u00edt tu jiskru, abyste se znovu dostali do sedla. Proto jsme se my a STRAVA, jedna z celosv\u011btov\u011b nejobl\u00edben\u011bj\u0161\u00edch platforem pro sledov\u00e1n\u00ed aktivit, dali dohromady a vyhl\u00e1sili jsme v\u00fdzvu <a href=\"https:\/\/www.strava.com\/challenges\/this-is-enough-by-we-love-cycling\" target=\"_blank\" rel=\"noopener\">This Is Enough!<\/a><\/p>\n","protected":false},"excerpt":{"rendered":"<p>A\u0165 u\u017e jste cyklisty, nebo ne \u2013 glob\u00e1ln\u00ed vlny celost\u00e1tn\u00edch lockdown\u016f v d\u016fsledku pandemie nebyly snadn\u00e9 pro nikoho. Pokud jste [&hellip;]<\/p>\n","protected":false},"author":99,"featured_media":13937,"parent":0,"menu_order":0,"comment_status":"closed","ping_status":"closed","template":"\/var\/www\/html\/web\/app\/plugins\/skoda-this-is-enough\/template-loader.php","meta":{"footnotes":""},"tags":[],"class_list":["post-13895","page","type-page","status-publish","has-post-thumbnail","hentry"],"yoast_head":"<!-- This site is optimized with the Yoast SEO Premium plugin v25.3 (Yoast SEO v25.9) - https:\/\/yoast.com\/wordpress\/plugins\/seo\/ -->\n<title>This Is Enough! | \u0160koda We Love Cycling - \u010cesk\u00e1 republika<\/title>\n<meta name=\"robots\" content=\"index, follow, max-snippet:-1, max-image-preview:large, max-video-preview:-1\" \/>\n<link rel=\"canonical\" href=\"https:\/\/www.welovecycling.com\/cs\/this-is-enough\/\" \/>\n<meta property=\"og:locale\" content=\"cs_CZ\" \/>\n<meta property=\"og:type\" content=\"article\" \/>\n<meta property=\"og:title\" content=\"This Is Enough!\" \/>\n<meta property=\"og:description\" content=\"A\u0165 u\u017e jste cyklisty, nebo ne \u2013 glob\u00e1ln\u00ed vlny celost\u00e1tn\u00edch lockdown\u016f v d\u016fsledku pandemie nebyly snadn\u00e9 pro nikoho. Pokud jste [&hellip;]\" \/>\n<meta property=\"og:url\" content=\"https:\/\/www.welovecycling.com\/cs\/this-is-enough\/\" \/>\n<meta property=\"og:site_name\" content=\"\u0160koda We Love Cycling - \u010cesk\u00e1 republika\" \/>\n<meta property=\"article:modified_time\" content=\"2021-08-03T15:19:21+00:00\" \/>\n<meta property=\"og:image\" content=\"https:\/\/d2p6e6u75xmxt8.cloudfront.net\/13\/2021\/07\/This-Is-Enough.webp\" \/>\n\t<meta property=\"og:image:width\" content=\"1280\" \/>\n\t<meta property=\"og:image:height\" content=\"720\" \/>\n\t<meta property=\"og:image:type\" content=\"image\/webp\" \/>\n<meta name=\"twitter:card\" content=\"summary_large_image\" \/>\n<script type=\"application\/ld+json\" class=\"yoast-schema-graph\">{\"@context\":\"https:\/\/schema.org\",\"@graph\":[{\"@type\":\"WebPage\",\"@id\":\"https:\/\/www.welovecycling.com\/cs\/this-is-enough\/\",\"url\":\"https:\/\/www.welovecycling.com\/cs\/this-is-enough\/\",\"name\":\"This Is Enough! | \u0160koda We Love Cycling - \u010cesk\u00e1 republika\",\"isPartOf\":{\"@id\":\"https:\/\/www.welovecycling.com\/cs\/#website\"},\"primaryImageOfPage\":{\"@id\":\"https:\/\/www.welovecycling.com\/cs\/this-is-enough\/#primaryimage\"},\"image\":{\"@id\":\"https:\/\/www.welovecycling.com\/cs\/this-is-enough\/#primaryimage\"},\"thumbnailUrl\":\"https:\/\/d2p6e6u75xmxt8.cloudfront.net\/13\/2021\/07\/This-Is-Enough.webp\",\"datePublished\":\"2021-07-30T07:53:53+00:00\",\"dateModified\":\"2021-08-03T15:19:21+00:00\",\"inLanguage\":\"cs\",\"potentialAction\":[{\"@type\":\"ReadAction\",\"target\":[\"https:\/\/www.welovecycling.com\/cs\/this-is-enough\/\"]}]},{\"@type\":\"ImageObject\",\"inLanguage\":\"cs\",\"@id\":\"https:\/\/www.welovecycling.com\/cs\/this-is-enough\/#primaryimage\",\"url\":\"https:\/\/d2p6e6u75xmxt8.cloudfront.net\/13\/2021\/07\/This-Is-Enough.webp\",\"contentUrl\":\"https:\/\/d2p6e6u75xmxt8.cloudfront.net\/13\/2021\/07\/This-Is-Enough.webp\",\"width\":1280,\"height\":720},{\"@type\":\"WebSite\",\"@id\":\"https:\/\/www.welovecycling.com\/cs\/#website\",\"url\":\"https:\/\/www.welovecycling.com\/cs\/\",\"name\":\"\u0160koda We Love Cycling - \u010cesk\u00e1 republika\",\"description\":\"WeLoveCycling.cz je online magaz\u00edn, kter\u00fd v\u00e1m pravideln\u011b p\u0159in\u00e1\u0161\u00ed rady a tipy, zaj\u00edmav\u00e9 \u010dl\u00e1nky, videa a jedine\u010dn\u00e9 report\u00e1\u017ee ze sv\u011bta cyklistiky.\",\"potentialAction\":[{\"@type\":\"SearchAction\",\"target\":{\"@type\":\"EntryPoint\",\"urlTemplate\":\"https:\/\/www.welovecycling.com\/cs\/?s={search_term_string}\"},\"query-input\":{\"@type\":\"PropertyValueSpecification\",\"valueRequired\":true,\"valueName\":\"search_term_string\"}}],\"inLanguage\":\"cs\"}]}<\/script>\n<!-- \/ Yoast SEO Premium plugin. -->","yoast_head_json":{"title":"This Is Enough! | \u0160koda We Love Cycling - \u010cesk\u00e1 republika","robots":{"index":"index","follow":"follow","max-snippet":"max-snippet:-1","max-image-preview":"max-image-preview:large","max-video-preview":"max-video-preview:-1"},"canonical":"https:\/\/www.welovecycling.com\/cs\/this-is-enough\/","og_locale":"cs_CZ","og_type":"article","og_title":"This Is Enough!","og_description":"A\u0165 u\u017e jste cyklisty, nebo ne \u2013 glob\u00e1ln\u00ed vlny celost\u00e1tn\u00edch lockdown\u016f v d\u016fsledku pandemie nebyly snadn\u00e9 pro nikoho. Pokud jste [&hellip;]","og_url":"https:\/\/www.welovecycling.com\/cs\/this-is-enough\/","og_site_name":"\u0160koda We Love Cycling - \u010cesk\u00e1 republika","article_modified_time":"2021-08-03T15:19:21+00:00","og_image":[{"width":1280,"height":720,"url":"https:\/\/d2p6e6u75xmxt8.cloudfront.net\/13\/2021\/07\/This-Is-Enough.webp","type":"image\/webp"}],"twitter_card":"summary_large_image","schema":{"@context":"https:\/\/schema.org","@graph":[{"@type":"WebPage","@id":"https:\/\/www.welovecycling.com\/cs\/this-is-enough\/","url":"https:\/\/www.welovecycling.com\/cs\/this-is-enough\/","name":"This Is Enough! | \u0160koda We Love Cycling - \u010cesk\u00e1 republika","isPartOf":{"@id":"https:\/\/www.welovecycling.com\/cs\/#website"},"primaryImageOfPage":{"@id":"https:\/\/www.welovecycling.com\/cs\/this-is-enough\/#primaryimage"},"image":{"@id":"https:\/\/www.welovecycling.com\/cs\/this-is-enough\/#primaryimage"},"thumbnailUrl":"https:\/\/d2p6e6u75xmxt8.cloudfront.net\/13\/2021\/07\/This-Is-Enough.webp","datePublished":"2021-07-30T07:53:53+00:00","dateModified":"2021-08-03T15:19:21+00:00","inLanguage":"cs","potentialAction":[{"@type":"ReadAction","target":["https:\/\/www.welovecycling.com\/cs\/this-is-enough\/"]}]},{"@type":"ImageObject","inLanguage":"cs","@id":"https:\/\/www.welovecycling.com\/cs\/this-is-enough\/#primaryimage","url":"https:\/\/d2p6e6u75xmxt8.cloudfront.net\/13\/2021\/07\/This-Is-Enough.webp","contentUrl":"https:\/\/d2p6e6u75xmxt8.cloudfront.net\/13\/2021\/07\/This-Is-Enough.webp","width":1280,"height":720},{"@type":"WebSite","@id":"https:\/\/www.welovecycling.com\/cs\/#website","url":"https:\/\/www.welovecycling.com\/cs\/","name":"\u0160koda We Love Cycling - \u010cesk\u00e1 republika","description":"WeLoveCycling.cz je online magaz\u00edn, kter\u00fd v\u00e1m pravideln\u011b p\u0159in\u00e1\u0161\u00ed rady a tipy, zaj\u00edmav\u00e9 \u010dl\u00e1nky, videa a jedine\u010dn\u00e9 report\u00e1\u017ee ze sv\u011bta cyklistiky.","potentialAction":[{"@type":"SearchAction","target":{"@type":"EntryPoint","urlTemplate":"https:\/\/www.welovecycling.com\/cs\/?s={search_term_string}"},"query-input":{"@type":"PropertyValueSpecification","valueRequired":true,"valueName":"search_term_string"}}],"inLanguage":"cs"}]}},"_links":{"self":[{"href":"https:\/\/www.welovecycling.com\/cs\/wp-json\/wp\/v2\/pages\/13895","targetHints":{"allow":["GET"]}}],"collection":[{"href":"https:\/\/www.welovecycling.com\/cs\/wp-json\/wp\/v2\/pages"}],"about":[{"href":"https:\/\/www.welovecycling.com\/cs\/wp-json\/wp\/v2\/types\/page"}],"author":[{"embeddable":true,"href":"https:\/\/www.welovecycling.com\/cs\/wp-json\/wp\/v2\/users\/99"}],"replies":[{"embeddable":true,"href":"https:\/\/www.welovecycling.com\/cs\/wp-json\/wp\/v2\/comments?post=13895"}],"version-history":[{"count":2,"href":"https:\/\/www.welovecycling.com\/cs\/wp-json\/wp\/v2\/pages\/13895\/revisions"}],"predecessor-version":[{"id":14007,"href":"https:\/\/www.welovecycling.com\/cs\/wp-json\/wp\/v2\/pages\/13895\/revisions\/14007"}],"wp:featuredmedia":[{"embeddable":true,"href":"https:\/\/www.welovecycling.com\/cs\/wp-json\/wp\/v2\/media\/13937"}],"wp:attachment":[{"href":"https:\/\/www.welovecycling.com\/cs\/wp-json\/wp\/v2\/media?parent=13895"}],"wp:term":[{"taxonomy":"post_tag","embeddable":true,"href":"https:\/\/www.welovecycling.com\/cs\/wp-json\/wp\/v2\/tags?post=13895"}],"curies":[{"name":"wp","href":"https:\/\/api.w.org\/{rel}","templated":true}]}}