{"id":1105,"date":"2019-03-26T16:19:10","date_gmt":"2019-03-26T15:19:10","guid":{"rendered":"https:\/\/www.welovecycling.com\/cs\/?page_id=1105"},"modified":"2019-04-01T17:09:39","modified_gmt":"2019-04-01T16:09:39","slug":"soutez-o-ebike-podekovani","status":"publish","type":"page","link":"https:\/\/www.welovecycling.com\/cs\/soutez-o-ebike-podekovani\/","title":{"rendered":"Sout\u011b\u017e o ebike pod\u011bkov\u00e1n\u00ed"},"content":{"rendered":"<div id=\"pl-1105\"  class=\"panel-layout\" ><div id=\"pg-1105-0\"  class=\"panel-grid panel-has-style\" ><div class=\"siteorigin-panels-stretch panel-row-style panel-row-style-for-1105-0\" data-stretch-type=\"full\" ><div id=\"pgc-1105-0-0\"  class=\"panel-grid-cell\" ><div id=\"panel-1105-0-0-0\" class=\"so-panel widget widget_sow-editor panel-first-child\" data-index=\"0\" ><div\n\t\t\t\n\t\t\tclass=\"so-widget-sow-editor so-widget-sow-editor-base\"\n\t\t\t\n\t\t>\n<div class=\"siteorigin-widget-tinymce textwidget\">\n\t<p style=\"text-align: center;\"><a href=\"https:\/\/d2p6e6u75xmxt8.cloudfront.net\/13\/2019\/03\/logo-challenge-1.png\"><img loading=\"lazy\" decoding=\"async\" class=\"aligncenter wp-image-988\" src=\"https:\/\/d2p6e6u75xmxt8.cloudfront.net\/13\/2019\/03\/logo-challenge-1.png\" alt=\"\" width=\"235\" height=\"110\"><\/a><\/p>\n<\/div>\n<\/div><\/div><div id=\"panel-1105-0-0-1\" class=\"widget_text so-panel widget widget_custom_html panel-last-child\" data-index=\"1\" ><div class=\"textwidget custom-html-widget\"><style>\n\t.tableWidth {\n\t\twidth:auto;\n\t\tmargin:0 10%; \n\t}\n\t.tableBottom {\n\t\tmargin:20px 0;\n\t}\n\t.headlineZeleny {\n\t\tbackground-color:#3baa34;\n\t\tfont-size:30px;\n\t\tfont-weight:600;\n\t\tcolor:#ffffff;\n\t\ttext-transform:uppercase;\n\t\ttext-align:center;\n\t\tpadding:0 10px;\n\t}\n\t.thankYouText {\n\t\tfont-size:24px;\n\t\tfont-weight:600;\n\t\tcolor:#000000;\n\t\ttext-align:center;\n\t\tpadding:0 5%;\n\t}\n\t.thankYouText div {\n\t\tpadding-bottom:12px;\n\t}\n\t@media (max-width: 568px) {\n\t\t.headlineZeleny {\n\t\t\tfont-size:25px;\n\t\t}\n\t\t.thankYouText{\n\t\t\tfont-size:18px;\n\t\t}\n\t}\n\t@media (max-width: 468px) {\n\t\t.headlineZeleny {\n\t\t\tfont-size:20px;\n\t\t}\n\t}\n<\/style>\n<center>\t\n\t<table class=\"tableWidth\">\n\t\t<tr>\n\t\t\t<td class=\"headlineZeleny\">\t\t\t\t\n\t\t\t\tD\u011bkujeme za tv\u016fj tip!\n\t\t\t<\/td>\n\t\t<\/tr>\n\t<\/table>\t\n\t<table class=\"tableWidth tableBottom\">\n\t\t<tr>\n\t\t\t<td class=\"thankYouText\">\t\t\t\t\n\t\t\t\t<div>\n\t\t\t\t\tV\u00edt\u011bze nadupan\u00e9ho elektrokola \u0160koda eMTB&nbsp;29 za&nbsp;78&nbsp;000&nbsp;K\u010d vylosujeme ze&nbsp;spr\u00e1vn\u011b tipuj\u00edc\u00edch sout\u011b\u017e\u00edc\u00edch.\n\t\t\t\t<\/div>\n\t\t\t\t<div>\n\t\t\t\t\t\u010cek\u00e1n\u00ed na v\u00fdsledek sout\u011b\u017ee si&nbsp;m\u016f\u017ee\u0161 zp\u0159\u00edjemnit u report\u00e1\u017e\u00ed, origin\u00e1ln\u00edch vide\u00ed a&nbsp;novinek ze&nbsp;sv\u011bta cyklistiky&nbsp;na&nbsp;<a href=\"https:\/\/www.welovecycling.com\/cs\">www.welovecycling.cz<\/a>.\n\t\t\t\t<\/div>\n\t\t\t\t<div>\n\t\t\t\t\tA pokud se&nbsp;chce\u0161 potk\u00e1vat s&nbsp;podobn\u00fdmi nad\u0161enci do&nbsp;cyklistiky jako jsi ty, m\u016f\u017ee\u0161 se&nbsp;na&nbsp;<a href=\"https:\/\/www.welovecycling.com\/cs\">www.welovecycling.cz<\/a> zaregistrovat i&nbsp;do&nbsp;nov\u00e9ho klubu <a href=\"https:\/\/club.welovecycling.com\/cs\">We Love Cycling Club<\/a>. \u010cekaj\u00ed t\u011b jedine\u010dn\u00e9 v\u00fdhody, \u00fa\u010dast na&nbsp;amat\u00e9rsk\u00fdch z\u00e1vodech horsk\u00fdch kol se&nbsp;z\u00e1zem\u00edm srovnateln\u00fdm s&nbsp;podm\u00ednkami elitn\u00edch jezdc\u016f.\n\t\t\t\t<\/div>\n\t\t\t\t<div>\n\t\t\t\t\tDr\u017e\u00edme ti palce!\n\t\t\t\t<\/div>\n\t\t\t<\/td>\n\t\t<\/tr>\n\t<\/table>\n<\/center><\/div><\/div><\/div><\/div><\/div><div id=\"pg-1105-1\"  class=\"panel-grid panel-has-style\" ><div class=\"siteorigin-panels-stretch panel-row-style panel-row-style-for-1105-1\" data-stretch-type=\"full\" ><div id=\"pgc-1105-1-0\"  class=\"panel-grid-cell panel-grid-cell-empty\" ><\/div><\/div><\/div><\/div>","protected":false},"excerpt":{"rendered":"<p>D\u011bkujeme za tv\u016fj tip! V\u00edt\u011bze nadupan\u00e9ho elektrokola \u0160koda eMTB&nbsp;29 za&nbsp;78&nbsp;000&nbsp;K\u010d vylosujeme ze&nbsp;spr\u00e1vn\u011b tipuj\u00edc\u00edch sout\u011b\u017e\u00edc\u00edch. \u010cek\u00e1n\u00ed na v\u00fdsledek sout\u011b\u017ee si&nbsp;m\u016f\u017ee\u0161 zp\u0159\u00edjemnit [&hellip;]<\/p>\n","protected":false},"author":93,"featured_media":0,"parent":0,"menu_order":0,"comment_status":"closed","ping_status":"closed","template":"templates\/template-full-width.php","meta":{"footnotes":""},"tags":[],"class_list":["post-1105","page","type-page","status-publish","hentry"],"yoast_head":"<!-- This site is optimized with the Yoast SEO Premium plugin v25.3 (Yoast SEO v25.9) - https:\/\/yoast.com\/wordpress\/plugins\/seo\/ -->\n<title>Sout\u011b\u017e o ebike pod\u011bkov\u00e1n\u00ed | \u0160koda We Love Cycling - \u010cesk\u00e1 republika<\/title>\n<meta name=\"robots\" content=\"index, follow, max-snippet:-1, max-image-preview:large, max-video-preview:-1\" \/>\n<link rel=\"canonical\" href=\"https:\/\/www.welovecycling.com\/cs\/soutez-o-ebike-podekovani\/\" \/>\n<meta property=\"og:locale\" content=\"cs_CZ\" \/>\n<meta property=\"og:type\" content=\"article\" \/>\n<meta property=\"og:title\" content=\"Sout\u011b\u017e o ebike pod\u011bkov\u00e1n\u00ed\" \/>\n<meta property=\"og:description\" content=\"D\u011bkujeme za tv\u016fj tip! V\u00edt\u011bze nadupan\u00e9ho elektrokola \u0160koda eMTB&nbsp;29 za&nbsp;78&nbsp;000&nbsp;K\u010d vylosujeme ze&nbsp;spr\u00e1vn\u011b tipuj\u00edc\u00edch sout\u011b\u017e\u00edc\u00edch. \u010cek\u00e1n\u00ed na v\u00fdsledek sout\u011b\u017ee si&nbsp;m\u016f\u017ee\u0161 zp\u0159\u00edjemnit [&hellip;]\" \/>\n<meta property=\"og:url\" content=\"https:\/\/www.welovecycling.com\/cs\/soutez-o-ebike-podekovani\/\" \/>\n<meta property=\"og:site_name\" content=\"\u0160koda We Love Cycling - \u010cesk\u00e1 republika\" \/>\n<meta property=\"article:modified_time\" content=\"2019-04-01T16:09:39+00:00\" \/>\n<meta property=\"og:image\" content=\"https:\/\/d2p6e6u75xmxt8.cloudfront.net\/13\/2019\/03\/logo-challenge-1.png\" \/>\n<meta name=\"twitter:card\" content=\"summary_large_image\" \/>\n<script type=\"application\/ld+json\" class=\"yoast-schema-graph\">{\"@context\":\"https:\/\/schema.org\",\"@graph\":[{\"@type\":\"WebPage\",\"@id\":\"https:\/\/www.welovecycling.com\/cs\/soutez-o-ebike-podekovani\/\",\"url\":\"https:\/\/www.welovecycling.com\/cs\/soutez-o-ebike-podekovani\/\",\"name\":\"Sout\u011b\u017e o ebike pod\u011bkov\u00e1n\u00ed | \u0160koda We Love Cycling - \u010cesk\u00e1 republika\",\"isPartOf\":{\"@id\":\"https:\/\/www.welovecycling.com\/cs\/#website\"},\"primaryImageOfPage\":{\"@id\":\"https:\/\/www.welovecycling.com\/cs\/soutez-o-ebike-podekovani\/#primaryimage\"},\"image\":{\"@id\":\"https:\/\/www.welovecycling.com\/cs\/soutez-o-ebike-podekovani\/#primaryimage\"},\"thumbnailUrl\":\"https:\/\/d2p6e6u75xmxt8.cloudfront.net\/13\/2019\/03\/logo-challenge-1.png\",\"datePublished\":\"2019-03-26T15:19:10+00:00\",\"dateModified\":\"2019-04-01T16:09:39+00:00\",\"inLanguage\":\"cs\",\"potentialAction\":[{\"@type\":\"ReadAction\",\"target\":[\"https:\/\/www.welovecycling.com\/cs\/soutez-o-ebike-podekovani\/\"]}]},{\"@type\":\"ImageObject\",\"inLanguage\":\"cs\",\"@id\":\"https:\/\/www.welovecycling.com\/cs\/soutez-o-ebike-podekovani\/#primaryimage\",\"url\":\"https:\/\/d2p6e6u75xmxt8.cloudfront.net\/13\/2019\/03\/logo-challenge-1.png\",\"contentUrl\":\"https:\/\/d2p6e6u75xmxt8.cloudfront.net\/13\/2019\/03\/logo-challenge-1.png\"},{\"@type\":\"WebSite\",\"@id\":\"https:\/\/www.welovecycling.com\/cs\/#website\",\"url\":\"https:\/\/www.welovecycling.com\/cs\/\",\"name\":\"\u0160koda We Love Cycling - \u010cesk\u00e1 republika\",\"description\":\"WeLoveCycling.cz je online magaz\u00edn, kter\u00fd v\u00e1m pravideln\u011b p\u0159in\u00e1\u0161\u00ed rady a tipy, zaj\u00edmav\u00e9 \u010dl\u00e1nky, videa a jedine\u010dn\u00e9 report\u00e1\u017ee ze sv\u011bta cyklistiky.\",\"potentialAction\":[{\"@type\":\"SearchAction\",\"target\":{\"@type\":\"EntryPoint\",\"urlTemplate\":\"https:\/\/www.welovecycling.com\/cs\/?s={search_term_string}\"},\"query-input\":{\"@type\":\"PropertyValueSpecification\",\"valueRequired\":true,\"valueName\":\"search_term_string\"}}],\"inLanguage\":\"cs\"}]}<\/script>\n<!-- \/ Yoast SEO Premium plugin. -->","yoast_head_json":{"title":"Sout\u011b\u017e o ebike pod\u011bkov\u00e1n\u00ed | \u0160koda We Love Cycling - \u010cesk\u00e1 republika","robots":{"index":"index","follow":"follow","max-snippet":"max-snippet:-1","max-image-preview":"max-image-preview:large","max-video-preview":"max-video-preview:-1"},"canonical":"https:\/\/www.welovecycling.com\/cs\/soutez-o-ebike-podekovani\/","og_locale":"cs_CZ","og_type":"article","og_title":"Sout\u011b\u017e o ebike pod\u011bkov\u00e1n\u00ed","og_description":"D\u011bkujeme za tv\u016fj tip! V\u00edt\u011bze nadupan\u00e9ho elektrokola \u0160koda eMTB&nbsp;29 za&nbsp;78&nbsp;000&nbsp;K\u010d vylosujeme ze&nbsp;spr\u00e1vn\u011b tipuj\u00edc\u00edch sout\u011b\u017e\u00edc\u00edch. \u010cek\u00e1n\u00ed na v\u00fdsledek sout\u011b\u017ee si&nbsp;m\u016f\u017ee\u0161 zp\u0159\u00edjemnit [&hellip;]","og_url":"https:\/\/www.welovecycling.com\/cs\/soutez-o-ebike-podekovani\/","og_site_name":"\u0160koda We Love Cycling - \u010cesk\u00e1 republika","article_modified_time":"2019-04-01T16:09:39+00:00","og_image":[{"url":"https:\/\/d2p6e6u75xmxt8.cloudfront.net\/13\/2019\/03\/logo-challenge-1.png","type":"","width":"","height":""}],"twitter_card":"summary_large_image","schema":{"@context":"https:\/\/schema.org","@graph":[{"@type":"WebPage","@id":"https:\/\/www.welovecycling.com\/cs\/soutez-o-ebike-podekovani\/","url":"https:\/\/www.welovecycling.com\/cs\/soutez-o-ebike-podekovani\/","name":"Sout\u011b\u017e o ebike pod\u011bkov\u00e1n\u00ed | \u0160koda We Love Cycling - \u010cesk\u00e1 republika","isPartOf":{"@id":"https:\/\/www.welovecycling.com\/cs\/#website"},"primaryImageOfPage":{"@id":"https:\/\/www.welovecycling.com\/cs\/soutez-o-ebike-podekovani\/#primaryimage"},"image":{"@id":"https:\/\/www.welovecycling.com\/cs\/soutez-o-ebike-podekovani\/#primaryimage"},"thumbnailUrl":"https:\/\/d2p6e6u75xmxt8.cloudfront.net\/13\/2019\/03\/logo-challenge-1.png","datePublished":"2019-03-26T15:19:10+00:00","dateModified":"2019-04-01T16:09:39+00:00","inLanguage":"cs","potentialAction":[{"@type":"ReadAction","target":["https:\/\/www.welovecycling.com\/cs\/soutez-o-ebike-podekovani\/"]}]},{"@type":"ImageObject","inLanguage":"cs","@id":"https:\/\/www.welovecycling.com\/cs\/soutez-o-ebike-podekovani\/#primaryimage","url":"https:\/\/d2p6e6u75xmxt8.cloudfront.net\/13\/2019\/03\/logo-challenge-1.png","contentUrl":"https:\/\/d2p6e6u75xmxt8.cloudfront.net\/13\/2019\/03\/logo-challenge-1.png"},{"@type":"WebSite","@id":"https:\/\/www.welovecycling.com\/cs\/#website","url":"https:\/\/www.welovecycling.com\/cs\/","name":"\u0160koda We Love Cycling - \u010cesk\u00e1 republika","description":"WeLoveCycling.cz je online magaz\u00edn, kter\u00fd v\u00e1m pravideln\u011b p\u0159in\u00e1\u0161\u00ed rady a tipy, zaj\u00edmav\u00e9 \u010dl\u00e1nky, videa a jedine\u010dn\u00e9 report\u00e1\u017ee ze sv\u011bta cyklistiky.","potentialAction":[{"@type":"SearchAction","target":{"@type":"EntryPoint","urlTemplate":"https:\/\/www.welovecycling.com\/cs\/?s={search_term_string}"},"query-input":{"@type":"PropertyValueSpecification","valueRequired":true,"valueName":"search_term_string"}}],"inLanguage":"cs"}]}},"_links":{"self":[{"href":"https:\/\/www.welovecycling.com\/cs\/wp-json\/wp\/v2\/pages\/1105","targetHints":{"allow":["GET"]}}],"collection":[{"href":"https:\/\/www.welovecycling.com\/cs\/wp-json\/wp\/v2\/pages"}],"about":[{"href":"https:\/\/www.welovecycling.com\/cs\/wp-json\/wp\/v2\/types\/page"}],"author":[{"embeddable":true,"href":"https:\/\/www.welovecycling.com\/cs\/wp-json\/wp\/v2\/users\/93"}],"replies":[{"embeddable":true,"href":"https:\/\/www.welovecycling.com\/cs\/wp-json\/wp\/v2\/comments?post=1105"}],"version-history":[{"count":2,"href":"https:\/\/www.welovecycling.com\/cs\/wp-json\/wp\/v2\/pages\/1105\/revisions"}],"predecessor-version":[{"id":1338,"href":"https:\/\/www.welovecycling.com\/cs\/wp-json\/wp\/v2\/pages\/1105\/revisions\/1338"}],"wp:attachment":[{"href":"https:\/\/www.welovecycling.com\/cs\/wp-json\/wp\/v2\/media?parent=1105"}],"wp:term":[{"taxonomy":"post_tag","embeddable":true,"href":"https:\/\/www.welovecycling.com\/cs\/wp-json\/wp\/v2\/tags?post=1105"}],"curies":[{"name":"wp","href":"https:\/\/api.w.org\/{rel}","templated":true}]}}